{"id":44,"date":"2021-11-29T12:30:44","date_gmt":"2021-11-29T12:30:44","guid":{"rendered":"https:\/\/packagingqr.energizerholdings.com\/batteries\/Energizer\/cs\/?page_id=44"},"modified":"2024-05-08T03:37:05","modified_gmt":"2024-05-08T03:37:05","slug":"recharge-extreme","status":"publish","type":"page","link":"https:\/\/packagingqr.energizerholdings.com\/batteries\/Energizer\/cs\/recharge-extreme\/","title":{"rendered":"RECHARGE EXTREME"},"content":{"rendered":"\t\t<div data-elementor-type=\"wp-page\" data-elementor-id=\"44\" class=\"elementor elementor-44\">\n\t\t\t\t\t\t<section class=\"elementor-section elementor-top-section elementor-element elementor-element-b4caf34 elementor-section-full_width elementor-section-height-default elementor-section-height-default\" data-id=\"b4caf34\" data-element_type=\"section\" data-e-type=\"section\" data-settings=\"{&quot;background_background&quot;:&quot;classic&quot;}\">\n\t\t\t\t\t\t<div class=\"elementor-container elementor-column-gap-default\">\n\t\t\t\t\t<div class=\"elementor-column elementor-col-100 elementor-top-column elementor-element elementor-element-d3a1c09\" data-id=\"d3a1c09\" data-element_type=\"column\" data-e-type=\"column\">\n\t\t\t<div class=\"elementor-widget-wrap elementor-element-populated\">\n\t\t\t\t\t\t<section class=\"elementor-section elementor-inner-section elementor-element elementor-element-66399e0 elementor-section-boxed elementor-section-height-default elementor-section-height-default\" data-id=\"66399e0\" data-element_type=\"section\" data-e-type=\"section\" data-settings=\"{&quot;background_background&quot;:&quot;classic&quot;}\">\n\t\t\t\t\t\t<div class=\"elementor-container elementor-column-gap-default\">\n\t\t\t\t\t<div class=\"elementor-column elementor-col-100 elementor-inner-column elementor-element elementor-element-6903bdb\" data-id=\"6903bdb\" data-element_type=\"column\" data-e-type=\"column\" data-settings=\"{&quot;background_background&quot;:&quot;classic&quot;}\">\n\t\t\t<div class=\"elementor-widget-wrap elementor-element-populated\">\n\t\t\t\t\t\t<div class=\"elementor-element elementor-element-8338bb1 logo elementor-widget elementor-widget-image\" data-id=\"8338bb1\" data-element_type=\"widget\" data-e-type=\"widget\" data-widget_type=\"image.default\">\n\t\t\t\t<div class=\"elementor-widget-container\">\n\t\t\t\t\t\t\t\t\t\t\t\t\t\t\t\t<a href=\"https:\/\/packagingqr.energizerholdings.com\/batteries\/Energizer\/cs\/\">\n\t\t\t\t\t\t\t<img decoding=\"async\" width=\"242\" height=\"92\" src=\"https:\/\/packagingqr.energizerholdings.com\/batteries\/Energizer\/cs\/wp-content\/uploads\/sites\/15\/2021\/11\/Energizer.png\" class=\"attachment-full size-full wp-image-19\" alt=\"\" style=\"width:100%;height:38.02%;max-width:242px\" \/>\t\t\t\t\t\t\t\t<\/a>\n\t\t\t\t\t\t\t\t\t\t\t\t\t\t\t<\/div>\n\t\t\t\t<\/div>\n\t\t\t\t<div class=\"elementor-element elementor-element-7267e53 war-img elementor-widget elementor-widget-image\" data-id=\"7267e53\" data-element_type=\"widget\" data-e-type=\"widget\" data-widget_type=\"image.default\">\n\t\t\t\t<div class=\"elementor-widget-container\">\n\t\t\t\t\t\t\t\t\t\t\t\t\t\t\t<img fetchpriority=\"high\" decoding=\"async\" width=\"716\" height=\"151\" src=\"https:\/\/packagingqr.energizerholdings.com\/batteries\/Energizer\/cs\/wp-content\/uploads\/sites\/15\/2021\/12\/003.png\" class=\"attachment-full size-full wp-image-188\" alt=\"\" srcset=\"https:\/\/packagingqr.energizerholdings.com\/batteries\/Energizer\/cs\/wp-content\/uploads\/sites\/15\/2021\/12\/003.png 716w, https:\/\/packagingqr.energizerholdings.com\/batteries\/Energizer\/cs\/wp-content\/uploads\/sites\/15\/2021\/12\/003-300x63.png 300w\" sizes=\"(max-width: 716px) 100vw, 716px\" style=\"width:100%;height:21.09%;max-width:716px\" \/>\t\t\t\t\t\t\t\t\t\t\t\t\t\t\t<\/div>\n\t\t\t\t<\/div>\n\t\t\t\t\t<\/div>\n\t\t<\/div>\n\t\t\t\t\t<\/div>\n\t\t<\/section>\n\t\t\t\t<section class=\"elementor-section elementor-inner-section elementor-element elementor-element-5d47b55 elementor-section-boxed elementor-section-height-default elementor-section-height-default\" data-id=\"5d47b55\" data-element_type=\"section\" data-e-type=\"section\">\n\t\t\t\t\t\t<div class=\"elementor-container elementor-column-gap-default\">\n\t\t\t\t\t<div class=\"elementor-column elementor-col-33 elementor-inner-column elementor-element elementor-element-c5a1cfd\" data-id=\"c5a1cfd\" data-element_type=\"column\" data-e-type=\"column\">\n\t\t\t<div class=\"elementor-widget-wrap elementor-element-populated\">\n\t\t\t\t\t\t<div class=\"elementor-element elementor-element-168da71 home-icon01 elementor-widget elementor-widget-image\" data-id=\"168da71\" data-element_type=\"widget\" data-e-type=\"widget\" data-widget_type=\"image.default\">\n\t\t\t\t<div class=\"elementor-widget-container\">\n\t\t\t\t\t\t\t\t\t\t\t\t\t\t\t\t<a href=\"https:\/\/packagingqr.energizerholdings.com\/batteries\/Energizer\/cs\/\">\n\t\t\t\t\t\t\t<img decoding=\"async\" width=\"50\" height=\"50\" src=\"https:\/\/packagingqr.energizerholdings.com\/batteries\/Energizer\/cs\/wp-content\/uploads\/sites\/15\/2021\/12\/home-icon.png\" class=\"attachment-full size-full wp-image-156\" alt=\"\" style=\"width:100%;height:100%;max-width:50px\" \/>\t\t\t\t\t\t\t\t<\/a>\n\t\t\t\t\t\t\t\t\t\t\t\t\t\t\t<\/div>\n\t\t\t\t<\/div>\n\t\t\t\t\t<\/div>\n\t\t<\/div>\n\t\t\t\t<div class=\"elementor-column elementor-col-66 elementor-inner-column elementor-element elementor-element-b593fac\" data-id=\"b593fac\" data-element_type=\"column\" data-e-type=\"column\">\n\t\t\t<div class=\"elementor-widget-wrap\">\n\t\t\t\t\t\t\t<\/div>\n\t\t<\/div>\n\t\t\t\t\t<\/div>\n\t\t<\/section>\n\t\t\t\t<section class=\"elementor-section elementor-inner-section elementor-element elementor-element-6d21859 elementor-section-boxed elementor-section-height-default elementor-section-height-default\" data-id=\"6d21859\" data-element_type=\"section\" data-e-type=\"section\">\n\t\t\t\t\t\t<div class=\"elementor-container elementor-column-gap-default\">\n\t\t\t\t\t<div class=\"elementor-column elementor-col-33 elementor-inner-column elementor-element elementor-element-5caa550\" data-id=\"5caa550\" data-element_type=\"column\" data-e-type=\"column\" data-settings=\"{&quot;background_background&quot;:&quot;classic&quot;}\">\n\t\t\t<div class=\"elementor-widget-wrap elementor-element-populated\">\n\t\t\t\t\t\t<div class=\"elementor-element elementor-element-680f1cb head elementor-widget elementor-widget-heading\" data-id=\"680f1cb\" data-element_type=\"widget\" data-e-type=\"widget\" data-widget_type=\"heading.default\">\n\t\t\t\t<div class=\"elementor-widget-container\">\n\t\t\t\t\t<h1 class=\"elementor-heading-title elementor-size-default\">\nRECHARGE<\/h1>\t\t\t\t<\/div>\n\t\t\t\t<\/div>\n\t\t\t\t<div class=\"elementor-element elementor-element-03439e6 elementor-widget elementor-widget-image\" data-id=\"03439e6\" data-element_type=\"widget\" data-e-type=\"widget\" data-widget_type=\"image.default\">\n\t\t\t\t<div class=\"elementor-widget-container\">\n\t\t\t\t\t\t\t\t\t\t\t\t\t\t\t<img loading=\"lazy\" decoding=\"async\" width=\"400\" height=\"183\" src=\"https:\/\/packagingqr.energizerholdings.com\/batteries\/Energizer\/cs\/wp-content\/uploads\/sites\/15\/2021\/11\/recharge-universal-img.png\" class=\"attachment-full size-full wp-image-24\" alt=\"\" srcset=\"https:\/\/packagingqr.energizerholdings.com\/batteries\/Energizer\/cs\/wp-content\/uploads\/sites\/15\/2021\/11\/recharge-universal-img.png 400w, https:\/\/packagingqr.energizerholdings.com\/batteries\/Energizer\/cs\/wp-content\/uploads\/sites\/15\/2021\/11\/recharge-universal-img-300x137.png 300w\" sizes=\"(max-width: 400px) 100vw, 400px\" style=\"width:100%;height:45.75%;max-width:400px\" \/>\t\t\t\t\t\t\t\t\t\t\t\t\t\t\t<\/div>\n\t\t\t\t<\/div>\n\t\t\t\t<div class=\"elementor-element elementor-element-cd91c34 elementor-widget elementor-widget-image\" data-id=\"cd91c34\" data-element_type=\"widget\" data-e-type=\"widget\" data-widget_type=\"image.default\">\n\t\t\t\t<div class=\"elementor-widget-container\">\n\t\t\t\t\t\t\t\t\t\t\t\t\t\t\t<img loading=\"lazy\" decoding=\"async\" width=\"400\" height=\"180\" src=\"https:\/\/packagingqr.energizerholdings.com\/batteries\/Energizer\/cs\/wp-content\/uploads\/sites\/15\/2021\/11\/recharge-extreme-img.png\" class=\"attachment-full size-full wp-image-23\" alt=\"\" srcset=\"https:\/\/packagingqr.energizerholdings.com\/batteries\/Energizer\/cs\/wp-content\/uploads\/sites\/15\/2021\/11\/recharge-extreme-img.png 400w, https:\/\/packagingqr.energizerholdings.com\/batteries\/Energizer\/cs\/wp-content\/uploads\/sites\/15\/2021\/11\/recharge-extreme-img-300x135.png 300w\" sizes=\"(max-width: 400px) 100vw, 400px\" style=\"width:100%;height:45%;max-width:400px\" \/>\t\t\t\t\t\t\t\t\t\t\t\t\t\t\t<\/div>\n\t\t\t\t<\/div>\n\t\t\t\t<div class=\"elementor-element elementor-element-2d7dd3e elementor-widget elementor-widget-image\" data-id=\"2d7dd3e\" data-element_type=\"widget\" data-e-type=\"widget\" data-widget_type=\"image.default\">\n\t\t\t\t<div class=\"elementor-widget-container\">\n\t\t\t\t\t\t\t\t\t\t\t\t\t\t\t<img loading=\"lazy\" decoding=\"async\" width=\"400\" height=\"184\" src=\"https:\/\/packagingqr.energizerholdings.com\/batteries\/Energizer\/cs\/wp-content\/uploads\/sites\/15\/2022\/02\/powerplus.png\" class=\"attachment-full size-full wp-image-268\" alt=\"\" srcset=\"https:\/\/packagingqr.energizerholdings.com\/batteries\/Energizer\/cs\/wp-content\/uploads\/sites\/15\/2022\/02\/powerplus.png 400w, https:\/\/packagingqr.energizerholdings.com\/batteries\/Energizer\/cs\/wp-content\/uploads\/sites\/15\/2022\/02\/powerplus-300x138.png 300w\" sizes=\"(max-width: 400px) 100vw, 400px\" style=\"width:100%;height:46%;max-width:400px\" \/>\t\t\t\t\t\t\t\t\t\t\t\t\t\t\t<\/div>\n\t\t\t\t<\/div>\n\t\t\t\t\t<\/div>\n\t\t<\/div>\n\t\t\t\t<div class=\"elementor-column elementor-col-66 elementor-inner-column elementor-element elementor-element-05d237a\" data-id=\"05d237a\" data-element_type=\"column\" data-e-type=\"column\" data-settings=\"{&quot;background_background&quot;:&quot;classic&quot;}\">\n\t\t\t<div class=\"elementor-widget-wrap elementor-element-populated\">\n\t\t\t\t\t\t<div class=\"elementor-element elementor-element-c6fdf67 elementor-align-start warning-head elementor-icon-list--layout-traditional elementor-list-item-link-full_width elementor-widget elementor-widget-icon-list\" data-id=\"c6fdf67\" data-element_type=\"widget\" data-e-type=\"widget\" data-widget_type=\"icon-list.default\">\n\t\t\t\t<div class=\"elementor-widget-container\">\n\t\t\t\t\t\t\t<ul class=\"elementor-icon-list-items\">\n\t\t\t\t\t\t\t<li class=\"elementor-icon-list-item\">\n\t\t\t\t\t\t\t\t\t\t\t<span class=\"elementor-icon-list-icon\">\n\t\t\t\t\t\t\t<i aria-hidden=\"true\" class=\"fas fa-exclamation-triangle\"><\/i>\t\t\t\t\t\t<\/span>\n\t\t\t\t\t\t\t\t\t\t<span class=\"elementor-icon-list-text\">VAROV\u00c1N\u00cd<\/span>\n\t\t\t\t\t\t\t\t\t<\/li>\n\t\t\t\t\t\t<\/ul>\n\t\t\t\t\t\t<\/div>\n\t\t\t\t<\/div>\n\t\t\t\t<div class=\"elementor-element elementor-element-bed2a3a elementor-position-inline-start warning1 elementor-view-default elementor-mobile-position-block-start elementor-widget elementor-widget-icon-box\" data-id=\"bed2a3a\" data-element_type=\"widget\" data-e-type=\"widget\" data-widget_type=\"icon-box.default\">\n\t\t\t\t<div class=\"elementor-widget-container\">\n\t\t\t\t\t\t\t<div class=\"elementor-icon-box-wrapper\">\n\n\t\t\t\t\t\t<div class=\"elementor-icon-box-icon\">\n\t\t\t\t<span  class=\"elementor-icon\">\n\t\t\t\t<i aria-hidden=\"true\" class=\"fas fa-circle\"><\/i>\t\t\t\t<\/span>\n\t\t\t<\/div>\n\t\t\t\n\t\t\t\t\t\t<div class=\"elementor-icon-box-content\">\n\n\t\t\t\t\t\t\t\t\t<h3 class=\"elementor-icon-box-title\">\n\t\t\t\t\t\t<span  >\n\t\t\t\t\t\t\tAA, C, D &amp; 9V\t\t\t\t\t\t<\/span>\n\t\t\t\t\t<\/h3>\n\t\t\t\t\n\t\t\t\t\t\t\t\t\t<p class=\"elementor-icon-box-description\">\n\t\t\t\t\t\tVAROV\u00c1N\u00cd: Pro nab\u00edjen\u00ed pou\u017e\u00edvejte pouze standardn\u00ed dom\u00e1c\u00ed nab\u00edje\u010dky nikl-metal hydridov\u00fdch (NiMH) bateri\u00ed. Baterii nerozeb\u00edrejte, nevhazujte do ohn\u011b, nevkl\u00e1dejte obr\u00e1cen\u011b, nekombinujte s\u00a0pou\u017eit\u00fdmi bateriemi nebo jin\u00fdmi typy bateri\u00ed ani\u00a0nezkratujte \u2013 m\u016f\u017ee se vzn\u00edtit, explodovat, vyt\u00e9ct nebo se p\u0159eh\u0159\u00e1t a\u00a0zp\u016fsobit poran\u011bn\u00ed.\n\t\t\t\t\t<\/p>\n\t\t\t\t\n\t\t\t<\/div>\n\t\t\t\n\t\t<\/div>\n\t\t\t\t\t\t<\/div>\n\t\t\t\t<\/div>\n\t\t\t\t<div class=\"elementor-element elementor-element-59cd238 elementor-position-inline-start warning1 elementor-view-default elementor-mobile-position-block-start elementor-widget elementor-widget-icon-box\" data-id=\"59cd238\" data-element_type=\"widget\" data-e-type=\"widget\" data-widget_type=\"icon-box.default\">\n\t\t\t\t<div class=\"elementor-widget-container\">\n\t\t\t\t\t\t\t<div class=\"elementor-icon-box-wrapper\">\n\n\t\t\t\t\t\t<div class=\"elementor-icon-box-icon\">\n\t\t\t\t<span  class=\"elementor-icon\">\n\t\t\t\t<i aria-hidden=\"true\" class=\"fas fa-circle\"><\/i>\t\t\t\t<\/span>\n\t\t\t<\/div>\n\t\t\t\n\t\t\t\t\t\t<div class=\"elementor-icon-box-content\">\n\n\t\t\t\t\t\t\t\t\t<h3 class=\"elementor-icon-box-title\">\n\t\t\t\t\t\t<span  >\n\t\t\t\t\t\t\tAAA\t\t\t\t\t\t<\/span>\n\t\t\t\t\t<\/h3>\n\t\t\t\t\n\t\t\t\t\t\t\t\t\t<p class=\"elementor-icon-box-description\">\n\t\t\t\t\t\tVAROV\u00c1N\u00cd:(1) Uchovejte mimo dosah d\u011bt\u00ed. P\u0159ed jejich pou\u017eit\u00edm baterie uchov\u00e1vejte v\u00a0origin\u00e1ln\u00edm balen\u00ed. V\u00a0p\u0159\u00edpad\u011b polknut\u00ed ihned vyhledejte l\u00e9ka\u0159e.  (2) Nebezpe\u010d\u00ed vzn\u00edcen\u00ed. V\u00a0p\u0159\u00edpad\u011b obr\u00e1cen\u00e9ho um\u00edst\u011bn\u00ed bateri\u00ed, jejich rozebr\u00e1n\u00ed, nab\u00edjen\u00ed, zm\u00e1\u010dknut\u00ed, kombinov\u00e1n\u00ed s\u00a0pou\u017eit\u00fdmi bateriemi nebo jin\u00fdmi typy bateri\u00ed nebo v\u00a0p\u0159\u00edpad\u011b vystaven\u00ed bateri\u00ed ohni \u010di vysok\u00e9 teplot\u011b mohou baterie explodovat a\u00a0zp\u016fsobit poran\u011bn\u00ed osob. V\u0161echny baterie vym\u011b\u0148ujte sou\u010dasn\u011b. Pou\u017eit\u00e9 baterie neprodlen\u011b zlikvidujte.\t\t\t\t\t<\/p>\n\t\t\t\t\n\t\t\t<\/div>\n\t\t\t\n\t\t<\/div>\n\t\t\t\t\t\t<\/div>\n\t\t\t\t<\/div>\n\t\t\t\t<div class=\"elementor-element elementor-element-c75997d elementor-widget elementor-widget-spacer\" data-id=\"c75997d\" data-element_type=\"widget\" data-e-type=\"widget\" data-widget_type=\"spacer.default\">\n\t\t\t\t<div class=\"elementor-widget-container\">\n\t\t\t\t\t\t\t<div class=\"elementor-spacer\">\n\t\t\t<div class=\"elementor-spacer-inner\"><\/div>\n\t\t<\/div>\n\t\t\t\t\t\t<\/div>\n\t\t\t\t<\/div>\n\t\t\t\t\t<\/div>\n\t\t<\/div>\n\t\t\t\t\t<\/div>\n\t\t<\/section>\n\t\t\t\t<section class=\"elementor-section elementor-inner-section elementor-element elementor-element-8daa614 elementor-section-boxed elementor-section-height-default elementor-section-height-default\" data-id=\"8daa614\" data-element_type=\"section\" data-e-type=\"section\">\n\t\t\t\t\t\t<div class=\"elementor-container elementor-column-gap-default\">\n\t\t\t\t\t<div class=\"elementor-column elementor-col-33 elementor-inner-column elementor-element elementor-element-c8a87b0\" data-id=\"c8a87b0\" data-element_type=\"column\" data-e-type=\"column\">\n\t\t\t<div class=\"elementor-widget-wrap elementor-element-populated\">\n\t\t\t\t\t\t<div class=\"elementor-element elementor-element-0a1a2c9 lang-img01 elementor-widget elementor-widget-image\" data-id=\"0a1a2c9\" data-element_type=\"widget\" data-e-type=\"widget\" data-widget_type=\"image.default\">\n\t\t\t\t<div class=\"elementor-widget-container\">\n\t\t\t\t\t\t\t\t\t\t\t\t\t\t\t\t<a href=\"https:\/\/packagingqr.energizerholdings.com\/batteries\/Energizer\/home\/?f=gb\">\n\t\t\t\t\t\t\t<img loading=\"lazy\" decoding=\"async\" width=\"108\" height=\"89\" src=\"https:\/\/packagingqr.energizerholdings.com\/batteries\/Energizer\/cs\/wp-content\/uploads\/sites\/15\/2021\/11\/lang.png\" class=\"attachment-full size-full wp-image-22\" alt=\"\" style=\"width:100%;height:82.41%;max-width:108px\" \/>\t\t\t\t\t\t\t\t<\/a>\n\t\t\t\t\t\t\t\t\t\t\t\t\t\t\t<\/div>\n\t\t\t\t<\/div>\n\t\t\t\t\t<\/div>\n\t\t<\/div>\n\t\t\t\t<div class=\"elementor-column elementor-col-66 elementor-inner-column elementor-element elementor-element-1b817fb\" data-id=\"1b817fb\" data-element_type=\"column\" data-e-type=\"column\">\n\t\t\t<div class=\"elementor-widget-wrap elementor-element-populated\">\n\t\t\t\t\t\t<div class=\"elementor-element elementor-element-74ae90c war-logo11 elementor-widget elementor-widget-image\" data-id=\"74ae90c\" data-element_type=\"widget\" data-e-type=\"widget\" data-widget_type=\"image.default\">\n\t\t\t\t<div class=\"elementor-widget-container\">\n\t\t\t\t\t\t\t\t\t\t\t\t\t\t\t<img loading=\"lazy\" decoding=\"async\" width=\"138\" height=\"137\" src=\"https:\/\/packagingqr.energizerholdings.com\/batteries\/Energizer\/cs\/wp-content\/uploads\/sites\/15\/2021\/11\/enr.png\" class=\"attachment-full size-full wp-image-21\" alt=\"\" style=\"width:100%;height:99.28%;max-width:138px\" \/>\t\t\t\t\t\t\t\t\t\t\t\t\t\t\t<\/div>\n\t\t\t\t<\/div>\n\t\t\t\t\t<\/div>\n\t\t<\/div>\n\t\t\t\t\t<\/div>\n\t\t<\/section>\n\t\t\t\t\t<\/div>\n\t\t<\/div>\n\t\t\t\t\t<\/div>\n\t\t<\/section>\n\t\t\t\t<\/div>\n\t\t","protected":false},"excerpt":{"rendered":"<p>RECHARGE VAROV\u00c1N\u00cd AA, C, D &#038; 9V VAROV\u00c1N\u00cd: Pro nab\u00edjen\u00ed pou\u017e\u00edvejte pouze standardn\u00ed dom\u00e1c\u00ed nab\u00edje\u010dky nikl-metal hydridov\u00fdch (NiMH) bateri\u00ed. Baterii nerozeb\u00edrejte, nevhazujte do ohn\u011b, nevkl\u00e1dejte obr\u00e1cen\u011b, nekombinujte s\u00a0pou\u017eit\u00fdmi bateriemi nebo jin\u00fdmi typy bateri\u00ed ani\u00a0nezkratujte \u2013 m\u016f\u017ee se vzn\u00edtit, explodovat, vyt\u00e9ct nebo se p\u0159eh\u0159\u00e1t a\u00a0zp\u016fsobit poran\u011bn\u00ed. AAA VAROV\u00c1N\u00cd:(1) Uchovejte mimo dosah d\u011bt\u00ed. P\u0159ed jejich pou\u017eit\u00edm baterie&hellip; <a class=\"more-link\" href=\"https:\/\/packagingqr.energizerholdings.com\/batteries\/Energizer\/cs\/recharge-extreme\/\">Continue reading <span class=\"screen-reader-text\">RECHARGE EXTREME<\/span><\/a><\/p>\n","protected":false},"author":1,"featured_media":0,"parent":0,"menu_order":0,"comment_status":"closed","ping_status":"closed","template":"elementor_header_footer","meta":{"footnotes":""},"class_list":["post-44","page","type-page","status-publish","hentry","entry"],"_links":{"self":[{"href":"https:\/\/packagingqr.energizerholdings.com\/batteries\/Energizer\/cs\/wp-json\/wp\/v2\/pages\/44","targetHints":{"allow":["GET"]}}],"collection":[{"href":"https:\/\/packagingqr.energizerholdings.com\/batteries\/Energizer\/cs\/wp-json\/wp\/v2\/pages"}],"about":[{"href":"https:\/\/packagingqr.energizerholdings.com\/batteries\/Energizer\/cs\/wp-json\/wp\/v2\/types\/page"}],"author":[{"embeddable":true,"href":"https:\/\/packagingqr.energizerholdings.com\/batteries\/Energizer\/cs\/wp-json\/wp\/v2\/users\/1"}],"replies":[{"embeddable":true,"href":"https:\/\/packagingqr.energizerholdings.com\/batteries\/Energizer\/cs\/wp-json\/wp\/v2\/comments?post=44"}],"version-history":[{"count":31,"href":"https:\/\/packagingqr.energizerholdings.com\/batteries\/Energizer\/cs\/wp-json\/wp\/v2\/pages\/44\/revisions"}],"predecessor-version":[{"id":342,"href":"https:\/\/packagingqr.energizerholdings.com\/batteries\/Energizer\/cs\/wp-json\/wp\/v2\/pages\/44\/revisions\/342"}],"wp:attachment":[{"href":"https:\/\/packagingqr.energizerholdings.com\/batteries\/Energizer\/cs\/wp-json\/wp\/v2\/media?parent=44"}],"curies":[{"name":"wp","href":"https:\/\/api.w.org\/{rel}","templated":true}]}}