{"id":57,"date":"2021-11-26T12:24:51","date_gmt":"2021-11-26T12:24:51","guid":{"rendered":"http:\/\/109.203.125.106\/~holdingsenr\/packagingqr\/batteries\/Energizer\/de\/?page_id=57"},"modified":"2025-07-03T09:31:53","modified_gmt":"2025-07-03T09:31:53","slug":"alkaline-power","status":"publish","type":"page","link":"https:\/\/packagingqr.energizerholdings.com\/batteries\/Energizer\/de\/alkaline-power\/","title":{"rendered":"ALKALINE POWER"},"content":{"rendered":"\t\t<div data-elementor-type=\"wp-page\" data-elementor-id=\"57\" class=\"elementor elementor-57\">\n\t\t\t\t\t\t<section class=\"elementor-section elementor-top-section elementor-element elementor-element-9a8d23c elementor-section-full_width elementor-section-height-default elementor-section-height-default\" data-id=\"9a8d23c\" data-element_type=\"section\" data-e-type=\"section\" data-settings=\"{&quot;background_background&quot;:&quot;classic&quot;}\">\n\t\t\t\t\t\t<div class=\"elementor-container elementor-column-gap-default\">\n\t\t\t\t\t<div class=\"elementor-column elementor-col-100 elementor-top-column elementor-element elementor-element-959aa6f\" data-id=\"959aa6f\" data-element_type=\"column\" data-e-type=\"column\">\n\t\t\t<div class=\"elementor-widget-wrap elementor-element-populated\">\n\t\t\t\t\t\t<section class=\"elementor-section elementor-inner-section elementor-element elementor-element-568a3eb elementor-section-boxed elementor-section-height-default elementor-section-height-default\" data-id=\"568a3eb\" data-element_type=\"section\" data-e-type=\"section\" data-settings=\"{&quot;background_background&quot;:&quot;classic&quot;}\">\n\t\t\t\t\t\t<div class=\"elementor-container elementor-column-gap-default\">\n\t\t\t\t\t<div class=\"elementor-column elementor-col-100 elementor-inner-column elementor-element elementor-element-9e9d0cb\" data-id=\"9e9d0cb\" data-element_type=\"column\" data-e-type=\"column\" data-settings=\"{&quot;background_background&quot;:&quot;classic&quot;}\">\n\t\t\t<div class=\"elementor-widget-wrap elementor-element-populated\">\n\t\t\t\t\t\t<div class=\"elementor-element elementor-element-35e437f logo elementor-widget elementor-widget-image\" data-id=\"35e437f\" data-element_type=\"widget\" data-e-type=\"widget\" data-widget_type=\"image.default\">\n\t\t\t\t<div class=\"elementor-widget-container\">\n\t\t\t\t\t\t\t\t\t\t\t\t\t\t\t<img decoding=\"async\" width=\"242\" height=\"92\" src=\"https:\/\/packagingqr.energizerholdings.com\/batteries\/Energizer\/de\/wp-content\/uploads\/sites\/3\/2021\/11\/Energizer.png\" class=\"attachment-full size-full wp-image-47\" alt=\"\" style=\"width:100%;height:38.02%;max-width:242px\" \/>\t\t\t\t\t\t\t\t\t\t\t\t\t\t\t<\/div>\n\t\t\t\t<\/div>\n\t\t\t\t<div class=\"elementor-element elementor-element-d15940f war-img elementor-widget elementor-widget-image\" data-id=\"d15940f\" data-element_type=\"widget\" data-e-type=\"widget\" data-widget_type=\"image.default\">\n\t\t\t\t<div class=\"elementor-widget-container\">\n\t\t\t\t\t\t\t\t\t\t\t\t\t\t\t<img fetchpriority=\"high\" decoding=\"async\" width=\"716\" height=\"151\" src=\"https:\/\/packagingqr.energizerholdings.com\/batteries\/Energizer\/de\/wp-content\/uploads\/sites\/3\/2021\/12\/003.png\" class=\"attachment-full size-full wp-image-375\" alt=\"\" srcset=\"https:\/\/packagingqr.energizerholdings.com\/batteries\/Energizer\/de\/wp-content\/uploads\/sites\/3\/2021\/12\/003.png 716w, https:\/\/packagingqr.energizerholdings.com\/batteries\/Energizer\/de\/wp-content\/uploads\/sites\/3\/2021\/12\/003-300x63.png 300w\" sizes=\"(max-width: 716px) 100vw, 716px\" style=\"width:100%;height:21.09%;max-width:716px\" \/>\t\t\t\t\t\t\t\t\t\t\t\t\t\t\t<\/div>\n\t\t\t\t<\/div>\n\t\t\t\t\t<\/div>\n\t\t<\/div>\n\t\t\t\t\t<\/div>\n\t\t<\/section>\n\t\t\t\t<section class=\"elementor-section elementor-inner-section elementor-element elementor-element-be67b08 elementor-section-boxed elementor-section-height-default elementor-section-height-default\" data-id=\"be67b08\" data-element_type=\"section\" data-e-type=\"section\">\n\t\t\t\t\t\t<div class=\"elementor-container elementor-column-gap-default\">\n\t\t\t\t\t<div class=\"elementor-column elementor-col-33 elementor-inner-column elementor-element elementor-element-bd00e4f\" data-id=\"bd00e4f\" data-element_type=\"column\" data-e-type=\"column\">\n\t\t\t<div class=\"elementor-widget-wrap elementor-element-populated\">\n\t\t\t\t\t\t<div class=\"elementor-element elementor-element-b4c5136 home-icon01 elementor-widget elementor-widget-image\" data-id=\"b4c5136\" data-element_type=\"widget\" data-e-type=\"widget\" data-widget_type=\"image.default\">\n\t\t\t\t<div class=\"elementor-widget-container\">\n\t\t\t\t\t\t\t\t\t\t\t\t\t\t\t\t<a href=\"https:\/\/packagingqr.energizerholdings.com\/batteries\/Energizer\/de\">\n\t\t\t\t\t\t\t<img decoding=\"async\" width=\"50\" height=\"50\" src=\"https:\/\/packagingqr.energizerholdings.com\/batteries\/Energizer\/de\/wp-content\/uploads\/sites\/3\/2021\/12\/home-icon.png\" class=\"attachment-full size-full wp-image-376\" alt=\"\" style=\"width:100%;height:100%;max-width:50px\" \/>\t\t\t\t\t\t\t\t<\/a>\n\t\t\t\t\t\t\t\t\t\t\t\t\t\t\t<\/div>\n\t\t\t\t<\/div>\n\t\t\t\t\t<\/div>\n\t\t<\/div>\n\t\t\t\t<div class=\"elementor-column elementor-col-66 elementor-inner-column elementor-element elementor-element-2f372e4\" data-id=\"2f372e4\" data-element_type=\"column\" data-e-type=\"column\">\n\t\t\t<div class=\"elementor-widget-wrap\">\n\t\t\t\t\t\t\t<\/div>\n\t\t<\/div>\n\t\t\t\t\t<\/div>\n\t\t<\/section>\n\t\t\t\t<section class=\"elementor-section elementor-inner-section elementor-element elementor-element-2a9b2ba elementor-section-boxed elementor-section-height-default elementor-section-height-default\" data-id=\"2a9b2ba\" data-element_type=\"section\" data-e-type=\"section\">\n\t\t\t\t\t\t<div class=\"elementor-container elementor-column-gap-default\">\n\t\t\t\t\t<div class=\"elementor-column elementor-col-33 elementor-inner-column elementor-element elementor-element-94c1b0d\" data-id=\"94c1b0d\" data-element_type=\"column\" data-e-type=\"column\" data-settings=\"{&quot;background_background&quot;:&quot;classic&quot;}\">\n\t\t\t<div class=\"elementor-widget-wrap elementor-element-populated\">\n\t\t\t\t\t\t<div class=\"elementor-element elementor-element-4634f1f head elementor-widget elementor-widget-heading\" data-id=\"4634f1f\" data-element_type=\"widget\" data-e-type=\"widget\" data-widget_type=\"heading.default\">\n\t\t\t\t<div class=\"elementor-widget-container\">\n\t\t\t\t\t<h1 class=\"elementor-heading-title elementor-size-default\">ALKALINE<\/h1>\t\t\t\t<\/div>\n\t\t\t\t<\/div>\n\t\t\t\t<div class=\"elementor-element elementor-element-dd25816 elementor-widget elementor-widget-image\" data-id=\"dd25816\" data-element_type=\"widget\" data-e-type=\"widget\" data-widget_type=\"image.default\">\n\t\t\t\t<div class=\"elementor-widget-container\">\n\t\t\t\t\t\t\t\t\t\t\t\t\t\t\t<img loading=\"lazy\" decoding=\"async\" width=\"400\" height=\"193\" src=\"https:\/\/packagingqr.energizerholdings.com\/batteries\/Energizer\/de\/wp-content\/uploads\/sites\/3\/2021\/11\/alkaline-power-img.png\" class=\"attachment-full size-full wp-image-91\" alt=\"\" srcset=\"https:\/\/packagingqr.energizerholdings.com\/batteries\/Energizer\/de\/wp-content\/uploads\/sites\/3\/2021\/11\/alkaline-power-img.png 400w, https:\/\/packagingqr.energizerholdings.com\/batteries\/Energizer\/de\/wp-content\/uploads\/sites\/3\/2021\/11\/alkaline-power-img-300x145.png 300w\" sizes=\"(max-width: 400px) 100vw, 400px\" style=\"width:100%;height:48.25%;max-width:400px\" \/>\t\t\t\t\t\t\t\t\t\t\t\t\t\t\t<\/div>\n\t\t\t\t<\/div>\n\t\t\t\t<div class=\"elementor-element elementor-element-b6bab82 elementor-widget elementor-widget-image\" data-id=\"b6bab82\" data-element_type=\"widget\" data-e-type=\"widget\" data-widget_type=\"image.default\">\n\t\t\t\t<div class=\"elementor-widget-container\">\n\t\t\t\t\t\t\t\t\t\t\t\t\t\t\t<img loading=\"lazy\" decoding=\"async\" width=\"400\" height=\"181\" src=\"https:\/\/packagingqr.energizerholdings.com\/batteries\/Energizer\/de\/wp-content\/uploads\/sites\/3\/2021\/11\/Energizer_Max-Plus.png\" class=\"attachment-full size-full wp-image-205\" alt=\"\" srcset=\"https:\/\/packagingqr.energizerholdings.com\/batteries\/Energizer\/de\/wp-content\/uploads\/sites\/3\/2021\/11\/Energizer_Max-Plus.png 400w, https:\/\/packagingqr.energizerholdings.com\/batteries\/Energizer\/de\/wp-content\/uploads\/sites\/3\/2021\/11\/Energizer_Max-Plus-300x136.png 300w\" sizes=\"(max-width: 400px) 100vw, 400px\" style=\"width:100%;height:45.25%;max-width:400px\" \/>\t\t\t\t\t\t\t\t\t\t\t\t\t\t\t<\/div>\n\t\t\t\t<\/div>\n\t\t\t\t<div class=\"elementor-element elementor-element-a64f436 elementor-widget elementor-widget-image\" data-id=\"a64f436\" data-element_type=\"widget\" data-e-type=\"widget\" data-widget_type=\"image.default\">\n\t\t\t\t<div class=\"elementor-widget-container\">\n\t\t\t\t\t\t\t\t\t\t\t\t\t\t\t<img loading=\"lazy\" decoding=\"async\" width=\"400\" height=\"169\" src=\"https:\/\/packagingqr.energizerholdings.com\/batteries\/Energizer\/de\/wp-content\/uploads\/sites\/3\/2021\/11\/Energizer_Max.png\" class=\"attachment-full size-full wp-image-204\" alt=\"\" srcset=\"https:\/\/packagingqr.energizerholdings.com\/batteries\/Energizer\/de\/wp-content\/uploads\/sites\/3\/2021\/11\/Energizer_Max.png 400w, https:\/\/packagingqr.energizerholdings.com\/batteries\/Energizer\/de\/wp-content\/uploads\/sites\/3\/2021\/11\/Energizer_Max-300x127.png 300w\" sizes=\"(max-width: 400px) 100vw, 400px\" style=\"width:100%;height:42.25%;max-width:400px\" \/>\t\t\t\t\t\t\t\t\t\t\t\t\t\t\t<\/div>\n\t\t\t\t<\/div>\n\t\t\t\t<div class=\"elementor-element elementor-element-6cd70d0 elementor-widget elementor-widget-image\" data-id=\"6cd70d0\" data-element_type=\"widget\" data-e-type=\"widget\" data-widget_type=\"image.default\">\n\t\t\t\t<div class=\"elementor-widget-container\">\n\t\t\t\t\t\t\t\t\t\t\t\t\t\t\t<img loading=\"lazy\" decoding=\"async\" width=\"400\" height=\"175\" src=\"https:\/\/packagingqr.energizerholdings.com\/batteries\/Energizer\/de\/wp-content\/uploads\/sites\/3\/2021\/11\/alkaline-industrial-img.png\" class=\"attachment-full size-full wp-image-207\" alt=\"\" srcset=\"https:\/\/packagingqr.energizerholdings.com\/batteries\/Energizer\/de\/wp-content\/uploads\/sites\/3\/2021\/11\/alkaline-industrial-img.png 400w, https:\/\/packagingqr.energizerholdings.com\/batteries\/Energizer\/de\/wp-content\/uploads\/sites\/3\/2021\/11\/alkaline-industrial-img-300x131.png 300w\" sizes=\"(max-width: 400px) 100vw, 400px\" style=\"width:100%;height:43.75%;max-width:400px\" \/>\t\t\t\t\t\t\t\t\t\t\t\t\t\t\t<\/div>\n\t\t\t\t<\/div>\n\t\t\t\t<div class=\"elementor-element elementor-element-140fac0 elementor-widget elementor-widget-image\" data-id=\"140fac0\" data-element_type=\"widget\" data-e-type=\"widget\" data-widget_type=\"image.default\">\n\t\t\t\t<div class=\"elementor-widget-container\">\n\t\t\t\t\t\t\t\t\t\t\t\t\t\t\t<img loading=\"lazy\" decoding=\"async\" width=\"400\" height=\"193\" src=\"https:\/\/packagingqr.energizerholdings.com\/batteries\/Energizer\/de\/wp-content\/uploads\/sites\/3\/2021\/11\/Energizer_Primary-Alkaline.png\" class=\"attachment-full size-full wp-image-206\" alt=\"\" srcset=\"https:\/\/packagingqr.energizerholdings.com\/batteries\/Energizer\/de\/wp-content\/uploads\/sites\/3\/2021\/11\/Energizer_Primary-Alkaline.png 400w, https:\/\/packagingqr.energizerholdings.com\/batteries\/Energizer\/de\/wp-content\/uploads\/sites\/3\/2021\/11\/Energizer_Primary-Alkaline-300x145.png 300w\" sizes=\"(max-width: 400px) 100vw, 400px\" style=\"width:100%;height:48.25%;max-width:400px\" \/>\t\t\t\t\t\t\t\t\t\t\t\t\t\t\t<\/div>\n\t\t\t\t<\/div>\n\t\t\t\t<div class=\"elementor-element elementor-element-7bea400 elementor-widget elementor-widget-image\" data-id=\"7bea400\" data-element_type=\"widget\" data-e-type=\"widget\" data-widget_type=\"image.default\">\n\t\t\t\t<div class=\"elementor-widget-container\">\n\t\t\t\t\t\t\t\t\t\t\t\t\t\t\t<img loading=\"lazy\" decoding=\"async\" width=\"400\" height=\"193\" src=\"https:\/\/packagingqr.energizerholdings.com\/batteries\/Energizer\/de\/wp-content\/uploads\/sites\/3\/2025\/07\/alkaline-energizer.png\" class=\"attachment-full size-full wp-image-593\" alt=\"\" srcset=\"https:\/\/packagingqr.energizerholdings.com\/batteries\/Energizer\/de\/wp-content\/uploads\/sites\/3\/2025\/07\/alkaline-energizer.png 400w, https:\/\/packagingqr.energizerholdings.com\/batteries\/Energizer\/de\/wp-content\/uploads\/sites\/3\/2025\/07\/alkaline-energizer-300x145.png 300w\" sizes=\"(max-width: 400px) 100vw, 400px\" style=\"width:100%;height:48.25%;max-width:400px\" \/>\t\t\t\t\t\t\t\t\t\t\t\t\t\t\t<\/div>\n\t\t\t\t<\/div>\n\t\t\t\t\t<\/div>\n\t\t<\/div>\n\t\t\t\t<div class=\"elementor-column elementor-col-66 elementor-inner-column elementor-element elementor-element-401236c\" data-id=\"401236c\" data-element_type=\"column\" data-e-type=\"column\" data-settings=\"{&quot;background_background&quot;:&quot;classic&quot;}\">\n\t\t\t<div class=\"elementor-widget-wrap elementor-element-populated\">\n\t\t\t\t\t\t<div class=\"elementor-element elementor-element-03e7bde elementor-align-start warning-head elementor-icon-list--layout-traditional elementor-list-item-link-full_width elementor-widget elementor-widget-icon-list\" data-id=\"03e7bde\" data-element_type=\"widget\" data-e-type=\"widget\" data-widget_type=\"icon-list.default\">\n\t\t\t\t<div class=\"elementor-widget-container\">\n\t\t\t\t\t\t\t<ul class=\"elementor-icon-list-items\">\n\t\t\t\t\t\t\t<li class=\"elementor-icon-list-item\">\n\t\t\t\t\t\t\t\t\t\t\t<span class=\"elementor-icon-list-icon\">\n\t\t\t\t\t\t\t<i aria-hidden=\"true\" class=\"fas fa-exclamation-triangle\"><\/i>\t\t\t\t\t\t<\/span>\n\t\t\t\t\t\t\t\t\t\t<span class=\"elementor-icon-list-text\">ACHTUNG<\/span>\n\t\t\t\t\t\t\t\t\t<\/li>\n\t\t\t\t\t\t<\/ul>\n\t\t\t\t\t\t<\/div>\n\t\t\t\t<\/div>\n\t\t\t\t<div class=\"elementor-element elementor-element-a037366 elementor-position-inline-start warning1 elementor-view-default elementor-mobile-position-block-start elementor-widget elementor-widget-icon-box\" data-id=\"a037366\" data-element_type=\"widget\" data-e-type=\"widget\" data-widget_type=\"icon-box.default\">\n\t\t\t\t<div class=\"elementor-widget-container\">\n\t\t\t\t\t\t\t<div class=\"elementor-icon-box-wrapper\">\n\n\t\t\t\t\t\t<div class=\"elementor-icon-box-icon\">\n\t\t\t\t<span  class=\"elementor-icon\">\n\t\t\t\t<i aria-hidden=\"true\" class=\"fas fa-circle\"><\/i>\t\t\t\t<\/span>\n\t\t\t<\/div>\n\t\t\t\n\t\t\t\t\t\t<div class=\"elementor-icon-box-content\">\n\n\t\t\t\t\t\t\t\t\t<h3 class=\"elementor-icon-box-title\">\n\t\t\t\t\t\t<span  >\n\t\t\t\t\t\t\tAA, C, D\t\t\t\t\t\t<\/span>\n\t\t\t\t\t<\/h3>\n\t\t\t\t\n\t\t\t\t\t\t\t\t\t<p class=\"elementor-icon-box-description\">\n\t\t\t\t\t\t<b>WARNUNG<\/b>: Nicht verkehrt herum einlegen, aufladen, ins Feuer werfen oder mit gebrauchten oder anderen Batterietypen mischen \u2013 kann explodieren oder auslaufen und Verletzungen verursachen. Ersetzen Sie alle Batterien zur gleichen Zeit.\t\t\t\t\t<\/p>\n\t\t\t\t\n\t\t\t<\/div>\n\t\t\t\n\t\t<\/div>\n\t\t\t\t\t\t<\/div>\n\t\t\t\t<\/div>\n\t\t\t\t<div class=\"elementor-element elementor-element-a125981 elementor-position-inline-start warning1 elementor-view-default elementor-mobile-position-block-start elementor-widget elementor-widget-icon-box\" data-id=\"a125981\" data-element_type=\"widget\" data-e-type=\"widget\" data-widget_type=\"icon-box.default\">\n\t\t\t\t<div class=\"elementor-widget-container\">\n\t\t\t\t\t\t\t<div class=\"elementor-icon-box-wrapper\">\n\n\t\t\t\t\t\t<div class=\"elementor-icon-box-icon\">\n\t\t\t\t<span  class=\"elementor-icon\">\n\t\t\t\t<i aria-hidden=\"true\" class=\"fas fa-circle\"><\/i>\t\t\t\t<\/span>\n\t\t\t<\/div>\n\t\t\t\n\t\t\t\t\t\t<div class=\"elementor-icon-box-content\">\n\n\t\t\t\t\t\t\t\t\t<h3 class=\"elementor-icon-box-title\">\n\t\t\t\t\t\t<span  >\n\t\t\t\t\t\t\t9V, 6V, 4.5V\t\t\t\t\t\t<\/span>\n\t\t\t\t\t<\/h3>\n\t\t\t\t\n\t\t\t\t\t\t\t\t\t<p class=\"elementor-icon-box-description\">\n\t\t\t\t\t\t<b>WARNUNG<\/b>: Nicht verkehrt herum einsetzen, aufladen oder ins Feuer werfen \u2013 kann explodieren oder auslaufen. Nicht unverpackt transportieren oder aufbewahren \u2013 Verbrennungsgefahr.\n\t\t\t\t\t<\/p>\n\t\t\t\t\n\t\t\t<\/div>\n\t\t\t\n\t\t<\/div>\n\t\t\t\t\t\t<\/div>\n\t\t\t\t<\/div>\n\t\t\t\t<div class=\"elementor-element elementor-element-feac9e8 elementor-position-inline-start warning1 elementor-view-default elementor-mobile-position-block-start elementor-widget elementor-widget-icon-box\" data-id=\"feac9e8\" data-element_type=\"widget\" data-e-type=\"widget\" data-widget_type=\"icon-box.default\">\n\t\t\t\t<div class=\"elementor-widget-container\">\n\t\t\t\t\t\t\t<div class=\"elementor-icon-box-wrapper\">\n\n\t\t\t\t\t\t<div class=\"elementor-icon-box-icon\">\n\t\t\t\t<span  class=\"elementor-icon\">\n\t\t\t\t<i aria-hidden=\"true\" class=\"fas fa-circle\"><\/i>\t\t\t\t<\/span>\n\t\t\t<\/div>\n\t\t\t\n\t\t\t\t\t\t<div class=\"elementor-icon-box-content\">\n\n\t\t\t\t\t\t\t\t\t<h3 class=\"elementor-icon-box-title\">\n\t\t\t\t\t\t<span  >\n\t\t\t\t\t\t\tAAA\t\t\t\t\t\t<\/span>\n\t\t\t\t\t<\/h3>\n\t\t\t\t\n\t\t\t\t\t\t\t\t\t<p class=\"elementor-icon-box-description\">\n\t\t\t\t\t\t<b>WARNUNG<\/b>: (1) Au\u00dferhalb der Reichweite von Kindern aufbewahren. Bei Verschlucken sofort einen Arzt aufsuchen; (2) Laden Sie die Batterie nur mit haushalts\u00fcblichen Nickel-Metallhydrid-Ladeger\u00e4ten. \u00d6ffnen Sie die Batterie nicht, werfen Sie sie nicht ins Feuer, legen Sie sie nicht verkehrt herum ein, mischen Sie sie nicht mit gebrauchten oder anderen Batterietypen und schlie\u00dfen Sie sie nicht kurz \u2013 sie k\u00f6nnte sich entz\u00fcnden, explodieren, auslaufen oder hei\u00df werden und Verletzungen verursachen.\t\t\t\t\t<\/p>\n\t\t\t\t\n\t\t\t<\/div>\n\t\t\t\n\t\t<\/div>\n\t\t\t\t\t\t<\/div>\n\t\t\t\t<\/div>\n\t\t\t\t<div class=\"elementor-element elementor-element-84e484c elementor-widget elementor-widget-spacer\" data-id=\"84e484c\" data-element_type=\"widget\" data-e-type=\"widget\" data-widget_type=\"spacer.default\">\n\t\t\t\t<div class=\"elementor-widget-container\">\n\t\t\t\t\t\t\t<div class=\"elementor-spacer\">\n\t\t\t<div class=\"elementor-spacer-inner\"><\/div>\n\t\t<\/div>\n\t\t\t\t\t\t<\/div>\n\t\t\t\t<\/div>\n\t\t\t\t\t<\/div>\n\t\t<\/div>\n\t\t\t\t\t<\/div>\n\t\t<\/section>\n\t\t\t\t<section class=\"elementor-section elementor-inner-section elementor-element elementor-element-1c128e2 elementor-section-boxed elementor-section-height-default elementor-section-height-default\" data-id=\"1c128e2\" data-element_type=\"section\" data-e-type=\"section\">\n\t\t\t\t\t\t<div class=\"elementor-container elementor-column-gap-default\">\n\t\t\t\t\t<div class=\"elementor-column elementor-col-33 elementor-inner-column elementor-element elementor-element-d300e22\" data-id=\"d300e22\" data-element_type=\"column\" data-e-type=\"column\">\n\t\t\t<div class=\"elementor-widget-wrap elementor-element-populated\">\n\t\t\t\t\t\t<div class=\"elementor-element elementor-element-b39990f lang-img01 elementor-widget elementor-widget-image\" data-id=\"b39990f\" data-element_type=\"widget\" data-e-type=\"widget\" data-widget_type=\"image.default\">\n\t\t\t\t<div class=\"elementor-widget-container\">\n\t\t\t\t\t\t\t\t\t\t\t\t\t\t\t\t<a href=\"https:\/\/packagingqr.energizerholdings.com\/batteries\/Energizer\/home\/?f=gb\">\n\t\t\t\t\t\t\t<img loading=\"lazy\" decoding=\"async\" width=\"108\" height=\"89\" src=\"https:\/\/packagingqr.energizerholdings.com\/batteries\/Energizer\/de\/wp-content\/uploads\/sites\/3\/2021\/11\/lang.png\" class=\"attachment-full size-full wp-image-24\" alt=\"\" style=\"width:100%;height:82.41%;max-width:108px\" \/>\t\t\t\t\t\t\t\t<\/a>\n\t\t\t\t\t\t\t\t\t\t\t\t\t\t\t<\/div>\n\t\t\t\t<\/div>\n\t\t\t\t\t<\/div>\n\t\t<\/div>\n\t\t\t\t<div class=\"elementor-column elementor-col-66 elementor-inner-column elementor-element elementor-element-51fbf86\" data-id=\"51fbf86\" data-element_type=\"column\" data-e-type=\"column\">\n\t\t\t<div class=\"elementor-widget-wrap elementor-element-populated\">\n\t\t\t\t\t\t<div class=\"elementor-element elementor-element-a295688 war-logo11 elementor-widget elementor-widget-image\" data-id=\"a295688\" data-element_type=\"widget\" data-e-type=\"widget\" data-widget_type=\"image.default\">\n\t\t\t\t<div class=\"elementor-widget-container\">\n\t\t\t\t\t\t\t\t\t\t\t\t\t\t\t<img loading=\"lazy\" decoding=\"async\" width=\"138\" height=\"137\" src=\"https:\/\/packagingqr.energizerholdings.com\/batteries\/Energizer\/de\/wp-content\/uploads\/sites\/3\/2021\/11\/enr.png\" class=\"attachment-full size-full wp-image-50\" alt=\"\" style=\"width:100%;height:99.28%;max-width:138px\" \/>\t\t\t\t\t\t\t\t\t\t\t\t\t\t\t<\/div>\n\t\t\t\t<\/div>\n\t\t\t\t\t<\/div>\n\t\t<\/div>\n\t\t\t\t\t<\/div>\n\t\t<\/section>\n\t\t\t\t\t<\/div>\n\t\t<\/div>\n\t\t\t\t\t<\/div>\n\t\t<\/section>\n\t\t\t\t<\/div>\n\t\t","protected":false},"excerpt":{"rendered":"<p>ALKALINE ACHTUNG AA, C, D WARNUNG: Nicht verkehrt herum einlegen, aufladen, ins Feuer werfen oder mit gebrauchten oder anderen Batterietypen mischen \u2013 kann explodieren oder auslaufen und Verletzungen verursachen. Ersetzen Sie alle Batterien zur gleichen Zeit. 9V, 6V, 4.5V WARNUNG: Nicht verkehrt herum einsetzen, aufladen oder ins Feuer werfen \u2013 kann explodieren oder auslaufen. Nicht&hellip; <a class=\"more-link\" href=\"https:\/\/packagingqr.energizerholdings.com\/batteries\/Energizer\/de\/alkaline-power\/\">Continue reading <span class=\"screen-reader-text\">ALKALINE POWER<\/span><\/a><\/p>\n","protected":false},"author":1,"featured_media":0,"parent":0,"menu_order":0,"comment_status":"closed","ping_status":"closed","template":"elementor_header_footer","meta":{"footnotes":""},"class_list":["post-57","page","type-page","status-publish","hentry","entry"],"_links":{"self":[{"href":"https:\/\/packagingqr.energizerholdings.com\/batteries\/Energizer\/de\/wp-json\/wp\/v2\/pages\/57","targetHints":{"allow":["GET"]}}],"collection":[{"href":"https:\/\/packagingqr.energizerholdings.com\/batteries\/Energizer\/de\/wp-json\/wp\/v2\/pages"}],"about":[{"href":"https:\/\/packagingqr.energizerholdings.com\/batteries\/Energizer\/de\/wp-json\/wp\/v2\/types\/page"}],"author":[{"embeddable":true,"href":"https:\/\/packagingqr.energizerholdings.com\/batteries\/Energizer\/de\/wp-json\/wp\/v2\/users\/1"}],"replies":[{"embeddable":true,"href":"https:\/\/packagingqr.energizerholdings.com\/batteries\/Energizer\/de\/wp-json\/wp\/v2\/comments?post=57"}],"version-history":[{"count":68,"href":"https:\/\/packagingqr.energizerholdings.com\/batteries\/Energizer\/de\/wp-json\/wp\/v2\/pages\/57\/revisions"}],"predecessor-version":[{"id":596,"href":"https:\/\/packagingqr.energizerholdings.com\/batteries\/Energizer\/de\/wp-json\/wp\/v2\/pages\/57\/revisions\/596"}],"wp:attachment":[{"href":"https:\/\/packagingqr.energizerholdings.com\/batteries\/Energizer\/de\/wp-json\/wp\/v2\/media?parent=57"}],"curies":[{"name":"wp","href":"https:\/\/api.w.org\/{rel}","templated":true}]}}