{"id":61,"date":"2021-11-26T15:02:00","date_gmt":"2021-11-26T15:02:00","guid":{"rendered":"http:\/\/109.203.125.106\/~holdingsenr\/packagingqr\/batteries\/Energizer\/es\/?page_id=61"},"modified":"2024-05-06T06:44:05","modified_gmt":"2024-05-06T06:44:05","slug":"specialty-alkaline","status":"publish","type":"page","link":"https:\/\/packagingqr.energizerholdings.com\/batteries\/Energizer\/es\/specialty-alkaline\/","title":{"rendered":"SPECIALTY ALKALINE"},"content":{"rendered":"\t\t<div data-elementor-type=\"wp-page\" data-elementor-id=\"61\" class=\"elementor elementor-61\">\n\t\t\t\t\t\t<section class=\"elementor-section elementor-top-section elementor-element elementor-element-d7f3756 elementor-section-full_width elementor-section-height-default elementor-section-height-default\" data-id=\"d7f3756\" data-element_type=\"section\" data-e-type=\"section\" data-settings=\"{&quot;background_background&quot;:&quot;classic&quot;}\">\n\t\t\t\t\t\t<div class=\"elementor-container elementor-column-gap-default\">\n\t\t\t\t\t<div class=\"elementor-column elementor-col-100 elementor-top-column elementor-element elementor-element-fc86b7a\" data-id=\"fc86b7a\" data-element_type=\"column\" data-e-type=\"column\">\n\t\t\t<div class=\"elementor-widget-wrap elementor-element-populated\">\n\t\t\t\t\t\t<section class=\"elementor-section elementor-inner-section elementor-element elementor-element-a0eb091 elementor-section-boxed elementor-section-height-default elementor-section-height-default\" data-id=\"a0eb091\" data-element_type=\"section\" data-e-type=\"section\" data-settings=\"{&quot;background_background&quot;:&quot;classic&quot;}\">\n\t\t\t\t\t\t<div class=\"elementor-container elementor-column-gap-default\">\n\t\t\t\t\t<div class=\"elementor-column elementor-col-100 elementor-inner-column elementor-element elementor-element-5011ec1\" data-id=\"5011ec1\" data-element_type=\"column\" data-e-type=\"column\" data-settings=\"{&quot;background_background&quot;:&quot;classic&quot;}\">\n\t\t\t<div class=\"elementor-widget-wrap elementor-element-populated\">\n\t\t\t\t\t\t<div class=\"elementor-element elementor-element-22ee9ba logo elementor-widget elementor-widget-image\" data-id=\"22ee9ba\" data-element_type=\"widget\" data-e-type=\"widget\" data-widget_type=\"image.default\">\n\t\t\t\t<div class=\"elementor-widget-container\">\n\t\t\t\t\t\t\t\t\t\t\t\t\t\t\t\t<a href=\"https:\/\/packagingqr.energizerholdings.com\/batteries\/Energizer\/es\/\">\n\t\t\t\t\t\t\t<img decoding=\"async\" width=\"242\" height=\"92\" src=\"https:\/\/packagingqr.energizerholdings.com\/batteries\/Energizer\/es\/wp-content\/uploads\/sites\/5\/2021\/11\/Energizer.png\" class=\"attachment-full size-full wp-image-19\" alt=\"\" style=\"width:100%;height:38.02%;max-width:242px\" \/>\t\t\t\t\t\t\t\t<\/a>\n\t\t\t\t\t\t\t\t\t\t\t\t\t\t\t<\/div>\n\t\t\t\t<\/div>\n\t\t\t\t<div class=\"elementor-element elementor-element-e87d553 war-img elementor-widget elementor-widget-image\" data-id=\"e87d553\" data-element_type=\"widget\" data-e-type=\"widget\" data-widget_type=\"image.default\">\n\t\t\t\t<div class=\"elementor-widget-container\">\n\t\t\t\t\t\t\t\t\t\t\t\t\t\t\t<img fetchpriority=\"high\" decoding=\"async\" width=\"716\" height=\"151\" src=\"https:\/\/packagingqr.energizerholdings.com\/batteries\/Energizer\/es\/wp-content\/uploads\/sites\/5\/2021\/12\/003.png\" class=\"attachment-full size-full wp-image-217\" alt=\"\" srcset=\"https:\/\/packagingqr.energizerholdings.com\/batteries\/Energizer\/es\/wp-content\/uploads\/sites\/5\/2021\/12\/003.png 716w, https:\/\/packagingqr.energizerholdings.com\/batteries\/Energizer\/es\/wp-content\/uploads\/sites\/5\/2021\/12\/003-300x63.png 300w\" sizes=\"(max-width: 716px) 100vw, 716px\" style=\"width:100%;height:21.09%;max-width:716px\" \/>\t\t\t\t\t\t\t\t\t\t\t\t\t\t\t<\/div>\n\t\t\t\t<\/div>\n\t\t\t\t\t<\/div>\n\t\t<\/div>\n\t\t\t\t\t<\/div>\n\t\t<\/section>\n\t\t\t\t<section class=\"elementor-section elementor-inner-section elementor-element elementor-element-3d39429 elementor-section-boxed elementor-section-height-default elementor-section-height-default\" data-id=\"3d39429\" data-element_type=\"section\" data-e-type=\"section\">\n\t\t\t\t\t\t<div class=\"elementor-container elementor-column-gap-default\">\n\t\t\t\t\t<div class=\"elementor-column elementor-col-33 elementor-inner-column elementor-element elementor-element-5042f23\" data-id=\"5042f23\" data-element_type=\"column\" data-e-type=\"column\">\n\t\t\t<div class=\"elementor-widget-wrap elementor-element-populated\">\n\t\t\t\t\t\t<div class=\"elementor-element elementor-element-37ffe0b home-icon01 elementor-widget elementor-widget-image\" data-id=\"37ffe0b\" data-element_type=\"widget\" data-e-type=\"widget\" data-widget_type=\"image.default\">\n\t\t\t\t<div class=\"elementor-widget-container\">\n\t\t\t\t\t\t\t\t\t\t\t\t\t\t\t\t<a href=\"https:\/\/packagingqr.energizerholdings.com\/batteries\/Energizer\/es\">\n\t\t\t\t\t\t\t<img decoding=\"async\" width=\"50\" height=\"50\" src=\"https:\/\/packagingqr.energizerholdings.com\/batteries\/Energizer\/es\/wp-content\/uploads\/sites\/5\/2021\/12\/home-icon.png\" class=\"attachment-full size-full wp-image-197\" alt=\"\" style=\"width:100%;height:100%;max-width:50px\" \/>\t\t\t\t\t\t\t\t<\/a>\n\t\t\t\t\t\t\t\t\t\t\t\t\t\t\t<\/div>\n\t\t\t\t<\/div>\n\t\t\t\t\t<\/div>\n\t\t<\/div>\n\t\t\t\t<div class=\"elementor-column elementor-col-66 elementor-inner-column elementor-element elementor-element-86d4ffc\" data-id=\"86d4ffc\" data-element_type=\"column\" data-e-type=\"column\">\n\t\t\t<div class=\"elementor-widget-wrap\">\n\t\t\t\t\t\t\t<\/div>\n\t\t<\/div>\n\t\t\t\t\t<\/div>\n\t\t<\/section>\n\t\t\t\t<section class=\"elementor-section elementor-inner-section elementor-element elementor-element-47580a0 elementor-section-boxed elementor-section-height-default elementor-section-height-default\" data-id=\"47580a0\" data-element_type=\"section\" data-e-type=\"section\">\n\t\t\t\t\t\t<div class=\"elementor-container elementor-column-gap-default\">\n\t\t\t\t\t<div class=\"elementor-column elementor-col-33 elementor-inner-column elementor-element elementor-element-0fb8f51\" data-id=\"0fb8f51\" data-element_type=\"column\" data-e-type=\"column\" data-settings=\"{&quot;background_background&quot;:&quot;classic&quot;}\">\n\t\t\t<div class=\"elementor-widget-wrap elementor-element-populated\">\n\t\t\t\t\t\t<div class=\"elementor-element elementor-element-9926b7a head elementor-widget elementor-widget-heading\" data-id=\"9926b7a\" data-element_type=\"widget\" data-e-type=\"widget\" data-widget_type=\"heading.default\">\n\t\t\t\t<div class=\"elementor-widget-container\">\n\t\t\t\t\t<h1 class=\"elementor-heading-title elementor-size-default\">SPECIALTY ALKALINE<\/h1>\t\t\t\t<\/div>\n\t\t\t\t<\/div>\n\t\t\t\t<div class=\"elementor-element elementor-element-caae4a4 para elementor-widget elementor-widget-text-editor\" data-id=\"caae4a4\" data-element_type=\"widget\" data-e-type=\"widget\" data-widget_type=\"text-editor.default\">\n\t\t\t\t<div class=\"elementor-widget-container\">\n\t\t\t\t\t\t\t\t\t<p>AAAA<br \/>A11\/E11A<br \/>A23\/E23A<br \/>A27<br \/>A544\/4LR44<br \/>LR1\/E90<br \/>LR43\/186<br \/>LR44\/A76<br \/>LR54\/189<br \/>LR9\/EPX625G<\/p>\t\t\t\t\t\t\t\t<\/div>\n\t\t\t\t<\/div>\n\t\t\t\t\t<\/div>\n\t\t<\/div>\n\t\t\t\t<div class=\"elementor-column elementor-col-66 elementor-inner-column elementor-element elementor-element-e818ed1\" data-id=\"e818ed1\" data-element_type=\"column\" data-e-type=\"column\" data-settings=\"{&quot;background_background&quot;:&quot;classic&quot;}\">\n\t\t\t<div class=\"elementor-widget-wrap elementor-element-populated\">\n\t\t\t\t\t\t<div class=\"elementor-element elementor-element-c345b0d elementor-align-start warning-head elementor-icon-list--layout-traditional elementor-list-item-link-full_width elementor-widget elementor-widget-icon-list\" data-id=\"c345b0d\" data-element_type=\"widget\" data-e-type=\"widget\" data-widget_type=\"icon-list.default\">\n\t\t\t\t<div class=\"elementor-widget-container\">\n\t\t\t\t\t\t\t<ul class=\"elementor-icon-list-items\">\n\t\t\t\t\t\t\t<li class=\"elementor-icon-list-item\">\n\t\t\t\t\t\t\t\t\t\t\t<span class=\"elementor-icon-list-icon\">\n\t\t\t\t\t\t\t<i aria-hidden=\"true\" class=\"fas fa-exclamation-triangle\"><\/i>\t\t\t\t\t\t<\/span>\n\t\t\t\t\t\t\t\t\t\t<span class=\"elementor-icon-list-text\">ATENCI\u00d3N<\/span>\n\t\t\t\t\t\t\t\t\t<\/li>\n\t\t\t\t\t\t<\/ul>\n\t\t\t\t\t\t<\/div>\n\t\t\t\t<\/div>\n\t\t\t\t<div class=\"elementor-element elementor-element-ded2d5e warning-text elementor-icon-list--layout-traditional elementor-list-item-link-full_width elementor-widget elementor-widget-icon-list\" data-id=\"ded2d5e\" data-element_type=\"widget\" data-e-type=\"widget\" data-widget_type=\"icon-list.default\">\n\t\t\t\t<div class=\"elementor-widget-container\">\n\t\t\t\t\t\t\t<ul class=\"elementor-icon-list-items\">\n\t\t\t\t\t\t\t<li class=\"elementor-icon-list-item\">\n\t\t\t\t\t\t\t\t\t\t\t<span class=\"elementor-icon-list-icon\">\n\t\t\t\t\t\t\t<i aria-hidden=\"true\" class=\"fas fa-circle\"><\/i>\t\t\t\t\t\t<\/span>\n\t\t\t\t\t\t\t\t\t\t<span class=\"elementor-icon-list-text\">ADVERTENCIA: (1) Mantener fuera del alcance de los ni\u00f1os. Consultar inmediatamente al m\u00e9dico en caso de ingesti\u00f3n; (2) No instale al rev\u00e9s, cargue, ponga al fuego o mezcle con bater\u00edas usadas o de otro tipo; esto puede ser causa de explosiones o de fugas y causar lesiones. Reemplace todas las bater\u00edas al mismo tiempo.<\/span>\n\t\t\t\t\t\t\t\t\t<\/li>\n\t\t\t\t\t\t<\/ul>\n\t\t\t\t\t\t<\/div>\n\t\t\t\t<\/div>\n\t\t\t\t<div class=\"elementor-element elementor-element-492a36a elementor-widget elementor-widget-spacer\" data-id=\"492a36a\" data-element_type=\"widget\" data-e-type=\"widget\" data-widget_type=\"spacer.default\">\n\t\t\t\t<div class=\"elementor-widget-container\">\n\t\t\t\t\t\t\t<div class=\"elementor-spacer\">\n\t\t\t<div class=\"elementor-spacer-inner\"><\/div>\n\t\t<\/div>\n\t\t\t\t\t\t<\/div>\n\t\t\t\t<\/div>\n\t\t\t\t\t<\/div>\n\t\t<\/div>\n\t\t\t\t\t<\/div>\n\t\t<\/section>\n\t\t\t\t<section class=\"elementor-section elementor-inner-section elementor-element elementor-element-b4d8eb6 elementor-section-boxed elementor-section-height-default elementor-section-height-default\" data-id=\"b4d8eb6\" data-element_type=\"section\" data-e-type=\"section\">\n\t\t\t\t\t\t<div class=\"elementor-container elementor-column-gap-default\">\n\t\t\t\t\t<div class=\"elementor-column elementor-col-33 elementor-inner-column elementor-element elementor-element-7a24427\" data-id=\"7a24427\" data-element_type=\"column\" data-e-type=\"column\">\n\t\t\t<div class=\"elementor-widget-wrap elementor-element-populated\">\n\t\t\t\t\t\t<div class=\"elementor-element elementor-element-af8fe2c lang-img01 elementor-widget elementor-widget-image\" data-id=\"af8fe2c\" data-element_type=\"widget\" data-e-type=\"widget\" data-widget_type=\"image.default\">\n\t\t\t\t<div class=\"elementor-widget-container\">\n\t\t\t\t\t\t\t\t\t\t\t\t\t\t\t\t<a href=\"https:\/\/packagingqr.energizerholdings.com\/batteries\/Energizer\/home\/?f=gb\">\n\t\t\t\t\t\t\t<img loading=\"lazy\" decoding=\"async\" width=\"108\" height=\"89\" src=\"https:\/\/packagingqr.energizerholdings.com\/batteries\/Energizer\/es\/wp-content\/uploads\/sites\/5\/2021\/11\/lang.png\" class=\"attachment-full size-full wp-image-22\" alt=\"\" style=\"width:100%;height:82.41%;max-width:108px\" \/>\t\t\t\t\t\t\t\t<\/a>\n\t\t\t\t\t\t\t\t\t\t\t\t\t\t\t<\/div>\n\t\t\t\t<\/div>\n\t\t\t\t\t<\/div>\n\t\t<\/div>\n\t\t\t\t<div class=\"elementor-column elementor-col-66 elementor-inner-column elementor-element elementor-element-5be1af1\" data-id=\"5be1af1\" data-element_type=\"column\" data-e-type=\"column\">\n\t\t\t<div class=\"elementor-widget-wrap elementor-element-populated\">\n\t\t\t\t\t\t<div class=\"elementor-element elementor-element-ff44741 war-logo11 elementor-widget elementor-widget-image\" data-id=\"ff44741\" data-element_type=\"widget\" data-e-type=\"widget\" data-widget_type=\"image.default\">\n\t\t\t\t<div class=\"elementor-widget-container\">\n\t\t\t\t\t\t\t\t\t\t\t\t\t\t\t<img loading=\"lazy\" decoding=\"async\" width=\"138\" height=\"137\" src=\"https:\/\/packagingqr.energizerholdings.com\/batteries\/Energizer\/es\/wp-content\/uploads\/sites\/5\/2021\/11\/enr.png\" class=\"attachment-full size-full wp-image-36\" alt=\"\" style=\"width:100%;height:99.28%;max-width:138px\" \/>\t\t\t\t\t\t\t\t\t\t\t\t\t\t\t<\/div>\n\t\t\t\t<\/div>\n\t\t\t\t\t<\/div>\n\t\t<\/div>\n\t\t\t\t\t<\/div>\n\t\t<\/section>\n\t\t\t\t\t<\/div>\n\t\t<\/div>\n\t\t\t\t\t<\/div>\n\t\t<\/section>\n\t\t\t\t<\/div>\n\t\t","protected":false},"excerpt":{"rendered":"<p>SPECIALTY ALKALINE AAAAA11\/E11AA23\/E23AA27A544\/4LR44LR1\/E90LR43\/186LR44\/A76LR54\/189LR9\/EPX625G ATENCI\u00d3N ADVERTENCIA: (1) Mantener fuera del alcance de los ni\u00f1os. Consultar inmediatamente al m\u00e9dico en caso de ingesti\u00f3n; (2) No instale al rev\u00e9s, cargue, ponga al fuego o mezcle con bater\u00edas usadas o de otro tipo; esto puede ser causa de explosiones o de fugas y causar lesiones. Reemplace todas las bater\u00edas&hellip; <a class=\"more-link\" href=\"https:\/\/packagingqr.energizerholdings.com\/batteries\/Energizer\/es\/specialty-alkaline\/\">Continue reading <span class=\"screen-reader-text\">SPECIALTY ALKALINE<\/span><\/a><\/p>\n","protected":false},"author":1,"featured_media":0,"parent":0,"menu_order":0,"comment_status":"closed","ping_status":"closed","template":"elementor_header_footer","meta":{"footnotes":""},"class_list":["post-61","page","type-page","status-publish","hentry","entry"],"_links":{"self":[{"href":"https:\/\/packagingqr.energizerholdings.com\/batteries\/Energizer\/es\/wp-json\/wp\/v2\/pages\/61","targetHints":{"allow":["GET"]}}],"collection":[{"href":"https:\/\/packagingqr.energizerholdings.com\/batteries\/Energizer\/es\/wp-json\/wp\/v2\/pages"}],"about":[{"href":"https:\/\/packagingqr.energizerholdings.com\/batteries\/Energizer\/es\/wp-json\/wp\/v2\/types\/page"}],"author":[{"embeddable":true,"href":"https:\/\/packagingqr.energizerholdings.com\/batteries\/Energizer\/es\/wp-json\/wp\/v2\/users\/1"}],"replies":[{"embeddable":true,"href":"https:\/\/packagingqr.energizerholdings.com\/batteries\/Energizer\/es\/wp-json\/wp\/v2\/comments?post=61"}],"version-history":[{"count":32,"href":"https:\/\/packagingqr.energizerholdings.com\/batteries\/Energizer\/es\/wp-json\/wp\/v2\/pages\/61\/revisions"}],"predecessor-version":[{"id":381,"href":"https:\/\/packagingqr.energizerholdings.com\/batteries\/Energizer\/es\/wp-json\/wp\/v2\/pages\/61\/revisions\/381"}],"wp:attachment":[{"href":"https:\/\/packagingqr.energizerholdings.com\/batteries\/Energizer\/es\/wp-json\/wp\/v2\/media?parent=61"}],"curies":[{"name":"wp","href":"https:\/\/api.w.org\/{rel}","templated":true}]}}