{"id":66,"date":"2021-11-29T12:01:00","date_gmt":"2021-11-29T12:01:00","guid":{"rendered":"https:\/\/packagingqr.energizerholdings.com\/batteries\/Energizer\/hu\/?page_id=66"},"modified":"2024-05-08T03:30:18","modified_gmt":"2024-05-08T03:30:18","slug":"photo-lithium","status":"publish","type":"page","link":"https:\/\/packagingqr.energizerholdings.com\/batteries\/Energizer\/hu\/photo-lithium\/","title":{"rendered":"PHOTO LITHIUM"},"content":{"rendered":"\t\t<div data-elementor-type=\"wp-page\" data-elementor-id=\"66\" class=\"elementor elementor-66\">\n\t\t\t\t\t\t<section class=\"elementor-section elementor-top-section elementor-element elementor-element-45cc570 elementor-section-full_width elementor-section-height-default elementor-section-height-default\" data-id=\"45cc570\" data-element_type=\"section\" data-e-type=\"section\" data-settings=\"{&quot;background_background&quot;:&quot;classic&quot;}\">\n\t\t\t\t\t\t<div class=\"elementor-container elementor-column-gap-default\">\n\t\t\t\t\t<div class=\"elementor-column elementor-col-100 elementor-top-column elementor-element elementor-element-0089f8d\" data-id=\"0089f8d\" data-element_type=\"column\" data-e-type=\"column\">\n\t\t\t<div class=\"elementor-widget-wrap elementor-element-populated\">\n\t\t\t\t\t\t<section class=\"elementor-section elementor-inner-section elementor-element elementor-element-a64753c elementor-section-boxed elementor-section-height-default elementor-section-height-default\" data-id=\"a64753c\" data-element_type=\"section\" data-e-type=\"section\" data-settings=\"{&quot;background_background&quot;:&quot;classic&quot;}\">\n\t\t\t\t\t\t<div class=\"elementor-container elementor-column-gap-default\">\n\t\t\t\t\t<div class=\"elementor-column elementor-col-100 elementor-inner-column elementor-element elementor-element-10606b6\" data-id=\"10606b6\" data-element_type=\"column\" data-e-type=\"column\" data-settings=\"{&quot;background_background&quot;:&quot;classic&quot;}\">\n\t\t\t<div class=\"elementor-widget-wrap elementor-element-populated\">\n\t\t\t\t\t\t<div class=\"elementor-element elementor-element-85f20c6 logo elementor-widget elementor-widget-image\" data-id=\"85f20c6\" data-element_type=\"widget\" data-e-type=\"widget\" data-widget_type=\"image.default\">\n\t\t\t\t<div class=\"elementor-widget-container\">\n\t\t\t\t\t\t\t\t\t\t\t\t\t\t\t\t<a href=\"https:\/\/packagingqr.energizerholdings.com\/batteries\/Energizer\/hu\/\">\n\t\t\t\t\t\t\t<img decoding=\"async\" width=\"242\" height=\"92\" src=\"https:\/\/packagingqr.energizerholdings.com\/batteries\/Energizer\/hu\/wp-content\/uploads\/sites\/14\/2021\/11\/Energizer.png\" class=\"attachment-full size-full wp-image-16\" alt=\"\" style=\"width:100%;height:38.02%;max-width:242px\" \/>\t\t\t\t\t\t\t\t<\/a>\n\t\t\t\t\t\t\t\t\t\t\t\t\t\t\t<\/div>\n\t\t\t\t<\/div>\n\t\t\t\t<div class=\"elementor-element elementor-element-8341e82 war-img elementor-widget elementor-widget-image\" data-id=\"8341e82\" data-element_type=\"widget\" data-e-type=\"widget\" data-widget_type=\"image.default\">\n\t\t\t\t<div class=\"elementor-widget-container\">\n\t\t\t\t\t\t\t\t\t\t\t\t\t\t\t<img fetchpriority=\"high\" decoding=\"async\" width=\"716\" height=\"151\" src=\"https:\/\/packagingqr.energizerholdings.com\/batteries\/Energizer\/hu\/wp-content\/uploads\/sites\/14\/2021\/12\/003.png\" class=\"attachment-full size-full wp-image-198\" alt=\"\" srcset=\"https:\/\/packagingqr.energizerholdings.com\/batteries\/Energizer\/hu\/wp-content\/uploads\/sites\/14\/2021\/12\/003.png 716w, https:\/\/packagingqr.energizerholdings.com\/batteries\/Energizer\/hu\/wp-content\/uploads\/sites\/14\/2021\/12\/003-300x63.png 300w\" sizes=\"(max-width: 716px) 100vw, 716px\" style=\"width:100%;height:21.09%;max-width:716px\" \/>\t\t\t\t\t\t\t\t\t\t\t\t\t\t\t<\/div>\n\t\t\t\t<\/div>\n\t\t\t\t\t<\/div>\n\t\t<\/div>\n\t\t\t\t\t<\/div>\n\t\t<\/section>\n\t\t\t\t<section class=\"elementor-section elementor-inner-section elementor-element elementor-element-7218fce elementor-section-boxed elementor-section-height-default elementor-section-height-default\" data-id=\"7218fce\" data-element_type=\"section\" data-e-type=\"section\">\n\t\t\t\t\t\t<div class=\"elementor-container elementor-column-gap-default\">\n\t\t\t\t\t<div class=\"elementor-column elementor-col-33 elementor-inner-column elementor-element elementor-element-973ab0c\" data-id=\"973ab0c\" data-element_type=\"column\" data-e-type=\"column\">\n\t\t\t<div class=\"elementor-widget-wrap elementor-element-populated\">\n\t\t\t\t\t\t<div class=\"elementor-element elementor-element-387c4bb home-icon01 elementor-widget elementor-widget-image\" data-id=\"387c4bb\" data-element_type=\"widget\" data-e-type=\"widget\" data-widget_type=\"image.default\">\n\t\t\t\t<div class=\"elementor-widget-container\">\n\t\t\t\t\t\t\t\t\t\t\t\t\t\t\t\t<a href=\"https:\/\/packagingqr.energizerholdings.com\/batteries\/Energizer\/hu\">\n\t\t\t\t\t\t\t<img decoding=\"async\" width=\"50\" height=\"50\" src=\"https:\/\/packagingqr.energizerholdings.com\/batteries\/Energizer\/hu\/wp-content\/uploads\/sites\/14\/2021\/12\/home-icon.png\" class=\"attachment-full size-full wp-image-199\" alt=\"\" style=\"width:100%;height:100%;max-width:50px\" \/>\t\t\t\t\t\t\t\t<\/a>\n\t\t\t\t\t\t\t\t\t\t\t\t\t\t\t<\/div>\n\t\t\t\t<\/div>\n\t\t\t\t\t<\/div>\n\t\t<\/div>\n\t\t\t\t<div class=\"elementor-column elementor-col-66 elementor-inner-column elementor-element elementor-element-d6ccbaf\" data-id=\"d6ccbaf\" data-element_type=\"column\" data-e-type=\"column\">\n\t\t\t<div class=\"elementor-widget-wrap\">\n\t\t\t\t\t\t\t<\/div>\n\t\t<\/div>\n\t\t\t\t\t<\/div>\n\t\t<\/section>\n\t\t\t\t<section class=\"elementor-section elementor-inner-section elementor-element elementor-element-595fbb6 elementor-section-boxed elementor-section-height-default elementor-section-height-default\" data-id=\"595fbb6\" data-element_type=\"section\" data-e-type=\"section\">\n\t\t\t\t\t\t<div class=\"elementor-container elementor-column-gap-default\">\n\t\t\t\t\t<div class=\"elementor-column elementor-col-33 elementor-inner-column elementor-element elementor-element-cef28a8\" data-id=\"cef28a8\" data-element_type=\"column\" data-e-type=\"column\" data-settings=\"{&quot;background_background&quot;:&quot;classic&quot;}\">\n\t\t\t<div class=\"elementor-widget-wrap elementor-element-populated\">\n\t\t\t\t\t\t<div class=\"elementor-element elementor-element-fd3a18d head elementor-widget elementor-widget-heading\" data-id=\"fd3a18d\" data-element_type=\"widget\" data-e-type=\"widget\" data-widget_type=\"heading.default\">\n\t\t\t\t<div class=\"elementor-widget-container\">\n\t\t\t\t\t<h1 class=\"elementor-heading-title elementor-size-default\">PHOTO LITHIUM<\/h1>\t\t\t\t<\/div>\n\t\t\t\t<\/div>\n\t\t\t\t<div class=\"elementor-element elementor-element-aad5bdf para elementor-widget elementor-widget-text-editor\" data-id=\"aad5bdf\" data-element_type=\"widget\" data-e-type=\"widget\" data-widget_type=\"text-editor.default\">\n\t\t\t\t<div class=\"elementor-widget-container\">\n\t\t\t\t\t\t\t\t\t<p>CR2<br \/>123<br \/>223<br \/>2CR5<\/p>\t\t\t\t\t\t\t\t<\/div>\n\t\t\t\t<\/div>\n\t\t\t\t\t<\/div>\n\t\t<\/div>\n\t\t\t\t<div class=\"elementor-column elementor-col-66 elementor-inner-column elementor-element elementor-element-ea4d05b\" data-id=\"ea4d05b\" data-element_type=\"column\" data-e-type=\"column\" data-settings=\"{&quot;background_background&quot;:&quot;classic&quot;}\">\n\t\t\t<div class=\"elementor-widget-wrap elementor-element-populated\">\n\t\t\t\t\t\t<div class=\"elementor-element elementor-element-a90be37 elementor-align-start warning-head elementor-icon-list--layout-traditional elementor-list-item-link-full_width elementor-widget elementor-widget-icon-list\" data-id=\"a90be37\" data-element_type=\"widget\" data-e-type=\"widget\" data-widget_type=\"icon-list.default\">\n\t\t\t\t<div class=\"elementor-widget-container\">\n\t\t\t\t\t\t\t<ul class=\"elementor-icon-list-items\">\n\t\t\t\t\t\t\t<li class=\"elementor-icon-list-item\">\n\t\t\t\t\t\t\t\t\t\t\t<span class=\"elementor-icon-list-icon\">\n\t\t\t\t\t\t\t<i aria-hidden=\"true\" class=\"fas fa-exclamation-triangle\"><\/i>\t\t\t\t\t\t<\/span>\n\t\t\t\t\t\t\t\t\t\t<span class=\"elementor-icon-list-text\">FIGYELMEZTET\u00c9S<\/span>\n\t\t\t\t\t\t\t\t\t<\/li>\n\t\t\t\t\t\t<\/ul>\n\t\t\t\t\t\t<\/div>\n\t\t\t\t<\/div>\n\t\t\t\t<div class=\"elementor-element elementor-element-397de72 elementor-position-inline-start warning1 elementor-view-default elementor-mobile-position-block-start elementor-widget elementor-widget-icon-box\" data-id=\"397de72\" data-element_type=\"widget\" data-e-type=\"widget\" data-widget_type=\"icon-box.default\">\n\t\t\t\t<div class=\"elementor-widget-container\">\n\t\t\t\t\t\t\t<div class=\"elementor-icon-box-wrapper\">\n\n\t\t\t\t\t\t<div class=\"elementor-icon-box-icon\">\n\t\t\t\t<span  class=\"elementor-icon\">\n\t\t\t\t<i aria-hidden=\"true\" class=\"fas fa-circle\"><\/i>\t\t\t\t<\/span>\n\t\t\t<\/div>\n\t\t\t\n\t\t\t\t\t\t<div class=\"elementor-icon-box-content\">\n\n\t\t\t\t\t\t\t\t\t<h3 class=\"elementor-icon-box-title\">\n\t\t\t\t\t\t<span  >\n\t\t\t\t\t\t\t\ufeff\ufeffCR2 \/ 123\t\t\t\t\t\t<\/span>\n\t\t\t\t\t<\/h3>\n\t\t\t\t\n\t\t\t\t\t\t\t\t\t<p class=\"elementor-icon-box-description\">\n\t\t\t\t\t\tFIGYELEM:(1) Gyermekekt\u0151l t\u00e1vol tartand\u00f3. Felhaszn\u00e1l\u00e1sig tartsa az eredeti csomagol\u00e1sban. Lenyel\u00e9s eset\u00e9n azonnal forduljon orvoshoz.  (2) Ne szerelje be ford\u00edtva, ne t\u00f6ltse, ne tegye t\u0171zbe, \u00e9s ne keverje haszn\u00e1lt vagy m\u00e1s elemt\u00edpusokkal \u2013 felrobbanhat vagy sziv\u00e1rg\u00e1s keletkezhet, ami s\u00e9r\u00fcl\u00e9st okozhat. Az \u00f6sszes elemet egyszerre cser\u00e9lje. A haszn\u00e1lt elemeket halad\u00e9ktalanul \u00e1rtalmatlan\u00edtsa.\t\t\t\t\t<\/p>\n\t\t\t\t\n\t\t\t<\/div>\n\t\t\t\n\t\t<\/div>\n\t\t\t\t\t\t<\/div>\n\t\t\t\t<\/div>\n\t\t\t\t<div class=\"elementor-element elementor-element-212069e elementor-position-inline-start warning1 elementor-view-default elementor-mobile-position-block-start elementor-widget elementor-widget-icon-box\" data-id=\"212069e\" data-element_type=\"widget\" data-e-type=\"widget\" data-widget_type=\"icon-box.default\">\n\t\t\t\t<div class=\"elementor-widget-container\">\n\t\t\t\t\t\t\t<div class=\"elementor-icon-box-wrapper\">\n\n\t\t\t\t\t\t<div class=\"elementor-icon-box-icon\">\n\t\t\t\t<span  class=\"elementor-icon\">\n\t\t\t\t<i aria-hidden=\"true\" class=\"fas fa-circle\"><\/i>\t\t\t\t<\/span>\n\t\t\t<\/div>\n\t\t\t\n\t\t\t\t\t\t<div class=\"elementor-icon-box-content\">\n\n\t\t\t\t\t\t\t\t\t<h3 class=\"elementor-icon-box-title\">\n\t\t\t\t\t\t<span  >\n\t\t\t\t\t\t\t\ufeff223 \/ 2CR5\t\t\t\t\t\t<\/span>\n\t\t\t\t\t<\/h3>\n\t\t\t\t\n\t\t\t\t\t\t\t\t\t<p class=\"elementor-icon-box-description\">\n\t\t\t\t\t\tFIGYELEM: T\u0171zvesz\u00e9ly. Az elem felrobbanhat \u00e9s s\u00e9r\u00fcl\u00e9st okozhat, ha ford\u00edtva szerelik be, sz\u00e9tszerelik, felt\u00f6ltik, \u00f6sszenyomj\u00e1k, haszn\u00e1lt vagy m\u00e1s elemt\u00edpusokkal keverik, vagy t\u0171znek vagy magas h\u0151m\u00e9rs\u00e9kletnek teszik ki. Tartsa gyermekekt\u0151l elz\u00e1rva, felhaszn\u00e1l\u00e1sig t\u00e1rolja az eredeti csomagol\u00e1sban. A haszn\u00e1lt elemeket halad\u00e9ktalanul \u00e1rtalmatlan\u00edtsa.\n\t\t\t\t\t<\/p>\n\t\t\t\t\n\t\t\t<\/div>\n\t\t\t\n\t\t<\/div>\n\t\t\t\t\t\t<\/div>\n\t\t\t\t<\/div>\n\t\t\t\t<div class=\"elementor-element elementor-element-faf0d51 elementor-widget elementor-widget-spacer\" data-id=\"faf0d51\" data-element_type=\"widget\" data-e-type=\"widget\" data-widget_type=\"spacer.default\">\n\t\t\t\t<div class=\"elementor-widget-container\">\n\t\t\t\t\t\t\t<div class=\"elementor-spacer\">\n\t\t\t<div class=\"elementor-spacer-inner\"><\/div>\n\t\t<\/div>\n\t\t\t\t\t\t<\/div>\n\t\t\t\t<\/div>\n\t\t\t\t\t<\/div>\n\t\t<\/div>\n\t\t\t\t\t<\/div>\n\t\t<\/section>\n\t\t\t\t<section class=\"elementor-section elementor-inner-section elementor-element elementor-element-815763a elementor-section-boxed elementor-section-height-default elementor-section-height-default\" data-id=\"815763a\" data-element_type=\"section\" data-e-type=\"section\">\n\t\t\t\t\t\t<div class=\"elementor-container elementor-column-gap-default\">\n\t\t\t\t\t<div class=\"elementor-column elementor-col-33 elementor-inner-column elementor-element elementor-element-d917dc3\" data-id=\"d917dc3\" data-element_type=\"column\" data-e-type=\"column\">\n\t\t\t<div class=\"elementor-widget-wrap elementor-element-populated\">\n\t\t\t\t\t\t<div class=\"elementor-element elementor-element-1a02108 lang-img01 elementor-widget elementor-widget-image\" data-id=\"1a02108\" data-element_type=\"widget\" data-e-type=\"widget\" data-widget_type=\"image.default\">\n\t\t\t\t<div class=\"elementor-widget-container\">\n\t\t\t\t\t\t\t\t\t\t\t\t\t\t\t\t<a href=\"https:\/\/packagingqr.energizerholdings.com\/batteries\/Energizer\/home\/?f=gb\">\n\t\t\t\t\t\t\t<img loading=\"lazy\" decoding=\"async\" width=\"108\" height=\"89\" src=\"https:\/\/packagingqr.energizerholdings.com\/batteries\/Energizer\/hu\/wp-content\/uploads\/sites\/14\/2021\/11\/lang.png\" class=\"attachment-full size-full wp-image-19\" alt=\"\" style=\"width:100%;height:82.41%;max-width:108px\" \/>\t\t\t\t\t\t\t\t<\/a>\n\t\t\t\t\t\t\t\t\t\t\t\t\t\t\t<\/div>\n\t\t\t\t<\/div>\n\t\t\t\t\t<\/div>\n\t\t<\/div>\n\t\t\t\t<div class=\"elementor-column elementor-col-66 elementor-inner-column elementor-element elementor-element-b72604e\" data-id=\"b72604e\" data-element_type=\"column\" data-e-type=\"column\">\n\t\t\t<div class=\"elementor-widget-wrap elementor-element-populated\">\n\t\t\t\t\t\t<div class=\"elementor-element elementor-element-803edc5 war-logo11 elementor-widget elementor-widget-image\" data-id=\"803edc5\" data-element_type=\"widget\" data-e-type=\"widget\" data-widget_type=\"image.default\">\n\t\t\t\t<div class=\"elementor-widget-container\">\n\t\t\t\t\t\t\t\t\t\t\t\t\t\t\t<img loading=\"lazy\" decoding=\"async\" width=\"138\" height=\"137\" src=\"https:\/\/packagingqr.energizerholdings.com\/batteries\/Energizer\/hu\/wp-content\/uploads\/sites\/14\/2021\/11\/enr.png\" class=\"attachment-full size-full wp-image-18\" alt=\"\" style=\"width:100%;height:99.28%;max-width:138px\" \/>\t\t\t\t\t\t\t\t\t\t\t\t\t\t\t<\/div>\n\t\t\t\t<\/div>\n\t\t\t\t\t<\/div>\n\t\t<\/div>\n\t\t\t\t\t<\/div>\n\t\t<\/section>\n\t\t\t\t\t<\/div>\n\t\t<\/div>\n\t\t\t\t\t<\/div>\n\t\t<\/section>\n\t\t\t\t<\/div>\n\t\t","protected":false},"excerpt":{"rendered":"<p>PHOTO LITHIUM CR21232232CR5 FIGYELMEZTET\u00c9S \ufeff\ufeffCR2 \/ 123 FIGYELEM:(1) Gyermekekt\u0151l t\u00e1vol tartand\u00f3. Felhaszn\u00e1l\u00e1sig tartsa az eredeti csomagol\u00e1sban. Lenyel\u00e9s eset\u00e9n azonnal forduljon orvoshoz. (2) Ne szerelje be ford\u00edtva, ne t\u00f6ltse, ne tegye t\u0171zbe, \u00e9s ne keverje haszn\u00e1lt vagy m\u00e1s elemt\u00edpusokkal \u2013 felrobbanhat vagy sziv\u00e1rg\u00e1s keletkezhet, ami s\u00e9r\u00fcl\u00e9st okozhat. Az \u00f6sszes elemet egyszerre cser\u00e9lje. A haszn\u00e1lt elemeket halad\u00e9ktalanul&hellip; <a class=\"more-link\" href=\"https:\/\/packagingqr.energizerholdings.com\/batteries\/Energizer\/hu\/photo-lithium\/\">Continue reading <span class=\"screen-reader-text\">PHOTO LITHIUM<\/span><\/a><\/p>\n","protected":false},"author":1,"featured_media":0,"parent":0,"menu_order":0,"comment_status":"closed","ping_status":"closed","template":"elementor_header_footer","meta":{"footnotes":""},"class_list":["post-66","page","type-page","status-publish","hentry","entry"],"_links":{"self":[{"href":"https:\/\/packagingqr.energizerholdings.com\/batteries\/Energizer\/hu\/wp-json\/wp\/v2\/pages\/66","targetHints":{"allow":["GET"]}}],"collection":[{"href":"https:\/\/packagingqr.energizerholdings.com\/batteries\/Energizer\/hu\/wp-json\/wp\/v2\/pages"}],"about":[{"href":"https:\/\/packagingqr.energizerholdings.com\/batteries\/Energizer\/hu\/wp-json\/wp\/v2\/types\/page"}],"author":[{"embeddable":true,"href":"https:\/\/packagingqr.energizerholdings.com\/batteries\/Energizer\/hu\/wp-json\/wp\/v2\/users\/1"}],"replies":[{"embeddable":true,"href":"https:\/\/packagingqr.energizerholdings.com\/batteries\/Energizer\/hu\/wp-json\/wp\/v2\/comments?post=66"}],"version-history":[{"count":29,"href":"https:\/\/packagingqr.energizerholdings.com\/batteries\/Energizer\/hu\/wp-json\/wp\/v2\/pages\/66\/revisions"}],"predecessor-version":[{"id":362,"href":"https:\/\/packagingqr.energizerholdings.com\/batteries\/Energizer\/hu\/wp-json\/wp\/v2\/pages\/66\/revisions\/362"}],"wp:attachment":[{"href":"https:\/\/packagingqr.energizerholdings.com\/batteries\/Energizer\/hu\/wp-json\/wp\/v2\/media?parent=66"}],"curies":[{"name":"wp","href":"https:\/\/api.w.org\/{rel}","templated":true}]}}