{"id":25,"date":"2021-11-29T10:23:41","date_gmt":"2021-11-29T10:23:41","guid":{"rendered":"https:\/\/packagingqr.energizerholdings.com\/batteries\/Energizer\/pl\/?page_id=25"},"modified":"2025-07-03T10:15:28","modified_gmt":"2025-07-03T10:15:28","slug":"alkaline-power","status":"publish","type":"page","link":"https:\/\/packagingqr.energizerholdings.com\/batteries\/Energizer\/pl\/alkaline-power\/","title":{"rendered":"ALKALINE POWER"},"content":{"rendered":"\t\t<div data-elementor-type=\"wp-page\" data-elementor-id=\"25\" class=\"elementor elementor-25\">\n\t\t\t\t\t\t<section class=\"elementor-section elementor-top-section elementor-element elementor-element-ca5a942 elementor-section-full_width elementor-section-height-default elementor-section-height-default\" data-id=\"ca5a942\" data-element_type=\"section\" data-e-type=\"section\" data-settings=\"{&quot;background_background&quot;:&quot;classic&quot;}\">\n\t\t\t\t\t\t<div class=\"elementor-container elementor-column-gap-default\">\n\t\t\t\t\t<div class=\"elementor-column elementor-col-100 elementor-top-column elementor-element elementor-element-7a33041\" data-id=\"7a33041\" data-element_type=\"column\" data-e-type=\"column\">\n\t\t\t<div class=\"elementor-widget-wrap elementor-element-populated\">\n\t\t\t\t\t\t<section class=\"elementor-section elementor-inner-section elementor-element elementor-element-ebb888b elementor-section-boxed elementor-section-height-default elementor-section-height-default\" data-id=\"ebb888b\" data-element_type=\"section\" data-e-type=\"section\" data-settings=\"{&quot;background_background&quot;:&quot;classic&quot;}\">\n\t\t\t\t\t\t<div class=\"elementor-container elementor-column-gap-default\">\n\t\t\t\t\t<div class=\"elementor-column elementor-col-100 elementor-inner-column elementor-element elementor-element-f3c6e4c\" data-id=\"f3c6e4c\" data-element_type=\"column\" data-e-type=\"column\" data-settings=\"{&quot;background_background&quot;:&quot;classic&quot;}\">\n\t\t\t<div class=\"elementor-widget-wrap elementor-element-populated\">\n\t\t\t\t\t\t<div class=\"elementor-element elementor-element-683cc0e logo elementor-widget elementor-widget-image\" data-id=\"683cc0e\" data-element_type=\"widget\" data-e-type=\"widget\" data-widget_type=\"image.default\">\n\t\t\t\t<div class=\"elementor-widget-container\">\n\t\t\t\t\t\t\t\t\t\t\t\t\t\t\t\t<a href=\"https:\/\/packagingqr.energizerholdings.com\/batteries\/Energizer\/pl\/\">\n\t\t\t\t\t\t\t<img decoding=\"async\" width=\"242\" height=\"92\" src=\"https:\/\/packagingqr.energizerholdings.com\/batteries\/Energizer\/pl\/wp-content\/uploads\/sites\/13\/2021\/11\/Energizer.png\" class=\"attachment-full size-full wp-image-12\" alt=\"\" style=\"width:100%;height:38.02%;max-width:242px\" \/>\t\t\t\t\t\t\t\t<\/a>\n\t\t\t\t\t\t\t\t\t\t\t\t\t\t\t<\/div>\n\t\t\t\t<\/div>\n\t\t\t\t<div class=\"elementor-element elementor-element-10ee011 war-img elementor-widget elementor-widget-image\" data-id=\"10ee011\" data-element_type=\"widget\" data-e-type=\"widget\" data-widget_type=\"image.default\">\n\t\t\t\t<div class=\"elementor-widget-container\">\n\t\t\t\t\t\t\t\t\t\t\t\t\t\t\t<img fetchpriority=\"high\" decoding=\"async\" width=\"716\" height=\"151\" src=\"https:\/\/packagingqr.energizerholdings.com\/batteries\/Energizer\/pl\/wp-content\/uploads\/sites\/13\/2021\/12\/003.png\" class=\"attachment-full size-full wp-image-197\" alt=\"\" srcset=\"https:\/\/packagingqr.energizerholdings.com\/batteries\/Energizer\/pl\/wp-content\/uploads\/sites\/13\/2021\/12\/003.png 716w, https:\/\/packagingqr.energizerholdings.com\/batteries\/Energizer\/pl\/wp-content\/uploads\/sites\/13\/2021\/12\/003-300x63.png 300w\" sizes=\"(max-width: 716px) 100vw, 716px\" style=\"width:100%;height:21.09%;max-width:716px\" \/>\t\t\t\t\t\t\t\t\t\t\t\t\t\t\t<\/div>\n\t\t\t\t<\/div>\n\t\t\t\t\t<\/div>\n\t\t<\/div>\n\t\t\t\t\t<\/div>\n\t\t<\/section>\n\t\t\t\t<section class=\"elementor-section elementor-inner-section elementor-element elementor-element-28721f7 elementor-section-boxed elementor-section-height-default elementor-section-height-default\" data-id=\"28721f7\" data-element_type=\"section\" data-e-type=\"section\">\n\t\t\t\t\t\t<div class=\"elementor-container elementor-column-gap-default\">\n\t\t\t\t\t<div class=\"elementor-column elementor-col-33 elementor-inner-column elementor-element elementor-element-2bc9fac\" data-id=\"2bc9fac\" data-element_type=\"column\" data-e-type=\"column\">\n\t\t\t<div class=\"elementor-widget-wrap elementor-element-populated\">\n\t\t\t\t\t\t<div class=\"elementor-element elementor-element-9638d92 home-icon01 elementor-widget elementor-widget-image\" data-id=\"9638d92\" data-element_type=\"widget\" data-e-type=\"widget\" data-widget_type=\"image.default\">\n\t\t\t\t<div class=\"elementor-widget-container\">\n\t\t\t\t\t\t\t\t\t\t\t\t\t\t\t\t<a href=\"https:\/\/packagingqr.energizerholdings.com\/batteries\/Energizer\/pl\/\">\n\t\t\t\t\t\t\t<img decoding=\"async\" width=\"50\" height=\"50\" src=\"https:\/\/packagingqr.energizerholdings.com\/batteries\/Energizer\/pl\/wp-content\/uploads\/sites\/13\/2021\/12\/home-icon.png\" class=\"attachment-full size-full wp-image-165\" alt=\"\" style=\"width:100%;height:100%;max-width:50px\" \/>\t\t\t\t\t\t\t\t<\/a>\n\t\t\t\t\t\t\t\t\t\t\t\t\t\t\t<\/div>\n\t\t\t\t<\/div>\n\t\t\t\t\t<\/div>\n\t\t<\/div>\n\t\t\t\t<div class=\"elementor-column elementor-col-66 elementor-inner-column elementor-element elementor-element-59f7a1c\" data-id=\"59f7a1c\" data-element_type=\"column\" data-e-type=\"column\">\n\t\t\t<div class=\"elementor-widget-wrap\">\n\t\t\t\t\t\t\t<\/div>\n\t\t<\/div>\n\t\t\t\t\t<\/div>\n\t\t<\/section>\n\t\t\t\t<section class=\"elementor-section elementor-inner-section elementor-element elementor-element-b9def87 elementor-section-boxed elementor-section-height-default elementor-section-height-default\" data-id=\"b9def87\" data-element_type=\"section\" data-e-type=\"section\">\n\t\t\t\t\t\t<div class=\"elementor-container elementor-column-gap-default\">\n\t\t\t\t\t<div class=\"elementor-column elementor-col-33 elementor-inner-column elementor-element elementor-element-9d3a51f\" data-id=\"9d3a51f\" data-element_type=\"column\" data-e-type=\"column\" data-settings=\"{&quot;background_background&quot;:&quot;classic&quot;}\">\n\t\t\t<div class=\"elementor-widget-wrap elementor-element-populated\">\n\t\t\t\t\t\t<div class=\"elementor-element elementor-element-5ded46f head elementor-widget elementor-widget-heading\" data-id=\"5ded46f\" data-element_type=\"widget\" data-e-type=\"widget\" data-widget_type=\"heading.default\">\n\t\t\t\t<div class=\"elementor-widget-container\">\n\t\t\t\t\t<h1 class=\"elementor-heading-title elementor-size-default\">ALKALINE<\/h1>\t\t\t\t<\/div>\n\t\t\t\t<\/div>\n\t\t\t\t<div class=\"elementor-element elementor-element-d3f9682 elementor-widget elementor-widget-image\" data-id=\"d3f9682\" data-element_type=\"widget\" data-e-type=\"widget\" data-widget_type=\"image.default\">\n\t\t\t\t<div class=\"elementor-widget-container\">\n\t\t\t\t\t\t\t\t\t\t\t\t\t\t\t<img loading=\"lazy\" decoding=\"async\" width=\"400\" height=\"193\" src=\"https:\/\/packagingqr.energizerholdings.com\/batteries\/Energizer\/pl\/wp-content\/uploads\/sites\/13\/2021\/11\/alkaline-power-img.png\" class=\"attachment-full size-full wp-image-21\" alt=\"\" srcset=\"https:\/\/packagingqr.energizerholdings.com\/batteries\/Energizer\/pl\/wp-content\/uploads\/sites\/13\/2021\/11\/alkaline-power-img.png 400w, https:\/\/packagingqr.energizerholdings.com\/batteries\/Energizer\/pl\/wp-content\/uploads\/sites\/13\/2021\/11\/alkaline-power-img-300x145.png 300w\" sizes=\"(max-width: 400px) 100vw, 400px\" style=\"width:100%;height:48.25%;max-width:400px\" \/>\t\t\t\t\t\t\t\t\t\t\t\t\t\t\t<\/div>\n\t\t\t\t<\/div>\n\t\t\t\t<div class=\"elementor-element elementor-element-f719c9f elementor-widget elementor-widget-image\" data-id=\"f719c9f\" data-element_type=\"widget\" data-e-type=\"widget\" data-widget_type=\"image.default\">\n\t\t\t\t<div class=\"elementor-widget-container\">\n\t\t\t\t\t\t\t\t\t\t\t\t\t\t\t<img loading=\"lazy\" decoding=\"async\" width=\"400\" height=\"169\" src=\"https:\/\/packagingqr.energizerholdings.com\/batteries\/Energizer\/pl\/wp-content\/uploads\/sites\/13\/2021\/11\/Energizer_Max.png\" class=\"attachment-full size-full wp-image-109\" alt=\"\" srcset=\"https:\/\/packagingqr.energizerholdings.com\/batteries\/Energizer\/pl\/wp-content\/uploads\/sites\/13\/2021\/11\/Energizer_Max.png 400w, https:\/\/packagingqr.energizerholdings.com\/batteries\/Energizer\/pl\/wp-content\/uploads\/sites\/13\/2021\/11\/Energizer_Max-300x127.png 300w\" sizes=\"(max-width: 400px) 100vw, 400px\" style=\"width:100%;height:42.25%;max-width:400px\" \/>\t\t\t\t\t\t\t\t\t\t\t\t\t\t\t<\/div>\n\t\t\t\t<\/div>\n\t\t\t\t<div class=\"elementor-element elementor-element-1a45dbb elementor-widget elementor-widget-image\" data-id=\"1a45dbb\" data-element_type=\"widget\" data-e-type=\"widget\" data-widget_type=\"image.default\">\n\t\t\t\t<div class=\"elementor-widget-container\">\n\t\t\t\t\t\t\t\t\t\t\t\t\t\t\t<img loading=\"lazy\" decoding=\"async\" width=\"400\" height=\"181\" src=\"https:\/\/packagingqr.energizerholdings.com\/batteries\/Energizer\/pl\/wp-content\/uploads\/sites\/13\/2021\/11\/Energizer_Max-Plus.png\" class=\"attachment-full size-full wp-image-110\" alt=\"\" srcset=\"https:\/\/packagingqr.energizerholdings.com\/batteries\/Energizer\/pl\/wp-content\/uploads\/sites\/13\/2021\/11\/Energizer_Max-Plus.png 400w, https:\/\/packagingqr.energizerholdings.com\/batteries\/Energizer\/pl\/wp-content\/uploads\/sites\/13\/2021\/11\/Energizer_Max-Plus-300x136.png 300w\" sizes=\"(max-width: 400px) 100vw, 400px\" style=\"width:100%;height:45.25%;max-width:400px\" \/>\t\t\t\t\t\t\t\t\t\t\t\t\t\t\t<\/div>\n\t\t\t\t<\/div>\n\t\t\t\t<div class=\"elementor-element elementor-element-d6de688 elementor-widget elementor-widget-image\" data-id=\"d6de688\" data-element_type=\"widget\" data-e-type=\"widget\" data-widget_type=\"image.default\">\n\t\t\t\t<div class=\"elementor-widget-container\">\n\t\t\t\t\t\t\t\t\t\t\t\t\t\t\t<img loading=\"lazy\" decoding=\"async\" width=\"400\" height=\"175\" src=\"https:\/\/packagingqr.energizerholdings.com\/batteries\/Energizer\/pl\/wp-content\/uploads\/sites\/13\/2021\/11\/alkaline-industrial-img.png\" class=\"attachment-full size-full wp-image-112\" alt=\"\" srcset=\"https:\/\/packagingqr.energizerholdings.com\/batteries\/Energizer\/pl\/wp-content\/uploads\/sites\/13\/2021\/11\/alkaline-industrial-img.png 400w, https:\/\/packagingqr.energizerholdings.com\/batteries\/Energizer\/pl\/wp-content\/uploads\/sites\/13\/2021\/11\/alkaline-industrial-img-300x131.png 300w\" sizes=\"(max-width: 400px) 100vw, 400px\" style=\"width:100%;height:43.75%;max-width:400px\" \/>\t\t\t\t\t\t\t\t\t\t\t\t\t\t\t<\/div>\n\t\t\t\t<\/div>\n\t\t\t\t<div class=\"elementor-element elementor-element-a3a277a elementor-widget elementor-widget-image\" data-id=\"a3a277a\" data-element_type=\"widget\" data-e-type=\"widget\" data-widget_type=\"image.default\">\n\t\t\t\t<div class=\"elementor-widget-container\">\n\t\t\t\t\t\t\t\t\t\t\t\t\t\t\t<img loading=\"lazy\" decoding=\"async\" width=\"400\" height=\"193\" src=\"https:\/\/packagingqr.energizerholdings.com\/batteries\/Energizer\/pl\/wp-content\/uploads\/sites\/13\/2021\/11\/Energizer_Primary-Alkaline.png\" class=\"attachment-full size-full wp-image-111\" alt=\"\" srcset=\"https:\/\/packagingqr.energizerholdings.com\/batteries\/Energizer\/pl\/wp-content\/uploads\/sites\/13\/2021\/11\/Energizer_Primary-Alkaline.png 400w, https:\/\/packagingqr.energizerholdings.com\/batteries\/Energizer\/pl\/wp-content\/uploads\/sites\/13\/2021\/11\/Energizer_Primary-Alkaline-300x145.png 300w\" sizes=\"(max-width: 400px) 100vw, 400px\" style=\"width:100%;height:48.25%;max-width:400px\" \/>\t\t\t\t\t\t\t\t\t\t\t\t\t\t\t<\/div>\n\t\t\t\t<\/div>\n\t\t\t\t<div class=\"elementor-element elementor-element-9e82468 elementor-widget elementor-widget-image\" data-id=\"9e82468\" data-element_type=\"widget\" data-e-type=\"widget\" data-widget_type=\"image.default\">\n\t\t\t\t<div class=\"elementor-widget-container\">\n\t\t\t\t\t\t\t\t\t\t\t\t\t\t\t<img loading=\"lazy\" decoding=\"async\" width=\"400\" height=\"193\" src=\"https:\/\/packagingqr.energizerholdings.com\/batteries\/Energizer\/pl\/wp-content\/uploads\/sites\/13\/2025\/07\/alkaline-energizer.png\" class=\"attachment-full size-full wp-image-366\" alt=\"\" srcset=\"https:\/\/packagingqr.energizerholdings.com\/batteries\/Energizer\/pl\/wp-content\/uploads\/sites\/13\/2025\/07\/alkaline-energizer.png 400w, https:\/\/packagingqr.energizerholdings.com\/batteries\/Energizer\/pl\/wp-content\/uploads\/sites\/13\/2025\/07\/alkaline-energizer-300x145.png 300w\" sizes=\"(max-width: 400px) 100vw, 400px\" style=\"width:100%;height:48.25%;max-width:400px\" \/>\t\t\t\t\t\t\t\t\t\t\t\t\t\t\t<\/div>\n\t\t\t\t<\/div>\n\t\t\t\t\t<\/div>\n\t\t<\/div>\n\t\t\t\t<div class=\"elementor-column elementor-col-66 elementor-inner-column elementor-element elementor-element-a0d7309\" data-id=\"a0d7309\" data-element_type=\"column\" data-e-type=\"column\" data-settings=\"{&quot;background_background&quot;:&quot;classic&quot;}\">\n\t\t\t<div class=\"elementor-widget-wrap elementor-element-populated\">\n\t\t\t\t\t\t<div class=\"elementor-element elementor-element-ce6042e elementor-align-start warning-head elementor-icon-list--layout-traditional elementor-list-item-link-full_width elementor-widget elementor-widget-icon-list\" data-id=\"ce6042e\" data-element_type=\"widget\" data-e-type=\"widget\" data-widget_type=\"icon-list.default\">\n\t\t\t\t<div class=\"elementor-widget-container\">\n\t\t\t\t\t\t\t<ul class=\"elementor-icon-list-items\">\n\t\t\t\t\t\t\t<li class=\"elementor-icon-list-item\">\n\t\t\t\t\t\t\t\t\t\t\t<span class=\"elementor-icon-list-icon\">\n\t\t\t\t\t\t\t<i aria-hidden=\"true\" class=\"fas fa-exclamation-triangle\"><\/i>\t\t\t\t\t\t<\/span>\n\t\t\t\t\t\t\t\t\t\t<span class=\"elementor-icon-list-text\">UWAGA<\/span>\n\t\t\t\t\t\t\t\t\t<\/li>\n\t\t\t\t\t\t<\/ul>\n\t\t\t\t\t\t<\/div>\n\t\t\t\t<\/div>\n\t\t\t\t<div class=\"elementor-element elementor-element-94f9398 elementor-position-inline-start warning1 elementor-view-default elementor-mobile-position-block-start elementor-widget elementor-widget-icon-box\" data-id=\"94f9398\" data-element_type=\"widget\" data-e-type=\"widget\" data-widget_type=\"icon-box.default\">\n\t\t\t\t<div class=\"elementor-widget-container\">\n\t\t\t\t\t\t\t<div class=\"elementor-icon-box-wrapper\">\n\n\t\t\t\t\t\t<div class=\"elementor-icon-box-icon\">\n\t\t\t\t<span  class=\"elementor-icon\">\n\t\t\t\t<i aria-hidden=\"true\" class=\"fas fa-circle\"><\/i>\t\t\t\t<\/span>\n\t\t\t<\/div>\n\t\t\t\n\t\t\t\t\t\t<div class=\"elementor-icon-box-content\">\n\n\t\t\t\t\t\t\t\t\t<h3 class=\"elementor-icon-box-title\">\n\t\t\t\t\t\t<span  >\n\t\t\t\t\t\t\tAA, C, D\t\t\t\t\t\t<\/span>\n\t\t\t\t\t<\/h3>\n\t\t\t\t\n\t\t\t\t\t\t\t\t\t<p class=\"elementor-icon-box-description\">\n\t\t\t\t\t\tOSTRZE\u017bENIE: Nie instalowa\u0107 baterii odwrotnie, nie \u0142adowa\u0107, nie wrzuca\u0107 do ognia ani nie \u0142\u0105czy\u0107 z bateriami u\u017cywanymi lub innego typu \u2014 grozi to wybuchem lub wyciekiem i potencjalnymi obra\u017ceniami cia\u0142a. Wymie\u0144 wszystkie baterie naraz.\n\n\t\t\t\t\t<\/p>\n\t\t\t\t\n\t\t\t<\/div>\n\t\t\t\n\t\t<\/div>\n\t\t\t\t\t\t<\/div>\n\t\t\t\t<\/div>\n\t\t\t\t<div class=\"elementor-element elementor-element-a8342e6 elementor-position-inline-start warning1 elementor-view-default elementor-mobile-position-block-start elementor-widget elementor-widget-icon-box\" data-id=\"a8342e6\" data-element_type=\"widget\" data-e-type=\"widget\" data-widget_type=\"icon-box.default\">\n\t\t\t\t<div class=\"elementor-widget-container\">\n\t\t\t\t\t\t\t<div class=\"elementor-icon-box-wrapper\">\n\n\t\t\t\t\t\t<div class=\"elementor-icon-box-icon\">\n\t\t\t\t<span  class=\"elementor-icon\">\n\t\t\t\t<i aria-hidden=\"true\" class=\"fas fa-circle\"><\/i>\t\t\t\t<\/span>\n\t\t\t<\/div>\n\t\t\t\n\t\t\t\t\t\t<div class=\"elementor-icon-box-content\">\n\n\t\t\t\t\t\t\t\t\t<h3 class=\"elementor-icon-box-title\">\n\t\t\t\t\t\t<span  >\n\t\t\t\t\t\t\t9V, 6V, 4.5V\t\t\t\t\t\t<\/span>\n\t\t\t\t\t<\/h3>\n\t\t\t\t\n\t\t\t\t\t\t\t\t\t<p class=\"elementor-icon-box-description\">\n\t\t\t\t\t\tOSTRZE\u017bENIE: Nie instalowa\u0107 odwrotnie, nie \u0142adowa\u0107 ani nie wrzuca\u0107 do ognia \u2014 grozi to wybuchem lub wyciekiem. Nie przenosi\u0107 ani nie przechowywa\u0107 bez opakowania \u2014 grozi to poparzeniem.\n\t\t\t\t\t<\/p>\n\t\t\t\t\n\t\t\t<\/div>\n\t\t\t\n\t\t<\/div>\n\t\t\t\t\t\t<\/div>\n\t\t\t\t<\/div>\n\t\t\t\t<div class=\"elementor-element elementor-element-04e874f elementor-position-inline-start warning1 elementor-view-default elementor-mobile-position-block-start elementor-widget elementor-widget-icon-box\" data-id=\"04e874f\" data-element_type=\"widget\" data-e-type=\"widget\" data-widget_type=\"icon-box.default\">\n\t\t\t\t<div class=\"elementor-widget-container\">\n\t\t\t\t\t\t\t<div class=\"elementor-icon-box-wrapper\">\n\n\t\t\t\t\t\t<div class=\"elementor-icon-box-icon\">\n\t\t\t\t<span  class=\"elementor-icon\">\n\t\t\t\t<i aria-hidden=\"true\" class=\"fas fa-circle\"><\/i>\t\t\t\t<\/span>\n\t\t\t<\/div>\n\t\t\t\n\t\t\t\t\t\t<div class=\"elementor-icon-box-content\">\n\n\t\t\t\t\t\t\t\t\t<h3 class=\"elementor-icon-box-title\">\n\t\t\t\t\t\t<span  >\n\t\t\t\t\t\t\tAAA\t\t\t\t\t\t<\/span>\n\t\t\t\t\t<\/h3>\n\t\t\t\t\n\t\t\t\t\t\t\t\t\t<p class=\"elementor-icon-box-description\">\n\t\t\t\t\t\tOSTRZE\u017bENIE: (1) Chroni\u0107 przed dzie\u0107mi. Przechowywa\u0107 w oryginalnym opakowaniu do czasu u\u017cycia. W przypadku po\u0142kni\u0119cia niezw\u0142ocznie skontaktowa\u0107 si\u0119 z lekarzem.  (2) Ryzyko po\u017caru. Bateria mo\u017ce eksplodowa\u0107, powoduj\u0105c obra\u017cenia, je\u015bli zostanie zainstalowana odwrotnie, rozmontowana, na\u0142adowana, zgnieciona, po\u0142\u0105czona z bateriami u\u017cywanymi lub innego typu lub zostanie wystawiona na dzia\u0142anie ognia lub wysokiej temperatury. Wymienia\u0107 wszystkie baterie naraz. Zu\u017cyte baterie nale\u017cy niezw\u0142ocznie zutylizowa\u0107.\t\t\t\t\t<\/p>\n\t\t\t\t\n\t\t\t<\/div>\n\t\t\t\n\t\t<\/div>\n\t\t\t\t\t\t<\/div>\n\t\t\t\t<\/div>\n\t\t\t\t<div class=\"elementor-element elementor-element-4a561a8 elementor-widget elementor-widget-spacer\" data-id=\"4a561a8\" data-element_type=\"widget\" data-e-type=\"widget\" data-widget_type=\"spacer.default\">\n\t\t\t\t<div class=\"elementor-widget-container\">\n\t\t\t\t\t\t\t<div class=\"elementor-spacer\">\n\t\t\t<div class=\"elementor-spacer-inner\"><\/div>\n\t\t<\/div>\n\t\t\t\t\t\t<\/div>\n\t\t\t\t<\/div>\n\t\t\t\t\t<\/div>\n\t\t<\/div>\n\t\t\t\t\t<\/div>\n\t\t<\/section>\n\t\t\t\t<section class=\"elementor-section elementor-inner-section elementor-element elementor-element-bd2dde8 elementor-section-boxed elementor-section-height-default elementor-section-height-default\" data-id=\"bd2dde8\" data-element_type=\"section\" data-e-type=\"section\">\n\t\t\t\t\t\t<div class=\"elementor-container elementor-column-gap-default\">\n\t\t\t\t\t<div class=\"elementor-column elementor-col-33 elementor-inner-column elementor-element elementor-element-c729b1a\" data-id=\"c729b1a\" data-element_type=\"column\" data-e-type=\"column\">\n\t\t\t<div class=\"elementor-widget-wrap elementor-element-populated\">\n\t\t\t\t\t\t<div class=\"elementor-element elementor-element-2a3620a lang-img01 elementor-widget elementor-widget-image\" data-id=\"2a3620a\" data-element_type=\"widget\" data-e-type=\"widget\" data-widget_type=\"image.default\">\n\t\t\t\t<div class=\"elementor-widget-container\">\n\t\t\t\t\t\t\t\t\t\t\t\t\t\t\t\t<a href=\"https:\/\/packagingqr.energizerholdings.com\/batteries\/Energizer\/home\/?f=gb\">\n\t\t\t\t\t\t\t<img loading=\"lazy\" decoding=\"async\" width=\"108\" height=\"89\" src=\"https:\/\/packagingqr.energizerholdings.com\/batteries\/Energizer\/pl\/wp-content\/uploads\/sites\/13\/2021\/11\/lang.png\" class=\"attachment-full size-full wp-image-15\" alt=\"\" style=\"width:100%;height:82.41%;max-width:108px\" \/>\t\t\t\t\t\t\t\t<\/a>\n\t\t\t\t\t\t\t\t\t\t\t\t\t\t\t<\/div>\n\t\t\t\t<\/div>\n\t\t\t\t\t<\/div>\n\t\t<\/div>\n\t\t\t\t<div class=\"elementor-column elementor-col-66 elementor-inner-column elementor-element elementor-element-76be693\" data-id=\"76be693\" data-element_type=\"column\" data-e-type=\"column\">\n\t\t\t<div class=\"elementor-widget-wrap elementor-element-populated\">\n\t\t\t\t\t\t<div class=\"elementor-element elementor-element-fa43a54 war-logo11 elementor-widget elementor-widget-image\" data-id=\"fa43a54\" data-element_type=\"widget\" data-e-type=\"widget\" data-widget_type=\"image.default\">\n\t\t\t\t<div class=\"elementor-widget-container\">\n\t\t\t\t\t\t\t\t\t\t\t\t\t\t\t<img loading=\"lazy\" decoding=\"async\" width=\"138\" height=\"137\" src=\"https:\/\/packagingqr.energizerholdings.com\/batteries\/Energizer\/pl\/wp-content\/uploads\/sites\/13\/2021\/11\/enr.png\" class=\"attachment-full size-full wp-image-14\" alt=\"\" style=\"width:100%;height:99.28%;max-width:138px\" \/>\t\t\t\t\t\t\t\t\t\t\t\t\t\t\t<\/div>\n\t\t\t\t<\/div>\n\t\t\t\t\t<\/div>\n\t\t<\/div>\n\t\t\t\t\t<\/div>\n\t\t<\/section>\n\t\t\t\t\t<\/div>\n\t\t<\/div>\n\t\t\t\t\t<\/div>\n\t\t<\/section>\n\t\t\t\t<\/div>\n\t\t","protected":false},"excerpt":{"rendered":"<p>ALKALINE UWAGA AA, C, D OSTRZE\u017bENIE: Nie instalowa\u0107 baterii odwrotnie, nie \u0142adowa\u0107, nie wrzuca\u0107 do ognia ani nie \u0142\u0105czy\u0107 z bateriami u\u017cywanymi lub innego typu \u2014 grozi to wybuchem lub wyciekiem i potencjalnymi obra\u017ceniami cia\u0142a. Wymie\u0144 wszystkie baterie naraz. 9V, 6V, 4.5V OSTRZE\u017bENIE: Nie instalowa\u0107 odwrotnie, nie \u0142adowa\u0107 ani nie wrzuca\u0107 do ognia \u2014 grozi&hellip; <a class=\"more-link\" href=\"https:\/\/packagingqr.energizerholdings.com\/batteries\/Energizer\/pl\/alkaline-power\/\">Continue reading <span class=\"screen-reader-text\">ALKALINE POWER<\/span><\/a><\/p>\n","protected":false},"author":1,"featured_media":0,"parent":0,"menu_order":0,"comment_status":"closed","ping_status":"closed","template":"elementor_header_footer","meta":{"footnotes":""},"class_list":["post-25","page","type-page","status-publish","hentry","entry"],"_links":{"self":[{"href":"https:\/\/packagingqr.energizerholdings.com\/batteries\/Energizer\/pl\/wp-json\/wp\/v2\/pages\/25","targetHints":{"allow":["GET"]}}],"collection":[{"href":"https:\/\/packagingqr.energizerholdings.com\/batteries\/Energizer\/pl\/wp-json\/wp\/v2\/pages"}],"about":[{"href":"https:\/\/packagingqr.energizerholdings.com\/batteries\/Energizer\/pl\/wp-json\/wp\/v2\/types\/page"}],"author":[{"embeddable":true,"href":"https:\/\/packagingqr.energizerholdings.com\/batteries\/Energizer\/pl\/wp-json\/wp\/v2\/users\/1"}],"replies":[{"embeddable":true,"href":"https:\/\/packagingqr.energizerholdings.com\/batteries\/Energizer\/pl\/wp-json\/wp\/v2\/comments?post=25"}],"version-history":[{"count":41,"href":"https:\/\/packagingqr.energizerholdings.com\/batteries\/Energizer\/pl\/wp-json\/wp\/v2\/pages\/25\/revisions"}],"predecessor-version":[{"id":369,"href":"https:\/\/packagingqr.energizerholdings.com\/batteries\/Energizer\/pl\/wp-json\/wp\/v2\/pages\/25\/revisions\/369"}],"wp:attachment":[{"href":"https:\/\/packagingqr.energizerholdings.com\/batteries\/Energizer\/pl\/wp-json\/wp\/v2\/media?parent=25"}],"curies":[{"name":"wp","href":"https:\/\/api.w.org\/{rel}","templated":true}]}}