{"id":30,"date":"2021-11-30T09:40:24","date_gmt":"2021-11-30T09:40:24","guid":{"rendered":"https:\/\/packagingqr.energizerholdings.com\/batteries\/Energizer\/sl\/?page_id=30"},"modified":"2025-07-03T10:33:42","modified_gmt":"2025-07-03T10:33:42","slug":"alkaline-power","status":"publish","type":"page","link":"https:\/\/packagingqr.energizerholdings.com\/batteries\/Energizer\/sl\/alkaline-power\/","title":{"rendered":"ALKALINE POWER"},"content":{"rendered":"\t\t<div data-elementor-type=\"wp-page\" data-elementor-id=\"30\" class=\"elementor elementor-30\">\n\t\t\t\t\t\t<section class=\"elementor-section elementor-top-section elementor-element elementor-element-cfa958e elementor-section-full_width elementor-section-height-default elementor-section-height-default\" data-id=\"cfa958e\" data-element_type=\"section\" data-e-type=\"section\" data-settings=\"{&quot;background_background&quot;:&quot;classic&quot;}\">\n\t\t\t\t\t\t<div class=\"elementor-container elementor-column-gap-default\">\n\t\t\t\t\t<div class=\"elementor-column elementor-col-100 elementor-top-column elementor-element elementor-element-9140360\" data-id=\"9140360\" data-element_type=\"column\" data-e-type=\"column\">\n\t\t\t<div class=\"elementor-widget-wrap elementor-element-populated\">\n\t\t\t\t\t\t<section class=\"elementor-section elementor-inner-section elementor-element elementor-element-5885ea0 elementor-section-boxed elementor-section-height-default elementor-section-height-default\" data-id=\"5885ea0\" data-element_type=\"section\" data-e-type=\"section\" data-settings=\"{&quot;background_background&quot;:&quot;classic&quot;}\">\n\t\t\t\t\t\t<div class=\"elementor-container elementor-column-gap-default\">\n\t\t\t\t\t<div class=\"elementor-column elementor-col-100 elementor-inner-column elementor-element elementor-element-c1f4661\" data-id=\"c1f4661\" data-element_type=\"column\" data-e-type=\"column\" data-settings=\"{&quot;background_background&quot;:&quot;classic&quot;}\">\n\t\t\t<div class=\"elementor-widget-wrap elementor-element-populated\">\n\t\t\t\t\t\t<div class=\"elementor-element elementor-element-9e53dc0 logo elementor-widget elementor-widget-image\" data-id=\"9e53dc0\" data-element_type=\"widget\" data-e-type=\"widget\" data-widget_type=\"image.default\">\n\t\t\t\t<div class=\"elementor-widget-container\">\n\t\t\t\t\t\t\t\t\t\t\t\t\t\t\t\t<a href=\"https:\/\/packagingqr.energizerholdings.com\/batteries\/Energizer\/sl\/\">\n\t\t\t\t\t\t\t<img decoding=\"async\" width=\"242\" height=\"92\" src=\"https:\/\/packagingqr.energizerholdings.com\/batteries\/Energizer\/sl\/wp-content\/uploads\/sites\/21\/2021\/11\/Energizer.png\" class=\"attachment-full size-full wp-image-13\" alt=\"\" style=\"width:100%;height:38.02%;max-width:242px\" \/>\t\t\t\t\t\t\t\t<\/a>\n\t\t\t\t\t\t\t\t\t\t\t\t\t\t\t<\/div>\n\t\t\t\t<\/div>\n\t\t\t\t<div class=\"elementor-element elementor-element-1dd8568 war-img elementor-widget elementor-widget-image\" data-id=\"1dd8568\" data-element_type=\"widget\" data-e-type=\"widget\" data-widget_type=\"image.default\">\n\t\t\t\t<div class=\"elementor-widget-container\">\n\t\t\t\t\t\t\t\t\t\t\t\t\t\t\t<img fetchpriority=\"high\" decoding=\"async\" width=\"716\" height=\"151\" src=\"https:\/\/packagingqr.energizerholdings.com\/batteries\/Energizer\/sl\/wp-content\/uploads\/sites\/21\/2021\/12\/003.png\" class=\"attachment-full size-full wp-image-162\" alt=\"\" srcset=\"https:\/\/packagingqr.energizerholdings.com\/batteries\/Energizer\/sl\/wp-content\/uploads\/sites\/21\/2021\/12\/003.png 716w, https:\/\/packagingqr.energizerholdings.com\/batteries\/Energizer\/sl\/wp-content\/uploads\/sites\/21\/2021\/12\/003-300x63.png 300w\" sizes=\"(max-width: 716px) 100vw, 716px\" style=\"width:100%;height:21.09%;max-width:716px\" \/>\t\t\t\t\t\t\t\t\t\t\t\t\t\t\t<\/div>\n\t\t\t\t<\/div>\n\t\t\t\t\t<\/div>\n\t\t<\/div>\n\t\t\t\t\t<\/div>\n\t\t<\/section>\n\t\t\t\t<section class=\"elementor-section elementor-inner-section elementor-element elementor-element-020ae8c elementor-section-boxed elementor-section-height-default elementor-section-height-default\" data-id=\"020ae8c\" data-element_type=\"section\" data-e-type=\"section\">\n\t\t\t\t\t\t<div class=\"elementor-container elementor-column-gap-default\">\n\t\t\t\t\t<div class=\"elementor-column elementor-col-33 elementor-inner-column elementor-element elementor-element-c384cb4\" data-id=\"c384cb4\" data-element_type=\"column\" data-e-type=\"column\">\n\t\t\t<div class=\"elementor-widget-wrap elementor-element-populated\">\n\t\t\t\t\t\t<div class=\"elementor-element elementor-element-cab0821 home-icon01 elementor-widget elementor-widget-image\" data-id=\"cab0821\" data-element_type=\"widget\" data-e-type=\"widget\" data-widget_type=\"image.default\">\n\t\t\t\t<div class=\"elementor-widget-container\">\n\t\t\t\t\t\t\t\t\t\t\t\t\t\t\t\t<a href=\"https:\/\/packagingqr.energizerholdings.com\/batteries\/Energizer\/sl\">\n\t\t\t\t\t\t\t<img decoding=\"async\" width=\"50\" height=\"50\" src=\"https:\/\/packagingqr.energizerholdings.com\/batteries\/Energizer\/sl\/wp-content\/uploads\/sites\/21\/2021\/12\/home-icon.png\" class=\"attachment-full size-full wp-image-127\" alt=\"\" style=\"width:100%;height:100%;max-width:50px\" \/>\t\t\t\t\t\t\t\t<\/a>\n\t\t\t\t\t\t\t\t\t\t\t\t\t\t\t<\/div>\n\t\t\t\t<\/div>\n\t\t\t\t\t<\/div>\n\t\t<\/div>\n\t\t\t\t<div class=\"elementor-column elementor-col-66 elementor-inner-column elementor-element elementor-element-4bfe128\" data-id=\"4bfe128\" data-element_type=\"column\" data-e-type=\"column\">\n\t\t\t<div class=\"elementor-widget-wrap\">\n\t\t\t\t\t\t\t<\/div>\n\t\t<\/div>\n\t\t\t\t\t<\/div>\n\t\t<\/section>\n\t\t\t\t<section class=\"elementor-section elementor-inner-section elementor-element elementor-element-09de42e elementor-section-boxed elementor-section-height-default elementor-section-height-default\" data-id=\"09de42e\" data-element_type=\"section\" data-e-type=\"section\">\n\t\t\t\t\t\t<div class=\"elementor-container elementor-column-gap-default\">\n\t\t\t\t\t<div class=\"elementor-column elementor-col-33 elementor-inner-column elementor-element elementor-element-3ce53fd\" data-id=\"3ce53fd\" data-element_type=\"column\" data-e-type=\"column\" data-settings=\"{&quot;background_background&quot;:&quot;classic&quot;}\">\n\t\t\t<div class=\"elementor-widget-wrap elementor-element-populated\">\n\t\t\t\t\t\t<div class=\"elementor-element elementor-element-5dbc04d head elementor-widget elementor-widget-heading\" data-id=\"5dbc04d\" data-element_type=\"widget\" data-e-type=\"widget\" data-widget_type=\"heading.default\">\n\t\t\t\t<div class=\"elementor-widget-container\">\n\t\t\t\t\t<h1 class=\"elementor-heading-title elementor-size-default\">ALKALINE<\/h1>\t\t\t\t<\/div>\n\t\t\t\t<\/div>\n\t\t\t\t<div class=\"elementor-element elementor-element-11a1a8e elementor-widget elementor-widget-image\" data-id=\"11a1a8e\" data-element_type=\"widget\" data-e-type=\"widget\" data-widget_type=\"image.default\">\n\t\t\t\t<div class=\"elementor-widget-container\">\n\t\t\t\t\t\t\t\t\t\t\t\t\t\t\t<img loading=\"lazy\" decoding=\"async\" width=\"400\" height=\"193\" src=\"https:\/\/packagingqr.energizerholdings.com\/batteries\/Energizer\/sl\/wp-content\/uploads\/sites\/21\/2021\/11\/alkaline-power-img.png\" class=\"attachment-full size-full wp-image-11\" alt=\"\" srcset=\"https:\/\/packagingqr.energizerholdings.com\/batteries\/Energizer\/sl\/wp-content\/uploads\/sites\/21\/2021\/11\/alkaline-power-img.png 400w, https:\/\/packagingqr.energizerholdings.com\/batteries\/Energizer\/sl\/wp-content\/uploads\/sites\/21\/2021\/11\/alkaline-power-img-300x145.png 300w\" sizes=\"(max-width: 400px) 100vw, 400px\" style=\"width:100%;height:48.25%;max-width:400px\" \/>\t\t\t\t\t\t\t\t\t\t\t\t\t\t\t<\/div>\n\t\t\t\t<\/div>\n\t\t\t\t<div class=\"elementor-element elementor-element-987fadd elementor-widget elementor-widget-image\" data-id=\"987fadd\" data-element_type=\"widget\" data-e-type=\"widget\" data-widget_type=\"image.default\">\n\t\t\t\t<div class=\"elementor-widget-container\">\n\t\t\t\t\t\t\t\t\t\t\t\t\t\t\t<img loading=\"lazy\" decoding=\"async\" width=\"400\" height=\"181\" src=\"https:\/\/packagingqr.energizerholdings.com\/batteries\/Energizer\/sl\/wp-content\/uploads\/sites\/21\/2021\/11\/Energizer_Max-Plus.png\" class=\"attachment-full size-full wp-image-15\" alt=\"\" srcset=\"https:\/\/packagingqr.energizerholdings.com\/batteries\/Energizer\/sl\/wp-content\/uploads\/sites\/21\/2021\/11\/Energizer_Max-Plus.png 400w, https:\/\/packagingqr.energizerholdings.com\/batteries\/Energizer\/sl\/wp-content\/uploads\/sites\/21\/2021\/11\/Energizer_Max-Plus-300x136.png 300w\" sizes=\"(max-width: 400px) 100vw, 400px\" style=\"width:100%;height:45.25%;max-width:400px\" \/>\t\t\t\t\t\t\t\t\t\t\t\t\t\t\t<\/div>\n\t\t\t\t<\/div>\n\t\t\t\t<div class=\"elementor-element elementor-element-8127fc3 elementor-widget elementor-widget-image\" data-id=\"8127fc3\" data-element_type=\"widget\" data-e-type=\"widget\" data-widget_type=\"image.default\">\n\t\t\t\t<div class=\"elementor-widget-container\">\n\t\t\t\t\t\t\t\t\t\t\t\t\t\t\t<img loading=\"lazy\" decoding=\"async\" width=\"400\" height=\"169\" src=\"https:\/\/packagingqr.energizerholdings.com\/batteries\/Energizer\/sl\/wp-content\/uploads\/sites\/21\/2021\/11\/Energizer_Max.png\" class=\"attachment-full size-full wp-image-14\" alt=\"\" srcset=\"https:\/\/packagingqr.energizerholdings.com\/batteries\/Energizer\/sl\/wp-content\/uploads\/sites\/21\/2021\/11\/Energizer_Max.png 400w, https:\/\/packagingqr.energizerholdings.com\/batteries\/Energizer\/sl\/wp-content\/uploads\/sites\/21\/2021\/11\/Energizer_Max-300x127.png 300w\" sizes=\"(max-width: 400px) 100vw, 400px\" style=\"width:100%;height:42.25%;max-width:400px\" \/>\t\t\t\t\t\t\t\t\t\t\t\t\t\t\t<\/div>\n\t\t\t\t<\/div>\n\t\t\t\t<div class=\"elementor-element elementor-element-75ade37 elementor-widget elementor-widget-image\" data-id=\"75ade37\" data-element_type=\"widget\" data-e-type=\"widget\" data-widget_type=\"image.default\">\n\t\t\t\t<div class=\"elementor-widget-container\">\n\t\t\t\t\t\t\t\t\t\t\t\t\t\t\t<img loading=\"lazy\" decoding=\"async\" width=\"400\" height=\"193\" src=\"https:\/\/packagingqr.energizerholdings.com\/batteries\/Energizer\/sl\/wp-content\/uploads\/sites\/21\/2021\/11\/Energizer_Primary-Alkaline.png\" class=\"attachment-full size-full wp-image-16\" alt=\"\" srcset=\"https:\/\/packagingqr.energizerholdings.com\/batteries\/Energizer\/sl\/wp-content\/uploads\/sites\/21\/2021\/11\/Energizer_Primary-Alkaline.png 400w, https:\/\/packagingqr.energizerholdings.com\/batteries\/Energizer\/sl\/wp-content\/uploads\/sites\/21\/2021\/11\/Energizer_Primary-Alkaline-300x145.png 300w\" sizes=\"(max-width: 400px) 100vw, 400px\" style=\"width:100%;height:48.25%;max-width:400px\" \/>\t\t\t\t\t\t\t\t\t\t\t\t\t\t\t<\/div>\n\t\t\t\t<\/div>\n\t\t\t\t<div class=\"elementor-element elementor-element-691fe66 elementor-widget elementor-widget-image\" data-id=\"691fe66\" data-element_type=\"widget\" data-e-type=\"widget\" data-widget_type=\"image.default\">\n\t\t\t\t<div class=\"elementor-widget-container\">\n\t\t\t\t\t\t\t\t\t\t\t\t\t\t\t<img loading=\"lazy\" decoding=\"async\" width=\"400\" height=\"175\" src=\"https:\/\/packagingqr.energizerholdings.com\/batteries\/Energizer\/sl\/wp-content\/uploads\/sites\/21\/2021\/11\/alkaline-industrial-img.png\" class=\"attachment-full size-full wp-image-25\" alt=\"\" srcset=\"https:\/\/packagingqr.energizerholdings.com\/batteries\/Energizer\/sl\/wp-content\/uploads\/sites\/21\/2021\/11\/alkaline-industrial-img.png 400w, https:\/\/packagingqr.energizerholdings.com\/batteries\/Energizer\/sl\/wp-content\/uploads\/sites\/21\/2021\/11\/alkaline-industrial-img-300x131.png 300w\" sizes=\"(max-width: 400px) 100vw, 400px\" style=\"width:100%;height:43.75%;max-width:400px\" \/>\t\t\t\t\t\t\t\t\t\t\t\t\t\t\t<\/div>\n\t\t\t\t<\/div>\n\t\t\t\t<div class=\"elementor-element elementor-element-ebd3b61 elementor-widget elementor-widget-image\" data-id=\"ebd3b61\" data-element_type=\"widget\" data-e-type=\"widget\" data-widget_type=\"image.default\">\n\t\t\t\t<div class=\"elementor-widget-container\">\n\t\t\t\t\t\t\t\t\t\t\t\t\t\t\t<img loading=\"lazy\" decoding=\"async\" width=\"400\" height=\"193\" src=\"https:\/\/packagingqr.energizerholdings.com\/batteries\/Energizer\/sl\/wp-content\/uploads\/sites\/21\/2025\/07\/alkaline-energizer.png\" class=\"attachment-full size-full wp-image-307\" alt=\"\" srcset=\"https:\/\/packagingqr.energizerholdings.com\/batteries\/Energizer\/sl\/wp-content\/uploads\/sites\/21\/2025\/07\/alkaline-energizer.png 400w, https:\/\/packagingqr.energizerholdings.com\/batteries\/Energizer\/sl\/wp-content\/uploads\/sites\/21\/2025\/07\/alkaline-energizer-300x145.png 300w\" sizes=\"(max-width: 400px) 100vw, 400px\" style=\"width:100%;height:48.25%;max-width:400px\" \/>\t\t\t\t\t\t\t\t\t\t\t\t\t\t\t<\/div>\n\t\t\t\t<\/div>\n\t\t\t\t\t<\/div>\n\t\t<\/div>\n\t\t\t\t<div class=\"elementor-column elementor-col-66 elementor-inner-column elementor-element elementor-element-c2e334e\" data-id=\"c2e334e\" data-element_type=\"column\" data-e-type=\"column\" data-settings=\"{&quot;background_background&quot;:&quot;classic&quot;}\">\n\t\t\t<div class=\"elementor-widget-wrap elementor-element-populated\">\n\t\t\t\t\t\t<div class=\"elementor-element elementor-element-9d9dbeb elementor-align-start warning-head elementor-icon-list--layout-traditional elementor-list-item-link-full_width elementor-widget elementor-widget-icon-list\" data-id=\"9d9dbeb\" data-element_type=\"widget\" data-e-type=\"widget\" data-widget_type=\"icon-list.default\">\n\t\t\t\t<div class=\"elementor-widget-container\">\n\t\t\t\t\t\t\t<ul class=\"elementor-icon-list-items\">\n\t\t\t\t\t\t\t<li class=\"elementor-icon-list-item\">\n\t\t\t\t\t\t\t\t\t\t\t<span class=\"elementor-icon-list-icon\">\n\t\t\t\t\t\t\t<i aria-hidden=\"true\" class=\"fas fa-exclamation-triangle\"><\/i>\t\t\t\t\t\t<\/span>\n\t\t\t\t\t\t\t\t\t\t<span class=\"elementor-icon-list-text\">WARNING <\/span>\n\t\t\t\t\t\t\t\t\t<\/li>\n\t\t\t\t\t\t<\/ul>\n\t\t\t\t\t\t<\/div>\n\t\t\t\t<\/div>\n\t\t\t\t<div class=\"elementor-element elementor-element-ee604c5 elementor-position-inline-start warning1 elementor-view-default elementor-mobile-position-block-start elementor-widget elementor-widget-icon-box\" data-id=\"ee604c5\" data-element_type=\"widget\" data-e-type=\"widget\" data-widget_type=\"icon-box.default\">\n\t\t\t\t<div class=\"elementor-widget-container\">\n\t\t\t\t\t\t\t<div class=\"elementor-icon-box-wrapper\">\n\n\t\t\t\t\t\t<div class=\"elementor-icon-box-icon\">\n\t\t\t\t<span  class=\"elementor-icon\">\n\t\t\t\t<i aria-hidden=\"true\" class=\"fas fa-circle\"><\/i>\t\t\t\t<\/span>\n\t\t\t<\/div>\n\t\t\t\n\t\t\t\t\t\t<div class=\"elementor-icon-box-content\">\n\n\t\t\t\t\t\t\t\t\t<h3 class=\"elementor-icon-box-title\">\n\t\t\t\t\t\t<span  >\n\t\t\t\t\t\t\tAA, C, D\t\t\t\t\t\t<\/span>\n\t\t\t\t\t<\/h3>\n\t\t\t\t\n\t\t\t\t\t\t\t\t\t<p class=\"elementor-icon-box-description\">\n\t\t\t\t\t\tOPOZORILO: Ne name\u0161\u010dajte obrnjeno nazaj, ne polnite, ne dajajte v ogenj in ne me\u0161ajte z rabljenimi ali drugimi vrstami baterij \u2013 lahko eksplodira ali pu\u0161\u010da in s tem povzro\u010di po\u0161kodbe. Zamenjajte vse baterije hkrati.\n\t\t\t\t\t<\/p>\n\t\t\t\t\n\t\t\t<\/div>\n\t\t\t\n\t\t<\/div>\n\t\t\t\t\t\t<\/div>\n\t\t\t\t<\/div>\n\t\t\t\t<div class=\"elementor-element elementor-element-aa81be4 elementor-position-inline-start warning1 elementor-view-default elementor-mobile-position-block-start elementor-widget elementor-widget-icon-box\" data-id=\"aa81be4\" data-element_type=\"widget\" data-e-type=\"widget\" data-widget_type=\"icon-box.default\">\n\t\t\t\t<div class=\"elementor-widget-container\">\n\t\t\t\t\t\t\t<div class=\"elementor-icon-box-wrapper\">\n\n\t\t\t\t\t\t<div class=\"elementor-icon-box-icon\">\n\t\t\t\t<span  class=\"elementor-icon\">\n\t\t\t\t<i aria-hidden=\"true\" class=\"fas fa-circle\"><\/i>\t\t\t\t<\/span>\n\t\t\t<\/div>\n\t\t\t\n\t\t\t\t\t\t<div class=\"elementor-icon-box-content\">\n\n\t\t\t\t\t\t\t\t\t<h3 class=\"elementor-icon-box-title\">\n\t\t\t\t\t\t<span  >\n\t\t\t\t\t\t\t9V, 6V, 4.5V\t\t\t\t\t\t<\/span>\n\t\t\t\t\t<\/h3>\n\t\t\t\t\n\t\t\t\t\t\t\t\t\t<p class=\"elementor-icon-box-description\">\n\t\t\t\t\t\tOPOZORILO: Ne name\u0161\u010dajte obrnjeno nazaj, ne polnite in ne dajajte v ogenj \u2013 lahko eksplodira ali pu\u0161\u010da. Ne prena\u0161ajte in ne shranjujte brez embala\u017ee \u2013 nevarnost opeklin.\n\t\t\t\t\t<\/p>\n\t\t\t\t\n\t\t\t<\/div>\n\t\t\t\n\t\t<\/div>\n\t\t\t\t\t\t<\/div>\n\t\t\t\t<\/div>\n\t\t\t\t<div class=\"elementor-element elementor-element-ef77251 elementor-position-inline-start warning1 elementor-view-default elementor-mobile-position-block-start elementor-widget elementor-widget-icon-box\" data-id=\"ef77251\" data-element_type=\"widget\" data-e-type=\"widget\" data-widget_type=\"icon-box.default\">\n\t\t\t\t<div class=\"elementor-widget-container\">\n\t\t\t\t\t\t\t<div class=\"elementor-icon-box-wrapper\">\n\n\t\t\t\t\t\t<div class=\"elementor-icon-box-icon\">\n\t\t\t\t<span  class=\"elementor-icon\">\n\t\t\t\t<i aria-hidden=\"true\" class=\"fas fa-circle\"><\/i>\t\t\t\t<\/span>\n\t\t\t<\/div>\n\t\t\t\n\t\t\t\t\t\t<div class=\"elementor-icon-box-content\">\n\n\t\t\t\t\t\t\t\t\t<h3 class=\"elementor-icon-box-title\">\n\t\t\t\t\t\t<span  >\n\t\t\t\t\t\t\tAAA\t\t\t\t\t\t<\/span>\n\t\t\t\t\t<\/h3>\n\t\t\t\t\n\t\t\t\t\t\t\t\t\t<p class=\"elementor-icon-box-description\">\n\t\t\t\t\t\tOPOZORILO: (1) Hraniti zunaj dosega otrok. Izdelek do za\u010detka uporabe hranite v originalni embala\u017ei. V primeru zau\u017eitja nemudoma obi\u0161\u010dite zdravnika.  (2) Nevarnost po\u017eara. Baterija lahko eksplodira in povzro\u010di po\u0161kodbe, \u010de je narobe name\u0161\u010dena, razstavljena, napolnjena, zdrobljena, pome\u0161ana z rabljenimi ali drugimi vrstami baterij oziroma izpostavljena ognju ali visoki temperaturi. Zamenjajte vse baterije hkrati. Prazne baterije takoj zavrzite.\n\n\t\t\t\t\t<\/p>\n\t\t\t\t\n\t\t\t<\/div>\n\t\t\t\n\t\t<\/div>\n\t\t\t\t\t\t<\/div>\n\t\t\t\t<\/div>\n\t\t\t\t<div class=\"elementor-element elementor-element-489da56 elementor-widget elementor-widget-spacer\" data-id=\"489da56\" data-element_type=\"widget\" data-e-type=\"widget\" data-widget_type=\"spacer.default\">\n\t\t\t\t<div class=\"elementor-widget-container\">\n\t\t\t\t\t\t\t<div class=\"elementor-spacer\">\n\t\t\t<div class=\"elementor-spacer-inner\"><\/div>\n\t\t<\/div>\n\t\t\t\t\t\t<\/div>\n\t\t\t\t<\/div>\n\t\t\t\t\t<\/div>\n\t\t<\/div>\n\t\t\t\t\t<\/div>\n\t\t<\/section>\n\t\t\t\t<section class=\"elementor-section elementor-inner-section elementor-element elementor-element-e99225b elementor-section-boxed elementor-section-height-default elementor-section-height-default\" data-id=\"e99225b\" data-element_type=\"section\" data-e-type=\"section\">\n\t\t\t\t\t\t<div class=\"elementor-container elementor-column-gap-default\">\n\t\t\t\t\t<div class=\"elementor-column elementor-col-33 elementor-inner-column elementor-element elementor-element-19e31b1\" data-id=\"19e31b1\" data-element_type=\"column\" data-e-type=\"column\">\n\t\t\t<div class=\"elementor-widget-wrap elementor-element-populated\">\n\t\t\t\t\t\t<div class=\"elementor-element elementor-element-d7e5b34 lang-img01 elementor-widget elementor-widget-image\" data-id=\"d7e5b34\" data-element_type=\"widget\" data-e-type=\"widget\" data-widget_type=\"image.default\">\n\t\t\t\t<div class=\"elementor-widget-container\">\n\t\t\t\t\t\t\t\t\t\t\t\t\t\t\t\t<a href=\"https:\/\/packagingqr.energizerholdings.com\/batteries\/Energizer\/home\/?f=gb\">\n\t\t\t\t\t\t\t<img loading=\"lazy\" decoding=\"async\" width=\"108\" height=\"89\" src=\"https:\/\/packagingqr.energizerholdings.com\/batteries\/Energizer\/sl\/wp-content\/uploads\/sites\/21\/2021\/11\/lang.png\" class=\"attachment-full size-full wp-image-19\" alt=\"\" style=\"width:100%;height:82.41%;max-width:108px\" \/>\t\t\t\t\t\t\t\t<\/a>\n\t\t\t\t\t\t\t\t\t\t\t\t\t\t\t<\/div>\n\t\t\t\t<\/div>\n\t\t\t\t\t<\/div>\n\t\t<\/div>\n\t\t\t\t<div class=\"elementor-column elementor-col-66 elementor-inner-column elementor-element elementor-element-ce4a543\" data-id=\"ce4a543\" data-element_type=\"column\" data-e-type=\"column\">\n\t\t\t<div class=\"elementor-widget-wrap elementor-element-populated\">\n\t\t\t\t\t\t<div class=\"elementor-element elementor-element-87c9153 war-logo11 elementor-widget elementor-widget-image\" data-id=\"87c9153\" data-element_type=\"widget\" data-e-type=\"widget\" data-widget_type=\"image.default\">\n\t\t\t\t<div class=\"elementor-widget-container\">\n\t\t\t\t\t\t\t\t\t\t\t\t\t\t\t<img loading=\"lazy\" decoding=\"async\" width=\"138\" height=\"137\" src=\"https:\/\/packagingqr.energizerholdings.com\/batteries\/Energizer\/sl\/wp-content\/uploads\/sites\/21\/2021\/11\/enr.png\" class=\"attachment-full size-full wp-image-18\" alt=\"\" style=\"width:100%;height:99.28%;max-width:138px\" \/>\t\t\t\t\t\t\t\t\t\t\t\t\t\t\t<\/div>\n\t\t\t\t<\/div>\n\t\t\t\t\t<\/div>\n\t\t<\/div>\n\t\t\t\t\t<\/div>\n\t\t<\/section>\n\t\t\t\t\t<\/div>\n\t\t<\/div>\n\t\t\t\t\t<\/div>\n\t\t<\/section>\n\t\t\t\t<\/div>\n\t\t","protected":false},"excerpt":{"rendered":"<p>ALKALINE WARNING AA, C, D OPOZORILO: Ne name\u0161\u010dajte obrnjeno nazaj, ne polnite, ne dajajte v ogenj in ne me\u0161ajte z rabljenimi ali drugimi vrstami baterij \u2013 lahko eksplodira ali pu\u0161\u010da in s tem povzro\u010di po\u0161kodbe. Zamenjajte vse baterije hkrati. 9V, 6V, 4.5V OPOZORILO: Ne name\u0161\u010dajte obrnjeno nazaj, ne polnite in ne dajajte v ogenj \u2013&hellip; <a class=\"more-link\" href=\"https:\/\/packagingqr.energizerholdings.com\/batteries\/Energizer\/sl\/alkaline-power\/\">Continue reading <span class=\"screen-reader-text\">ALKALINE POWER<\/span><\/a><\/p>\n","protected":false},"author":1,"featured_media":0,"parent":0,"menu_order":0,"comment_status":"closed","ping_status":"closed","template":"elementor_header_footer","meta":{"footnotes":""},"class_list":["post-30","page","type-page","status-publish","hentry","entry"],"_links":{"self":[{"href":"https:\/\/packagingqr.energizerholdings.com\/batteries\/Energizer\/sl\/wp-json\/wp\/v2\/pages\/30","targetHints":{"allow":["GET"]}}],"collection":[{"href":"https:\/\/packagingqr.energizerholdings.com\/batteries\/Energizer\/sl\/wp-json\/wp\/v2\/pages"}],"about":[{"href":"https:\/\/packagingqr.energizerholdings.com\/batteries\/Energizer\/sl\/wp-json\/wp\/v2\/types\/page"}],"author":[{"embeddable":true,"href":"https:\/\/packagingqr.energizerholdings.com\/batteries\/Energizer\/sl\/wp-json\/wp\/v2\/users\/1"}],"replies":[{"embeddable":true,"href":"https:\/\/packagingqr.energizerholdings.com\/batteries\/Energizer\/sl\/wp-json\/wp\/v2\/comments?post=30"}],"version-history":[{"count":29,"href":"https:\/\/packagingqr.energizerholdings.com\/batteries\/Energizer\/sl\/wp-json\/wp\/v2\/pages\/30\/revisions"}],"predecessor-version":[{"id":310,"href":"https:\/\/packagingqr.energizerholdings.com\/batteries\/Energizer\/sl\/wp-json\/wp\/v2\/pages\/30\/revisions\/310"}],"wp:attachment":[{"href":"https:\/\/packagingqr.energizerholdings.com\/batteries\/Energizer\/sl\/wp-json\/wp\/v2\/media?parent=30"}],"curies":[{"name":"wp","href":"https:\/\/api.w.org\/{rel}","templated":true}]}}