{"id":19,"date":"2021-11-29T06:43:05","date_gmt":"2021-11-29T06:43:05","guid":{"rendered":"https:\/\/packagingqr.energizerholdings.com\/batteries\/Energizer\/sv\/?page_id=19"},"modified":"2025-07-03T09:56:28","modified_gmt":"2025-07-03T09:56:28","slug":"alkaline-power","status":"publish","type":"page","link":"https:\/\/packagingqr.energizerholdings.com\/batteries\/Energizer\/sv\/alkaline-power\/","title":{"rendered":"ALKALINE POWER"},"content":{"rendered":"\t\t<div data-elementor-type=\"wp-page\" data-elementor-id=\"19\" class=\"elementor elementor-19\">\n\t\t\t\t\t\t<section class=\"elementor-section elementor-top-section elementor-element elementor-element-e752ca0 elementor-section-full_width elementor-section-height-default elementor-section-height-default\" data-id=\"e752ca0\" data-element_type=\"section\" data-e-type=\"section\" data-settings=\"{&quot;background_background&quot;:&quot;classic&quot;}\">\n\t\t\t\t\t\t<div class=\"elementor-container elementor-column-gap-default\">\n\t\t\t\t\t<div class=\"elementor-column elementor-col-100 elementor-top-column elementor-element elementor-element-1a53324\" data-id=\"1a53324\" data-element_type=\"column\" data-e-type=\"column\">\n\t\t\t<div class=\"elementor-widget-wrap elementor-element-populated\">\n\t\t\t\t\t\t<section class=\"elementor-section elementor-inner-section elementor-element elementor-element-202bd9b elementor-section-boxed elementor-section-height-default elementor-section-height-default\" data-id=\"202bd9b\" data-element_type=\"section\" data-e-type=\"section\" data-settings=\"{&quot;background_background&quot;:&quot;classic&quot;}\">\n\t\t\t\t\t\t<div class=\"elementor-container elementor-column-gap-default\">\n\t\t\t\t\t<div class=\"elementor-column elementor-col-100 elementor-inner-column elementor-element elementor-element-3930cc0\" data-id=\"3930cc0\" data-element_type=\"column\" data-e-type=\"column\" data-settings=\"{&quot;background_background&quot;:&quot;classic&quot;}\">\n\t\t\t<div class=\"elementor-widget-wrap elementor-element-populated\">\n\t\t\t\t\t\t<div class=\"elementor-element elementor-element-7c56eac logo elementor-widget elementor-widget-image\" data-id=\"7c56eac\" data-element_type=\"widget\" data-e-type=\"widget\" data-widget_type=\"image.default\">\n\t\t\t\t<div class=\"elementor-widget-container\">\n\t\t\t\t\t\t\t\t\t\t\t\t\t\t\t\t<a href=\"https:\/\/packagingqr.energizerholdings.com\/batteries\/Energizer\/sv\/\">\n\t\t\t\t\t\t\t<img decoding=\"async\" width=\"242\" height=\"92\" src=\"https:\/\/packagingqr.energizerholdings.com\/batteries\/Energizer\/sv\/wp-content\/uploads\/sites\/8\/2021\/11\/Energizer.png\" class=\"attachment-full size-full wp-image-11\" alt=\"\" style=\"width:100%;height:38.02%;max-width:242px\" \/>\t\t\t\t\t\t\t\t<\/a>\n\t\t\t\t\t\t\t\t\t\t\t\t\t\t\t<\/div>\n\t\t\t\t<\/div>\n\t\t\t\t<div class=\"elementor-element elementor-element-446f880 war-img elementor-widget elementor-widget-image\" data-id=\"446f880\" data-element_type=\"widget\" data-e-type=\"widget\" data-widget_type=\"image.default\">\n\t\t\t\t<div class=\"elementor-widget-container\">\n\t\t\t\t\t\t\t\t\t\t\t\t\t\t\t<img fetchpriority=\"high\" decoding=\"async\" width=\"716\" height=\"151\" src=\"https:\/\/packagingqr.energizerholdings.com\/batteries\/Energizer\/sv\/wp-content\/uploads\/sites\/8\/2021\/12\/003.png\" class=\"attachment-full size-full wp-image-202\" alt=\"\" srcset=\"https:\/\/packagingqr.energizerholdings.com\/batteries\/Energizer\/sv\/wp-content\/uploads\/sites\/8\/2021\/12\/003.png 716w, https:\/\/packagingqr.energizerholdings.com\/batteries\/Energizer\/sv\/wp-content\/uploads\/sites\/8\/2021\/12\/003-300x63.png 300w\" sizes=\"(max-width: 716px) 100vw, 716px\" style=\"width:100%;height:21.09%;max-width:716px\" \/>\t\t\t\t\t\t\t\t\t\t\t\t\t\t\t<\/div>\n\t\t\t\t<\/div>\n\t\t\t\t\t<\/div>\n\t\t<\/div>\n\t\t\t\t\t<\/div>\n\t\t<\/section>\n\t\t\t\t<section class=\"elementor-section elementor-inner-section elementor-element elementor-element-a4adeda elementor-section-boxed elementor-section-height-default elementor-section-height-default\" data-id=\"a4adeda\" data-element_type=\"section\" data-e-type=\"section\">\n\t\t\t\t\t\t<div class=\"elementor-container elementor-column-gap-default\">\n\t\t\t\t\t<div class=\"elementor-column elementor-col-33 elementor-inner-column elementor-element elementor-element-274fbe3\" data-id=\"274fbe3\" data-element_type=\"column\" data-e-type=\"column\">\n\t\t\t<div class=\"elementor-widget-wrap elementor-element-populated\">\n\t\t\t\t\t\t<div class=\"elementor-element elementor-element-bc0af87 home-icon01 elementor-widget elementor-widget-image\" data-id=\"bc0af87\" data-element_type=\"widget\" data-e-type=\"widget\" data-widget_type=\"image.default\">\n\t\t\t\t<div class=\"elementor-widget-container\">\n\t\t\t\t\t\t\t\t\t\t\t\t\t\t\t\t<a href=\"https:\/\/packagingqr.energizerholdings.com\/batteries\/Energizer\/sv\">\n\t\t\t\t\t\t\t<img decoding=\"async\" width=\"50\" height=\"50\" src=\"https:\/\/packagingqr.energizerholdings.com\/batteries\/Energizer\/sv\/wp-content\/uploads\/sites\/8\/2021\/12\/home-icon.png\" class=\"attachment-full size-full wp-image-203\" alt=\"\" style=\"width:100%;height:100%;max-width:50px\" \/>\t\t\t\t\t\t\t\t<\/a>\n\t\t\t\t\t\t\t\t\t\t\t\t\t\t\t<\/div>\n\t\t\t\t<\/div>\n\t\t\t\t\t<\/div>\n\t\t<\/div>\n\t\t\t\t<div class=\"elementor-column elementor-col-66 elementor-inner-column elementor-element elementor-element-3136435\" data-id=\"3136435\" data-element_type=\"column\" data-e-type=\"column\">\n\t\t\t<div class=\"elementor-widget-wrap\">\n\t\t\t\t\t\t\t<\/div>\n\t\t<\/div>\n\t\t\t\t\t<\/div>\n\t\t<\/section>\n\t\t\t\t<section class=\"elementor-section elementor-inner-section elementor-element elementor-element-8f90aa2 elementor-section-boxed elementor-section-height-default elementor-section-height-default\" data-id=\"8f90aa2\" data-element_type=\"section\" data-e-type=\"section\">\n\t\t\t\t\t\t<div class=\"elementor-container elementor-column-gap-default\">\n\t\t\t\t\t<div class=\"elementor-column elementor-col-33 elementor-inner-column elementor-element elementor-element-bccbbbf\" data-id=\"bccbbbf\" data-element_type=\"column\" data-e-type=\"column\" data-settings=\"{&quot;background_background&quot;:&quot;classic&quot;}\">\n\t\t\t<div class=\"elementor-widget-wrap elementor-element-populated\">\n\t\t\t\t\t\t<div class=\"elementor-element elementor-element-fdbfa99 head elementor-widget elementor-widget-heading\" data-id=\"fdbfa99\" data-element_type=\"widget\" data-e-type=\"widget\" data-widget_type=\"heading.default\">\n\t\t\t\t<div class=\"elementor-widget-container\">\n\t\t\t\t\t<h1 class=\"elementor-heading-title elementor-size-default\">ALKALINE<\/h1>\t\t\t\t<\/div>\n\t\t\t\t<\/div>\n\t\t\t\t<div class=\"elementor-element elementor-element-92b998b elementor-widget elementor-widget-image\" data-id=\"92b998b\" data-element_type=\"widget\" data-e-type=\"widget\" data-widget_type=\"image.default\">\n\t\t\t\t<div class=\"elementor-widget-container\">\n\t\t\t\t\t\t\t\t\t\t\t\t\t\t\t<img loading=\"lazy\" decoding=\"async\" width=\"400\" height=\"193\" src=\"https:\/\/packagingqr.energizerholdings.com\/batteries\/Energizer\/sv\/wp-content\/uploads\/sites\/8\/2021\/11\/alkaline-power-img.png\" class=\"attachment-full size-full wp-image-23\" alt=\"\" srcset=\"https:\/\/packagingqr.energizerholdings.com\/batteries\/Energizer\/sv\/wp-content\/uploads\/sites\/8\/2021\/11\/alkaline-power-img.png 400w, https:\/\/packagingqr.energizerholdings.com\/batteries\/Energizer\/sv\/wp-content\/uploads\/sites\/8\/2021\/11\/alkaline-power-img-300x145.png 300w\" sizes=\"(max-width: 400px) 100vw, 400px\" style=\"width:100%;height:48.25%;max-width:400px\" \/>\t\t\t\t\t\t\t\t\t\t\t\t\t\t\t<\/div>\n\t\t\t\t<\/div>\n\t\t\t\t<div class=\"elementor-element elementor-element-4ba3a93 elementor-widget elementor-widget-image\" data-id=\"4ba3a93\" data-element_type=\"widget\" data-e-type=\"widget\" data-widget_type=\"image.default\">\n\t\t\t\t<div class=\"elementor-widget-container\">\n\t\t\t\t\t\t\t\t\t\t\t\t\t\t\t<img loading=\"lazy\" decoding=\"async\" width=\"400\" height=\"181\" src=\"https:\/\/packagingqr.energizerholdings.com\/batteries\/Energizer\/sv\/wp-content\/uploads\/sites\/8\/2021\/11\/Energizer_Max-Plus.png\" class=\"attachment-full size-full wp-image-112\" alt=\"\" srcset=\"https:\/\/packagingqr.energizerholdings.com\/batteries\/Energizer\/sv\/wp-content\/uploads\/sites\/8\/2021\/11\/Energizer_Max-Plus.png 400w, https:\/\/packagingqr.energizerholdings.com\/batteries\/Energizer\/sv\/wp-content\/uploads\/sites\/8\/2021\/11\/Energizer_Max-Plus-300x136.png 300w\" sizes=\"(max-width: 400px) 100vw, 400px\" style=\"width:100%;height:45.25%;max-width:400px\" \/>\t\t\t\t\t\t\t\t\t\t\t\t\t\t\t<\/div>\n\t\t\t\t<\/div>\n\t\t\t\t<div class=\"elementor-element elementor-element-582c027 elementor-widget elementor-widget-image\" data-id=\"582c027\" data-element_type=\"widget\" data-e-type=\"widget\" data-widget_type=\"image.default\">\n\t\t\t\t<div class=\"elementor-widget-container\">\n\t\t\t\t\t\t\t\t\t\t\t\t\t\t\t<img loading=\"lazy\" decoding=\"async\" width=\"400\" height=\"169\" src=\"https:\/\/packagingqr.energizerholdings.com\/batteries\/Energizer\/sv\/wp-content\/uploads\/sites\/8\/2021\/11\/Energizer_Max.png\" class=\"attachment-full size-full wp-image-111\" alt=\"\" srcset=\"https:\/\/packagingqr.energizerholdings.com\/batteries\/Energizer\/sv\/wp-content\/uploads\/sites\/8\/2021\/11\/Energizer_Max.png 400w, https:\/\/packagingqr.energizerholdings.com\/batteries\/Energizer\/sv\/wp-content\/uploads\/sites\/8\/2021\/11\/Energizer_Max-300x127.png 300w\" sizes=\"(max-width: 400px) 100vw, 400px\" style=\"width:100%;height:42.25%;max-width:400px\" \/>\t\t\t\t\t\t\t\t\t\t\t\t\t\t\t<\/div>\n\t\t\t\t<\/div>\n\t\t\t\t<div class=\"elementor-element elementor-element-784bcfa elementor-widget elementor-widget-image\" data-id=\"784bcfa\" data-element_type=\"widget\" data-e-type=\"widget\" data-widget_type=\"image.default\">\n\t\t\t\t<div class=\"elementor-widget-container\">\n\t\t\t\t\t\t\t\t\t\t\t\t\t\t\t<img loading=\"lazy\" decoding=\"async\" width=\"400\" height=\"175\" src=\"https:\/\/packagingqr.energizerholdings.com\/batteries\/Energizer\/sv\/wp-content\/uploads\/sites\/8\/2021\/11\/alkaline-industrial-img.png\" class=\"attachment-full size-full wp-image-114\" alt=\"\" srcset=\"https:\/\/packagingqr.energizerholdings.com\/batteries\/Energizer\/sv\/wp-content\/uploads\/sites\/8\/2021\/11\/alkaline-industrial-img.png 400w, https:\/\/packagingqr.energizerholdings.com\/batteries\/Energizer\/sv\/wp-content\/uploads\/sites\/8\/2021\/11\/alkaline-industrial-img-300x131.png 300w\" sizes=\"(max-width: 400px) 100vw, 400px\" style=\"width:100%;height:43.75%;max-width:400px\" \/>\t\t\t\t\t\t\t\t\t\t\t\t\t\t\t<\/div>\n\t\t\t\t<\/div>\n\t\t\t\t<div class=\"elementor-element elementor-element-256a5d3 elementor-widget elementor-widget-image\" data-id=\"256a5d3\" data-element_type=\"widget\" data-e-type=\"widget\" data-widget_type=\"image.default\">\n\t\t\t\t<div class=\"elementor-widget-container\">\n\t\t\t\t\t\t\t\t\t\t\t\t\t\t\t<img loading=\"lazy\" decoding=\"async\" width=\"400\" height=\"193\" src=\"https:\/\/packagingqr.energizerholdings.com\/batteries\/Energizer\/sv\/wp-content\/uploads\/sites\/8\/2021\/11\/Energizer_Primary-Alkaline.png\" class=\"attachment-full size-full wp-image-113\" alt=\"\" srcset=\"https:\/\/packagingqr.energizerholdings.com\/batteries\/Energizer\/sv\/wp-content\/uploads\/sites\/8\/2021\/11\/Energizer_Primary-Alkaline.png 400w, https:\/\/packagingqr.energizerholdings.com\/batteries\/Energizer\/sv\/wp-content\/uploads\/sites\/8\/2021\/11\/Energizer_Primary-Alkaline-300x145.png 300w\" sizes=\"(max-width: 400px) 100vw, 400px\" style=\"width:100%;height:48.25%;max-width:400px\" \/>\t\t\t\t\t\t\t\t\t\t\t\t\t\t\t<\/div>\n\t\t\t\t<\/div>\n\t\t\t\t<div class=\"elementor-element elementor-element-96d35f3 elementor-widget elementor-widget-image\" data-id=\"96d35f3\" data-element_type=\"widget\" data-e-type=\"widget\" data-widget_type=\"image.default\">\n\t\t\t\t<div class=\"elementor-widget-container\">\n\t\t\t\t\t\t\t\t\t\t\t\t\t\t\t<img loading=\"lazy\" decoding=\"async\" width=\"400\" height=\"193\" src=\"https:\/\/packagingqr.energizerholdings.com\/batteries\/Energizer\/sv\/wp-content\/uploads\/sites\/8\/2025\/07\/alkaline-energizer.png\" class=\"attachment-full size-full wp-image-354\" alt=\"\" srcset=\"https:\/\/packagingqr.energizerholdings.com\/batteries\/Energizer\/sv\/wp-content\/uploads\/sites\/8\/2025\/07\/alkaline-energizer.png 400w, https:\/\/packagingqr.energizerholdings.com\/batteries\/Energizer\/sv\/wp-content\/uploads\/sites\/8\/2025\/07\/alkaline-energizer-300x145.png 300w\" sizes=\"(max-width: 400px) 100vw, 400px\" style=\"width:100%;height:48.25%;max-width:400px\" \/>\t\t\t\t\t\t\t\t\t\t\t\t\t\t\t<\/div>\n\t\t\t\t<\/div>\n\t\t\t\t\t<\/div>\n\t\t<\/div>\n\t\t\t\t<div class=\"elementor-column elementor-col-66 elementor-inner-column elementor-element elementor-element-67d3b71\" data-id=\"67d3b71\" data-element_type=\"column\" data-e-type=\"column\" data-settings=\"{&quot;background_background&quot;:&quot;classic&quot;}\">\n\t\t\t<div class=\"elementor-widget-wrap elementor-element-populated\">\n\t\t\t\t\t\t<div class=\"elementor-element elementor-element-50ccd10 elementor-align-start warning-head elementor-icon-list--layout-traditional elementor-list-item-link-full_width elementor-widget elementor-widget-icon-list\" data-id=\"50ccd10\" data-element_type=\"widget\" data-e-type=\"widget\" data-widget_type=\"icon-list.default\">\n\t\t\t\t<div class=\"elementor-widget-container\">\n\t\t\t\t\t\t\t<ul class=\"elementor-icon-list-items\">\n\t\t\t\t\t\t\t<li class=\"elementor-icon-list-item\">\n\t\t\t\t\t\t\t\t\t\t\t<span class=\"elementor-icon-list-icon\">\n\t\t\t\t\t\t\t<i aria-hidden=\"true\" class=\"fas fa-exclamation-triangle\"><\/i>\t\t\t\t\t\t<\/span>\n\t\t\t\t\t\t\t\t\t\t<span class=\"elementor-icon-list-text\">VARNING<\/span>\n\t\t\t\t\t\t\t\t\t<\/li>\n\t\t\t\t\t\t<\/ul>\n\t\t\t\t\t\t<\/div>\n\t\t\t\t<\/div>\n\t\t\t\t<div class=\"elementor-element elementor-element-c1175b1 elementor-position-inline-start warning1 elementor-view-default elementor-mobile-position-block-start elementor-widget elementor-widget-icon-box\" data-id=\"c1175b1\" data-element_type=\"widget\" data-e-type=\"widget\" data-widget_type=\"icon-box.default\">\n\t\t\t\t<div class=\"elementor-widget-container\">\n\t\t\t\t\t\t\t<div class=\"elementor-icon-box-wrapper\">\n\n\t\t\t\t\t\t<div class=\"elementor-icon-box-icon\">\n\t\t\t\t<span  class=\"elementor-icon\">\n\t\t\t\t<i aria-hidden=\"true\" class=\"fas fa-circle\"><\/i>\t\t\t\t<\/span>\n\t\t\t<\/div>\n\t\t\t\n\t\t\t\t\t\t<div class=\"elementor-icon-box-content\">\n\n\t\t\t\t\t\t\t\t\t<h3 class=\"elementor-icon-box-title\">\n\t\t\t\t\t\t<span  >\n\t\t\t\t\t\t\tAA, C, D\t\t\t\t\t\t<\/span>\n\t\t\t\t\t<\/h3>\n\t\t\t\t\n\t\t\t\t\t\t\t\t\t<p class=\"elementor-icon-box-description\">\n\t\t\t\t\t\tVARNING! S\u00e4tt inte i bakl\u00e4nges, ladda inte, uts\u00e4tt inte f\u00f6r eld och blanda inte med anv\u00e4nda eller andra typer av batterier \u2013 kan explodera eller l\u00e4cka och orsaka skada. Byt ut alla batterier samtidigt.\n\t\t\t\t\t<\/p>\n\t\t\t\t\n\t\t\t<\/div>\n\t\t\t\n\t\t<\/div>\n\t\t\t\t\t\t<\/div>\n\t\t\t\t<\/div>\n\t\t\t\t<div class=\"elementor-element elementor-element-520c98a elementor-position-inline-start warning1 elementor-view-default elementor-mobile-position-block-start elementor-widget elementor-widget-icon-box\" data-id=\"520c98a\" data-element_type=\"widget\" data-e-type=\"widget\" data-widget_type=\"icon-box.default\">\n\t\t\t\t<div class=\"elementor-widget-container\">\n\t\t\t\t\t\t\t<div class=\"elementor-icon-box-wrapper\">\n\n\t\t\t\t\t\t<div class=\"elementor-icon-box-icon\">\n\t\t\t\t<span  class=\"elementor-icon\">\n\t\t\t\t<i aria-hidden=\"true\" class=\"fas fa-circle\"><\/i>\t\t\t\t<\/span>\n\t\t\t<\/div>\n\t\t\t\n\t\t\t\t\t\t<div class=\"elementor-icon-box-content\">\n\n\t\t\t\t\t\t\t\t\t<h3 class=\"elementor-icon-box-title\">\n\t\t\t\t\t\t<span  >\n\t\t\t\t\t\t\t9V, 6V, 4.5V\t\t\t\t\t\t<\/span>\n\t\t\t\t\t<\/h3>\n\t\t\t\t\n\t\t\t\t\t\t\t\t\t<p class=\"elementor-icon-box-description\">\n\t\t\t\t\t\tVARNING! S\u00e4tt inte i bakl\u00e4nges, ladda inte och uts\u00e4tt inte f\u00f6r eld \u2013 kan explodera eller l\u00e4cka. B\u00e4r eller f\u00f6rvara inte of\u00f6rpackad \u2013 risk f\u00f6r br\u00e4nnskador.\n\t\t\t\t\t<\/p>\n\t\t\t\t\n\t\t\t<\/div>\n\t\t\t\n\t\t<\/div>\n\t\t\t\t\t\t<\/div>\n\t\t\t\t<\/div>\n\t\t\t\t<div class=\"elementor-element elementor-element-ec27de3 elementor-position-inline-start warning1 elementor-view-default elementor-mobile-position-block-start elementor-widget elementor-widget-icon-box\" data-id=\"ec27de3\" data-element_type=\"widget\" data-e-type=\"widget\" data-widget_type=\"icon-box.default\">\n\t\t\t\t<div class=\"elementor-widget-container\">\n\t\t\t\t\t\t\t<div class=\"elementor-icon-box-wrapper\">\n\n\t\t\t\t\t\t<div class=\"elementor-icon-box-icon\">\n\t\t\t\t<span  class=\"elementor-icon\">\n\t\t\t\t<i aria-hidden=\"true\" class=\"fas fa-circle\"><\/i>\t\t\t\t<\/span>\n\t\t\t<\/div>\n\t\t\t\n\t\t\t\t\t\t<div class=\"elementor-icon-box-content\">\n\n\t\t\t\t\t\t\t\t\t<h3 class=\"elementor-icon-box-title\">\n\t\t\t\t\t\t<span  >\n\t\t\t\t\t\t\tAAA\t\t\t\t\t\t<\/span>\n\t\t\t\t\t<\/h3>\n\t\t\t\t\n\t\t\t\t\t\t\t\t\t<p class=\"elementor-icon-box-description\">\n\t\t\t\t\t\tVARNING! (1) F\u00f6rvara utom r\u00e4ckh\u00e5ll f\u00f6r barn. Vid f\u00f6rt\u00e4ring, kontakta omedelbart l\u00e4kare; (2) Ladda endast med vanliga hush\u00e5llsbatteriladdare f\u00f6r nickel-metallhydridbatterier. \u00d6ppna inte batteriet, kasta det inte i eld, s\u00e4tt inte i det bakl\u00e4nges, blanda det inte med anv\u00e4nda eller andra typer av batterier och kortslut det inte \u2013 kan ant\u00e4ndas, explodera, l\u00e4cka eller bli varmt och orsaka skada.\t\t\t\t\t<\/p>\n\t\t\t\t\n\t\t\t<\/div>\n\t\t\t\n\t\t<\/div>\n\t\t\t\t\t\t<\/div>\n\t\t\t\t<\/div>\n\t\t\t\t<div class=\"elementor-element elementor-element-ffa15b4 elementor-widget elementor-widget-spacer\" data-id=\"ffa15b4\" data-element_type=\"widget\" data-e-type=\"widget\" data-widget_type=\"spacer.default\">\n\t\t\t\t<div class=\"elementor-widget-container\">\n\t\t\t\t\t\t\t<div class=\"elementor-spacer\">\n\t\t\t<div class=\"elementor-spacer-inner\"><\/div>\n\t\t<\/div>\n\t\t\t\t\t\t<\/div>\n\t\t\t\t<\/div>\n\t\t\t\t\t<\/div>\n\t\t<\/div>\n\t\t\t\t\t<\/div>\n\t\t<\/section>\n\t\t\t\t<section class=\"elementor-section elementor-inner-section elementor-element elementor-element-fea9c37 elementor-section-boxed elementor-section-height-default elementor-section-height-default\" data-id=\"fea9c37\" data-element_type=\"section\" data-e-type=\"section\">\n\t\t\t\t\t\t<div class=\"elementor-container elementor-column-gap-default\">\n\t\t\t\t\t<div class=\"elementor-column elementor-col-33 elementor-inner-column elementor-element elementor-element-8d763a7\" data-id=\"8d763a7\" data-element_type=\"column\" data-e-type=\"column\">\n\t\t\t<div class=\"elementor-widget-wrap elementor-element-populated\">\n\t\t\t\t\t\t<div class=\"elementor-element elementor-element-51984e4 lang-img01 elementor-widget elementor-widget-image\" data-id=\"51984e4\" data-element_type=\"widget\" data-e-type=\"widget\" data-widget_type=\"image.default\">\n\t\t\t\t<div class=\"elementor-widget-container\">\n\t\t\t\t\t\t\t\t\t\t\t\t\t\t\t\t<a href=\"https:\/\/packagingqr.energizerholdings.com\/batteries\/Energizer\/home\/?f=gb\">\n\t\t\t\t\t\t\t<img loading=\"lazy\" decoding=\"async\" width=\"108\" height=\"89\" src=\"https:\/\/packagingqr.energizerholdings.com\/batteries\/Energizer\/sv\/wp-content\/uploads\/sites\/8\/2021\/11\/lang.png\" class=\"attachment-full size-full wp-image-14\" alt=\"\" style=\"width:100%;height:82.41%;max-width:108px\" \/>\t\t\t\t\t\t\t\t<\/a>\n\t\t\t\t\t\t\t\t\t\t\t\t\t\t\t<\/div>\n\t\t\t\t<\/div>\n\t\t\t\t\t<\/div>\n\t\t<\/div>\n\t\t\t\t<div class=\"elementor-column elementor-col-66 elementor-inner-column elementor-element elementor-element-eb415e6\" data-id=\"eb415e6\" data-element_type=\"column\" data-e-type=\"column\">\n\t\t\t<div class=\"elementor-widget-wrap elementor-element-populated\">\n\t\t\t\t\t\t<div class=\"elementor-element elementor-element-0e33736 war-logo11 elementor-widget elementor-widget-image\" data-id=\"0e33736\" data-element_type=\"widget\" data-e-type=\"widget\" data-widget_type=\"image.default\">\n\t\t\t\t<div class=\"elementor-widget-container\">\n\t\t\t\t\t\t\t\t\t\t\t\t\t\t\t<img loading=\"lazy\" decoding=\"async\" width=\"138\" height=\"137\" src=\"https:\/\/packagingqr.energizerholdings.com\/batteries\/Energizer\/sv\/wp-content\/uploads\/sites\/8\/2021\/11\/enr.png\" class=\"attachment-full size-full wp-image-27\" alt=\"\" style=\"width:100%;height:99.28%;max-width:138px\" \/>\t\t\t\t\t\t\t\t\t\t\t\t\t\t\t<\/div>\n\t\t\t\t<\/div>\n\t\t\t\t\t<\/div>\n\t\t<\/div>\n\t\t\t\t\t<\/div>\n\t\t<\/section>\n\t\t\t\t\t<\/div>\n\t\t<\/div>\n\t\t\t\t\t<\/div>\n\t\t<\/section>\n\t\t\t\t<\/div>\n\t\t","protected":false},"excerpt":{"rendered":"<p>ALKALINE VARNING AA, C, D VARNING! S\u00e4tt inte i bakl\u00e4nges, ladda inte, uts\u00e4tt inte f\u00f6r eld och blanda inte med anv\u00e4nda eller andra typer av batterier \u2013 kan explodera eller l\u00e4cka och orsaka skada. Byt ut alla batterier samtidigt. 9V, 6V, 4.5V VARNING! S\u00e4tt inte i bakl\u00e4nges, ladda inte och uts\u00e4tt inte f\u00f6r eld \u2013&hellip; <a class=\"more-link\" href=\"https:\/\/packagingqr.energizerholdings.com\/batteries\/Energizer\/sv\/alkaline-power\/\">Continue reading <span class=\"screen-reader-text\">ALKALINE POWER<\/span><\/a><\/p>\n","protected":false},"author":1,"featured_media":0,"parent":0,"menu_order":0,"comment_status":"closed","ping_status":"closed","template":"elementor_header_footer","meta":{"footnotes":""},"class_list":["post-19","page","type-page","status-publish","hentry","entry"],"_links":{"self":[{"href":"https:\/\/packagingqr.energizerholdings.com\/batteries\/Energizer\/sv\/wp-json\/wp\/v2\/pages\/19","targetHints":{"allow":["GET"]}}],"collection":[{"href":"https:\/\/packagingqr.energizerholdings.com\/batteries\/Energizer\/sv\/wp-json\/wp\/v2\/pages"}],"about":[{"href":"https:\/\/packagingqr.energizerholdings.com\/batteries\/Energizer\/sv\/wp-json\/wp\/v2\/types\/page"}],"author":[{"embeddable":true,"href":"https:\/\/packagingqr.energizerholdings.com\/batteries\/Energizer\/sv\/wp-json\/wp\/v2\/users\/1"}],"replies":[{"embeddable":true,"href":"https:\/\/packagingqr.energizerholdings.com\/batteries\/Energizer\/sv\/wp-json\/wp\/v2\/comments?post=19"}],"version-history":[{"count":39,"href":"https:\/\/packagingqr.energizerholdings.com\/batteries\/Energizer\/sv\/wp-json\/wp\/v2\/pages\/19\/revisions"}],"predecessor-version":[{"id":357,"href":"https:\/\/packagingqr.energizerholdings.com\/batteries\/Energizer\/sv\/wp-json\/wp\/v2\/pages\/19\/revisions\/357"}],"wp:attachment":[{"href":"https:\/\/packagingqr.energizerholdings.com\/batteries\/Energizer\/sv\/wp-json\/wp\/v2\/media?parent=19"}],"curies":[{"name":"wp","href":"https:\/\/api.w.org\/{rel}","templated":true}]}}