{"id":45,"date":"2021-11-29T13:55:22","date_gmt":"2021-11-29T13:55:22","guid":{"rendered":"https:\/\/packagingqr.energizerholdings.com\/batteries\/Energizer\/tr\/?page_id=45"},"modified":"2024-05-09T03:27:08","modified_gmt":"2024-05-09T03:27:08","slug":"specialty-alkaline","status":"publish","type":"page","link":"https:\/\/packagingqr.energizerholdings.com\/batteries\/Energizer\/tr\/specialty-alkaline\/","title":{"rendered":"SPECIALTY ALKALINE"},"content":{"rendered":"\t\t<div data-elementor-type=\"wp-page\" data-elementor-id=\"45\" class=\"elementor elementor-45\">\n\t\t\t\t\t\t<section class=\"elementor-section elementor-top-section elementor-element elementor-element-840c0db elementor-section-full_width elementor-section-height-default elementor-section-height-default\" data-id=\"840c0db\" data-element_type=\"section\" data-e-type=\"section\" data-settings=\"{&quot;background_background&quot;:&quot;classic&quot;}\">\n\t\t\t\t\t\t<div class=\"elementor-container elementor-column-gap-default\">\n\t\t\t\t\t<div class=\"elementor-column elementor-col-100 elementor-top-column elementor-element elementor-element-2a77cd9\" data-id=\"2a77cd9\" data-element_type=\"column\" data-e-type=\"column\">\n\t\t\t<div class=\"elementor-widget-wrap elementor-element-populated\">\n\t\t\t\t\t\t<section class=\"elementor-section elementor-inner-section elementor-element elementor-element-d72794f elementor-section-boxed elementor-section-height-default elementor-section-height-default\" data-id=\"d72794f\" data-element_type=\"section\" data-e-type=\"section\" data-settings=\"{&quot;background_background&quot;:&quot;classic&quot;}\">\n\t\t\t\t\t\t<div class=\"elementor-container elementor-column-gap-default\">\n\t\t\t\t\t<div class=\"elementor-column elementor-col-100 elementor-inner-column elementor-element elementor-element-3753179\" data-id=\"3753179\" data-element_type=\"column\" data-e-type=\"column\" data-settings=\"{&quot;background_background&quot;:&quot;classic&quot;}\">\n\t\t\t<div class=\"elementor-widget-wrap elementor-element-populated\">\n\t\t\t\t\t\t<div class=\"elementor-element elementor-element-d317366 logo elementor-widget elementor-widget-image\" data-id=\"d317366\" data-element_type=\"widget\" data-e-type=\"widget\" data-widget_type=\"image.default\">\n\t\t\t\t<div class=\"elementor-widget-container\">\n\t\t\t\t\t\t\t\t\t\t\t\t\t\t\t\t<a href=\"https:\/\/packagingqr.energizerholdings.com\/batteries\/Energizer\/tr\/\">\n\t\t\t\t\t\t\t<img decoding=\"async\" width=\"242\" height=\"92\" src=\"https:\/\/packagingqr.energizerholdings.com\/batteries\/Energizer\/tr\/wp-content\/uploads\/sites\/17\/2021\/11\/Energizer.png\" class=\"attachment-full size-full wp-image-15\" alt=\"\" style=\"width:100%;height:38.02%;max-width:242px\" \/>\t\t\t\t\t\t\t\t<\/a>\n\t\t\t\t\t\t\t\t\t\t\t\t\t\t\t<\/div>\n\t\t\t\t<\/div>\n\t\t\t\t<div class=\"elementor-element elementor-element-5c2f797 war-img elementor-widget elementor-widget-image\" data-id=\"5c2f797\" data-element_type=\"widget\" data-e-type=\"widget\" data-widget_type=\"image.default\">\n\t\t\t\t<div class=\"elementor-widget-container\">\n\t\t\t\t\t\t\t\t\t\t\t\t\t\t\t<img fetchpriority=\"high\" decoding=\"async\" width=\"716\" height=\"151\" src=\"https:\/\/packagingqr.energizerholdings.com\/batteries\/Energizer\/tr\/wp-content\/uploads\/sites\/17\/2021\/12\/003-1.png\" class=\"attachment-full size-full wp-image-178\" alt=\"\" srcset=\"https:\/\/packagingqr.energizerholdings.com\/batteries\/Energizer\/tr\/wp-content\/uploads\/sites\/17\/2021\/12\/003-1.png 716w, https:\/\/packagingqr.energizerholdings.com\/batteries\/Energizer\/tr\/wp-content\/uploads\/sites\/17\/2021\/12\/003-1-300x63.png 300w\" sizes=\"(max-width: 716px) 100vw, 716px\" style=\"width:100%;height:21.09%;max-width:716px\" \/>\t\t\t\t\t\t\t\t\t\t\t\t\t\t\t<\/div>\n\t\t\t\t<\/div>\n\t\t\t\t\t<\/div>\n\t\t<\/div>\n\t\t\t\t\t<\/div>\n\t\t<\/section>\n\t\t\t\t<section class=\"elementor-section elementor-inner-section elementor-element elementor-element-24e42f5 elementor-section-boxed elementor-section-height-default elementor-section-height-default\" data-id=\"24e42f5\" data-element_type=\"section\" data-e-type=\"section\">\n\t\t\t\t\t\t<div class=\"elementor-container elementor-column-gap-default\">\n\t\t\t\t\t<div class=\"elementor-column elementor-col-33 elementor-inner-column elementor-element elementor-element-7b29b00\" data-id=\"7b29b00\" data-element_type=\"column\" data-e-type=\"column\">\n\t\t\t<div class=\"elementor-widget-wrap elementor-element-populated\">\n\t\t\t\t\t\t<div class=\"elementor-element elementor-element-c53e913 home-icon01 elementor-widget elementor-widget-image\" data-id=\"c53e913\" data-element_type=\"widget\" data-e-type=\"widget\" data-widget_type=\"image.default\">\n\t\t\t\t<div class=\"elementor-widget-container\">\n\t\t\t\t\t\t\t\t\t\t\t\t\t\t\t\t<a href=\"https:\/\/packagingqr.energizerholdings.com\/batteries\/Energizer\/tr\">\n\t\t\t\t\t\t\t<img decoding=\"async\" src=\"https:\/\/packagingqr.energizerholdings.com\/batteries\/Energizer\/wp-content\/uploads\/2021\/12\/home-icon-3.png\" title=\"\" alt=\"\" loading=\"lazy\" \/>\t\t\t\t\t\t\t\t<\/a>\n\t\t\t\t\t\t\t\t\t\t\t\t\t\t\t<\/div>\n\t\t\t\t<\/div>\n\t\t\t\t\t<\/div>\n\t\t<\/div>\n\t\t\t\t<div class=\"elementor-column elementor-col-66 elementor-inner-column elementor-element elementor-element-5b9d55c\" data-id=\"5b9d55c\" data-element_type=\"column\" data-e-type=\"column\">\n\t\t\t<div class=\"elementor-widget-wrap\">\n\t\t\t\t\t\t\t<\/div>\n\t\t<\/div>\n\t\t\t\t\t<\/div>\n\t\t<\/section>\n\t\t\t\t<section class=\"elementor-section elementor-inner-section elementor-element elementor-element-0bce452 elementor-section-boxed elementor-section-height-default elementor-section-height-default\" data-id=\"0bce452\" data-element_type=\"section\" data-e-type=\"section\">\n\t\t\t\t\t\t<div class=\"elementor-container elementor-column-gap-default\">\n\t\t\t\t\t<div class=\"elementor-column elementor-col-33 elementor-inner-column elementor-element elementor-element-9bcf679\" data-id=\"9bcf679\" data-element_type=\"column\" data-e-type=\"column\" data-settings=\"{&quot;background_background&quot;:&quot;classic&quot;}\">\n\t\t\t<div class=\"elementor-widget-wrap elementor-element-populated\">\n\t\t\t\t\t\t<div class=\"elementor-element elementor-element-375f314 head elementor-widget elementor-widget-heading\" data-id=\"375f314\" data-element_type=\"widget\" data-e-type=\"widget\" data-widget_type=\"heading.default\">\n\t\t\t\t<div class=\"elementor-widget-container\">\n\t\t\t\t\t<h1 class=\"elementor-heading-title elementor-size-default\">SPECIALTY ALKALINE<\/h1>\t\t\t\t<\/div>\n\t\t\t\t<\/div>\n\t\t\t\t<div class=\"elementor-element elementor-element-2bebc8a para elementor-widget elementor-widget-text-editor\" data-id=\"2bebc8a\" data-element_type=\"widget\" data-e-type=\"widget\" data-widget_type=\"text-editor.default\">\n\t\t\t\t<div class=\"elementor-widget-container\">\n\t\t\t\t\t\t\t\t\t<p>AAAA<br \/>A11\/E11A<br \/>A23\/E23A<br \/>A27<br \/>A544\/4LR44<br \/>LR1\/E90<br \/>LR43\/186<br \/>LR44\/A76<br \/>LR54\/189<br \/>LR9\/EPX625G<\/p>\t\t\t\t\t\t\t\t<\/div>\n\t\t\t\t<\/div>\n\t\t\t\t\t<\/div>\n\t\t<\/div>\n\t\t\t\t<div class=\"elementor-column elementor-col-66 elementor-inner-column elementor-element elementor-element-3863852\" data-id=\"3863852\" data-element_type=\"column\" data-e-type=\"column\" data-settings=\"{&quot;background_background&quot;:&quot;classic&quot;}\">\n\t\t\t<div class=\"elementor-widget-wrap elementor-element-populated\">\n\t\t\t\t\t\t<div class=\"elementor-element elementor-element-752da0f elementor-align-start warning-head elementor-icon-list--layout-traditional elementor-list-item-link-full_width elementor-widget elementor-widget-icon-list\" data-id=\"752da0f\" data-element_type=\"widget\" data-e-type=\"widget\" data-widget_type=\"icon-list.default\">\n\t\t\t\t<div class=\"elementor-widget-container\">\n\t\t\t\t\t\t\t<ul class=\"elementor-icon-list-items\">\n\t\t\t\t\t\t\t<li class=\"elementor-icon-list-item\">\n\t\t\t\t\t\t\t\t\t\t\t<span class=\"elementor-icon-list-icon\">\n\t\t\t\t\t\t\t<i aria-hidden=\"true\" class=\"fas fa-exclamation-triangle\"><\/i>\t\t\t\t\t\t<\/span>\n\t\t\t\t\t\t\t\t\t\t<span class=\"elementor-icon-list-text\">D\u0130KKAT<\/span>\n\t\t\t\t\t\t\t\t\t<\/li>\n\t\t\t\t\t\t<\/ul>\n\t\t\t\t\t\t<\/div>\n\t\t\t\t<\/div>\n\t\t\t\t<div class=\"elementor-element elementor-element-5b73382 warning-text elementor-icon-list--layout-traditional elementor-list-item-link-full_width elementor-widget elementor-widget-icon-list\" data-id=\"5b73382\" data-element_type=\"widget\" data-e-type=\"widget\" data-widget_type=\"icon-list.default\">\n\t\t\t\t<div class=\"elementor-widget-container\">\n\t\t\t\t\t\t\t<ul class=\"elementor-icon-list-items\">\n\t\t\t\t\t\t\t<li class=\"elementor-icon-list-item\">\n\t\t\t\t\t\t\t\t\t\t\t<span class=\"elementor-icon-list-icon\">\n\t\t\t\t\t\t\t<i aria-hidden=\"true\" class=\"fas fa-circle\"><\/i>\t\t\t\t\t\t<\/span>\n\t\t\t\t\t\t\t\t\t\t<span class=\"elementor-icon-list-text\">UYARI: (1) \u00c7ocuklar\u0131n eri\u015femeyece\u011fi yerlerde tutun. Yutulmas\u0131 halinde derhal doktora ba\u015fvurun; (2) Ters takmay\u0131n, \u015farj etmeyin, ate\u015fe atmay\u0131n ya da kullan\u0131lm\u0131\u015f veya di\u011fer pil t\u00fcrleri ile kar\u0131\u015ft\u0131rmay\u0131n: Patlayarak veya s\u0131z\u0131nt\u0131 yaparak yaralanmaya neden olabilir. T\u00fcm pilleri ayn\u0131 anda de\u011fi\u015ftirin.<\/span>\n\t\t\t\t\t\t\t\t\t<\/li>\n\t\t\t\t\t\t<\/ul>\n\t\t\t\t\t\t<\/div>\n\t\t\t\t<\/div>\n\t\t\t\t<div class=\"elementor-element elementor-element-4073f8d elementor-widget elementor-widget-spacer\" data-id=\"4073f8d\" data-element_type=\"widget\" data-e-type=\"widget\" data-widget_type=\"spacer.default\">\n\t\t\t\t<div class=\"elementor-widget-container\">\n\t\t\t\t\t\t\t<div class=\"elementor-spacer\">\n\t\t\t<div class=\"elementor-spacer-inner\"><\/div>\n\t\t<\/div>\n\t\t\t\t\t\t<\/div>\n\t\t\t\t<\/div>\n\t\t\t\t\t<\/div>\n\t\t<\/div>\n\t\t\t\t\t<\/div>\n\t\t<\/section>\n\t\t\t\t<section class=\"elementor-section elementor-inner-section elementor-element elementor-element-1684e61 elementor-section-boxed elementor-section-height-default elementor-section-height-default\" data-id=\"1684e61\" data-element_type=\"section\" data-e-type=\"section\">\n\t\t\t\t\t\t<div class=\"elementor-container elementor-column-gap-default\">\n\t\t\t\t\t<div class=\"elementor-column elementor-col-33 elementor-inner-column elementor-element elementor-element-0185cba\" data-id=\"0185cba\" data-element_type=\"column\" data-e-type=\"column\">\n\t\t\t<div class=\"elementor-widget-wrap elementor-element-populated\">\n\t\t\t\t\t\t<div class=\"elementor-element elementor-element-0da61ba lang-img01 elementor-widget elementor-widget-image\" data-id=\"0da61ba\" data-element_type=\"widget\" data-e-type=\"widget\" data-widget_type=\"image.default\">\n\t\t\t\t<div class=\"elementor-widget-container\">\n\t\t\t\t\t\t\t\t\t\t\t\t\t\t\t\t<a href=\"https:\/\/packagingqr.energizerholdings.com\/batteries\/Energizer\/home\/?f=gb\">\n\t\t\t\t\t\t\t<img decoding=\"async\" width=\"108\" height=\"89\" src=\"https:\/\/packagingqr.energizerholdings.com\/batteries\/Energizer\/tr\/wp-content\/uploads\/sites\/17\/2021\/11\/lang.png\" class=\"attachment-full size-full wp-image-18\" alt=\"\" style=\"width:100%;height:82.41%;max-width:108px\" \/>\t\t\t\t\t\t\t\t<\/a>\n\t\t\t\t\t\t\t\t\t\t\t\t\t\t\t<\/div>\n\t\t\t\t<\/div>\n\t\t\t\t\t<\/div>\n\t\t<\/div>\n\t\t\t\t<div class=\"elementor-column elementor-col-66 elementor-inner-column elementor-element elementor-element-3d2b186\" data-id=\"3d2b186\" data-element_type=\"column\" data-e-type=\"column\">\n\t\t\t<div class=\"elementor-widget-wrap elementor-element-populated\">\n\t\t\t\t\t\t<div class=\"elementor-element elementor-element-3499e40 war-logo11 elementor-widget elementor-widget-image\" data-id=\"3499e40\" data-element_type=\"widget\" data-e-type=\"widget\" data-widget_type=\"image.default\">\n\t\t\t\t<div class=\"elementor-widget-container\">\n\t\t\t\t\t\t\t\t\t\t\t\t\t\t\t<img loading=\"lazy\" decoding=\"async\" width=\"138\" height=\"137\" src=\"https:\/\/packagingqr.energizerholdings.com\/batteries\/Energizer\/tr\/wp-content\/uploads\/sites\/17\/2021\/11\/enr.png\" class=\"attachment-full size-full wp-image-17\" alt=\"\" style=\"width:100%;height:99.28%;max-width:138px\" \/>\t\t\t\t\t\t\t\t\t\t\t\t\t\t\t<\/div>\n\t\t\t\t<\/div>\n\t\t\t\t\t<\/div>\n\t\t<\/div>\n\t\t\t\t\t<\/div>\n\t\t<\/section>\n\t\t\t\t\t<\/div>\n\t\t<\/div>\n\t\t\t\t\t<\/div>\n\t\t<\/section>\n\t\t\t\t<\/div>\n\t\t","protected":false},"excerpt":{"rendered":"<p>SPECIALTY ALKALINE AAAAA11\/E11AA23\/E23AA27A544\/4LR44LR1\/E90LR43\/186LR44\/A76LR54\/189LR9\/EPX625G D\u0130KKAT UYARI: (1) \u00c7ocuklar\u0131n eri\u015femeyece\u011fi yerlerde tutun. Yutulmas\u0131 halinde derhal doktora ba\u015fvurun; (2) Ters takmay\u0131n, \u015farj etmeyin, ate\u015fe atmay\u0131n ya da kullan\u0131lm\u0131\u015f veya di\u011fer pil t\u00fcrleri ile kar\u0131\u015ft\u0131rmay\u0131n: Patlayarak veya s\u0131z\u0131nt\u0131 yaparak yaralanmaya neden olabilir. T\u00fcm pilleri ayn\u0131 anda de\u011fi\u015ftirin.<\/p>\n","protected":false},"author":1,"featured_media":0,"parent":0,"menu_order":0,"comment_status":"closed","ping_status":"closed","template":"elementor_header_footer","meta":{"footnotes":""},"class_list":["post-45","page","type-page","status-publish","hentry","entry"],"_links":{"self":[{"href":"https:\/\/packagingqr.energizerholdings.com\/batteries\/Energizer\/tr\/wp-json\/wp\/v2\/pages\/45","targetHints":{"allow":["GET"]}}],"collection":[{"href":"https:\/\/packagingqr.energizerholdings.com\/batteries\/Energizer\/tr\/wp-json\/wp\/v2\/pages"}],"about":[{"href":"https:\/\/packagingqr.energizerholdings.com\/batteries\/Energizer\/tr\/wp-json\/wp\/v2\/types\/page"}],"author":[{"embeddable":true,"href":"https:\/\/packagingqr.energizerholdings.com\/batteries\/Energizer\/tr\/wp-json\/wp\/v2\/users\/1"}],"replies":[{"embeddable":true,"href":"https:\/\/packagingqr.energizerholdings.com\/batteries\/Energizer\/tr\/wp-json\/wp\/v2\/comments?post=45"}],"version-history":[{"count":29,"href":"https:\/\/packagingqr.energizerholdings.com\/batteries\/Energizer\/tr\/wp-json\/wp\/v2\/pages\/45\/revisions"}],"predecessor-version":[{"id":347,"href":"https:\/\/packagingqr.energizerholdings.com\/batteries\/Energizer\/tr\/wp-json\/wp\/v2\/pages\/45\/revisions\/347"}],"wp:attachment":[{"href":"https:\/\/packagingqr.energizerholdings.com\/batteries\/Energizer\/tr\/wp-json\/wp\/v2\/media?parent=45"}],"curies":[{"name":"wp","href":"https:\/\/api.w.org\/{rel}","templated":true}]}}