{"id":119,"date":"2022-01-13T11:45:00","date_gmt":"2022-01-13T11:45:00","guid":{"rendered":"https:\/\/packagingqr.energizerholdings.com\/batteries\/Eveready\/?page_id=119"},"modified":"2026-04-14T04:49:13","modified_gmt":"2026-04-14T04:49:13","slug":"eveready-gold","status":"publish","type":"page","link":"https:\/\/packagingqr.energizerholdings.com\/batteries\/Eveready\/sk\/","title":{"rendered":"Eveready Gold"},"content":{"rendered":"\t\t<div data-elementor-type=\"wp-page\" data-elementor-id=\"119\" class=\"elementor elementor-119\">\n\t\t\t\t\t\t<section class=\"elementor-section elementor-top-section elementor-element elementor-element-3eaeae1 elementor-section-full_width elementor-section-height-default elementor-section-height-default\" data-id=\"3eaeae1\" data-element_type=\"section\" data-e-type=\"section\">\n\t\t\t\t\t\t<div class=\"elementor-container elementor-column-gap-default\">\n\t\t\t\t\t<div class=\"elementor-column elementor-col-100 elementor-top-column elementor-element elementor-element-cdcbcbe\" data-id=\"cdcbcbe\" data-element_type=\"column\" data-e-type=\"column\">\n\t\t\t<div class=\"elementor-widget-wrap elementor-element-populated\">\n\t\t\t\t\t\t<section class=\"elementor-section elementor-inner-section elementor-element elementor-element-233a23a elementor-section-boxed elementor-section-height-default elementor-section-height-default\" data-id=\"233a23a\" data-element_type=\"section\" data-e-type=\"section\">\n\t\t\t\t\t\t<div class=\"elementor-container elementor-column-gap-default\">\n\t\t\t\t\t<div class=\"elementor-column elementor-col-100 elementor-inner-column elementor-element elementor-element-043c4bd\" data-id=\"043c4bd\" data-element_type=\"column\" data-e-type=\"column\">\n\t\t\t<div class=\"elementor-widget-wrap elementor-element-populated\">\n\t\t\t\t\t\t<div class=\"elementor-element elementor-element-1c43a47 elementor-widget elementor-widget-image\" data-id=\"1c43a47\" data-element_type=\"widget\" data-e-type=\"widget\" data-widget_type=\"image.default\">\n\t\t\t\t<div class=\"elementor-widget-container\">\n\t\t\t\t\t\t\t\t\t\t\t\t\t\t\t\t<a href=\"https:\/\/packagingqr.energizerholdings.com\/batteries\/Eveready\/sk\/\">\n\t\t\t\t\t\t\t<img decoding=\"async\" src=\"https:\/\/packagingqr.energizerholdings.com\/batteries\/Eveready\/sk\/wp-content\/uploads\/2022\/01\/logo.png\" title=\"\" alt=\"\" loading=\"lazy\" \/>\t\t\t\t\t\t\t\t<\/a>\n\t\t\t\t\t\t\t\t\t\t\t\t\t\t\t<\/div>\n\t\t\t\t<\/div>\n\t\t\t\t\t<\/div>\n\t\t<\/div>\n\t\t\t\t\t<\/div>\n\t\t<\/section>\n\t\t\t\t<section class=\"elementor-section elementor-inner-section elementor-element elementor-element-5c063a8 elementor-section-boxed elementor-section-height-default elementor-section-height-default\" data-id=\"5c063a8\" data-element_type=\"section\" data-e-type=\"section\">\n\t\t\t\t\t\t<div class=\"elementor-container elementor-column-gap-default\">\n\t\t\t\t\t<div class=\"elementor-column elementor-col-100 elementor-inner-column elementor-element elementor-element-b08a0de\" data-id=\"b08a0de\" data-element_type=\"column\" data-e-type=\"column\">\n\t\t\t<div class=\"elementor-widget-wrap elementor-element-populated\">\n\t\t\t\t\t\t<div class=\"elementor-element elementor-element-c265aa5 head elementor-widget elementor-widget-heading\" data-id=\"c265aa5\" data-element_type=\"widget\" data-e-type=\"widget\" data-widget_type=\"heading.default\">\n\t\t\t\t<div class=\"elementor-widget-container\">\n\t\t\t\t\t<h1 class=\"elementor-heading-title elementor-size-default\">VAROVANIE \/ POZOR<\/h1>\t\t\t\t<\/div>\n\t\t\t\t<\/div>\n\t\t\t\t\t<\/div>\n\t\t<\/div>\n\t\t\t\t\t<\/div>\n\t\t<\/section>\n\t\t\t\t\t<\/div>\n\t\t<\/div>\n\t\t\t\t\t<\/div>\n\t\t<\/section>\n\t\t\t\t<section class=\"elementor-section elementor-top-section elementor-element elementor-element-677454a elementor-section-full_width elementor-section-height-default elementor-section-height-default\" data-id=\"677454a\" data-element_type=\"section\" data-e-type=\"section\" data-settings=\"{&quot;background_background&quot;:&quot;classic&quot;}\">\n\t\t\t\t\t\t<div class=\"elementor-container elementor-column-gap-default\">\n\t\t\t\t\t<div class=\"elementor-column elementor-col-100 elementor-top-column elementor-element elementor-element-83ddabb\" data-id=\"83ddabb\" data-element_type=\"column\" data-e-type=\"column\">\n\t\t\t<div class=\"elementor-widget-wrap elementor-element-populated\">\n\t\t\t\t\t\t<section class=\"elementor-section elementor-inner-section elementor-element elementor-element-43ff714 elementor-section-boxed elementor-section-height-default elementor-section-height-default\" data-id=\"43ff714\" data-element_type=\"section\" data-e-type=\"section\" data-settings=\"{&quot;background_background&quot;:&quot;classic&quot;}\">\n\t\t\t\t\t\t<div class=\"elementor-container elementor-column-gap-default\">\n\t\t\t\t\t<div class=\"elementor-column elementor-col-50 elementor-inner-column elementor-element elementor-element-da02fcb\" data-id=\"da02fcb\" data-element_type=\"column\" data-e-type=\"column\">\n\t\t\t<div class=\"elementor-widget-wrap elementor-element-populated\">\n\t\t\t\t\t\t<div class=\"elementor-element elementor-element-55edade home-icon elementor-widget elementor-widget-image\" data-id=\"55edade\" data-element_type=\"widget\" data-e-type=\"widget\" data-widget_type=\"image.default\">\n\t\t\t\t<div class=\"elementor-widget-container\">\n\t\t\t\t\t\t\t\t\t\t\t\t\t\t\t\t<a href=\"https:\/\/packagingqr.energizerholdings.com\/batteries\/Eveready\/sk\">\n\t\t\t\t\t\t\t<img decoding=\"async\" width=\"37\" height=\"36\" src=\"https:\/\/packagingqr.energizerholdings.com\/batteries\/Eveready\/sk\/wp-content\/uploads\/sites\/16\/2022\/02\/home-icon-1.png\" class=\"attachment-full size-full wp-image-295\" alt=\"\" \/>\t\t\t\t\t\t\t\t<\/a>\n\t\t\t\t\t\t\t\t\t\t\t\t\t\t\t<\/div>\n\t\t\t\t<\/div>\n\t\t\t\t<div class=\"elementor-element elementor-element-b5c3a18 elementor-widget elementor-widget-image\" data-id=\"b5c3a18\" data-element_type=\"widget\" data-e-type=\"widget\" data-widget_type=\"image.default\">\n\t\t\t\t<div class=\"elementor-widget-container\">\n\t\t\t\t\t\t\t\t\t\t\t\t\t\t\t<img fetchpriority=\"high\" decoding=\"async\" width=\"629\" height=\"282\" src=\"https:\/\/packagingqr.energizerholdings.com\/batteries\/Eveready\/sk\/wp-content\/uploads\/sites\/16\/2026\/04\/EVR_Gold_Brandmark_RGB@2x.png\" class=\"attachment-full size-full wp-image-372\" alt=\"\" srcset=\"https:\/\/packagingqr.energizerholdings.com\/batteries\/Eveready\/sk\/wp-content\/uploads\/sites\/16\/2026\/04\/EVR_Gold_Brandmark_RGB@2x.png 629w, https:\/\/packagingqr.energizerholdings.com\/batteries\/Eveready\/sk\/wp-content\/uploads\/sites\/16\/2026\/04\/EVR_Gold_Brandmark_RGB@2x-300x134.png 300w\" sizes=\"(max-width: 629px) 100vw, 629px\" \/>\t\t\t\t\t\t\t\t\t\t\t\t\t\t\t<\/div>\n\t\t\t\t<\/div>\n\t\t\t\t<div class=\"elementor-element elementor-element-335dbe6 elementor-widget elementor-widget-image\" data-id=\"335dbe6\" data-element_type=\"widget\" data-e-type=\"widget\" data-widget_type=\"image.default\">\n\t\t\t\t<div class=\"elementor-widget-container\">\n\t\t\t\t\t\t\t\t\t\t\t\t\t\t\t<img decoding=\"async\" width=\"630\" height=\"283\" src=\"https:\/\/packagingqr.energizerholdings.com\/batteries\/Eveready\/sk\/wp-content\/uploads\/sites\/16\/2026\/04\/EVR_SHD_Brandmark_RGB@2x.png\" class=\"attachment-full size-full wp-image-371\" alt=\"\" srcset=\"https:\/\/packagingqr.energizerholdings.com\/batteries\/Eveready\/sk\/wp-content\/uploads\/sites\/16\/2026\/04\/EVR_SHD_Brandmark_RGB@2x.png 630w, https:\/\/packagingqr.energizerholdings.com\/batteries\/Eveready\/sk\/wp-content\/uploads\/sites\/16\/2026\/04\/EVR_SHD_Brandmark_RGB@2x-300x135.png 300w\" sizes=\"(max-width: 630px) 100vw, 630px\" \/>\t\t\t\t\t\t\t\t\t\t\t\t\t\t\t<\/div>\n\t\t\t\t<\/div>\n\t\t\t\t\t<\/div>\n\t\t<\/div>\n\t\t\t\t<div class=\"elementor-column elementor-col-50 elementor-inner-column elementor-element elementor-element-e34e804\" data-id=\"e34e804\" data-element_type=\"column\" data-e-type=\"column\">\n\t\t\t<div class=\"elementor-widget-wrap elementor-element-populated\">\n\t\t\t\t\t\t<div class=\"elementor-element elementor-element-148a4f4 list elementor-icon-list--layout-traditional elementor-list-item-link-full_width elementor-widget elementor-widget-icon-list\" data-id=\"148a4f4\" data-element_type=\"widget\" data-e-type=\"widget\" data-widget_type=\"icon-list.default\">\n\t\t\t\t<div class=\"elementor-widget-container\">\n\t\t\t\t\t\t\t<ul class=\"elementor-icon-list-items\">\n\t\t\t\t\t\t\t<li class=\"elementor-icon-list-item\">\n\t\t\t\t\t\t\t\t\t\t\t<span class=\"elementor-icon-list-icon\">\n\t\t\t\t\t\t\t<i aria-hidden=\"true\" class=\"fas fa-exclamation-triangle\"><\/i>\t\t\t\t\t\t<\/span>\n\t\t\t\t\t\t\t\t\t\t<span class=\"elementor-icon-list-text\">POZOR<\/span>\n\t\t\t\t\t\t\t\t\t<\/li>\n\t\t\t\t\t\t<\/ul>\n\t\t\t\t\t\t<\/div>\n\t\t\t\t<\/div>\n\t\t\t\t<div class=\"elementor-element elementor-element-c1dbe18 elementor-position-inline-start warning1 elementor-view-default elementor-mobile-position-block-start elementor-widget elementor-widget-icon-box\" data-id=\"c1dbe18\" data-element_type=\"widget\" data-e-type=\"widget\" data-widget_type=\"icon-box.default\">\n\t\t\t\t<div class=\"elementor-widget-container\">\n\t\t\t\t\t\t\t<div class=\"elementor-icon-box-wrapper\">\n\n\t\t\t\t\t\t<div class=\"elementor-icon-box-icon\">\n\t\t\t\t<span  class=\"elementor-icon\">\n\t\t\t\t<i aria-hidden=\"true\" class=\"fas fa-circle\"><\/i>\t\t\t\t<\/span>\n\t\t\t<\/div>\n\t\t\t\n\t\t\t\t\t\t<div class=\"elementor-icon-box-content\">\n\n\t\t\t\t\t\t\t\t\t<h3 class=\"elementor-icon-box-title\">\n\t\t\t\t\t\t<span  >\n\t\t\t\t\t\t\tAA, C, D\t\t\t\t\t\t<\/span>\n\t\t\t\t\t<\/h3>\n\t\t\t\t\n\t\t\t\t\t\t\t\t\t<p class=\"elementor-icon-box-description\">\n\t\t\t\t\t\t<strong>VAROVANIE: <\/strong> opa\u010dne, nenab\u00edjajte, nevhadzujte do oh\u0148a ani nemie\u0161ajte s\u00a0pou\u017eit\u00fdmi ani in\u00fdmi typmi bat\u00e9ri\u00ed \u2013 m\u00f4\u017ee vybuchn\u00fa\u0165 alebo vytiec\u0165 a\u00a0sp\u00f4sobi\u0165 zranenie. V\u0161etky bat\u00e9rie vymie\u0148ajte s\u00fa\u010dasne.\t\t\t\t\t<\/p>\n\t\t\t\t\n\t\t\t<\/div>\n\t\t\t\n\t\t<\/div>\n\t\t\t\t\t\t<\/div>\n\t\t\t\t<\/div>\n\t\t\t\t<div class=\"elementor-element elementor-element-681b7ae elementor-position-inline-start warning1 elementor-view-default elementor-mobile-position-block-start elementor-widget elementor-widget-icon-box\" data-id=\"681b7ae\" data-element_type=\"widget\" data-e-type=\"widget\" data-widget_type=\"icon-box.default\">\n\t\t\t\t<div class=\"elementor-widget-container\">\n\t\t\t\t\t\t\t<div class=\"elementor-icon-box-wrapper\">\n\n\t\t\t\t\t\t<div class=\"elementor-icon-box-icon\">\n\t\t\t\t<span  class=\"elementor-icon\">\n\t\t\t\t<i aria-hidden=\"true\" class=\"fas fa-circle\"><\/i>\t\t\t\t<\/span>\n\t\t\t<\/div>\n\t\t\t\n\t\t\t\t\t\t<div class=\"elementor-icon-box-content\">\n\n\t\t\t\t\t\t\t\t\t<h3 class=\"elementor-icon-box-title\">\n\t\t\t\t\t\t<span  >\n\t\t\t\t\t\t\tAAA\t\t\t\t\t\t<\/span>\n\t\t\t\t\t<\/h3>\n\t\t\t\t\n\t\t\t\t\t\t\t\t\t<p class=\"elementor-icon-box-description\">\n\t\t\t\t\t\t<strong>VAROVANIE: <\/strong>(1) Uchov\u00e1vajte mimo dosahu det\u00ed. Po prehltnut\u00ed ur\u00fdchlene vyh\u013eadajte lek\u00e1ra; (2) Nevkladajte opa\u010dne, nenab\u00edjajte, nevhadzujte do oh\u0148a ani nemie\u0161ajte s\u00a0pou\u017eit\u00fdmi ani in\u00fdmi typmi bat\u00e9ri\u00ed \u2013 m\u00f4\u017ee vybuchn\u00fa\u0165 alebo vytiec\u0165 a\u00a0sp\u00f4sobi\u0165 zranenie.V\u0161etky bat\u00e9rie vymie\u0148ajte s\u00fa\u010dasne.\t\t\t\t\t<\/p>\n\t\t\t\t\n\t\t\t<\/div>\n\t\t\t\n\t\t<\/div>\n\t\t\t\t\t\t<\/div>\n\t\t\t\t<\/div>\n\t\t\t\t<div class=\"elementor-element elementor-element-abb25ae elementor-position-inline-start warning1 elementor-view-default elementor-mobile-position-block-start elementor-widget elementor-widget-icon-box\" data-id=\"abb25ae\" data-element_type=\"widget\" data-e-type=\"widget\" data-widget_type=\"icon-box.default\">\n\t\t\t\t<div class=\"elementor-widget-container\">\n\t\t\t\t\t\t\t<div class=\"elementor-icon-box-wrapper\">\n\n\t\t\t\t\t\t<div class=\"elementor-icon-box-icon\">\n\t\t\t\t<span  class=\"elementor-icon\">\n\t\t\t\t<i aria-hidden=\"true\" class=\"fas fa-circle\"><\/i>\t\t\t\t<\/span>\n\t\t\t<\/div>\n\t\t\t\n\t\t\t\t\t\t<div class=\"elementor-icon-box-content\">\n\n\t\t\t\t\t\t\t\t\t<h3 class=\"elementor-icon-box-title\">\n\t\t\t\t\t\t<span  >\n\t\t\t\t\t\t\t9V, 6V, 4.5V\t\t\t\t\t\t<\/span>\n\t\t\t\t\t<\/h3>\n\t\t\t\t\n\t\t\t\t\t\t\t\t\t<p class=\"elementor-icon-box-description\">\n\t\t\t\t\t\t<strong>VAROVANIE: <\/strong> Nevkladajte obr\u00e1tene, nenab\u00edjajte ani nevhadzujte do oh\u0148a \u2013 m\u00f4\u017ee vybuchn\u00fa\u0165 alebo vytiec\u0165. Nepren\u00e1\u0161ajte ani neskladujte nezabalen\u00e9 \u2013 riziko pop\u00e1lenia.\t\t\t\t\t<\/p>\n\t\t\t\t\n\t\t\t<\/div>\n\t\t\t\n\t\t<\/div>\n\t\t\t\t\t\t<\/div>\n\t\t\t\t<\/div>\n\t\t\t\t\t<\/div>\n\t\t<\/div>\n\t\t\t\t\t<\/div>\n\t\t<\/section>\n\t\t\t\t\t<\/div>\n\t\t<\/div>\n\t\t\t\t\t<\/div>\n\t\t<\/section>\n\t\t\t\t<section class=\"elementor-section elementor-top-section elementor-element elementor-element-f8926bd elementor-section-full_width elementor-section-height-min-height elementor-section-height-default elementor-section-items-middle\" data-id=\"f8926bd\" data-element_type=\"section\" data-e-type=\"section\" data-settings=\"{&quot;background_background&quot;:&quot;classic&quot;}\">\n\t\t\t\t\t\t<div class=\"elementor-container elementor-column-gap-default\">\n\t\t\t\t\t<div class=\"elementor-column elementor-col-100 elementor-top-column elementor-element elementor-element-b97ebc7\" data-id=\"b97ebc7\" data-element_type=\"column\" data-e-type=\"column\" data-settings=\"{&quot;background_background&quot;:&quot;classic&quot;}\">\n\t\t\t<div class=\"elementor-widget-wrap elementor-element-populated\">\n\t\t\t\t\t\t<div class=\"elementor-element elementor-element-5290022 lang-img elementor-widget elementor-widget-image\" data-id=\"5290022\" data-element_type=\"widget\" data-e-type=\"widget\" data-widget_type=\"image.default\">\n\t\t\t\t<div class=\"elementor-widget-container\">\n\t\t\t\t\t\t\t\t\t\t\t\t\t\t\t\t<a href=\"https:\/\/packagingqr.energizerholdings.com\/batteries\/Eveready\/home\/?f=gb\">\n\t\t\t\t\t\t\t<img loading=\"lazy\" decoding=\"async\" width=\"108\" height=\"89\" src=\"https:\/\/packagingqr.energizerholdings.com\/batteries\/Eveready\/sk\/wp-content\/uploads\/sites\/16\/2022\/02\/lang.png\" class=\"attachment-full size-full wp-image-290\" alt=\"\" \/>\t\t\t\t\t\t\t\t<\/a>\n\t\t\t\t\t\t\t\t\t\t\t\t\t\t\t<\/div>\n\t\t\t\t<\/div>\n\t\t\t\t\t<\/div>\n\t\t<\/div>\n\t\t\t\t\t<\/div>\n\t\t<\/section>\n\t\t\t\t<\/div>\n\t\t","protected":false},"excerpt":{"rendered":"<p>VAROVANIE \/ POZOR POZOR AA, C, D VAROVANIE: opa\u010dne, nenab\u00edjajte, nevhadzujte do oh\u0148a ani nemie\u0161ajte s\u00a0pou\u017eit\u00fdmi ani in\u00fdmi typmi bat\u00e9ri\u00ed \u2013 m\u00f4\u017ee vybuchn\u00fa\u0165 alebo vytiec\u0165 a\u00a0sp\u00f4sobi\u0165 zranenie. V\u0161etky bat\u00e9rie vymie\u0148ajte s\u00fa\u010dasne. AAA VAROVANIE: (1) Uchov\u00e1vajte mimo dosahu det\u00ed. Po prehltnut\u00ed ur\u00fdchlene vyh\u013eadajte lek\u00e1ra; (2) Nevkladajte opa\u010dne, nenab\u00edjajte, nevhadzujte do oh\u0148a ani nemie\u0161ajte s\u00a0pou\u017eit\u00fdmi ani in\u00fdmi [&hellip;]<\/p>\n","protected":false},"author":1,"featured_media":0,"parent":0,"menu_order":0,"comment_status":"closed","ping_status":"closed","template":"elementor_header_footer","meta":{"footnotes":""},"class_list":["post-119","page","type-page","status-publish","hentry"],"_links":{"self":[{"href":"https:\/\/packagingqr.energizerholdings.com\/batteries\/Eveready\/sk\/wp-json\/wp\/v2\/pages\/119","targetHints":{"allow":["GET"]}}],"collection":[{"href":"https:\/\/packagingqr.energizerholdings.com\/batteries\/Eveready\/sk\/wp-json\/wp\/v2\/pages"}],"about":[{"href":"https:\/\/packagingqr.energizerholdings.com\/batteries\/Eveready\/sk\/wp-json\/wp\/v2\/types\/page"}],"author":[{"embeddable":true,"href":"https:\/\/packagingqr.energizerholdings.com\/batteries\/Eveready\/sk\/wp-json\/wp\/v2\/users\/1"}],"replies":[{"embeddable":true,"href":"https:\/\/packagingqr.energizerholdings.com\/batteries\/Eveready\/sk\/wp-json\/wp\/v2\/comments?post=119"}],"version-history":[{"count":33,"href":"https:\/\/packagingqr.energizerholdings.com\/batteries\/Eveready\/sk\/wp-json\/wp\/v2\/pages\/119\/revisions"}],"predecessor-version":[{"id":375,"href":"https:\/\/packagingqr.energizerholdings.com\/batteries\/Eveready\/sk\/wp-json\/wp\/v2\/pages\/119\/revisions\/375"}],"wp:attachment":[{"href":"https:\/\/packagingqr.energizerholdings.com\/batteries\/Eveready\/sk\/wp-json\/wp\/v2\/media?parent=119"}],"curies":[{"name":"wp","href":"https:\/\/api.w.org\/{rel}","templated":true}]}}