{"id":30,"date":"2022-01-12T08:28:50","date_gmt":"2022-01-12T08:28:50","guid":{"rendered":"https:\/\/packagingqr.energizerholdings.com\/lights\/Eveready\/cs\/?page_id=30"},"modified":"2022-01-31T12:36:44","modified_gmt":"2022-01-31T12:36:44","slug":"home","status":"publish","type":"page","link":"https:\/\/packagingqr.energizerholdings.com\/lights\/Eveready\/cs\/","title":{"rendered":"Home"},"content":{"rendered":"\t\t<div data-elementor-type=\"wp-page\" data-elementor-id=\"30\" class=\"elementor elementor-30\">\n\t\t\t\t\t\t<section class=\"elementor-section elementor-top-section elementor-element elementor-element-1cb64b2d elementor-section-full_width elementor-section-height-default elementor-section-height-default\" data-id=\"1cb64b2d\" data-element_type=\"section\" data-e-type=\"section\" data-settings=\"{&quot;background_background&quot;:&quot;classic&quot;}\">\n\t\t\t\t\t\t<div class=\"elementor-container elementor-column-gap-default\">\n\t\t\t\t\t<div class=\"elementor-column elementor-col-100 elementor-top-column elementor-element elementor-element-4478bd69\" data-id=\"4478bd69\" data-element_type=\"column\" data-e-type=\"column\">\n\t\t\t<div class=\"elementor-widget-wrap elementor-element-populated\">\n\t\t\t\t\t\t<section class=\"elementor-section elementor-inner-section elementor-element elementor-element-7e902a8 elementor-section-boxed elementor-section-height-default elementor-section-height-default\" data-id=\"7e902a8\" data-element_type=\"section\" data-e-type=\"section\">\n\t\t\t\t\t\t<div class=\"elementor-container elementor-column-gap-default\">\n\t\t\t\t\t<div class=\"elementor-column elementor-col-100 elementor-inner-column elementor-element elementor-element-4eed28a3\" data-id=\"4eed28a3\" data-element_type=\"column\" data-e-type=\"column\">\n\t\t\t<div class=\"elementor-widget-wrap elementor-element-populated\">\n\t\t\t\t\t\t<div class=\"elementor-element elementor-element-def154b elementor-widget elementor-widget-image\" data-id=\"def154b\" data-element_type=\"widget\" data-e-type=\"widget\" data-widget_type=\"image.default\">\n\t\t\t\t<div class=\"elementor-widget-container\">\n\t\t\t\t\t\t\t\t\t\t\t\t\t\t\t\t<a href=\"https:\/\/packagingqr.energizerholdings.com\/lights\/Eveready\/cs\/\">\n\t\t\t\t\t\t\t<img decoding=\"async\" src=\"https:\/\/packagingqr.energizerholdings.com\/lights\/Eveready\/cs\/wp-content\/uploads\/sites\/15\/elementor\/thumbs\/logo-piw8hoazh995r22g07p7soyitaqysovfpnyaq8egwq.png\" title=\"logo.png\" alt=\"logo.png\" loading=\"lazy\" \/>\t\t\t\t\t\t\t\t<\/a>\n\t\t\t\t\t\t\t\t\t\t\t\t\t\t\t<\/div>\n\t\t\t\t<\/div>\n\t\t\t\t\t<\/div>\n\t\t<\/div>\n\t\t\t\t\t<\/div>\n\t\t<\/section>\n\t\t\t\t<section class=\"elementor-section elementor-inner-section elementor-element elementor-element-13eb6f81 elementor-section-boxed elementor-section-height-default elementor-section-height-default\" data-id=\"13eb6f81\" data-element_type=\"section\" data-e-type=\"section\">\n\t\t\t\t\t\t<div class=\"elementor-container elementor-column-gap-default\">\n\t\t\t\t\t<div class=\"elementor-column elementor-col-100 elementor-inner-column elementor-element elementor-element-6fd3365f\" data-id=\"6fd3365f\" data-element_type=\"column\" data-e-type=\"column\">\n\t\t\t<div class=\"elementor-widget-wrap elementor-element-populated\">\n\t\t\t\t\t\t<div class=\"elementor-element elementor-element-41426d42 head elementor-widget elementor-widget-heading\" data-id=\"41426d42\" data-element_type=\"widget\" data-e-type=\"widget\" data-widget_type=\"heading.default\">\n\t\t\t\t<div class=\"elementor-widget-container\">\n\t\t\t\t\t<h1 class=\"elementor-heading-title elementor-size-default\">Varov\u00e1n\u00ed\/Upozorn\u011bn\u00ed<\/h1>\t\t\t\t<\/div>\n\t\t\t\t<\/div>\n\t\t\t\t<div class=\"elementor-element elementor-element-df38064 head   elementor-widget elementor-widget-heading\" data-id=\"df38064\" data-element_type=\"widget\" data-e-type=\"widget\" data-widget_type=\"heading.default\">\n\t\t\t\t<div class=\"elementor-widget-container\">\n\t\t\t\t\t<h2 class=\"elementor-heading-title elementor-size-default\">Zadejte produktov\u00fd k\u00f3d sv\u00edtidla<\/h2>\t\t\t\t<\/div>\n\t\t\t\t<\/div>\n\t\t\t\t<div class=\"elementor-element elementor-element-efb5012 head   elementor-widget elementor-widget-heading\" data-id=\"efb5012\" data-element_type=\"widget\" data-e-type=\"widget\" data-widget_type=\"heading.default\">\n\t\t\t\t<div class=\"elementor-widget-container\">\n\t\t\t\t\t<span class=\"elementor-heading-title elementor-size-default\">(Naleznete jej na zadn\u00ed stran\u011b obalu)<\/span>\t\t\t\t<\/div>\n\t\t\t\t<\/div>\n\t\t\t\t\t<\/div>\n\t\t<\/div>\n\t\t\t\t\t<\/div>\n\t\t<\/section>\n\t\t\t\t<section class=\"elementor-section elementor-inner-section elementor-element elementor-element-56b23d0e elementor-section-boxed elementor-section-height-default elementor-section-height-default\" data-id=\"56b23d0e\" data-element_type=\"section\" data-e-type=\"section\">\n\t\t\t\t\t\t<div class=\"elementor-container elementor-column-gap-default\">\n\t\t\t\t\t<div class=\"elementor-column elementor-col-50 elementor-inner-column elementor-element elementor-element-2f2ea950\" data-id=\"2f2ea950\" data-element_type=\"column\" data-e-type=\"column\">\n\t\t\t<div class=\"elementor-widget-wrap elementor-element-populated\">\n\t\t\t\t\t\t<div class=\"elementor-element elementor-element-3aa1b9ea search elementor-widget elementor-widget-aws\" data-id=\"3aa1b9ea\" data-element_type=\"widget\" data-e-type=\"widget\" data-widget_type=\"aws.default\">\n\t\t\t\t<div class=\"elementor-widget-container\">\n\t\t\t\t\t<div class=\"aws-container\" data-url=\"\/lights\/Eveready\/cs\/?wc-ajax=aws_action\" data-siteurl=\"https:\/\/packagingqr.energizerholdings.com\/lights\/Eveready\/cs\" data-lang=\"\" data-show-loader=\"true\" data-show-more=\"false\" data-show-page=\"true\" data-ajax-search=\"true\" data-show-clear=\"true\" data-mobile-screen=\"false\" data-use-analytics=\"false\" data-min-chars=\"1\" data-buttons-order=\"1\" data-timeout=\"300\" data-is-mobile=\"false\" data-page-id=\"0\" data-tax=\"\" ><form class=\"aws-search-form\" action=\"https:\/\/packagingqr.energizerholdings.com\/lights\/Eveready\/cs\/\" method=\"get\" role=\"search\" ><div class=\"aws-wrapper\"><label class=\"aws-search-label\" for=\"69e7cb34a00ba\">Search<\/label><input type=\"search\" name=\"s\" id=\"69e7cb34a00ba\" value=\"\" class=\"aws-search-field\" placeholder=\"Search\" autocomplete=\"off\" \/><input type=\"hidden\" name=\"post_type\" value=\"product\"><input type=\"hidden\" name=\"type_aws\" value=\"true\"><div class=\"aws-search-clear\"><span>\u00d7<\/span><\/div><div class=\"aws-loader\"><\/div><\/div><\/form><\/div>\t\t\t\t<\/div>\n\t\t\t\t<\/div>\n\t\t\t\t\t<\/div>\n\t\t<\/div>\n\t\t\t\t<div class=\"elementor-column elementor-col-50 elementor-inner-column elementor-element elementor-element-6044806e\" data-id=\"6044806e\" data-element_type=\"column\" data-e-type=\"column\">\n\t\t\t<div class=\"elementor-widget-wrap\">\n\t\t\t\t\t\t\t<\/div>\n\t\t<\/div>\n\t\t\t\t\t<\/div>\n\t\t<\/section>\n\t\t\t\t\t<\/div>\n\t\t<\/div>\n\t\t\t\t\t<\/div>\n\t\t<\/section>\n\t\t\t\t<section class=\"elementor-section elementor-top-section elementor-element elementor-element-24f9823a elementor-section-full_width elementor-section-height-default elementor-section-height-default\" data-id=\"24f9823a\" data-element_type=\"section\" data-e-type=\"section\" data-settings=\"{&quot;background_background&quot;:&quot;classic&quot;}\">\n\t\t\t\t\t\t<div class=\"elementor-container elementor-column-gap-default\">\n\t\t\t\t\t<div class=\"elementor-column elementor-col-100 elementor-top-column elementor-element elementor-element-208430dc\" data-id=\"208430dc\" data-element_type=\"column\" data-e-type=\"column\">\n\t\t\t<div class=\"elementor-widget-wrap elementor-element-populated\">\n\t\t\t\t\t\t<div class=\"elementor-element elementor-element-6cdb9005 elementor-widget elementor-widget-image\" data-id=\"6cdb9005\" data-element_type=\"widget\" data-e-type=\"widget\" data-widget_type=\"image.default\">\n\t\t\t\t<div class=\"elementor-widget-container\">\n\t\t\t\t\t\t\t\t\t\t\t\t\t\t\t<img fetchpriority=\"high\" decoding=\"async\" width=\"1207\" height=\"844\" src=\"https:\/\/packagingqr.energizerholdings.com\/lights\/Eveready\/cs\/wp-content\/uploads\/sites\/15\/2022\/01\/image02.jpg\" class=\"attachment-full size-full wp-image-88\" alt=\"\" srcset=\"https:\/\/packagingqr.energizerholdings.com\/lights\/Eveready\/cs\/wp-content\/uploads\/sites\/15\/2022\/01\/image02.jpg 1207w, https:\/\/packagingqr.energizerholdings.com\/lights\/Eveready\/cs\/wp-content\/uploads\/sites\/15\/2022\/01\/image02-300x210.jpg 300w, https:\/\/packagingqr.energizerholdings.com\/lights\/Eveready\/cs\/wp-content\/uploads\/sites\/15\/2022\/01\/image02-1024x716.jpg 1024w, https:\/\/packagingqr.energizerholdings.com\/lights\/Eveready\/cs\/wp-content\/uploads\/sites\/15\/2022\/01\/image02-768x537.jpg 768w, https:\/\/packagingqr.energizerholdings.com\/lights\/Eveready\/cs\/wp-content\/uploads\/sites\/15\/2022\/01\/image02-600x420.jpg 600w\" sizes=\"(max-width: 1207px) 100vw, 1207px\" style=\"width:100%;height:69.93%;max-width:1207px\" \/>\t\t\t\t\t\t\t\t\t\t\t\t\t\t\t<\/div>\n\t\t\t\t<\/div>\n\t\t\t\t\t<\/div>\n\t\t<\/div>\n\t\t\t\t\t<\/div>\n\t\t<\/section>\n\t\t\t\t<section class=\"elementor-section elementor-top-section elementor-element elementor-element-a850c13 elementor-section-full_width elementor-section-height-min-height elementor-section-height-default elementor-section-items-middle\" data-id=\"a850c13\" data-element_type=\"section\" data-e-type=\"section\" data-settings=\"{&quot;background_background&quot;:&quot;classic&quot;}\">\n\t\t\t\t\t\t<div class=\"elementor-container elementor-column-gap-default\">\n\t\t\t\t\t<div class=\"elementor-column elementor-col-100 elementor-top-column elementor-element elementor-element-100ae00\" data-id=\"100ae00\" data-element_type=\"column\" data-e-type=\"column\" data-settings=\"{&quot;background_background&quot;:&quot;classic&quot;}\">\n\t\t\t<div class=\"elementor-widget-wrap elementor-element-populated\">\n\t\t\t\t\t\t<div class=\"elementor-element elementor-element-5bd96dc lang-img elementor-widget elementor-widget-image\" data-id=\"5bd96dc\" data-element_type=\"widget\" data-e-type=\"widget\" data-widget_type=\"image.default\">\n\t\t\t\t<div class=\"elementor-widget-container\">\n\t\t\t\t\t\t\t\t\t\t\t\t\t\t\t\t<a href=\"https:\/\/packagingqr.energizerholdings.com\/lights\/Eveready\/home\/?f=gb\">\n\t\t\t\t\t\t\t<img decoding=\"async\" width=\"108\" height=\"89\" src=\"https:\/\/packagingqr.energizerholdings.com\/lights\/Eveready\/cs\/wp-content\/uploads\/sites\/15\/2022\/01\/lang.png\" class=\"attachment-full size-full wp-image-78\" alt=\"\" style=\"width:100%;height:82.41%;max-width:108px\" \/>\t\t\t\t\t\t\t\t<\/a>\n\t\t\t\t\t\t\t\t\t\t\t\t\t\t\t<\/div>\n\t\t\t\t<\/div>\n\t\t\t\t\t<\/div>\n\t\t<\/div>\n\t\t\t\t\t<\/div>\n\t\t<\/section>\n\t\t\t\t<\/div>\n\t\t","protected":false},"excerpt":{"rendered":"<p>Varov\u00e1n\u00ed\/Upozorn\u011bn\u00ed Zadejte produktov\u00fd k\u00f3d sv\u00edtidla (Naleznete jej na zadn\u00ed stran\u011b obalu) Search\u00d7<\/p>\n","protected":false},"author":1,"featured_media":0,"parent":0,"menu_order":0,"comment_status":"closed","ping_status":"closed","template":"elementor_header_footer","meta":{"footnotes":""},"class_list":["post-30","page","type-page","status-publish","hentry","entry"],"_links":{"self":[{"href":"https:\/\/packagingqr.energizerholdings.com\/lights\/Eveready\/cs\/wp-json\/wp\/v2\/pages\/30","targetHints":{"allow":["GET"]}}],"collection":[{"href":"https:\/\/packagingqr.energizerholdings.com\/lights\/Eveready\/cs\/wp-json\/wp\/v2\/pages"}],"about":[{"href":"https:\/\/packagingqr.energizerholdings.com\/lights\/Eveready\/cs\/wp-json\/wp\/v2\/types\/page"}],"author":[{"embeddable":true,"href":"https:\/\/packagingqr.energizerholdings.com\/lights\/Eveready\/cs\/wp-json\/wp\/v2\/users\/1"}],"replies":[{"embeddable":true,"href":"https:\/\/packagingqr.energizerholdings.com\/lights\/Eveready\/cs\/wp-json\/wp\/v2\/comments?post=30"}],"version-history":[{"count":13,"href":"https:\/\/packagingqr.energizerholdings.com\/lights\/Eveready\/cs\/wp-json\/wp\/v2\/pages\/30\/revisions"}],"predecessor-version":[{"id":99,"href":"https:\/\/packagingqr.energizerholdings.com\/lights\/Eveready\/cs\/wp-json\/wp\/v2\/pages\/30\/revisions\/99"}],"wp:attachment":[{"href":"https:\/\/packagingqr.energizerholdings.com\/lights\/Eveready\/cs\/wp-json\/wp\/v2\/media?parent=30"}],"curies":[{"name":"wp","href":"https:\/\/api.w.org\/{rel}","templated":true}]}}