{"id":49,"date":"2022-01-12T06:30:23","date_gmt":"2022-01-12T06:30:23","guid":{"rendered":"https:\/\/packagingqr.energizerholdings.com\/lights\/Eveready\/es\/?page_id=49"},"modified":"2022-01-31T12:03:09","modified_gmt":"2022-01-31T12:03:09","slug":"home","status":"publish","type":"page","link":"https:\/\/packagingqr.energizerholdings.com\/lights\/Eveready\/es\/","title":{"rendered":"Home"},"content":{"rendered":"\t\t<div data-elementor-type=\"wp-page\" data-elementor-id=\"49\" class=\"elementor elementor-49\">\n\t\t\t\t\t\t<section class=\"elementor-section elementor-top-section elementor-element elementor-element-502f4812 elementor-section-full_width elementor-section-height-default elementor-section-height-default\" data-id=\"502f4812\" data-element_type=\"section\" data-e-type=\"section\" data-settings=\"{&quot;background_background&quot;:&quot;classic&quot;}\">\n\t\t\t\t\t\t<div class=\"elementor-container elementor-column-gap-default\">\n\t\t\t\t\t<div class=\"elementor-column elementor-col-100 elementor-top-column elementor-element elementor-element-4dede475\" data-id=\"4dede475\" data-element_type=\"column\" data-e-type=\"column\">\n\t\t\t<div class=\"elementor-widget-wrap elementor-element-populated\">\n\t\t\t\t\t\t<section class=\"elementor-section elementor-inner-section elementor-element elementor-element-6cd27080 elementor-section-boxed elementor-section-height-default elementor-section-height-default\" data-id=\"6cd27080\" data-element_type=\"section\" data-e-type=\"section\">\n\t\t\t\t\t\t<div class=\"elementor-container elementor-column-gap-default\">\n\t\t\t\t\t<div class=\"elementor-column elementor-col-100 elementor-inner-column elementor-element elementor-element-5dda4f92\" data-id=\"5dda4f92\" data-element_type=\"column\" data-e-type=\"column\">\n\t\t\t<div class=\"elementor-widget-wrap elementor-element-populated\">\n\t\t\t\t\t\t<div class=\"elementor-element elementor-element-5a28fd64 elementor-widget elementor-widget-image\" data-id=\"5a28fd64\" data-element_type=\"widget\" data-e-type=\"widget\" data-widget_type=\"image.default\">\n\t\t\t\t<div class=\"elementor-widget-container\">\n\t\t\t\t\t\t\t\t\t\t\t\t\t\t\t\t<a href=\"https:\/\/packagingqr.energizerholdings.com\/lights\/Eveready\/es\/\">\n\t\t\t\t\t\t\t<img decoding=\"async\" src=\"https:\/\/packagingqr.energizerholdings.com\/lights\/Eveready\/es\/wp-content\/uploads\/sites\/5\/elementor\/thumbs\/logo-piw567zcy7qcb1kwj2v1fc4p3hiplfngafbw5bilne.png\" title=\"logo.png\" alt=\"logo.png\" loading=\"lazy\" \/>\t\t\t\t\t\t\t\t<\/a>\n\t\t\t\t\t\t\t\t\t\t\t\t\t\t\t<\/div>\n\t\t\t\t<\/div>\n\t\t\t\t\t<\/div>\n\t\t<\/div>\n\t\t\t\t\t<\/div>\n\t\t<\/section>\n\t\t\t\t<section class=\"elementor-section elementor-inner-section elementor-element elementor-element-4c195c49 elementor-section-boxed elementor-section-height-default elementor-section-height-default\" data-id=\"4c195c49\" data-element_type=\"section\" data-e-type=\"section\">\n\t\t\t\t\t\t<div class=\"elementor-container elementor-column-gap-default\">\n\t\t\t\t\t<div class=\"elementor-column elementor-col-100 elementor-inner-column elementor-element elementor-element-17a67a3\" data-id=\"17a67a3\" data-element_type=\"column\" data-e-type=\"column\">\n\t\t\t<div class=\"elementor-widget-wrap elementor-element-populated\">\n\t\t\t\t\t\t<div class=\"elementor-element elementor-element-144cd70f head elementor-widget elementor-widget-heading\" data-id=\"144cd70f\" data-element_type=\"widget\" data-e-type=\"widget\" data-widget_type=\"heading.default\">\n\t\t\t\t<div class=\"elementor-widget-container\">\n\t\t\t\t\t<h1 class=\"elementor-heading-title elementor-size-default\">Advertencia\/Atenci\u00f3n<\/h1>\t\t\t\t<\/div>\n\t\t\t\t<\/div>\n\t\t\t\t<div class=\"elementor-element elementor-element-42a7c48a head   elementor-widget elementor-widget-heading\" data-id=\"42a7c48a\" data-element_type=\"widget\" data-e-type=\"widget\" data-widget_type=\"heading.default\">\n\t\t\t\t<div class=\"elementor-widget-container\">\n\t\t\t\t\t<h2 class=\"elementor-heading-title elementor-size-default\">Introduzca el c\u00f3digo de producto de luz<\/h2>\t\t\t\t<\/div>\n\t\t\t\t<\/div>\n\t\t\t\t<div class=\"elementor-element elementor-element-b5eb10c head   elementor-widget elementor-widget-heading\" data-id=\"b5eb10c\" data-element_type=\"widget\" data-e-type=\"widget\" data-widget_type=\"heading.default\">\n\t\t\t\t<div class=\"elementor-widget-container\">\n\t\t\t\t\t<span class=\"elementor-heading-title elementor-size-default\">(Se encuentra en la parte posterior del embalaje)<\/span>\t\t\t\t<\/div>\n\t\t\t\t<\/div>\n\t\t\t\t\t<\/div>\n\t\t<\/div>\n\t\t\t\t\t<\/div>\n\t\t<\/section>\n\t\t\t\t<section class=\"elementor-section elementor-inner-section elementor-element elementor-element-5a6af15e elementor-section-boxed elementor-section-height-default elementor-section-height-default\" data-id=\"5a6af15e\" data-element_type=\"section\" data-e-type=\"section\">\n\t\t\t\t\t\t<div class=\"elementor-container elementor-column-gap-default\">\n\t\t\t\t\t<div class=\"elementor-column elementor-col-50 elementor-inner-column elementor-element elementor-element-43b907b0\" data-id=\"43b907b0\" data-element_type=\"column\" data-e-type=\"column\">\n\t\t\t<div class=\"elementor-widget-wrap elementor-element-populated\">\n\t\t\t\t\t\t<div class=\"elementor-element elementor-element-50280982 search elementor-widget elementor-widget-aws\" data-id=\"50280982\" data-element_type=\"widget\" data-e-type=\"widget\" data-widget_type=\"aws.default\">\n\t\t\t\t<div class=\"elementor-widget-container\">\n\t\t\t\t\t<div class=\"aws-container\" data-url=\"\/lights\/Eveready\/es\/?wc-ajax=aws_action\" data-siteurl=\"https:\/\/packagingqr.energizerholdings.com\/lights\/Eveready\/es\" data-lang=\"\" data-show-loader=\"true\" data-show-more=\"false\" data-show-page=\"true\" data-ajax-search=\"true\" data-show-clear=\"true\" data-mobile-screen=\"false\" data-use-analytics=\"false\" data-min-chars=\"1\" data-buttons-order=\"1\" data-timeout=\"300\" data-is-mobile=\"false\" data-page-id=\"0\" data-tax=\"\" ><form class=\"aws-search-form\" action=\"https:\/\/packagingqr.energizerholdings.com\/lights\/Eveready\/es\/\" method=\"get\" role=\"search\" ><div class=\"aws-wrapper\"><label class=\"aws-search-label\" for=\"69e7e4aae73a4\">Search<\/label><input type=\"search\" name=\"s\" id=\"69e7e4aae73a4\" value=\"\" class=\"aws-search-field\" placeholder=\"Search\" autocomplete=\"off\" \/><input type=\"hidden\" name=\"post_type\" value=\"product\"><input type=\"hidden\" name=\"type_aws\" value=\"true\"><div class=\"aws-search-clear\"><span>\u00d7<\/span><\/div><div class=\"aws-loader\"><\/div><\/div><\/form><\/div>\t\t\t\t<\/div>\n\t\t\t\t<\/div>\n\t\t\t\t\t<\/div>\n\t\t<\/div>\n\t\t\t\t<div class=\"elementor-column elementor-col-50 elementor-inner-column elementor-element elementor-element-12f1004c\" data-id=\"12f1004c\" data-element_type=\"column\" data-e-type=\"column\">\n\t\t\t<div class=\"elementor-widget-wrap\">\n\t\t\t\t\t\t\t<\/div>\n\t\t<\/div>\n\t\t\t\t\t<\/div>\n\t\t<\/section>\n\t\t\t\t\t<\/div>\n\t\t<\/div>\n\t\t\t\t\t<\/div>\n\t\t<\/section>\n\t\t\t\t<section class=\"elementor-section elementor-top-section elementor-element elementor-element-28cb9ac2 elementor-section-full_width elementor-section-height-default elementor-section-height-default\" data-id=\"28cb9ac2\" data-element_type=\"section\" data-e-type=\"section\" data-settings=\"{&quot;background_background&quot;:&quot;classic&quot;}\">\n\t\t\t\t\t\t<div class=\"elementor-container elementor-column-gap-default\">\n\t\t\t\t\t<div class=\"elementor-column elementor-col-100 elementor-top-column elementor-element elementor-element-1f454dc1\" data-id=\"1f454dc1\" data-element_type=\"column\" data-e-type=\"column\">\n\t\t\t<div class=\"elementor-widget-wrap elementor-element-populated\">\n\t\t\t\t\t\t<div class=\"elementor-element elementor-element-6e87314a elementor-widget elementor-widget-image\" data-id=\"6e87314a\" data-element_type=\"widget\" data-e-type=\"widget\" data-widget_type=\"image.default\">\n\t\t\t\t<div class=\"elementor-widget-container\">\n\t\t\t\t\t\t\t\t\t\t\t\t\t\t\t<img fetchpriority=\"high\" decoding=\"async\" width=\"1207\" height=\"844\" src=\"https:\/\/packagingqr.energizerholdings.com\/lights\/Eveready\/es\/wp-content\/uploads\/sites\/5\/2022\/01\/image02.jpg\" class=\"attachment-full size-full wp-image-94\" alt=\"\" srcset=\"https:\/\/packagingqr.energizerholdings.com\/lights\/Eveready\/es\/wp-content\/uploads\/sites\/5\/2022\/01\/image02.jpg 1207w, https:\/\/packagingqr.energizerholdings.com\/lights\/Eveready\/es\/wp-content\/uploads\/sites\/5\/2022\/01\/image02-300x210.jpg 300w, https:\/\/packagingqr.energizerholdings.com\/lights\/Eveready\/es\/wp-content\/uploads\/sites\/5\/2022\/01\/image02-1024x716.jpg 1024w, https:\/\/packagingqr.energizerholdings.com\/lights\/Eveready\/es\/wp-content\/uploads\/sites\/5\/2022\/01\/image02-768x537.jpg 768w, https:\/\/packagingqr.energizerholdings.com\/lights\/Eveready\/es\/wp-content\/uploads\/sites\/5\/2022\/01\/image02-600x420.jpg 600w\" sizes=\"(max-width: 1207px) 100vw, 1207px\" style=\"width:100%;height:69.93%;max-width:1207px\" \/>\t\t\t\t\t\t\t\t\t\t\t\t\t\t\t<\/div>\n\t\t\t\t<\/div>\n\t\t\t\t\t<\/div>\n\t\t<\/div>\n\t\t\t\t\t<\/div>\n\t\t<\/section>\n\t\t\t\t<section class=\"elementor-section elementor-top-section elementor-element elementor-element-6e097d8 elementor-section-full_width elementor-section-height-min-height elementor-section-height-default elementor-section-items-middle\" data-id=\"6e097d8\" data-element_type=\"section\" data-e-type=\"section\" data-settings=\"{&quot;background_background&quot;:&quot;classic&quot;}\">\n\t\t\t\t\t\t<div class=\"elementor-container elementor-column-gap-default\">\n\t\t\t\t\t<div class=\"elementor-column elementor-col-100 elementor-top-column elementor-element elementor-element-ab3e8d3\" data-id=\"ab3e8d3\" data-element_type=\"column\" data-e-type=\"column\" data-settings=\"{&quot;background_background&quot;:&quot;classic&quot;}\">\n\t\t\t<div class=\"elementor-widget-wrap elementor-element-populated\">\n\t\t\t\t\t\t<div class=\"elementor-element elementor-element-7fc1d77 lang-img elementor-widget elementor-widget-image\" data-id=\"7fc1d77\" data-element_type=\"widget\" data-e-type=\"widget\" data-widget_type=\"image.default\">\n\t\t\t\t<div class=\"elementor-widget-container\">\n\t\t\t\t\t\t\t\t\t\t\t\t\t\t\t\t<a href=\"https:\/\/packagingqr.energizerholdings.com\/lights\/Eveready\/home\/?f=gb\">\n\t\t\t\t\t\t\t<img decoding=\"async\" width=\"108\" height=\"89\" src=\"https:\/\/packagingqr.energizerholdings.com\/lights\/Eveready\/es\/wp-content\/uploads\/sites\/5\/2022\/01\/lang.png\" class=\"attachment-full size-full wp-image-81\" alt=\"\" style=\"width:100%;height:82.41%;max-width:108px\" \/>\t\t\t\t\t\t\t\t<\/a>\n\t\t\t\t\t\t\t\t\t\t\t\t\t\t\t<\/div>\n\t\t\t\t<\/div>\n\t\t\t\t\t<\/div>\n\t\t<\/div>\n\t\t\t\t\t<\/div>\n\t\t<\/section>\n\t\t\t\t<\/div>\n\t\t","protected":false},"excerpt":{"rendered":"<p>Advertencia\/Atenci\u00f3n Introduzca el c\u00f3digo de producto de luz (Se encuentra en la parte posterior del embalaje) Search\u00d7<\/p>\n","protected":false},"author":1,"featured_media":0,"parent":0,"menu_order":0,"comment_status":"closed","ping_status":"closed","template":"elementor_header_footer","meta":{"footnotes":""},"class_list":["post-49","page","type-page","status-publish","hentry","entry"],"_links":{"self":[{"href":"https:\/\/packagingqr.energizerholdings.com\/lights\/Eveready\/es\/wp-json\/wp\/v2\/pages\/49","targetHints":{"allow":["GET"]}}],"collection":[{"href":"https:\/\/packagingqr.energizerholdings.com\/lights\/Eveready\/es\/wp-json\/wp\/v2\/pages"}],"about":[{"href":"https:\/\/packagingqr.energizerholdings.com\/lights\/Eveready\/es\/wp-json\/wp\/v2\/types\/page"}],"author":[{"embeddable":true,"href":"https:\/\/packagingqr.energizerholdings.com\/lights\/Eveready\/es\/wp-json\/wp\/v2\/users\/1"}],"replies":[{"embeddable":true,"href":"https:\/\/packagingqr.energizerholdings.com\/lights\/Eveready\/es\/wp-json\/wp\/v2\/comments?post=49"}],"version-history":[{"count":13,"href":"https:\/\/packagingqr.energizerholdings.com\/lights\/Eveready\/es\/wp-json\/wp\/v2\/pages\/49\/revisions"}],"predecessor-version":[{"id":109,"href":"https:\/\/packagingqr.energizerholdings.com\/lights\/Eveready\/es\/wp-json\/wp\/v2\/pages\/49\/revisions\/109"}],"wp:attachment":[{"href":"https:\/\/packagingqr.energizerholdings.com\/lights\/Eveready\/es\/wp-json\/wp\/v2\/media?parent=49"}],"curies":[{"name":"wp","href":"https:\/\/api.w.org\/{rel}","templated":true}]}}