{"id":30,"date":"2022-01-12T08:28:53","date_gmt":"2022-01-12T08:28:53","guid":{"rendered":"https:\/\/packagingqr.energizerholdings.com\/lights\/Eveready\/hu\/?page_id=30"},"modified":"2022-01-31T12:25:17","modified_gmt":"2022-01-31T12:25:17","slug":"home","status":"publish","type":"page","link":"https:\/\/packagingqr.energizerholdings.com\/lights\/Eveready\/hu\/","title":{"rendered":"Home"},"content":{"rendered":"\t\t<div data-elementor-type=\"wp-page\" data-elementor-id=\"30\" class=\"elementor elementor-30\">\n\t\t\t\t\t\t<section class=\"elementor-section elementor-top-section elementor-element elementor-element-2291d408 elementor-section-full_width elementor-section-height-default elementor-section-height-default\" data-id=\"2291d408\" data-element_type=\"section\" data-e-type=\"section\" data-settings=\"{&quot;background_background&quot;:&quot;classic&quot;}\">\n\t\t\t\t\t\t<div class=\"elementor-container elementor-column-gap-default\">\n\t\t\t\t\t<div class=\"elementor-column elementor-col-100 elementor-top-column elementor-element elementor-element-2d0ecb4f\" data-id=\"2d0ecb4f\" data-element_type=\"column\" data-e-type=\"column\">\n\t\t\t<div class=\"elementor-widget-wrap elementor-element-populated\">\n\t\t\t\t\t\t<section class=\"elementor-section elementor-inner-section elementor-element elementor-element-669a75e8 elementor-section-boxed elementor-section-height-default elementor-section-height-default\" data-id=\"669a75e8\" data-element_type=\"section\" data-e-type=\"section\">\n\t\t\t\t\t\t<div class=\"elementor-container elementor-column-gap-default\">\n\t\t\t\t\t<div class=\"elementor-column elementor-col-100 elementor-inner-column elementor-element elementor-element-247ef440\" data-id=\"247ef440\" data-element_type=\"column\" data-e-type=\"column\">\n\t\t\t<div class=\"elementor-widget-wrap elementor-element-populated\">\n\t\t\t\t\t\t<div class=\"elementor-element elementor-element-30c7d4e9 elementor-widget elementor-widget-image\" data-id=\"30c7d4e9\" data-element_type=\"widget\" data-e-type=\"widget\" data-widget_type=\"image.default\">\n\t\t\t\t<div class=\"elementor-widget-container\">\n\t\t\t\t\t\t\t\t\t\t\t\t\t\t\t\t<a href=\"https:\/\/packagingqr.energizerholdings.com\/lights\/Eveready\/hu\">\n\t\t\t\t\t\t\t<img decoding=\"async\" src=\"https:\/\/packagingqr.energizerholdings.com\/lights\/Eveready\/hu\/wp-content\/uploads\/sites\/14\/elementor\/thumbs\/logo-piw8hinyc91fteamx59gdqdr8zirii91ow1dukmty2.png\" title=\"logo.png\" alt=\"logo.png\" loading=\"lazy\" \/>\t\t\t\t\t\t\t\t<\/a>\n\t\t\t\t\t\t\t\t\t\t\t\t\t\t\t<\/div>\n\t\t\t\t<\/div>\n\t\t\t\t\t<\/div>\n\t\t<\/div>\n\t\t\t\t\t<\/div>\n\t\t<\/section>\n\t\t\t\t<section class=\"elementor-section elementor-inner-section elementor-element elementor-element-364520d6 elementor-section-boxed elementor-section-height-default elementor-section-height-default\" data-id=\"364520d6\" data-element_type=\"section\" data-e-type=\"section\">\n\t\t\t\t\t\t<div class=\"elementor-container elementor-column-gap-default\">\n\t\t\t\t\t<div class=\"elementor-column elementor-col-100 elementor-inner-column elementor-element elementor-element-4fbe4cfa\" data-id=\"4fbe4cfa\" data-element_type=\"column\" data-e-type=\"column\">\n\t\t\t<div class=\"elementor-widget-wrap elementor-element-populated\">\n\t\t\t\t\t\t<div class=\"elementor-element elementor-element-ef1f3f6 head elementor-widget elementor-widget-heading\" data-id=\"ef1f3f6\" data-element_type=\"widget\" data-e-type=\"widget\" data-widget_type=\"heading.default\">\n\t\t\t\t<div class=\"elementor-widget-container\">\n\t\t\t\t\t<h1 class=\"elementor-heading-title elementor-size-default\">Figyelmeztet\u00e9s\/Figyelem<\/h1>\t\t\t\t<\/div>\n\t\t\t\t<\/div>\n\t\t\t\t<div class=\"elementor-element elementor-element-4ba73142 head   elementor-widget elementor-widget-heading\" data-id=\"4ba73142\" data-element_type=\"widget\" data-e-type=\"widget\" data-widget_type=\"heading.default\">\n\t\t\t\t<div class=\"elementor-widget-container\">\n\t\t\t\t\t<h2 class=\"elementor-heading-title elementor-size-default\">Adja meg a k\u00f6nny\u0171 term\u00e9kk\u00f3dot<\/h2>\t\t\t\t<\/div>\n\t\t\t\t<\/div>\n\t\t\t\t<div class=\"elementor-element elementor-element-704bc02 head   elementor-widget elementor-widget-heading\" data-id=\"704bc02\" data-element_type=\"widget\" data-e-type=\"widget\" data-widget_type=\"heading.default\">\n\t\t\t\t<div class=\"elementor-widget-container\">\n\t\t\t\t\t<span class=\"elementor-heading-title elementor-size-default\">(A csomagol\u00e1s h\u00e1toldal\u00e1n tal\u00e1lhat\u00f3)<\/span>\t\t\t\t<\/div>\n\t\t\t\t<\/div>\n\t\t\t\t\t<\/div>\n\t\t<\/div>\n\t\t\t\t\t<\/div>\n\t\t<\/section>\n\t\t\t\t<section class=\"elementor-section elementor-inner-section elementor-element elementor-element-6efbe2d3 elementor-section-boxed elementor-section-height-default elementor-section-height-default\" data-id=\"6efbe2d3\" data-element_type=\"section\" data-e-type=\"section\">\n\t\t\t\t\t\t<div class=\"elementor-container elementor-column-gap-default\">\n\t\t\t\t\t<div class=\"elementor-column elementor-col-50 elementor-inner-column elementor-element elementor-element-19f88d31\" data-id=\"19f88d31\" data-element_type=\"column\" data-e-type=\"column\">\n\t\t\t<div class=\"elementor-widget-wrap elementor-element-populated\">\n\t\t\t\t\t\t<div class=\"elementor-element elementor-element-746e2bea search elementor-widget elementor-widget-aws\" data-id=\"746e2bea\" data-element_type=\"widget\" data-e-type=\"widget\" data-widget_type=\"aws.default\">\n\t\t\t\t<div class=\"elementor-widget-container\">\n\t\t\t\t\t<div class=\"aws-container\" data-url=\"\/lights\/Eveready\/hu\/?wc-ajax=aws_action\" data-siteurl=\"https:\/\/packagingqr.energizerholdings.com\/lights\/Eveready\/hu\" data-lang=\"\" data-show-loader=\"true\" data-show-more=\"false\" data-show-page=\"true\" data-ajax-search=\"true\" data-show-clear=\"true\" data-mobile-screen=\"false\" data-use-analytics=\"false\" data-min-chars=\"1\" data-buttons-order=\"1\" data-timeout=\"300\" data-is-mobile=\"false\" data-page-id=\"0\" data-tax=\"\" ><form class=\"aws-search-form\" action=\"https:\/\/packagingqr.energizerholdings.com\/lights\/Eveready\/hu\/\" method=\"get\" role=\"search\" ><div class=\"aws-wrapper\"><label class=\"aws-search-label\" for=\"69e8005c773b6\">Search<\/label><input type=\"search\" name=\"s\" id=\"69e8005c773b6\" value=\"\" class=\"aws-search-field\" placeholder=\"Search\" autocomplete=\"off\" \/><input type=\"hidden\" name=\"post_type\" value=\"product\"><input type=\"hidden\" name=\"type_aws\" value=\"true\"><div class=\"aws-search-clear\"><span>\u00d7<\/span><\/div><div class=\"aws-loader\"><\/div><\/div><\/form><\/div>\t\t\t\t<\/div>\n\t\t\t\t<\/div>\n\t\t\t\t\t<\/div>\n\t\t<\/div>\n\t\t\t\t<div class=\"elementor-column elementor-col-50 elementor-inner-column elementor-element elementor-element-36fd3bcf\" data-id=\"36fd3bcf\" data-element_type=\"column\" data-e-type=\"column\">\n\t\t\t<div class=\"elementor-widget-wrap\">\n\t\t\t\t\t\t\t<\/div>\n\t\t<\/div>\n\t\t\t\t\t<\/div>\n\t\t<\/section>\n\t\t\t\t\t<\/div>\n\t\t<\/div>\n\t\t\t\t\t<\/div>\n\t\t<\/section>\n\t\t\t\t<section class=\"elementor-section elementor-top-section elementor-element elementor-element-6d246dce elementor-section-full_width elementor-section-height-default elementor-section-height-default\" data-id=\"6d246dce\" data-element_type=\"section\" data-e-type=\"section\" data-settings=\"{&quot;background_background&quot;:&quot;classic&quot;}\">\n\t\t\t\t\t\t<div class=\"elementor-container elementor-column-gap-default\">\n\t\t\t\t\t<div class=\"elementor-column elementor-col-100 elementor-top-column elementor-element elementor-element-13cb60fa\" data-id=\"13cb60fa\" data-element_type=\"column\" data-e-type=\"column\">\n\t\t\t<div class=\"elementor-widget-wrap elementor-element-populated\">\n\t\t\t\t\t\t<div class=\"elementor-element elementor-element-311d9fba elementor-widget elementor-widget-image\" data-id=\"311d9fba\" data-element_type=\"widget\" data-e-type=\"widget\" data-widget_type=\"image.default\">\n\t\t\t\t<div class=\"elementor-widget-container\">\n\t\t\t\t\t\t\t\t\t\t\t\t\t\t\t<img fetchpriority=\"high\" decoding=\"async\" width=\"1207\" height=\"844\" src=\"https:\/\/packagingqr.energizerholdings.com\/lights\/Eveready\/hu\/wp-content\/uploads\/sites\/14\/2022\/01\/image02.jpg\" class=\"attachment-full size-full wp-image-89\" alt=\"\" srcset=\"https:\/\/packagingqr.energizerholdings.com\/lights\/Eveready\/hu\/wp-content\/uploads\/sites\/14\/2022\/01\/image02.jpg 1207w, https:\/\/packagingqr.energizerholdings.com\/lights\/Eveready\/hu\/wp-content\/uploads\/sites\/14\/2022\/01\/image02-300x210.jpg 300w, https:\/\/packagingqr.energizerholdings.com\/lights\/Eveready\/hu\/wp-content\/uploads\/sites\/14\/2022\/01\/image02-1024x716.jpg 1024w, https:\/\/packagingqr.energizerholdings.com\/lights\/Eveready\/hu\/wp-content\/uploads\/sites\/14\/2022\/01\/image02-768x537.jpg 768w, https:\/\/packagingqr.energizerholdings.com\/lights\/Eveready\/hu\/wp-content\/uploads\/sites\/14\/2022\/01\/image02-600x420.jpg 600w\" sizes=\"(max-width: 1207px) 100vw, 1207px\" style=\"width:100%;height:69.93%;max-width:1207px\" \/>\t\t\t\t\t\t\t\t\t\t\t\t\t\t\t<\/div>\n\t\t\t\t<\/div>\n\t\t\t\t\t<\/div>\n\t\t<\/div>\n\t\t\t\t\t<\/div>\n\t\t<\/section>\n\t\t\t\t<section class=\"elementor-section elementor-top-section elementor-element elementor-element-d47b58e elementor-section-full_width elementor-section-height-min-height elementor-section-height-default elementor-section-items-middle\" data-id=\"d47b58e\" data-element_type=\"section\" data-e-type=\"section\" data-settings=\"{&quot;background_background&quot;:&quot;classic&quot;}\">\n\t\t\t\t\t\t<div class=\"elementor-container elementor-column-gap-default\">\n\t\t\t\t\t<div class=\"elementor-column elementor-col-100 elementor-top-column elementor-element elementor-element-20c47e0\" data-id=\"20c47e0\" data-element_type=\"column\" data-e-type=\"column\" data-settings=\"{&quot;background_background&quot;:&quot;classic&quot;}\">\n\t\t\t<div class=\"elementor-widget-wrap elementor-element-populated\">\n\t\t\t\t\t\t<div class=\"elementor-element elementor-element-eafc943 lang-img elementor-widget elementor-widget-image\" data-id=\"eafc943\" data-element_type=\"widget\" data-e-type=\"widget\" data-widget_type=\"image.default\">\n\t\t\t\t<div class=\"elementor-widget-container\">\n\t\t\t\t\t\t\t\t\t\t\t\t\t\t\t\t<a href=\"https:\/\/packagingqr.energizerholdings.com\/lights\/Eveready\/home\/?f=gb\">\n\t\t\t\t\t\t\t<img decoding=\"async\" width=\"108\" height=\"89\" src=\"https:\/\/packagingqr.energizerholdings.com\/lights\/Eveready\/hu\/wp-content\/uploads\/sites\/14\/2022\/01\/lang.png\" class=\"attachment-full size-full wp-image-77\" alt=\"\" style=\"width:100%;height:82.41%;max-width:108px\" \/>\t\t\t\t\t\t\t\t<\/a>\n\t\t\t\t\t\t\t\t\t\t\t\t\t\t\t<\/div>\n\t\t\t\t<\/div>\n\t\t\t\t\t<\/div>\n\t\t<\/div>\n\t\t\t\t\t<\/div>\n\t\t<\/section>\n\t\t\t\t<\/div>\n\t\t","protected":false},"excerpt":{"rendered":"<p>Figyelmeztet\u00e9s\/Figyelem Adja meg a k\u00f6nny\u0171 term\u00e9kk\u00f3dot (A csomagol\u00e1s h\u00e1toldal\u00e1n tal\u00e1lhat\u00f3) Search\u00d7<\/p>\n","protected":false},"author":1,"featured_media":0,"parent":0,"menu_order":0,"comment_status":"closed","ping_status":"closed","template":"elementor_header_footer","meta":{"footnotes":""},"class_list":["post-30","page","type-page","status-publish","hentry","entry"],"_links":{"self":[{"href":"https:\/\/packagingqr.energizerholdings.com\/lights\/Eveready\/hu\/wp-json\/wp\/v2\/pages\/30","targetHints":{"allow":["GET"]}}],"collection":[{"href":"https:\/\/packagingqr.energizerholdings.com\/lights\/Eveready\/hu\/wp-json\/wp\/v2\/pages"}],"about":[{"href":"https:\/\/packagingqr.energizerholdings.com\/lights\/Eveready\/hu\/wp-json\/wp\/v2\/types\/page"}],"author":[{"embeddable":true,"href":"https:\/\/packagingqr.energizerholdings.com\/lights\/Eveready\/hu\/wp-json\/wp\/v2\/users\/1"}],"replies":[{"embeddable":true,"href":"https:\/\/packagingqr.energizerholdings.com\/lights\/Eveready\/hu\/wp-json\/wp\/v2\/comments?post=30"}],"version-history":[{"count":13,"href":"https:\/\/packagingqr.energizerholdings.com\/lights\/Eveready\/hu\/wp-json\/wp\/v2\/pages\/30\/revisions"}],"predecessor-version":[{"id":101,"href":"https:\/\/packagingqr.energizerholdings.com\/lights\/Eveready\/hu\/wp-json\/wp\/v2\/pages\/30\/revisions\/101"}],"wp:attachment":[{"href":"https:\/\/packagingqr.energizerholdings.com\/lights\/Eveready\/hu\/wp-json\/wp\/v2\/media?parent=30"}],"curies":[{"name":"wp","href":"https:\/\/api.w.org\/{rel}","templated":true}]}}