{"id":1122,"date":"2025-05-21T05:11:55","date_gmt":"2025-05-21T05:11:55","guid":{"rendered":"https:\/\/packagingqr.energizerholdings.com\/lights\/NAEnergizer\/fr\/?post_type=product&#038;p=1122"},"modified":"2025-05-21T05:41:49","modified_gmt":"2025-05-21T05:41:49","slug":"serie-pro-lampe-frontale-hybride-a-del-multicolore","status":"publish","type":"product","link":"https:\/\/packagingqr.energizerholdings.com\/lights\/NAEnergizer\/fr\/product\/serie-pro-lampe-frontale-hybride-a-del-multicolore\/","title":{"rendered":"S\u00c9RIE PRO LAMPE FRONTALE HYBRIDE \u00c0 DEL MULTICOLORE"},"content":{"rendered":"\t\t<div data-elementor-type=\"wp-post\" data-elementor-id=\"1122\" class=\"elementor elementor-1122\" data-elementor-post-type=\"product\">\n\t\t\t\t<div class=\"elementor-element elementor-element-5e8bd34 e-flex e-con-boxed e-con e-parent\" data-id=\"5e8bd34\" data-element_type=\"container\" data-e-type=\"container\">\n\t\t\t\t\t<div class=\"e-con-inner\">\n\t\t<div class=\"elementor-element elementor-element-d397332 e-flex e-con-boxed e-con e-child\" data-id=\"d397332\" data-element_type=\"container\" data-e-type=\"container\">\n\t\t\t\t\t<div class=\"e-con-inner\">\n\t\t\t\t<div class=\"elementor-element elementor-element-a6ec0bd elementor-widget elementor-widget-heading\" data-id=\"a6ec0bd\" data-element_type=\"widget\" data-e-type=\"widget\" data-widget_type=\"heading.default\">\n\t\t\t\t<div class=\"elementor-widget-container\">\n\t\t\t\t\t<h2 class=\"elementor-heading-title elementor-size-default\">S\u00c9RIE PRO\nLAMPE FRONTALE HYBRIDE \u00c0 DEL MULTICOLORE\n<\/h2>\t\t\t\t<\/div>\n\t\t\t\t<\/div>\n\t\t\t\t<div class=\"elementor-element elementor-element-e4acaef para elementor-widget elementor-widget-text-editor\" data-id=\"e4acaef\" data-element_type=\"widget\" data-e-type=\"widget\" data-widget_type=\"text-editor.default\">\n\t\t\t\t<div class=\"elementor-widget-container\">\n\t\t\t\t\t\t\t\t\tLa lampe frontale hybride \u00e0 DEL multicolore Energizer de la s\u00e9rie Pro est une solution de lampe frontale innovante faisant partie de la gamme de la s\u00e9rie Pro. Gr\u00e2ce \u00e0 cette lampe dot\u00e9e d\u2019une technologie DEL lumineuse, durable et \u00e9conome en \u00e9nergie, les utilisateurs profitent d\u2019une solution lumineuse, l\u00e9g\u00e8re et mains libres en plus d\u2019une grande autonomie. La DEL \u00e0 CRI \u00e9lev\u00e9 offre au consommateur une clart\u00e9 des couleurs haute d\u00e9finition. Gr\u00e2ce \u00e0 la fonctionnalit\u00e9 de gradation avanc\u00e9e, les utilisateurs peuvent contr\u00f4ler l\u2019intensit\u00e9 de la lumi\u00e8re de 100\u00a0% \u00e0 10\u00a0%. Un serre-t\u00eate confortable et r\u00e9glable, une conception antireflet et une t\u00eate pivotante pour diriger la lumi\u00e8re exactement o\u00f9 il le faut font de cette lampe frontale une solution parfaite pour le travail. \n\t\t\t\t\t\t\t\t<\/div>\n\t\t\t\t<\/div>\n\t\t\t\t<div class=\"elementor-element elementor-element-950b34d elementor-widget elementor-widget-heading\" data-id=\"950b34d\" data-element_type=\"widget\" data-e-type=\"widget\" data-widget_type=\"heading.default\">\n\t\t\t\t<div class=\"elementor-widget-container\">\n\t\t\t\t\t<h2 class=\"elementor-heading-title elementor-size-default\">Mode d\u2019emploi<\/h2>\t\t\t\t<\/div>\n\t\t\t\t<\/div>\n\t\t\t\t<div class=\"elementor-element elementor-element-d60d115 elementor-widget elementor-widget-heading\" data-id=\"d60d115\" data-element_type=\"widget\" data-e-type=\"widget\" data-widget_type=\"heading.default\">\n\t\t\t\t<div class=\"elementor-widget-container\">\n\t\t\t\t\t<h2 class=\"elementor-heading-title elementor-size-default\">Caract\u00e9ristiques de s\u00e9curit\u00e9 <\/h2>\t\t\t\t<\/div>\n\t\t\t\t<\/div>\n\t\t\t\t<div class=\"elementor-element elementor-element-f3a0e36 elementor-widget elementor-widget-image\" data-id=\"f3a0e36\" data-element_type=\"widget\" data-e-type=\"widget\" data-widget_type=\"image.default\">\n\t\t\t\t<div class=\"elementor-widget-container\">\n\t\t\t\t\t\t\t\t\t\t\t\t\t\t\t<img fetchpriority=\"high\" decoding=\"async\" width=\"930\" height=\"582\" src=\"https:\/\/packagingqr.energizerholdings.com\/lights\/NAEnergizer\/fr\/wp-content\/uploads\/sites\/2\/2025\/05\/1.jpg\" class=\"attachment-full size-full wp-image-1131\" alt=\"\" srcset=\"https:\/\/packagingqr.energizerholdings.com\/lights\/NAEnergizer\/fr\/wp-content\/uploads\/sites\/2\/2025\/05\/1.jpg 930w, https:\/\/packagingqr.energizerholdings.com\/lights\/NAEnergizer\/fr\/wp-content\/uploads\/sites\/2\/2025\/05\/1-300x188.jpg 300w, https:\/\/packagingqr.energizerholdings.com\/lights\/NAEnergizer\/fr\/wp-content\/uploads\/sites\/2\/2025\/05\/1-768x481.jpg 768w\" sizes=\"(max-width: 930px) 100vw, 930px\" \/>\t\t\t\t\t\t\t\t\t\t\t\t\t\t\t<\/div>\n\t\t\t\t<\/div>\n\t\t\t\t<div class=\"elementor-element elementor-element-39b17f9 elementor-widget elementor-widget-heading\" data-id=\"39b17f9\" data-element_type=\"widget\" data-e-type=\"widget\" data-widget_type=\"heading.default\">\n\t\t\t\t<div class=\"elementor-widget-container\">\n\t\t\t\t\t<h2 class=\"elementor-heading-title elementor-size-default\">Sept\u00a0modes\n\n<\/h2>\t\t\t\t<\/div>\n\t\t\t\t<\/div>\n\t\t\t\t<div class=\"elementor-element elementor-element-eb49bec elementor-widget elementor-widget-heading\" data-id=\"eb49bec\" data-element_type=\"widget\" data-e-type=\"widget\" data-widget_type=\"heading.default\">\n\t\t\t\t<div class=\"elementor-widget-container\">\n\t\t\t\t\t<h2 class=\"elementor-heading-title elementor-size-default\">Pour les modes blancs\n\n\n<\/h2>\t\t\t\t<\/div>\n\t\t\t\t<\/div>\n\t\t\t\t<div class=\"elementor-element elementor-element-09a80ba elementor-widget elementor-widget-text-editor\" data-id=\"09a80ba\" data-element_type=\"widget\" data-e-type=\"widget\" data-widget_type=\"text-editor.default\">\n\t\t\t\t<div class=\"elementor-widget-container\">\n\t\t\t\t\t\t\t\t\tAppuyez sur le bouton droit pour les modes blancs<br\/>\nAppuyez une fois pour haute intensit\u00e9<br\/>\nAppuyez deux fois pour intensit\u00e9 moyenne <br\/>\nAppuyez trois fois pour intensit\u00e9 faible \n\t\t\t\t\t\t\t\t<\/div>\n\t\t\t\t<\/div>\n\t\t\t\t<div class=\"elementor-element elementor-element-564a8fb elementor-widget elementor-widget-heading\" data-id=\"564a8fb\" data-element_type=\"widget\" data-e-type=\"widget\" data-widget_type=\"heading.default\">\n\t\t\t\t<div class=\"elementor-widget-container\">\n\t\t\t\t\t<h2 class=\"elementor-heading-title elementor-size-default\">Pour la gradation\n\n\n\n<\/h2>\t\t\t\t<\/div>\n\t\t\t\t<\/div>\n\t\t\t\t<div class=\"elementor-element elementor-element-ed63736 elementor-widget elementor-widget-text-editor\" data-id=\"ed63736\" data-element_type=\"widget\" data-e-type=\"widget\" data-widget_type=\"text-editor.default\">\n\t\t\t\t<div class=\"elementor-widget-container\">\n\t\t\t\t\t\t\t\t\tAppuyez et maintenez enfonc\u00e9 dans n\u2019importe quel mode de lumi\u00e8re blanche pour att\u00e9nuer<br\/>\nLa lumi\u00e8re clignotera aux r\u00e9glages les plus \u00e9lev\u00e9s et les plus bas. Rel\u00e2chez pour r\u00e9gler le niveau de lumi\u00e8re. <br\/>\nPour obtenir le dernier r\u00e9glage en m\u00e9moire du mode blanc, appuyez longuement sur le bouton droit. <br\/>\nLa lumi\u00e8re s\u2019allumera en mode \u00e9lev\u00e9, puis passera au dernier r\u00e9glage\n\t\t\t\t\t\t\t\t<\/div>\n\t\t\t\t<\/div>\n\t\t\t\t<div class=\"elementor-element elementor-element-196d21e elementor-widget elementor-widget-heading\" data-id=\"196d21e\" data-element_type=\"widget\" data-e-type=\"widget\" data-widget_type=\"heading.default\">\n\t\t\t\t<div class=\"elementor-widget-container\">\n\t\t\t\t\t<h2 class=\"elementor-heading-title elementor-size-default\">Pour les modes de couleur \n<\/h2>\t\t\t\t<\/div>\n\t\t\t\t<\/div>\n\t\t\t\t<div class=\"elementor-element elementor-element-7fba29f elementor-widget elementor-widget-text-editor\" data-id=\"7fba29f\" data-element_type=\"widget\" data-e-type=\"widget\" data-widget_type=\"text-editor.default\">\n\t\t\t\t<div class=\"elementor-widget-container\">\n\t\t\t\t\t\t\t\t\tAppuyez sur le bouton gauche pour les modes de couleur<br\/>\nAppuyez une\u00a0fois pour le rouge<br\/>\nAppuyez deux\u00a0fois pour le vert<br\/>\nAppuyez trois\u00a0fois pour le rouge clignotant\n\t\t\t\t\t\t\t\t<\/div>\n\t\t\t\t<\/div>\n\t\t\t\t<div class=\"elementor-element elementor-element-70c1ecc elementor-widget elementor-widget-text-editor\" data-id=\"70c1ecc\" data-element_type=\"widget\" data-e-type=\"widget\" data-widget_type=\"text-editor.default\">\n\t\t\t\t<div class=\"elementor-widget-container\">\n\t\t\t\t\t\t\t\t\tApr\u00e8s deux secondes dans n\u2019importe quel mode, la prochaine pression est d\u00e9sactiv\u00e9e\n\t\t\t\t\t\t\t\t<\/div>\n\t\t\t\t<\/div>\n\t\t\t\t<div class=\"elementor-element elementor-element-b42d685 elementor-widget elementor-widget-heading\" data-id=\"b42d685\" data-element_type=\"widget\" data-e-type=\"widget\" data-widget_type=\"heading.default\">\n\t\t\t\t<div class=\"elementor-widget-container\">\n\t\t\t\t\t<h2 class=\"elementor-heading-title elementor-size-default\">ALIMENTATION:<\/h2>\t\t\t\t<\/div>\n\t\t\t\t<\/div>\n\t\t\t\t<div class=\"elementor-element elementor-element-898e617 elementor-widget elementor-widget-image\" data-id=\"898e617\" data-element_type=\"widget\" data-e-type=\"widget\" data-widget_type=\"image.default\">\n\t\t\t\t<div class=\"elementor-widget-container\">\n\t\t\t\t\t\t\t\t\t\t\t\t\t\t\t<img decoding=\"async\" width=\"930\" height=\"582\" src=\"https:\/\/packagingqr.energizerholdings.com\/lights\/NAEnergizer\/fr\/wp-content\/uploads\/sites\/2\/2025\/05\/2.jpg\" class=\"attachment-full size-full wp-image-1132\" alt=\"\" srcset=\"https:\/\/packagingqr.energizerholdings.com\/lights\/NAEnergizer\/fr\/wp-content\/uploads\/sites\/2\/2025\/05\/2.jpg 930w, https:\/\/packagingqr.energizerholdings.com\/lights\/NAEnergizer\/fr\/wp-content\/uploads\/sites\/2\/2025\/05\/2-300x188.jpg 300w, https:\/\/packagingqr.energizerholdings.com\/lights\/NAEnergizer\/fr\/wp-content\/uploads\/sites\/2\/2025\/05\/2-768x481.jpg 768w\" sizes=\"(max-width: 930px) 100vw, 930px\" \/>\t\t\t\t\t\t\t\t\t\t\t\t\t\t\t<\/div>\n\t\t\t\t<\/div>\n\t\t\t\t<div class=\"elementor-element elementor-element-2d3baf2 elementor-widget elementor-widget-heading\" data-id=\"2d3baf2\" data-element_type=\"widget\" data-e-type=\"widget\" data-widget_type=\"heading.default\">\n\t\t\t\t<div class=\"elementor-widget-container\">\n\t\t\t\t\t<h2 class=\"elementor-heading-title elementor-size-default\">PUISSANCE HYBRIDE\u00a0: FONCTIONNE AVEC DES PILES PRIMAIRES (AAA) OU DES PILES RECHARGEABLES\n\n<\/h2>\t\t\t\t<\/div>\n\t\t\t\t<\/div>\n\t\t\t\t<div class=\"elementor-element elementor-element-adf863d elementor-widget elementor-widget-text-editor\" data-id=\"adf863d\" data-element_type=\"widget\" data-e-type=\"widget\" data-widget_type=\"text-editor.default\">\n\t\t\t\t<div class=\"elementor-widget-container\">\n\t\t\t\t\t\t\t\t\tFonctionne \u00e9galement avec quatre\u00a0piles AAA \n\t\t\t\t\t\t\t\t<\/div>\n\t\t\t\t<\/div>\n\t\t\t\t<div class=\"elementor-element elementor-element-e0b8c75 elementor-icon-list--layout-traditional elementor-list-item-link-full_width elementor-widget elementor-widget-icon-list\" data-id=\"e0b8c75\" data-element_type=\"widget\" data-e-type=\"widget\" data-widget_type=\"icon-list.default\">\n\t\t\t\t<div class=\"elementor-widget-container\">\n\t\t\t\t\t\t\t<ul class=\"elementor-icon-list-items\">\n\t\t\t\t\t\t\t<li class=\"elementor-icon-list-item\">\n\t\t\t\t\t\t\t\t\t\t<span class=\"elementor-icon-list-text\">POUR OUVRIR LE COUVERCLE DU COMPARTIMENT \u00c0 PILES<\/span>\n\t\t\t\t\t\t\t\t\t<\/li>\n\t\t\t\t\t\t<\/ul>\n\t\t\t\t\t\t<\/div>\n\t\t\t\t<\/div>\n\t\t\t\t<div class=\"elementor-element elementor-element-ed96804 elementor-widget elementor-widget-text-editor\" data-id=\"ed96804\" data-element_type=\"widget\" data-e-type=\"widget\" data-widget_type=\"text-editor.default\">\n\t\t\t\t<div class=\"elementor-widget-container\">\n\t\t\t\t\t\t\t\t\tLe bloc d\u2019alimentation est situ\u00e9 \u00e0 l\u2019arri\u00e8re du serre-t\u00eate<br\/>\nSoulevez le loquet pour d\u00e9verrouiller le couvercle du compartiment \u00e0 piles. \u200b\nFermez et appuyez sur le loquet pour verrouiller le couvercle. <br\/>\nRemarque\u00a0: Les piles primaires et les piles rechargeables ne peuvent pas \u00eatre utilis\u00e9es en m\u00eame temps\n\n\t\t\t\t\t\t\t\t<\/div>\n\t\t\t\t<\/div>\n\t\t\t\t<div class=\"elementor-element elementor-element-bc7d3c0 elementor-widget elementor-widget-text-editor\" data-id=\"bc7d3c0\" data-element_type=\"widget\" data-e-type=\"widget\" data-widget_type=\"text-editor.default\">\n\t\t\t\t<div class=\"elementor-widget-container\">\n\t\t\t\t\t\t\t\t\tPOUR UTILISER DES PILES PRIMAIRES (AAA) ET UNE CARTOUCHE<br\/>\n\nChargez la cartouche de batterie avec quatre\u00a0piles AAA en suivant les marques d\u2019orientation sur la cartouche.<br\/>\nOuvrez le compartiment \u00e0 piles et ins\u00e9rez la cartouche de piles en suivant les rep\u00e8res d\u2019orientation \u00e0 l\u2019int\u00e9rieur du compartiment \u00e0 piles et sur la cartouche. \n\t\t\t\t\t\t\t\t<\/div>\n\t\t\t\t<\/div>\n\t\t\t\t<div class=\"elementor-element elementor-element-4daf54f elementor-widget elementor-widget-text-editor\" data-id=\"4daf54f\" data-element_type=\"widget\" data-e-type=\"widget\" data-widget_type=\"text-editor.default\">\n\t\t\t\t<div class=\"elementor-widget-container\">\n\t\t\t\t\t\t\t\t\tPOUR UTILISER LA PILE RECHARGEABLE<br\/>\n\nIns\u00e9rez la pile rechargeable en suivant les rep\u00e8res d\u2019orientation sur la pile et le compartiment \u00e0 piles.<br\/>\nPour la recharge, la pile rechargeable peut \u00eatre laiss\u00e9e dans la lampe ou retir\u00e9e. <br\/>\nLa lampe doit \u00eatre \u00e9teinte pendant la recharge si la pile rechargeable est laiss\u00e9e \u00e0 l\u2019int\u00e9rieur de la lampe.<br\/>\nLa lampe peut fonctionner avec des piles primaires tandis que la pile rechargeable se charge \u00e0 l\u2019ext\u00e9rieur de la lampe. <br\/>\nPour charger, utilisez le cordon USB inclus et branchez la pile sur n\u2019importe quel port de chargement USB. \n\t\t\t\t\t\t\t\t<\/div>\n\t\t\t\t<\/div>\n\t\t\t\t<div class=\"elementor-element elementor-element-fd83585 elementor-widget elementor-widget-text-editor\" data-id=\"fd83585\" data-element_type=\"widget\" data-e-type=\"widget\" data-widget_type=\"text-editor.default\">\n\t\t\t\t<div class=\"elementor-widget-container\">\n\t\t\t\t\t\t\t\t\tIndicateur de charge de la pile rechargeable\n\t\t\t\t\t\t\t\t<\/div>\n\t\t\t\t<\/div>\n\t\t\t\t<div class=\"elementor-element elementor-element-17c45f5 elementor-widget elementor-widget-text-editor\" data-id=\"17c45f5\" data-element_type=\"widget\" data-e-type=\"widget\" data-widget_type=\"text-editor.default\">\n\t\t\t\t<div class=\"elementor-widget-container\">\n\t\t\t\t\t\t\t\t\tLa pile rechargeable dispose d\u2019un indicateur de charge sur le dessus de la cellule. (il faut retirer la pile de la lampe pour voir l\u2019indicateur)\n<br\/>\nDes DEL individuelles s\u2019allumeront lorsque la pile atteindra 25\u00a0%, 50\u00a0%, 75\u00a0% et 100\u00a0% de charge.\n\t\t\t\t\t\t\t\t<\/div>\n\t\t\t\t<\/div>\n\t\t\t\t<div class=\"elementor-element elementor-element-fab16bb elementor-widget elementor-widget-text-editor\" data-id=\"fab16bb\" data-element_type=\"widget\" data-e-type=\"widget\" data-widget_type=\"text-editor.default\">\n\t\t\t\t<div class=\"elementor-widget-container\">\n\t\t\t\t\t\t\t\t\tINDICATEUR DE PILE FAIBLE\n\t\t\t\t\t\t\t\t<\/div>\n\t\t\t\t<\/div>\n\t\t\t\t<div class=\"elementor-element elementor-element-affeb86 elementor-widget elementor-widget-text-editor\" data-id=\"affeb86\" data-element_type=\"widget\" data-e-type=\"widget\" data-widget_type=\"text-editor.default\">\n\t\t\t\t<div class=\"elementor-widget-container\">\n\t\t\t\t\t\t\t\t\tLorsque la lumi\u00e8re est en fonctionnement, une DEL color\u00e9e clignote trois\u00a0fois lorsque la pile est faible. La pile rechargeable devra \u00eatre charg\u00e9e ou les piles AAA devront bient\u00f4t \u00eatre remplac\u00e9es \n\t\t\t\t\t\t\t\t<\/div>\n\t\t\t\t<\/div>\n\t\t\t\t<div class=\"elementor-element elementor-element-6fb44e1 elementor-widget elementor-widget-heading\" data-id=\"6fb44e1\" data-element_type=\"widget\" data-e-type=\"widget\" data-widget_type=\"heading.default\">\n\t\t\t\t<div class=\"elementor-widget-container\">\n\t\t\t\t\t<h2 class=\"elementor-heading-title elementor-size-default\">CARACT\u00c9RISTIQUES DE CONCEPTION\n\n<\/h2>\t\t\t\t<\/div>\n\t\t\t\t<\/div>\n\t\t\t\t<div class=\"elementor-element elementor-element-9f8c79b elementor-widget elementor-widget-image\" data-id=\"9f8c79b\" data-element_type=\"widget\" data-e-type=\"widget\" data-widget_type=\"image.default\">\n\t\t\t\t<div class=\"elementor-widget-container\">\n\t\t\t\t\t\t\t\t\t\t\t\t\t\t\t<img decoding=\"async\" width=\"930\" height=\"582\" src=\"https:\/\/packagingqr.energizerholdings.com\/lights\/NAEnergizer\/fr\/wp-content\/uploads\/sites\/2\/2025\/05\/3.jpg\" class=\"attachment-full size-full wp-image-1133\" alt=\"\" srcset=\"https:\/\/packagingqr.energizerholdings.com\/lights\/NAEnergizer\/fr\/wp-content\/uploads\/sites\/2\/2025\/05\/3.jpg 930w, https:\/\/packagingqr.energizerholdings.com\/lights\/NAEnergizer\/fr\/wp-content\/uploads\/sites\/2\/2025\/05\/3-300x188.jpg 300w, https:\/\/packagingqr.energizerholdings.com\/lights\/NAEnergizer\/fr\/wp-content\/uploads\/sites\/2\/2025\/05\/3-768x481.jpg 768w\" sizes=\"(max-width: 930px) 100vw, 930px\" \/>\t\t\t\t\t\t\t\t\t\t\t\t\t\t\t<\/div>\n\t\t\t\t<\/div>\n\t\t\t\t<div class=\"elementor-element elementor-element-9a4f975 elementor-widget elementor-widget-text-editor\" data-id=\"9a4f975\" data-element_type=\"widget\" data-e-type=\"widget\" data-widget_type=\"text-editor.default\">\n\t\t\t\t<div class=\"elementor-widget-container\">\n\t\t\t\t\t\t\t\t\tATTACHES UNIVERSELLES POUR CASQUE\n\t\t\t\t\t\t\t\t<\/div>\n\t\t\t\t<\/div>\n\t\t\t\t<div class=\"elementor-element elementor-element-b7688dc elementor-widget elementor-widget-text-editor\" data-id=\"b7688dc\" data-element_type=\"widget\" data-e-type=\"widget\" data-widget_type=\"text-editor.default\">\n\t\t\t\t<div class=\"elementor-widget-container\">\n\t\t\t\t\t\t\t\t\tSe fixe aux casques \n\t\t\t\t\t\t\t\t<\/div>\n\t\t\t\t<\/div>\n\t\t\t\t<div class=\"elementor-element elementor-element-3347ca4 elementor-widget elementor-widget-text-editor\" data-id=\"3347ca4\" data-element_type=\"widget\" data-e-type=\"widget\" data-widget_type=\"text-editor.default\">\n\t\t\t\t<div class=\"elementor-widget-container\">\n\t\t\t\t\t\t\t\t\t<p>TO ATTACH:<\/p>\t\t\t\t\t\t\t\t<\/div>\n\t\t\t\t<\/div>\n\t\t\t\t<div class=\"elementor-element elementor-element-5ba51ef elementor-widget elementor-widget-text-editor\" data-id=\"5ba51ef\" data-element_type=\"widget\" data-e-type=\"widget\" data-widget_type=\"text-editor.default\">\n\t\t\t\t<div class=\"elementor-widget-container\">\n\t\t\t\t\t\t\t\t\t1. Veillez \u00e0 ce que la surface du casque soit propre et sans huile.<br\/>\n2. Ajustez le bandeau pour l\u2019adapter \u00e0 la taille du casque.<br\/>\n3. Placez le bandeau autour du casque et positionnez-le en cons\u00e9quence.<br\/>\n4. Retirez le film d\u2019un c\u00f4t\u00e9 du ruban adh\u00e9sif double face et fixez-le \u00e0 chaque attache, en tenant le film sur l\u2019autre c\u00f4t\u00e9.<br\/>\n5. Installez deux des attaches de fixation fournies sur l\u2019avant du casque (figure A).<br\/>\n6. Pour les deux attaches avant, retirez le film de l\u2019autre c\u00f4t\u00e9 du ruban adh\u00e9sif double face et fixez-le au casque pour le maintenir en place.<br\/>\n7. Installez deux des attaches de fixation fournies sur l\u2019arri\u00e8re du casque (figure B). Notez bien que certains mod\u00e8les sont munis d\u2019un emballage de piles. (figure B2)<br\/>\n8. Pour les deux attaches arri\u00e8re, retirez le film de l\u2019autre c\u00f4t\u00e9 du ruban adh\u00e9sif double face et fixez-le au casque pour le maintenir en place.<br\/>\n9. Le bandeau peut \u00eatre retir\u00e9 et rattach\u00e9 au casque sans retirer les attaches de fixation\n\t\t\t\t\t\t\t\t<\/div>\n\t\t\t\t<\/div>\n\t\t\t\t<div class=\"elementor-element elementor-element-d3dcfe4 elementor-widget-divider--view-line elementor-widget elementor-widget-divider\" data-id=\"d3dcfe4\" data-element_type=\"widget\" data-e-type=\"widget\" data-widget_type=\"divider.default\">\n\t\t\t\t<div class=\"elementor-widget-container\">\n\t\t\t\t\t\t\t<div class=\"elementor-divider\">\n\t\t\t<span class=\"elementor-divider-separator\">\n\t\t\t\t\t\t<\/span>\n\t\t<\/div>\n\t\t\t\t\t\t<\/div>\n\t\t\t\t<\/div>\n\t\t\t\t<div class=\"elementor-element elementor-element-233252c footer-logo elementor-widget elementor-widget-image\" data-id=\"233252c\" data-element_type=\"widget\" data-e-type=\"widget\" data-widget_type=\"image.default\">\n\t\t\t\t<div class=\"elementor-widget-container\">\n\t\t\t\t\t\t\t\t\t\t\t\t\t\t\t\t<a href=\"https:\/\/packagingqr.energizerholdings.com\/lights\/NAEnergizer\/product\/energizer-pro-series-multi-colored-led-hybrid-headlamp\/\">\n\t\t\t\t\t\t\t<img loading=\"lazy\" decoding=\"async\" width=\"310\" height=\"163\" src=\"https:\/\/packagingqr.energizerholdings.com\/lights\/NAEnergizer\/fr\/wp-content\/uploads\/sites\/2\/2024\/04\/us-flag-1.png\" class=\"attachment-full size-full wp-image-361\" alt=\"\" srcset=\"https:\/\/packagingqr.energizerholdings.com\/lights\/NAEnergizer\/fr\/wp-content\/uploads\/sites\/2\/2024\/04\/us-flag-1.png 310w, https:\/\/packagingqr.energizerholdings.com\/lights\/NAEnergizer\/fr\/wp-content\/uploads\/sites\/2\/2024\/04\/us-flag-1-300x158.png 300w\" sizes=\"(max-width: 310px) 100vw, 310px\" \/>\t\t\t\t\t\t\t\t<\/a>\n\t\t\t\t\t\t\t\t\t\t\t\t\t\t\t<\/div>\n\t\t\t\t<\/div>\n\t\t\t\t\t<\/div>\n\t\t\t\t<\/div>\n\t\t\t\t\t<\/div>\n\t\t\t\t<\/div>\n\t\t\t\t<\/div>\n\t\t","protected":false},"author":1,"featured_media":1123,"parent":0,"template":"elementor_header_footer","meta":{"_acf_changed":false},"class_list":["post-1122","product","type-product","status-publish","has-post-thumbnail","hentry"],"acf":[],"_links":{"self":[{"href":"https:\/\/packagingqr.energizerholdings.com\/lights\/NAEnergizer\/fr\/wp-json\/wp\/v2\/product\/1122","targetHints":{"allow":["GET"]}}],"collection":[{"href":"https:\/\/packagingqr.energizerholdings.com\/lights\/NAEnergizer\/fr\/wp-json\/wp\/v2\/product"}],"about":[{"href":"https:\/\/packagingqr.energizerholdings.com\/lights\/NAEnergizer\/fr\/wp-json\/wp\/v2\/types\/product"}],"author":[{"embeddable":true,"href":"https:\/\/packagingqr.energizerholdings.com\/lights\/NAEnergizer\/fr\/wp-json\/wp\/v2\/users\/1"}],"version-history":[{"count":34,"href":"https:\/\/packagingqr.energizerholdings.com\/lights\/NAEnergizer\/fr\/wp-json\/wp\/v2\/product\/1122\/revisions"}],"predecessor-version":[{"id":1161,"href":"https:\/\/packagingqr.energizerholdings.com\/lights\/NAEnergizer\/fr\/wp-json\/wp\/v2\/product\/1122\/revisions\/1161"}],"wp:featuredmedia":[{"embeddable":true,"href":"https:\/\/packagingqr.energizerholdings.com\/lights\/NAEnergizer\/fr\/wp-json\/wp\/v2\/media\/1123"}],"wp:attachment":[{"href":"https:\/\/packagingqr.energizerholdings.com\/lights\/NAEnergizer\/fr\/wp-json\/wp\/v2\/media?parent=1122"}],"curies":[{"name":"wp","href":"https:\/\/api.w.org\/{rel}","templated":true}]}}