{"id":1194,"date":"2025-06-05T04:08:49","date_gmt":"2025-06-05T04:08:49","guid":{"rendered":"https:\/\/packagingqr.energizerholdings.com\/lights\/NAEnergizer\/fr\/?post_type=product&#038;p=1194"},"modified":"2025-06-05T04:53:09","modified_gmt":"2025-06-05T04:53:09","slug":"lampe-de-securite-automatique","status":"publish","type":"product","link":"https:\/\/packagingqr.energizerholdings.com\/lights\/NAEnergizer\/fr\/product\/lampe-de-securite-automatique\/","title":{"rendered":"LAMPE DE S\u00c9CURIT\u00c9 AUTOMATIQUE"},"content":{"rendered":"\t\t<div data-elementor-type=\"wp-post\" data-elementor-id=\"1194\" class=\"elementor elementor-1194\" data-elementor-post-type=\"product\">\n\t\t\t\t<div class=\"elementor-element elementor-element-5e8bd34 e-flex e-con-boxed e-con e-parent\" data-id=\"5e8bd34\" data-element_type=\"container\" data-e-type=\"container\">\n\t\t\t\t\t<div class=\"e-con-inner\">\n\t\t<div class=\"elementor-element elementor-element-d397332 e-flex e-con-boxed e-con e-child\" data-id=\"d397332\" data-element_type=\"container\" data-e-type=\"container\">\n\t\t\t\t\t<div class=\"e-con-inner\">\n\t\t\t\t<div class=\"elementor-element elementor-element-a6ec0bd elementor-widget elementor-widget-heading\" data-id=\"a6ec0bd\" data-element_type=\"widget\" data-e-type=\"widget\" data-widget_type=\"heading.default\">\n\t\t\t\t<div class=\"elementor-widget-container\">\n\t\t\t\t\t<h2 class=\"elementor-heading-title elementor-size-default\">LAMPE DE S\u00c9CURIT\u00c9 AUTOMATIQUE\n<\/h2>\t\t\t\t<\/div>\n\t\t\t\t<\/div>\n\t\t\t\t<div class=\"elementor-element elementor-element-e4acaef para elementor-widget elementor-widget-text-editor\" data-id=\"e4acaef\" data-element_type=\"widget\" data-e-type=\"widget\" data-widget_type=\"text-editor.default\">\n\t\t\t\t<div class=\"elementor-widget-container\">\n\t\t\t\t\t\t\t\t\tLa lampe de s\u00e9curit\u00e9 automatique d\u2019Energizer est con\u00e7ue dans un souci de s\u00e9curit\u00e9, de puissance, de rendement, de durabilit\u00e9 et de fonctionnalit\u00e9. Cette lampe polyvalente offre une utilisation mains libres, ce qui la rend parfaite pour les urgences automobiles, les r\u00e9parations ou les projets de bricolage. Il dispose \u00e0 la fois d\u2019un \u00e9clairage de zone et d\u2019un \u00e9clairage directionnel, vous permettant de travailler sous le capot, sur le moteur ou au sol pour changer un pneu. <br\/>Pour plus de commodit\u00e9, la lampe comprend un crochet de suspension, une base magn\u00e9tique et une ventouse, afin que vous puissiez la placer en toute confiance o\u00f9 vous en avez besoin. Deux points de fixation de tr\u00e9pied standard filet\u00e9s offrent encore plus de polyvalence. De plus, il dispose d\u2019une banque d\u2019alimentation int\u00e9gr\u00e9e avec un port USB pour charger vos appareils, vous assurant ainsi d\u2019\u00eatre toujours pr\u00eat.\t\t\t\t\t\t\t\t<\/div>\n\t\t\t\t<\/div>\n\t\t\t\t<div class=\"elementor-element elementor-element-950b34d elementor-widget elementor-widget-heading\" data-id=\"950b34d\" data-element_type=\"widget\" data-e-type=\"widget\" data-widget_type=\"heading.default\">\n\t\t\t\t<div class=\"elementor-widget-container\">\n\t\t\t\t\t<h2 class=\"elementor-heading-title elementor-size-default\">Mode d\u2019emploi<\/h2>\t\t\t\t<\/div>\n\t\t\t\t<\/div>\n\t\t\t\t<div class=\"elementor-element elementor-element-d60d115 elementor-widget elementor-widget-heading\" data-id=\"d60d115\" data-element_type=\"widget\" data-e-type=\"widget\" data-widget_type=\"heading.default\">\n\t\t\t\t<div class=\"elementor-widget-container\">\n\t\t\t\t\t<h2 class=\"elementor-heading-title elementor-size-default\">Caract\u00e9ristiques de s\u00e9curit\u00e9 <\/h2>\t\t\t\t<\/div>\n\t\t\t\t<\/div>\n\t\t\t\t<div class=\"elementor-element elementor-element-f3a0e36 elementor-widget elementor-widget-image\" data-id=\"f3a0e36\" data-element_type=\"widget\" data-e-type=\"widget\" data-widget_type=\"image.default\">\n\t\t\t\t<div class=\"elementor-widget-container\">\n\t\t\t\t\t\t\t\t\t\t\t\t\t\t\t<img fetchpriority=\"high\" decoding=\"async\" width=\"930\" height=\"582\" src=\"https:\/\/packagingqr.energizerholdings.com\/lights\/NAEnergizer\/fr\/wp-content\/uploads\/sites\/2\/2025\/06\/1.jpg\" class=\"attachment-full size-full wp-image-1204\" alt=\"\" srcset=\"https:\/\/packagingqr.energizerholdings.com\/lights\/NAEnergizer\/fr\/wp-content\/uploads\/sites\/2\/2025\/06\/1.jpg 930w, https:\/\/packagingqr.energizerholdings.com\/lights\/NAEnergizer\/fr\/wp-content\/uploads\/sites\/2\/2025\/06\/1-300x188.jpg 300w, https:\/\/packagingqr.energizerholdings.com\/lights\/NAEnergizer\/fr\/wp-content\/uploads\/sites\/2\/2025\/06\/1-768x481.jpg 768w\" sizes=\"(max-width: 930px) 100vw, 930px\" \/>\t\t\t\t\t\t\t\t\t\t\t\t\t\t\t<\/div>\n\t\t\t\t<\/div>\n\t\t\t\t<div class=\"elementor-element elementor-element-39b17f9 elementor-widget elementor-widget-heading\" data-id=\"39b17f9\" data-element_type=\"widget\" data-e-type=\"widget\" data-widget_type=\"heading.default\">\n\t\t\t\t<div class=\"elementor-widget-container\">\n\t\t\t\t\t<h2 class=\"elementor-heading-title elementor-size-default\">1.  POUR L\u2019\u00c9CLAIRAGE DE ZONE\n\n\n<\/h2>\t\t\t\t<\/div>\n\t\t\t\t<\/div>\n\t\t\t\t<div class=\"elementor-element elementor-element-09a80ba elementor-widget elementor-widget-text-editor\" data-id=\"09a80ba\" data-element_type=\"widget\" data-e-type=\"widget\" data-widget_type=\"text-editor.default\">\n\t\t\t\t<div class=\"elementor-widget-container\">\n\t\t\t\t\t\t\t\t\tAppuyez une fois pour haute intensit\u00e9<br\/>\nAppuyez deux fois pour intensit\u00e9 moyenne <br\/>\nAppuyez trois fois pour intensit\u00e9 faible <br\/>\nAppuyez et maintenez \u00e0 tout moment pour un clignotement rouge\n\t\t\t\t\t\t\t\t<\/div>\n\t\t\t\t<\/div>\n\t\t\t\t<div class=\"elementor-element elementor-element-564a8fb elementor-widget elementor-widget-heading\" data-id=\"564a8fb\" data-element_type=\"widget\" data-e-type=\"widget\" data-widget_type=\"heading.default\">\n\t\t\t\t<div class=\"elementor-widget-container\">\n\t\t\t\t\t<h2 class=\"elementor-heading-title elementor-size-default\">2. POUR LA LUMI\u00c8RE DIRECTIONNELLE\n\n\n\n<\/h2>\t\t\t\t<\/div>\n\t\t\t\t<\/div>\n\t\t\t\t<div class=\"elementor-element elementor-element-ed63736 elementor-widget elementor-widget-text-editor\" data-id=\"ed63736\" data-element_type=\"widget\" data-e-type=\"widget\" data-widget_type=\"text-editor.default\">\n\t\t\t\t<div class=\"elementor-widget-container\">\n\t\t\t\t\t\t\t\t\tAPPUYEZ 4 fois pour la lumi\u00e8re directionnelle\n\t\t\t\t\t\t\t\t<\/div>\n\t\t\t\t<\/div>\n\t\t\t\t<div class=\"elementor-element elementor-element-b42d685 elementor-widget elementor-widget-heading\" data-id=\"b42d685\" data-element_type=\"widget\" data-e-type=\"widget\" data-widget_type=\"heading.default\">\n\t\t\t\t<div class=\"elementor-widget-container\">\n\t\t\t\t\t<h2 class=\"elementor-heading-title elementor-size-default\">CHARGEMENT:\n<\/h2>\t\t\t\t<\/div>\n\t\t\t\t<\/div>\n\t\t\t\t<div class=\"elementor-element elementor-element-898e617 elementor-widget elementor-widget-image\" data-id=\"898e617\" data-element_type=\"widget\" data-e-type=\"widget\" data-widget_type=\"image.default\">\n\t\t\t\t<div class=\"elementor-widget-container\">\n\t\t\t\t\t\t\t\t\t\t\t\t\t\t\t<img decoding=\"async\" width=\"930\" height=\"582\" src=\"https:\/\/packagingqr.energizerholdings.com\/lights\/NAEnergizer\/fr\/wp-content\/uploads\/sites\/2\/2025\/06\/2.jpg\" class=\"attachment-full size-full wp-image-1205\" alt=\"\" srcset=\"https:\/\/packagingqr.energizerholdings.com\/lights\/NAEnergizer\/fr\/wp-content\/uploads\/sites\/2\/2025\/06\/2.jpg 930w, https:\/\/packagingqr.energizerholdings.com\/lights\/NAEnergizer\/fr\/wp-content\/uploads\/sites\/2\/2025\/06\/2-300x188.jpg 300w, https:\/\/packagingqr.energizerholdings.com\/lights\/NAEnergizer\/fr\/wp-content\/uploads\/sites\/2\/2025\/06\/2-768x481.jpg 768w\" sizes=\"(max-width: 930px) 100vw, 930px\" \/>\t\t\t\t\t\t\t\t\t\t\t\t\t\t\t<\/div>\n\t\t\t\t<\/div>\n\t\t\t\t<div class=\"elementor-element elementor-element-adf863d elementor-widget elementor-widget-text-editor\" data-id=\"adf863d\" data-element_type=\"widget\" data-e-type=\"widget\" data-widget_type=\"text-editor.default\">\n\t\t\t\t<div class=\"elementor-widget-container\">\n\t\t\t\t\t\t\t\t\tLa lampe peut \u00eatre utilis\u00e9e en mode faible intensit\u00e9 (en entr\u00e9e ou en sortie) lors du chargement, mais le temps de charge sera augment\u00e9. <br\/> \nPour une performance de charge optimale, chargez (en entr\u00e9e ou en sortie) avec la lumi\u00e8re \u00e9teinte.\n\t\t\t\t\t\t\t\t<\/div>\n\t\t\t\t<\/div>\n\t\t\t\t<div class=\"elementor-element elementor-element-2d3baf2 elementor-widget elementor-widget-heading\" data-id=\"2d3baf2\" data-element_type=\"widget\" data-e-type=\"widget\" data-widget_type=\"heading.default\">\n\t\t\t\t<div class=\"elementor-widget-container\">\n\t\t\t\t\t<h2 class=\"elementor-heading-title elementor-size-default\">1. POUR CHARGER LA LUMI\u00c8RE\n\n\n<\/h2>\t\t\t\t<\/div>\n\t\t\t\t<\/div>\n\t\t\t\t<div class=\"elementor-element elementor-element-3c69a34 elementor-widget elementor-widget-text-editor\" data-id=\"3c69a34\" data-element_type=\"widget\" data-e-type=\"widget\" data-widget_type=\"text-editor.default\">\n\t\t\t\t<div class=\"elementor-widget-container\">\n\t\t\t\t\t\t\t\t\tConnectez le c\u00e2ble USB fourni \u00e0 la lumi\u00e8re, puis branchez-le sur n\u2019importe quel port de chargement USB. \n\t\t\t\t\t\t\t\t<\/div>\n\t\t\t\t<\/div>\n\t\t\t\t<div class=\"elementor-element elementor-element-6c32dde elementor-widget elementor-widget-heading\" data-id=\"6c32dde\" data-element_type=\"widget\" data-e-type=\"widget\" data-widget_type=\"heading.default\">\n\t\t\t\t<div class=\"elementor-widget-container\">\n\t\t\t\t\t<h2 class=\"elementor-heading-title elementor-size-default\">2. POUR CHARGER L\u2019APPAREIL\n\n\n\n<\/h2>\t\t\t\t<\/div>\n\t\t\t\t<\/div>\n\t\t\t\t<div class=\"elementor-element elementor-element-ed96804 elementor-widget elementor-widget-text-editor\" data-id=\"ed96804\" data-element_type=\"widget\" data-e-type=\"widget\" data-widget_type=\"text-editor.default\">\n\t\t\t\t<div class=\"elementor-widget-container\">\n\t\t\t\t\t\t\t\t\tConnectez le c\u00e2ble de l\u2019appareil au port de charge, puis branchez l\u2019appareil pour commencer \u00e0 charger. \n\t\t\t\t\t\t\t\t<\/div>\n\t\t\t\t<\/div>\n\t\t\t\t<div class=\"elementor-element elementor-element-6f650bb elementor-widget elementor-widget-heading\" data-id=\"6f650bb\" data-element_type=\"widget\" data-e-type=\"widget\" data-widget_type=\"heading.default\">\n\t\t\t\t<div class=\"elementor-widget-container\">\n\t\t\t\t\t<h2 class=\"elementor-heading-title elementor-size-default\">3. Indicateur de charge \n\n\n<\/h2>\t\t\t\t<\/div>\n\t\t\t\t<\/div>\n\t\t\t\t<div class=\"elementor-element elementor-element-4daf54f elementor-widget elementor-widget-text-editor\" data-id=\"4daf54f\" data-element_type=\"widget\" data-e-type=\"widget\" data-widget_type=\"text-editor.default\">\n\t\t\t\t<div class=\"elementor-widget-container\">\n\t\t\t\t\t\t\t\t\tUn voyant de charge est situ\u00e9 pr\u00e8s du port de charge et s\u2019allume lorsque la charge USB a commenc\u00e9.<br\/>\nClignotement rouge = voyant de charge<br\/>\nRouge = charge termin\u00e9e\u200b<br\/>\nVert = chargement de l\u2019appareil \t\t\t\t\t\t\t\t<\/div>\n\t\t\t\t<\/div>\n\t\t\t\t<div class=\"elementor-element elementor-element-ab39e3e elementor-widget elementor-widget-heading\" data-id=\"ab39e3e\" data-element_type=\"widget\" data-e-type=\"widget\" data-widget_type=\"heading.default\">\n\t\t\t\t<div class=\"elementor-widget-container\">\n\t\t\t\t\t<h2 class=\"elementor-heading-title elementor-size-default\">4. INDICATEUR DE PILE FAIBLE\n\n\n\n<\/h2>\t\t\t\t<\/div>\n\t\t\t\t<\/div>\n\t\t\t\t<div class=\"elementor-element elementor-element-a27173b elementor-widget elementor-widget-text-editor\" data-id=\"a27173b\" data-element_type=\"widget\" data-e-type=\"widget\" data-widget_type=\"text-editor.default\">\n\t\t\t\t<div class=\"elementor-widget-container\">\n\t\t\t\t\t\t\t\t\tLorsque la pile est faible, la lumi\u00e8re de zone clignote en rouge \n\t\t\t\t\t\t\t\t<\/div>\n\t\t\t\t<\/div>\n\t\t\t\t<div class=\"elementor-element elementor-element-6fb44e1 elementor-widget elementor-widget-heading\" data-id=\"6fb44e1\" data-element_type=\"widget\" data-e-type=\"widget\" data-widget_type=\"heading.default\">\n\t\t\t\t<div class=\"elementor-widget-container\">\n\t\t\t\t\t<h2 class=\"elementor-heading-title elementor-size-default\">CARACT\u00c9RISTIQUES DE CONCEPTION\n<\/h2>\t\t\t\t<\/div>\n\t\t\t\t<\/div>\n\t\t\t\t<div class=\"elementor-element elementor-element-9f8c79b elementor-widget elementor-widget-image\" data-id=\"9f8c79b\" data-element_type=\"widget\" data-e-type=\"widget\" data-widget_type=\"image.default\">\n\t\t\t\t<div class=\"elementor-widget-container\">\n\t\t\t\t\t\t\t\t\t\t\t\t\t\t\t<img decoding=\"async\" width=\"930\" height=\"582\" src=\"https:\/\/packagingqr.energizerholdings.com\/lights\/NAEnergizer\/fr\/wp-content\/uploads\/sites\/2\/2025\/06\/3.jpg\" class=\"attachment-full size-full wp-image-1206\" alt=\"\" srcset=\"https:\/\/packagingqr.energizerholdings.com\/lights\/NAEnergizer\/fr\/wp-content\/uploads\/sites\/2\/2025\/06\/3.jpg 930w, https:\/\/packagingqr.energizerholdings.com\/lights\/NAEnergizer\/fr\/wp-content\/uploads\/sites\/2\/2025\/06\/3-300x188.jpg 300w, https:\/\/packagingqr.energizerholdings.com\/lights\/NAEnergizer\/fr\/wp-content\/uploads\/sites\/2\/2025\/06\/3-768x481.jpg 768w\" sizes=\"(max-width: 930px) 100vw, 930px\" \/>\t\t\t\t\t\t\t\t\t\t\t\t\t\t\t<\/div>\n\t\t\t\t<\/div>\n\t\t\t\t<div class=\"elementor-element elementor-element-9c51dcf elementor-widget elementor-widget-heading\" data-id=\"9c51dcf\" data-element_type=\"widget\" data-e-type=\"widget\" data-widget_type=\"heading.default\">\n\t\t\t\t<div class=\"elementor-widget-container\">\n\t\t\t\t\t<h2 class=\"elementor-heading-title elementor-size-default\">1. ZONE DE STOCKAGE\n\n\n\n\n<\/h2>\t\t\t\t<\/div>\n\t\t\t\t<\/div>\n\t\t\t\t<div class=\"elementor-element elementor-element-9a4f975 elementor-widget elementor-widget-text-editor\" data-id=\"9a4f975\" data-element_type=\"widget\" data-e-type=\"widget\" data-widget_type=\"text-editor.default\">\n\t\t\t\t<div class=\"elementor-widget-container\">\n\t\t\t\t\t\t\t\t\tLA VENTOUSE, LE CROCHET ET LE C\u00c2BLE DE CHARGE PEUVENT \u00caTRE RANG\u00c9S DANS LA ZONE DE RANGEMENT D\u00c9SIGN\u00c9E<br\/>\nPour un rangement optimal, placez la ventouse en premier (c\u00f4t\u00e9 ventouse vers le bas) et placez le crochet autour de la ventouse.<br\/>\npour acc\u00e9der au rangement, tourner le bouton vers la gauche pour d\u00e9verrouiller. Tirez pour ouvrir.<br\/>\npour fermer le rangement, fermer la porte et tourner le bouton vers la droite pour verrouiller\t\t\t\t\t\t\t\t<\/div>\n\t\t\t\t<\/div>\n\t\t\t\t<div class=\"elementor-element elementor-element-37b8010 elementor-widget elementor-widget-heading\" data-id=\"37b8010\" data-element_type=\"widget\" data-e-type=\"widget\" data-widget_type=\"heading.default\">\n\t\t\t\t<div class=\"elementor-widget-container\">\n\t\t\t\t\t<h2 class=\"elementor-heading-title elementor-size-default\">PI\u00c8CES JOINTES\n\n\n\n\n<\/h2>\t\t\t\t<\/div>\n\t\t\t\t<\/div>\n\t\t\t\t<div class=\"elementor-element elementor-element-4f01164 elementor-widget elementor-widget-text-editor\" data-id=\"4f01164\" data-element_type=\"widget\" data-e-type=\"widget\" data-widget_type=\"text-editor.default\">\n\t\t\t\t<div class=\"elementor-widget-container\">\n\t\t\t\t\t\t\t\t\tCette lampe est dot\u00e9e de deux zones filet\u00e9es m\u00e9talliques compatibles avec les supports de tr\u00e9pied standard. \nLa ventouse et le crochet de suspension peuvent \u00eatre fix\u00e9s \u00e0 l\u2019une ou l\u2019autre des zones filet\u00e9es, offrant ainsi des options de montage polyvalentes.\t\t\t\t\t\t\t\t<\/div>\n\t\t\t\t<\/div>\n\t\t\t\t<div class=\"elementor-element elementor-element-12c817f elementor-widget elementor-widget-heading\" data-id=\"12c817f\" data-element_type=\"widget\" data-e-type=\"widget\" data-widget_type=\"heading.default\">\n\t\t\t\t<div class=\"elementor-widget-container\">\n\t\t\t\t\t<h2 class=\"elementor-heading-title elementor-size-default\">2. Ventouse\n\n\n\n\n\n\n<\/h2>\t\t\t\t<\/div>\n\t\t\t\t<\/div>\n\t\t\t\t<div class=\"elementor-element elementor-element-f776740 elementor-widget elementor-widget-text-editor\" data-id=\"f776740\" data-element_type=\"widget\" data-e-type=\"widget\" data-widget_type=\"text-editor.default\">\n\t\t\t\t<div class=\"elementor-widget-container\">\n\t\t\t\t\t\t\t\t\tHumidifiez la ventouse pour une meilleure adh\u00e9rence, notamment sur les surfaces verticales.<br\/>\nPlacer la ventouse sur la surface, appuyer et serrer le bouton.<br\/>\nConnectez la lampe \u00e0 la zone filet\u00e9e en m\u00e9tal.<br\/>\nPour retirer la lampe, rel\u00e2chez d\u2019abord l\u2019aspiration en tournant le bouton dans le sens inverse des aiguilles d\u2019une montre.<br\/>\nUtilisez la languette sur la ventouse pour faciliter son retrait.<br\/>\nGardez la ventouse propre pour de meilleures performances.&#8221;\n\t\t\t\t\t\t\t\t<\/div>\n\t\t\t\t<\/div>\n\t\t\t\t<div class=\"elementor-element elementor-element-98556b0 elementor-widget elementor-widget-heading\" data-id=\"98556b0\" data-element_type=\"widget\" data-e-type=\"widget\" data-widget_type=\"heading.default\">\n\t\t\t\t<div class=\"elementor-widget-container\">\n\t\t\t\t\t<h2 class=\"elementor-heading-title elementor-size-default\">3. CROCHET DE CINTRE\n\n\n\n\n\n\n\n\n<\/h2>\t\t\t\t<\/div>\n\t\t\t\t<\/div>\n\t\t\t\t<div class=\"elementor-element elementor-element-9139f7b elementor-widget elementor-widget-text-editor\" data-id=\"9139f7b\" data-element_type=\"widget\" data-e-type=\"widget\" data-widget_type=\"text-editor.default\">\n\t\t\t\t<div class=\"elementor-widget-container\">\n\t\t\t\t\t\t\t\t\tAttachez le crochet \u00e0 une zone filet\u00e9e en m\u00e9tal.<br\/>\nTournez le crochet dans la zone filet\u00e9e jusqu\u2019\u00e0 ce qu\u2019il soit solidement fix\u00e9 \n\t\t\t\t\t\t\t\t<\/div>\n\t\t\t\t<\/div>\n\t\t\t\t<div class=\"elementor-element elementor-element-d3dcfe4 elementor-widget-divider--view-line elementor-widget elementor-widget-divider\" data-id=\"d3dcfe4\" data-element_type=\"widget\" data-e-type=\"widget\" data-widget_type=\"divider.default\">\n\t\t\t\t<div class=\"elementor-widget-container\">\n\t\t\t\t\t\t\t<div class=\"elementor-divider\">\n\t\t\t<span class=\"elementor-divider-separator\">\n\t\t\t\t\t\t<\/span>\n\t\t<\/div>\n\t\t\t\t\t\t<\/div>\n\t\t\t\t<\/div>\n\t\t\t\t<div class=\"elementor-element elementor-element-233252c footer-logo elementor-widget elementor-widget-image\" data-id=\"233252c\" data-element_type=\"widget\" data-e-type=\"widget\" data-widget_type=\"image.default\">\n\t\t\t\t<div class=\"elementor-widget-container\">\n\t\t\t\t\t\t\t\t\t\t\t\t\t\t\t\t<a href=\"https:\/\/packagingqr.energizerholdings.com\/lights\/NAEnergizer\/product\/energizer-auto-safety-light\/\">\n\t\t\t\t\t\t\t<img loading=\"lazy\" decoding=\"async\" width=\"310\" height=\"163\" src=\"https:\/\/packagingqr.energizerholdings.com\/lights\/NAEnergizer\/fr\/wp-content\/uploads\/sites\/2\/2024\/04\/us-flag-1.png\" class=\"attachment-full size-full wp-image-361\" alt=\"\" srcset=\"https:\/\/packagingqr.energizerholdings.com\/lights\/NAEnergizer\/fr\/wp-content\/uploads\/sites\/2\/2024\/04\/us-flag-1.png 310w, https:\/\/packagingqr.energizerholdings.com\/lights\/NAEnergizer\/fr\/wp-content\/uploads\/sites\/2\/2024\/04\/us-flag-1-300x158.png 300w\" sizes=\"(max-width: 310px) 100vw, 310px\" \/>\t\t\t\t\t\t\t\t<\/a>\n\t\t\t\t\t\t\t\t\t\t\t\t\t\t\t<\/div>\n\t\t\t\t<\/div>\n\t\t\t\t\t<\/div>\n\t\t\t\t<\/div>\n\t\t\t\t\t<\/div>\n\t\t\t\t<\/div>\n\t\t\t\t<\/div>\n\t\t","protected":false},"author":1,"featured_media":1196,"parent":0,"template":"elementor_header_footer","meta":{"_acf_changed":false},"class_list":["post-1194","product","type-product","status-publish","has-post-thumbnail","hentry"],"acf":[],"_links":{"self":[{"href":"https:\/\/packagingqr.energizerholdings.com\/lights\/NAEnergizer\/fr\/wp-json\/wp\/v2\/product\/1194","targetHints":{"allow":["GET"]}}],"collection":[{"href":"https:\/\/packagingqr.energizerholdings.com\/lights\/NAEnergizer\/fr\/wp-json\/wp\/v2\/product"}],"about":[{"href":"https:\/\/packagingqr.energizerholdings.com\/lights\/NAEnergizer\/fr\/wp-json\/wp\/v2\/types\/product"}],"author":[{"embeddable":true,"href":"https:\/\/packagingqr.energizerholdings.com\/lights\/NAEnergizer\/fr\/wp-json\/wp\/v2\/users\/1"}],"version-history":[{"count":32,"href":"https:\/\/packagingqr.energizerholdings.com\/lights\/NAEnergizer\/fr\/wp-json\/wp\/v2\/product\/1194\/revisions"}],"predecessor-version":[{"id":1231,"href":"https:\/\/packagingqr.energizerholdings.com\/lights\/NAEnergizer\/fr\/wp-json\/wp\/v2\/product\/1194\/revisions\/1231"}],"wp:featuredmedia":[{"embeddable":true,"href":"https:\/\/packagingqr.energizerholdings.com\/lights\/NAEnergizer\/fr\/wp-json\/wp\/v2\/media\/1196"}],"wp:attachment":[{"href":"https:\/\/packagingqr.energizerholdings.com\/lights\/NAEnergizer\/fr\/wp-json\/wp\/v2\/media?parent=1194"}],"curies":[{"name":"wp","href":"https:\/\/api.w.org\/{rel}","templated":true}]}}