{"id":1236,"date":"2025-06-17T12:06:08","date_gmt":"2025-06-17T12:06:08","guid":{"rendered":"https:\/\/packagingqr.energizerholdings.com\/lights\/NAEnergizer\/fr\/?post_type=product&#038;p=1236"},"modified":"2025-06-17T12:25:43","modified_gmt":"2025-06-17T12:25:43","slug":"lampe-de-travail-serie-pro","status":"publish","type":"product","link":"https:\/\/packagingqr.energizerholdings.com\/lights\/NAEnergizer\/fr\/product\/lampe-de-travail-serie-pro\/","title":{"rendered":"LAMPE DE TRAVAIL S\u00c9RIE PRO"},"content":{"rendered":"\t\t<div data-elementor-type=\"wp-post\" data-elementor-id=\"1236\" class=\"elementor elementor-1236\" data-elementor-post-type=\"product\">\n\t\t\t\t<div class=\"elementor-element elementor-element-5e8bd34 e-flex e-con-boxed e-con e-parent\" data-id=\"5e8bd34\" data-element_type=\"container\" data-e-type=\"container\">\n\t\t\t\t\t<div class=\"e-con-inner\">\n\t\t<div class=\"elementor-element elementor-element-d397332 e-flex e-con-boxed e-con e-child\" data-id=\"d397332\" data-element_type=\"container\" data-e-type=\"container\">\n\t\t\t\t\t<div class=\"e-con-inner\">\n\t\t\t\t<div class=\"elementor-element elementor-element-a6ec0bd elementor-widget elementor-widget-heading\" data-id=\"a6ec0bd\" data-element_type=\"widget\" data-e-type=\"widget\" data-widget_type=\"heading.default\">\n\t\t\t\t<div class=\"elementor-widget-container\">\n\t\t\t\t\t<h2 class=\"elementor-heading-title elementor-size-default\">LAMPE DE TRAVAIL S\u00c9RIE PRO \n\n<\/h2>\t\t\t\t<\/div>\n\t\t\t\t<\/div>\n\t\t\t\t<div class=\"elementor-element elementor-element-e4acaef para elementor-widget elementor-widget-text-editor\" data-id=\"e4acaef\" data-element_type=\"widget\" data-e-type=\"widget\" data-widget_type=\"text-editor.default\">\n\t\t\t\t<div class=\"elementor-widget-container\">\n\t\t\t\t\t\t\t\t\t<p>La lampe de travail hybride Energizer Pro Series offre des options d\u2019\u00e9clairage polyvalentes, fonctionnant \u00e0 la fois comme une lumi\u00e8re de zone et directionnelle. Son syst\u00e8me d\u2019alimentation hybride vous assure de toujours avoir de la lumi\u00e8re quand vous en avez besoin en fonctionnant avec soit 3\u00a0piles\u00a0AA, soit des piles rechargeables. Il comprend \u00e9galement une banque d\u2019alimentation avec une prise USB pour charger les appareils.<\/p><p>Con\u00e7ue pour r\u00e9sister aux conditions difficiles, cette lampe de travail est durable, \u00e9tanche et r\u00e9sistante \u00e0 la poussi\u00e8re. Parmi les caract\u00e9ristiques suppl\u00e9mentaires figurent un crochet de suspension, des pieds r\u00e9glables pour diriger la lumi\u00e8re, une poign\u00e9e antid\u00e9rapante, un tr\u00e9pied adaptable, des aimants pour la fixation et le stockage, et un indicateur de dur\u00e9e de vie des piles rechargeable, le tout dans une seule lampe.<\/p>\t\t\t\t\t\t\t\t<\/div>\n\t\t\t\t<\/div>\n\t\t\t\t<div class=\"elementor-element elementor-element-950b34d elementor-widget elementor-widget-heading\" data-id=\"950b34d\" data-element_type=\"widget\" data-e-type=\"widget\" data-widget_type=\"heading.default\">\n\t\t\t\t<div class=\"elementor-widget-container\">\n\t\t\t\t\t<h2 class=\"elementor-heading-title elementor-size-default\">Mode d\u2019emploi<\/h2>\t\t\t\t<\/div>\n\t\t\t\t<\/div>\n\t\t\t\t<div class=\"elementor-element elementor-element-d60d115 elementor-widget elementor-widget-heading\" data-id=\"d60d115\" data-element_type=\"widget\" data-e-type=\"widget\" data-widget_type=\"heading.default\">\n\t\t\t\t<div class=\"elementor-widget-container\">\n\t\t\t\t\t<h2 class=\"elementor-heading-title elementor-size-default\">Caract\u00e9ristiques de s\u00e9curit\u00e9 <\/h2>\t\t\t\t<\/div>\n\t\t\t\t<\/div>\n\t\t\t\t<div class=\"elementor-element elementor-element-f3a0e36 elementor-widget elementor-widget-image\" data-id=\"f3a0e36\" data-element_type=\"widget\" data-e-type=\"widget\" data-widget_type=\"image.default\">\n\t\t\t\t<div class=\"elementor-widget-container\">\n\t\t\t\t\t\t\t\t\t\t\t\t\t\t\t<img fetchpriority=\"high\" decoding=\"async\" width=\"930\" height=\"582\" src=\"https:\/\/packagingqr.energizerholdings.com\/lights\/NAEnergizer\/fr\/wp-content\/uploads\/sites\/2\/2025\/06\/1-1.jpg\" class=\"attachment-full size-full wp-image-1239\" alt=\"\" srcset=\"https:\/\/packagingqr.energizerholdings.com\/lights\/NAEnergizer\/fr\/wp-content\/uploads\/sites\/2\/2025\/06\/1-1.jpg 930w, https:\/\/packagingqr.energizerholdings.com\/lights\/NAEnergizer\/fr\/wp-content\/uploads\/sites\/2\/2025\/06\/1-1-300x188.jpg 300w, https:\/\/packagingqr.energizerholdings.com\/lights\/NAEnergizer\/fr\/wp-content\/uploads\/sites\/2\/2025\/06\/1-1-768x481.jpg 768w\" sizes=\"(max-width: 930px) 100vw, 930px\" \/>\t\t\t\t\t\t\t\t\t\t\t\t\t\t\t<\/div>\n\t\t\t\t<\/div>\n\t\t\t\t<div class=\"elementor-element elementor-element-39b17f9 elementor-widget elementor-widget-heading\" data-id=\"39b17f9\" data-element_type=\"widget\" data-e-type=\"widget\" data-widget_type=\"heading.default\">\n\t\t\t\t<div class=\"elementor-widget-container\">\n\t\t\t\t\t<h2 class=\"elementor-heading-title elementor-size-default\">Appuyez sur le bouton d\u2019alimentation pour allumer \n\n\n<\/h2>\t\t\t\t<\/div>\n\t\t\t\t<\/div>\n\t\t\t\t<div class=\"elementor-element elementor-element-eb49bec elementor-widget elementor-widget-heading\" data-id=\"eb49bec\" data-element_type=\"widget\" data-e-type=\"widget\" data-widget_type=\"heading.default\">\n\t\t\t\t<div class=\"elementor-widget-container\">\n\t\t\t\t\t<h2 class=\"elementor-heading-title elementor-size-default\">1. POUR L\u2019\u00c9CLAIRAGE DE ZONE\n\n\n\n<\/h2>\t\t\t\t<\/div>\n\t\t\t\t<\/div>\n\t\t\t\t<div class=\"elementor-element elementor-element-09a80ba elementor-widget elementor-widget-text-editor\" data-id=\"09a80ba\" data-element_type=\"widget\" data-e-type=\"widget\" data-widget_type=\"text-editor.default\">\n\t\t\t\t<div class=\"elementor-widget-container\">\n\t\t\t\t\t\t\t\t\tAppuyez une fois pour haute intensit\u00e9<\/br>\nAppuyez deux fois pour intensit\u00e9 moyenne <\/br>\nAppuyez trois fois pour intensit\u00e9 faible \n\t\t\t\t\t\t\t\t<\/div>\n\t\t\t\t<\/div>\n\t\t\t\t<div class=\"elementor-element elementor-element-564a8fb elementor-widget elementor-widget-heading\" data-id=\"564a8fb\" data-element_type=\"widget\" data-e-type=\"widget\" data-widget_type=\"heading.default\">\n\t\t\t\t<div class=\"elementor-widget-container\">\n\t\t\t\t\t<h2 class=\"elementor-heading-title elementor-size-default\">2. POUR LA LUMI\u00c8RE DIRECTIONNELLE\n\n\n\n\n<\/h2>\t\t\t\t<\/div>\n\t\t\t\t<\/div>\n\t\t\t\t<div class=\"elementor-element elementor-element-ed63736 elementor-widget elementor-widget-text-editor\" data-id=\"ed63736\" data-element_type=\"widget\" data-e-type=\"widget\" data-widget_type=\"text-editor.default\">\n\t\t\t\t<div class=\"elementor-widget-container\">\n\t\t\t\t\t\t\t\t\tAppuyez et maintenez le bouton dans n\u2019importe quel mode pour la lumi\u00e8re directionnelle<\/br>\nAppuyez sur le bouton dans n\u2019importe quel mode apr\u00e8s 2\u00a0secondes pour \u00e9teindre \n\t\t\t\t\t\t\t\t<\/div>\n\t\t\t\t<\/div>\n\t\t\t\t<div class=\"elementor-element elementor-element-b42d685 elementor-widget elementor-widget-heading\" data-id=\"b42d685\" data-element_type=\"widget\" data-e-type=\"widget\" data-widget_type=\"heading.default\">\n\t\t\t\t<div class=\"elementor-widget-container\">\n\t\t\t\t\t<h2 class=\"elementor-heading-title elementor-size-default\">ALIMENTATION:<\/h2>\t\t\t\t<\/div>\n\t\t\t\t<\/div>\n\t\t\t\t<div class=\"elementor-element elementor-element-898e617 elementor-widget elementor-widget-image\" data-id=\"898e617\" data-element_type=\"widget\" data-e-type=\"widget\" data-widget_type=\"image.default\">\n\t\t\t\t<div class=\"elementor-widget-container\">\n\t\t\t\t\t\t\t\t\t\t\t\t\t\t\t<img decoding=\"async\" width=\"930\" height=\"582\" src=\"https:\/\/packagingqr.energizerholdings.com\/lights\/NAEnergizer\/fr\/wp-content\/uploads\/sites\/2\/2025\/06\/2-1.jpg\" class=\"attachment-full size-full wp-image-1240\" alt=\"\" srcset=\"https:\/\/packagingqr.energizerholdings.com\/lights\/NAEnergizer\/fr\/wp-content\/uploads\/sites\/2\/2025\/06\/2-1.jpg 930w, https:\/\/packagingqr.energizerholdings.com\/lights\/NAEnergizer\/fr\/wp-content\/uploads\/sites\/2\/2025\/06\/2-1-300x188.jpg 300w, https:\/\/packagingqr.energizerholdings.com\/lights\/NAEnergizer\/fr\/wp-content\/uploads\/sites\/2\/2025\/06\/2-1-768x481.jpg 768w\" sizes=\"(max-width: 930px) 100vw, 930px\" \/>\t\t\t\t\t\t\t\t\t\t\t\t\t\t\t<\/div>\n\t\t\t\t<\/div>\n\t\t\t\t<div class=\"elementor-element elementor-element-2d3baf2 elementor-widget elementor-widget-heading\" data-id=\"2d3baf2\" data-element_type=\"widget\" data-e-type=\"widget\" data-widget_type=\"heading.default\">\n\t\t\t\t<div class=\"elementor-widget-container\">\n\t\t\t\t\t<h2 class=\"elementor-heading-title elementor-size-default\">PUISSANCE HYBRIDE\u00a0: FONCTIONNE AVEC DES PILES RECHARGEABLES OU PRIMAIRES (AA)\n\n\n<\/h2>\t\t\t\t<\/div>\n\t\t\t\t<\/div>\n\t\t\t\t<div class=\"elementor-element elementor-element-adf863d elementor-widget elementor-widget-text-editor\" data-id=\"adf863d\" data-element_type=\"widget\" data-e-type=\"widget\" data-widget_type=\"text-editor.default\">\n\t\t\t\t<div class=\"elementor-widget-container\">\n\t\t\t\t\t\t\t\t\tLes piles rechargeables et les piles primaires (AA) ne peuvent pas \u00eatre utilis\u00e9es en m\u00eame temps\n\t\t\t\t\t\t\t\t<\/div>\n\t\t\t\t<\/div>\n\t\t\t\t<div class=\"elementor-element elementor-element-7036beb elementor-widget elementor-widget-text-editor\" data-id=\"7036beb\" data-element_type=\"widget\" data-e-type=\"widget\" data-widget_type=\"text-editor.default\">\n\t\t\t\t<div class=\"elementor-widget-container\">\n\t\t\t\t\t\t\t\t\tLa lampe peut \u00eatre utilis\u00e9e en mode faible intensit\u00e9 (en entr\u00e9e ou en sortie) lors du chargement, mais le temps de charge sera augment\u00e9.  \nPour une performance de charge optimale, chargez (en entr\u00e9e ou en sortie) avec la lumi\u00e8re \u00e9teinte.\n\t\t\t\t\t\t\t\t<\/div>\n\t\t\t\t<\/div>\n\t\t\t\t<div class=\"elementor-element elementor-element-4322ac6 elementor-widget elementor-widget-text-editor\" data-id=\"4322ac6\" data-element_type=\"widget\" data-e-type=\"widget\" data-widget_type=\"text-editor.default\">\n\t\t\t\t<div class=\"elementor-widget-container\">\n\t\t\t\t\t\t\t\t\tPour une performance de charge optimale, chargez (en entr\u00e9e ou en sortie) avec la lumi\u00e8re \u00e9teinte.\t\t\t\t\t\t\t\t<\/div>\n\t\t\t\t<\/div>\n\t\t\t\t<div class=\"elementor-element elementor-element-e0b8c75 elementor-icon-list--layout-traditional elementor-list-item-link-full_width elementor-widget elementor-widget-icon-list\" data-id=\"e0b8c75\" data-element_type=\"widget\" data-e-type=\"widget\" data-widget_type=\"icon-list.default\">\n\t\t\t\t<div class=\"elementor-widget-container\">\n\t\t\t\t\t\t\t<ul class=\"elementor-icon-list-items\">\n\t\t\t\t\t\t\t<li class=\"elementor-icon-list-item\">\n\t\t\t\t\t\t\t\t\t\t<span class=\"elementor-icon-list-text\">1. POUR UTILISER LES PILES RECHARGEABLES <\/span>\n\t\t\t\t\t\t\t\t\t<\/li>\n\t\t\t\t\t\t<\/ul>\n\t\t\t\t\t\t<\/div>\n\t\t\t\t<\/div>\n\t\t\t\t<div class=\"elementor-element elementor-element-ed96804 elementor-widget elementor-widget-text-editor\" data-id=\"ed96804\" data-element_type=\"widget\" data-e-type=\"widget\" data-widget_type=\"text-editor.default\">\n\t\t\t\t<div class=\"elementor-widget-container\">\n\t\t\t\t\t\t\t\t\tUtilisez un tournevis pour ouvrir la porte inf\u00e9rieure pour acc\u00e9der aux piles<br\/>\nIns\u00e9rez les piles rechargeables en suivant les rep\u00e8res d\u2019orientation sur les piles et le compartiment \u00e0 piles <br\/>\nGardez les piles rechargeables \u00e0 l\u2019int\u00e9rieur de la lampe pour les charger<br\/>\nConnectez le c\u00e2ble USB fourni \u00e0 la lumi\u00e8re, puis branchez-le sur n\u2019importe quel port de chargement USB. \n\t\t\t\t\t\t\t\t<\/div>\n\t\t\t\t<\/div>\n\t\t\t\t<div class=\"elementor-element elementor-element-dddb6c4 elementor-icon-list--layout-traditional elementor-list-item-link-full_width elementor-widget elementor-widget-icon-list\" data-id=\"dddb6c4\" data-element_type=\"widget\" data-e-type=\"widget\" data-widget_type=\"icon-list.default\">\n\t\t\t\t<div class=\"elementor-widget-container\">\n\t\t\t\t\t\t\t<ul class=\"elementor-icon-list-items\">\n\t\t\t\t\t\t\t<li class=\"elementor-icon-list-item\">\n\t\t\t\t\t\t\t\t\t\t<span class=\"elementor-icon-list-text\">2. POUR UTILISER DES PILES PRIMAIRES (AA)<\/span>\n\t\t\t\t\t\t\t\t\t<\/li>\n\t\t\t\t\t\t<\/ul>\n\t\t\t\t\t\t<\/div>\n\t\t\t\t<\/div>\n\t\t\t\t<div class=\"elementor-element elementor-element-bc7d3c0 elementor-widget elementor-widget-text-editor\" data-id=\"bc7d3c0\" data-element_type=\"widget\" data-e-type=\"widget\" data-widget_type=\"text-editor.default\">\n\t\t\t\t<div class=\"elementor-widget-container\">\n\t\t\t\t\t\t\t\t\tUtilisez un tournevis pour ouvrir la porte inf\u00e9rieure pour acc\u00e9der aux piles<br\/>\nIns\u00e9rez les piles AA en suivant les rep\u00e8res d\u2019orientation sur les piles et le compartiment \u00e0 piles \n\t\t\t\t\t\t\t\t<\/div>\n\t\t\t\t<\/div>\n\t\t\t\t<div class=\"elementor-element elementor-element-4bdf18f elementor-icon-list--layout-traditional elementor-list-item-link-full_width elementor-widget elementor-widget-icon-list\" data-id=\"4bdf18f\" data-element_type=\"widget\" data-e-type=\"widget\" data-widget_type=\"icon-list.default\">\n\t\t\t\t<div class=\"elementor-widget-container\">\n\t\t\t\t\t\t\t<ul class=\"elementor-icon-list-items\">\n\t\t\t\t\t\t\t<li class=\"elementor-icon-list-item\">\n\t\t\t\t\t\t\t\t\t\t<span class=\"elementor-icon-list-text\">3. POUR CHARGER L\u2019APPAREIL<\/span>\n\t\t\t\t\t\t\t\t\t<\/li>\n\t\t\t\t\t\t<\/ul>\n\t\t\t\t\t\t<\/div>\n\t\t\t\t<\/div>\n\t\t\t\t<div class=\"elementor-element elementor-element-4daf54f elementor-widget elementor-widget-text-editor\" data-id=\"4daf54f\" data-element_type=\"widget\" data-e-type=\"widget\" data-widget_type=\"text-editor.default\">\n\t\t\t\t<div class=\"elementor-widget-container\">\n\t\t\t\t\t\t\t\t\tConnectez le c\u00e2ble de l\u2019appareil au port de charge, puis branchez l\u2019appareil pour commencer \u00e0 charger. <br\/>\nLa lumi\u00e8re ne peut pas \u00eatre charg\u00e9e lorsqu\u2019elle est utilis\u00e9e pour charger un appareil\n\t\t\t\t\t\t\t\t<\/div>\n\t\t\t\t<\/div>\n\t\t\t\t<div class=\"elementor-element elementor-element-c0965db elementor-icon-list--layout-traditional elementor-list-item-link-full_width elementor-widget elementor-widget-icon-list\" data-id=\"c0965db\" data-element_type=\"widget\" data-e-type=\"widget\" data-widget_type=\"icon-list.default\">\n\t\t\t\t<div class=\"elementor-widget-container\">\n\t\t\t\t\t\t\t<ul class=\"elementor-icon-list-items\">\n\t\t\t\t\t\t\t<li class=\"elementor-icon-list-item\">\n\t\t\t\t\t\t\t\t\t\t<span class=\"elementor-icon-list-text\">4. INDICATEUR DE CHARGE<\/span>\n\t\t\t\t\t\t\t\t\t<\/li>\n\t\t\t\t\t\t<\/ul>\n\t\t\t\t\t\t<\/div>\n\t\t\t\t<\/div>\n\t\t\t\t<div class=\"elementor-element elementor-element-17c45f5 elementor-widget elementor-widget-text-editor\" data-id=\"17c45f5\" data-element_type=\"widget\" data-e-type=\"widget\" data-widget_type=\"text-editor.default\">\n\t\t\t\t<div class=\"elementor-widget-container\">\n\t\t\t\t\t\t\t\t\tL\u2019indicateur de charge est situ\u00e9 au-dessus du bouton d\u2019alimentation <br\/>\nRouge = voyant de charge<br\/>\nVert = charge termin\u00e9e\n\t\t\t\t\t\t\t\t<\/div>\n\t\t\t\t<\/div>\n\t\t\t\t<div class=\"elementor-element elementor-element-739415b elementor-icon-list--layout-traditional elementor-list-item-link-full_width elementor-widget elementor-widget-icon-list\" data-id=\"739415b\" data-element_type=\"widget\" data-e-type=\"widget\" data-widget_type=\"icon-list.default\">\n\t\t\t\t<div class=\"elementor-widget-container\">\n\t\t\t\t\t\t\t<ul class=\"elementor-icon-list-items\">\n\t\t\t\t\t\t\t<li class=\"elementor-icon-list-item\">\n\t\t\t\t\t\t\t\t\t\t<span class=\"elementor-icon-list-text\">5. INDICATEUR DE BATTERIE <\/span>\n\t\t\t\t\t\t\t\t\t<\/li>\n\t\t\t\t\t\t<\/ul>\n\t\t\t\t\t\t<\/div>\n\t\t\t\t<\/div>\n\t\t\t\t<div class=\"elementor-element elementor-element-affeb86 elementor-widget elementor-widget-text-editor\" data-id=\"affeb86\" data-element_type=\"widget\" data-e-type=\"widget\" data-widget_type=\"text-editor.default\">\n\t\t\t\t<div class=\"elementor-widget-container\">\n\t\t\t\t\t\t\t\t\tLe voyant de la batterie est situ\u00e9 au-dessus du bouton d\u2019alimentation<br\/>\nUne fois la lumi\u00e8re allum\u00e9e, l\u2019indicateur de batterie s\u2019allumera pendant environ 5\u00a0secondes<br\/>\nl\u2019indicateur de batterie est destin\u00e9 uniquement \u00e0 l\u2019utilisation de la batterie rechargeable<br\/>\nVert = plus de 50 %<br\/>\nJaune = 25\u00a0% &#8211; 50\u00a0%<br\/>\nRouge = moins de 25 %<br\/>\nClignotement rouge = moins de 10 %\n\t\t\t\t\t\t\t\t<\/div>\n\t\t\t\t<\/div>\n\t\t\t\t<div class=\"elementor-element elementor-element-6fb44e1 elementor-widget elementor-widget-heading\" data-id=\"6fb44e1\" data-element_type=\"widget\" data-e-type=\"widget\" data-widget_type=\"heading.default\">\n\t\t\t\t<div class=\"elementor-widget-container\">\n\t\t\t\t\t<h2 class=\"elementor-heading-title elementor-size-default\">CARACT\u00c9RISTIQUES DE CONCEPTION\n\n<\/h2>\t\t\t\t<\/div>\n\t\t\t\t<\/div>\n\t\t\t\t<div class=\"elementor-element elementor-element-9f8c79b elementor-widget elementor-widget-image\" data-id=\"9f8c79b\" data-element_type=\"widget\" data-e-type=\"widget\" data-widget_type=\"image.default\">\n\t\t\t\t<div class=\"elementor-widget-container\">\n\t\t\t\t\t\t\t\t\t\t\t\t\t\t\t<img decoding=\"async\" width=\"930\" height=\"582\" src=\"https:\/\/packagingqr.energizerholdings.com\/lights\/NAEnergizer\/fr\/wp-content\/uploads\/sites\/2\/2025\/06\/3-1.jpg\" class=\"attachment-full size-full wp-image-1241\" alt=\"\" srcset=\"https:\/\/packagingqr.energizerholdings.com\/lights\/NAEnergizer\/fr\/wp-content\/uploads\/sites\/2\/2025\/06\/3-1.jpg 930w, https:\/\/packagingqr.energizerholdings.com\/lights\/NAEnergizer\/fr\/wp-content\/uploads\/sites\/2\/2025\/06\/3-1-300x188.jpg 300w, https:\/\/packagingqr.energizerholdings.com\/lights\/NAEnergizer\/fr\/wp-content\/uploads\/sites\/2\/2025\/06\/3-1-768x481.jpg 768w\" sizes=\"(max-width: 930px) 100vw, 930px\" \/>\t\t\t\t\t\t\t\t\t\t\t\t\t\t\t<\/div>\n\t\t\t\t<\/div>\n\t\t\t\t<div class=\"elementor-element elementor-element-9a4f975 elementor-widget elementor-widget-text-editor\" data-id=\"9a4f975\" data-element_type=\"widget\" data-e-type=\"widget\" data-widget_type=\"text-editor.default\">\n\t\t\t\t<div class=\"elementor-widget-container\">\n\t\t\t\t\t\t\t\t\tPLUSIEURS OPTIONS POUR UNE UTILISATION MAINS LIBRES\n\t\t\t\t\t\t\t\t<\/div>\n\t\t\t\t<\/div>\n\t\t\t\t<div class=\"elementor-element elementor-element-b7688dc elementor-widget elementor-widget-text-editor\" data-id=\"b7688dc\" data-element_type=\"widget\" data-e-type=\"widget\" data-widget_type=\"text-editor.default\">\n\t\t\t\t<div class=\"elementor-widget-container\">\n\t\t\t\t\t\t\t\t\t1. Crochet de suspension<br\/>\n2. aimant<br\/> \n3. tr\u00e9pied adaptable<br\/> \n4. pieds r\u00e9glables<br\/> \n5. Liable \u00e0 l\u2019aide de fixations magn\u00e9tiques \n\n\t\t\t\t\t\t\t\t<\/div>\n\t\t\t\t<\/div>\n\t\t\t\t<div class=\"elementor-element elementor-element-d3dcfe4 elementor-widget-divider--view-line elementor-widget elementor-widget-divider\" data-id=\"d3dcfe4\" data-element_type=\"widget\" data-e-type=\"widget\" data-widget_type=\"divider.default\">\n\t\t\t\t<div class=\"elementor-widget-container\">\n\t\t\t\t\t\t\t<div class=\"elementor-divider\">\n\t\t\t<span class=\"elementor-divider-separator\">\n\t\t\t\t\t\t<\/span>\n\t\t<\/div>\n\t\t\t\t\t\t<\/div>\n\t\t\t\t<\/div>\n\t\t\t\t<div class=\"elementor-element elementor-element-233252c footer-logo elementor-widget elementor-widget-image\" data-id=\"233252c\" data-element_type=\"widget\" data-e-type=\"widget\" data-widget_type=\"image.default\">\n\t\t\t\t<div class=\"elementor-widget-container\">\n\t\t\t\t\t\t\t\t\t\t\t\t\t\t\t\t<a href=\"https:\/\/packagingqr.energizerholdings.com\/lights\/NAEnergizer\/product\/pro-series-work-light\/\">\n\t\t\t\t\t\t\t<img loading=\"lazy\" decoding=\"async\" width=\"310\" height=\"163\" src=\"https:\/\/packagingqr.energizerholdings.com\/lights\/NAEnergizer\/fr\/wp-content\/uploads\/sites\/2\/2024\/04\/us-flag-1.png\" class=\"attachment-full size-full wp-image-361\" alt=\"\" srcset=\"https:\/\/packagingqr.energizerholdings.com\/lights\/NAEnergizer\/fr\/wp-content\/uploads\/sites\/2\/2024\/04\/us-flag-1.png 310w, https:\/\/packagingqr.energizerholdings.com\/lights\/NAEnergizer\/fr\/wp-content\/uploads\/sites\/2\/2024\/04\/us-flag-1-300x158.png 300w\" sizes=\"(max-width: 310px) 100vw, 310px\" \/>\t\t\t\t\t\t\t\t<\/a>\n\t\t\t\t\t\t\t\t\t\t\t\t\t\t\t<\/div>\n\t\t\t\t<\/div>\n\t\t\t\t\t<\/div>\n\t\t\t\t<\/div>\n\t\t\t\t\t<\/div>\n\t\t\t\t<\/div>\n\t\t\t\t<\/div>\n\t\t","protected":false},"author":1,"featured_media":1237,"parent":0,"template":"elementor_header_footer","meta":{"_acf_changed":false},"class_list":["post-1236","product","type-product","status-publish","has-post-thumbnail","hentry"],"acf":[],"_links":{"self":[{"href":"https:\/\/packagingqr.energizerholdings.com\/lights\/NAEnergizer\/fr\/wp-json\/wp\/v2\/product\/1236","targetHints":{"allow":["GET"]}}],"collection":[{"href":"https:\/\/packagingqr.energizerholdings.com\/lights\/NAEnergizer\/fr\/wp-json\/wp\/v2\/product"}],"about":[{"href":"https:\/\/packagingqr.energizerholdings.com\/lights\/NAEnergizer\/fr\/wp-json\/wp\/v2\/types\/product"}],"author":[{"embeddable":true,"href":"https:\/\/packagingqr.energizerholdings.com\/lights\/NAEnergizer\/fr\/wp-json\/wp\/v2\/users\/1"}],"version-history":[{"count":46,"href":"https:\/\/packagingqr.energizerholdings.com\/lights\/NAEnergizer\/fr\/wp-json\/wp\/v2\/product\/1236\/revisions"}],"predecessor-version":[{"id":1286,"href":"https:\/\/packagingqr.energizerholdings.com\/lights\/NAEnergizer\/fr\/wp-json\/wp\/v2\/product\/1236\/revisions\/1286"}],"wp:featuredmedia":[{"embeddable":true,"href":"https:\/\/packagingqr.energizerholdings.com\/lights\/NAEnergizer\/fr\/wp-json\/wp\/v2\/media\/1237"}],"wp:attachment":[{"href":"https:\/\/packagingqr.energizerholdings.com\/lights\/NAEnergizer\/fr\/wp-json\/wp\/v2\/media?parent=1236"}],"curies":[{"name":"wp","href":"https:\/\/api.w.org\/{rel}","templated":true}]}}