{"id":206,"date":"2024-01-05T05:41:07","date_gmt":"2024-01-05T05:41:07","guid":{"rendered":"https:\/\/packagingqr.energizerholdings.com\/lights\/NAEnergizer\/fr\/?post_type=product&#038;p=206"},"modified":"2025-08-12T06:50:30","modified_gmt":"2025-08-12T06:50:30","slug":"energizer-indicator-lantern-large","status":"publish","type":"product","link":"https:\/\/packagingqr.energizerholdings.com\/lights\/NAEnergizer\/fr\/product\/energizer-indicator-lantern-large\/","title":{"rendered":"lanterne rechargeable"},"content":{"rendered":"\t\t<div data-elementor-type=\"wp-post\" data-elementor-id=\"206\" class=\"elementor elementor-206\" data-elementor-post-type=\"product\">\n\t\t\t\t\t\t<section class=\"elementor-section elementor-top-section elementor-element elementor-element-6d77071d elementor-section-full_width elementor-section-height-default elementor-section-height-default\" data-id=\"6d77071d\" data-element_type=\"section\" data-e-type=\"section\" data-settings=\"{&quot;background_background&quot;:&quot;classic&quot;}\">\n\t\t\t\t\t\t<div class=\"elementor-container elementor-column-gap-default\">\n\t\t\t\t\t<div class=\"elementor-column elementor-col-100 elementor-top-column elementor-element elementor-element-b799502\" data-id=\"b799502\" data-element_type=\"column\" data-e-type=\"column\">\n\t\t\t<div class=\"elementor-widget-wrap elementor-element-populated\">\n\t\t\t\t\t\t<section class=\"elementor-section elementor-inner-section elementor-element elementor-element-224cce38 elementor-section-boxed elementor-section-height-default elementor-section-height-default\" data-id=\"224cce38\" data-element_type=\"section\" data-e-type=\"section\">\n\t\t\t\t\t\t<div class=\"elementor-container elementor-column-gap-default\">\n\t\t\t\t\t<div class=\"elementor-column elementor-col-100 elementor-inner-column elementor-element elementor-element-be5c9b7\" data-id=\"be5c9b7\" data-element_type=\"column\" data-e-type=\"column\">\n\t\t\t<div class=\"elementor-widget-wrap\">\n\t\t\t\t\t\t\t<\/div>\n\t\t<\/div>\n\t\t\t\t\t<\/div>\n\t\t<\/section>\n\t\t\t\t<section class=\"elementor-section elementor-inner-section elementor-element elementor-element-1f283aa8 row5 elementor-section-boxed elementor-section-height-default elementor-section-height-default\" data-id=\"1f283aa8\" data-element_type=\"section\" data-e-type=\"section\" data-settings=\"{&quot;background_background&quot;:&quot;classic&quot;}\">\n\t\t\t\t\t\t<div class=\"elementor-container elementor-column-gap-default\">\n\t\t\t\t\t<div class=\"elementor-column elementor-col-100 elementor-inner-column elementor-element elementor-element-5db4b00a rowc3\" data-id=\"5db4b00a\" data-element_type=\"column\" data-e-type=\"column\">\n\t\t\t<div class=\"elementor-widget-wrap elementor-element-populated\">\n\t\t\t\t\t\t<div class=\"elementor-element elementor-element-7ec15e79 elementor-widget elementor-widget-heading\" data-id=\"7ec15e79\" data-element_type=\"widget\" data-e-type=\"widget\" data-widget_type=\"heading.default\">\n\t\t\t\t<div class=\"elementor-widget-container\">\n\t\t\t\t\t<h2 class=\"elementor-heading-title elementor-size-default\">lanterne rechargeable\n<\/h2>\t\t\t\t<\/div>\n\t\t\t\t<\/div>\n\t\t\t\t<div class=\"elementor-element elementor-element-35544940 para elementor-widget elementor-widget-text-editor\" data-id=\"35544940\" data-element_type=\"widget\" data-e-type=\"widget\" data-widget_type=\"text-editor.default\">\n\t\t\t\t<div class=\"elementor-widget-container\">\n\t\t\t\t\t\t\t\t\tNe restez jamais dans l\u2019obscurit\u00e9 gr\u00e2ce \u00e0 la lanterne \u00e0 indicateur d\u2019alimentation num\u00e9rique Energizer! L\u2019indicateur d\u2019alimentation facile \u00e0 utiliser offre aux consommateurs confort, confiance et flexibilit\u00e9, car ils savent de combien d\u2019autonomie ils disposent tout en ayant la possibilit\u00e9 d\u2019ajuster la luminosit\u00e9 pour maximiser cette autonomie!  \n\t\t\t\t\t\t\t\t<\/div>\n\t\t\t\t<\/div>\n\t\t\t\t<div class=\"elementor-element elementor-element-7a54ff97 elementor-widget elementor-widget-heading\" data-id=\"7a54ff97\" data-element_type=\"widget\" data-e-type=\"widget\" data-widget_type=\"heading.default\">\n\t\t\t\t<div class=\"elementor-widget-container\">\n\t\t\t\t\t<h2 class=\"elementor-heading-title elementor-size-default\">Mode d\u2019emploi<\/h2>\t\t\t\t<\/div>\n\t\t\t\t<\/div>\n\t\t\t\t<div class=\"elementor-element elementor-element-6a0668fb elementor-widget elementor-widget-heading\" data-id=\"6a0668fb\" data-element_type=\"widget\" data-e-type=\"widget\" data-widget_type=\"heading.default\">\n\t\t\t\t<div class=\"elementor-widget-container\">\n\t\t\t\t\t<h2 class=\"elementor-heading-title elementor-size-default\">UTILISATION :<\/h2>\t\t\t\t<\/div>\n\t\t\t\t<\/div>\n\t\t\t\t<div class=\"elementor-element elementor-element-3ce88df1 elementor-widget elementor-widget-image\" data-id=\"3ce88df1\" data-element_type=\"widget\" data-e-type=\"widget\" data-widget_type=\"image.default\">\n\t\t\t\t<div class=\"elementor-widget-container\">\n\t\t\t\t\t\t\t\t\t\t\t\t\t\t\t<img fetchpriority=\"high\" decoding=\"async\" width=\"930\" height=\"582\" src=\"https:\/\/packagingqr.energizerholdings.com\/lights\/NAEnergizer\/fr\/wp-content\/uploads\/sites\/2\/2024\/01\/1-1.jpg\" class=\"attachment-full size-full wp-image-1292\" alt=\"\" srcset=\"https:\/\/packagingqr.energizerholdings.com\/lights\/NAEnergizer\/fr\/wp-content\/uploads\/sites\/2\/2024\/01\/1-1.jpg 930w, https:\/\/packagingqr.energizerholdings.com\/lights\/NAEnergizer\/fr\/wp-content\/uploads\/sites\/2\/2024\/01\/1-1-300x188.jpg 300w, https:\/\/packagingqr.energizerholdings.com\/lights\/NAEnergizer\/fr\/wp-content\/uploads\/sites\/2\/2024\/01\/1-1-768x481.jpg 768w\" sizes=\"(max-width: 930px) 100vw, 930px\" \/>\t\t\t\t\t\t\t\t\t\t\t\t\t\t\t<\/div>\n\t\t\t\t<\/div>\n\t\t\t\t<div class=\"elementor-element elementor-element-898f477 elementor-widget elementor-widget-heading\" data-id=\"898f477\" data-element_type=\"widget\" data-e-type=\"widget\" data-widget_type=\"heading.default\">\n\t\t\t\t<div class=\"elementor-widget-container\">\n\t\t\t\t\t<h2 class=\"elementor-heading-title elementor-size-default\">AFFICHAGE NUM\u00c9RIQUE\n:\n\n<\/h2>\t\t\t\t<\/div>\n\t\t\t\t<\/div>\n\t\t\t\t<div class=\"elementor-element elementor-element-532ba07 elementor-widget elementor-widget-text-editor\" data-id=\"532ba07\" data-element_type=\"widget\" data-e-type=\"widget\" data-widget_type=\"text-editor.default\">\n\t\t\t\t<div class=\"elementor-widget-container\">\n\t\t\t\t\t\t\t\t\t<ul>\n \t<li>D\u00e8s que le bouton d\u2019alimentation est enfonc\u00e9, le mode veilleuse s\u2019active. \n<\/li>\n \t<li>Appuyez de nouveau pour allumer l\u2019\u00e9clairage de la zone blanche \n<\/li>\n \t<li>Lorsque la lumi\u00e8re diffuse blanche est activ\u00e9e, maintenez le bouton enfonc\u00e9 pendant plus de deux\u00a0secondes pour augmenter ou diminuer la luminosit\u00e9. La lampe clignote lorsque la luminosit\u00e9 est \u00e0 son niveau le plus \u00e9lev\u00e9 ou le plus bas.  Rel\u00e2chez le bouton pour d\u00e9finir le niveau de luminosit\u00e9.  \n<\/li>\n<\/ul>\t\t\t\t\t\t\t\t<\/div>\n\t\t\t\t<\/div>\n\t\t\t\t<div class=\"elementor-element elementor-element-555dcc2 elementor-widget elementor-widget-heading\" data-id=\"555dcc2\" data-element_type=\"widget\" data-e-type=\"widget\" data-widget_type=\"heading.default\">\n\t\t\t\t<div class=\"elementor-widget-container\">\n\t\t\t\t\t<h2 class=\"elementor-heading-title elementor-size-default\">2. INDICATEUR D\u2019AUTONOMIE:\n\n<\/h2>\t\t\t\t<\/div>\n\t\t\t\t<\/div>\n\t\t\t\t<div class=\"elementor-element elementor-element-e88c379 elementor-widget elementor-widget-text-editor\" data-id=\"e88c379\" data-element_type=\"widget\" data-e-type=\"widget\" data-widget_type=\"text-editor.default\">\n\t\t\t\t<div class=\"elementor-widget-container\">\n\t\t\t\t\t\t\t\t\t<ul>\n \t<li>L\u2019indicateur d\u2019autonomie s\u2019affiche en premier\n<\/li>\n \t<li>Cela indique combien d\u2019heures et de minutes d\u2019autonomie restent sur le niveau de luminosit\u00e9 actuel s\u00e9lectionn\u00e9.\n<\/li>\n \t<li>Une luminosit\u00e9 plus faible peut \u00eatre s\u00e9lectionn\u00e9e pour prolonger la dur\u00e9e d\u2019utilisation.\n<\/li>\n<\/ul>\t\t\t\t\t\t\t\t<\/div>\n\t\t\t\t<\/div>\n\t\t\t\t<div class=\"elementor-element elementor-element-dcea5bd elementor-widget elementor-widget-heading\" data-id=\"dcea5bd\" data-element_type=\"widget\" data-e-type=\"widget\" data-widget_type=\"heading.default\">\n\t\t\t\t<div class=\"elementor-widget-container\">\n\t\t\t\t\t<h2 class=\"elementor-heading-title elementor-size-default\">1. INDICATEUR D\u2019ALIMENTATION DE LA PILE:\n\n<\/h2>\t\t\t\t<\/div>\n\t\t\t\t<\/div>\n\t\t\t\t<div class=\"elementor-element elementor-element-55311d6 elementor-widget elementor-widget-text-editor\" data-id=\"55311d6\" data-element_type=\"widget\" data-e-type=\"widget\" data-widget_type=\"text-editor.default\">\n\t\t\t\t<div class=\"elementor-widget-container\">\n\t\t\t\t\t\t\t\t\t<ul>\n \t<li>L\u2019indicateur de charge de la batterie appara\u00eetra environ 5\u00a0secondes apr\u00e8s l\u2019apparition de l\u2019indicateur d\u2019autonomie au niveau de luminosit\u00e9 souhait\u00e9\n<\/li>\n \t<li>Il montre le pourcentage restant de la pile<\/li>\n<li>Une luminosit\u00e9 plus faible peut \u00eatre s\u00e9lectionn\u00e9e pour prolonger la dur\u00e9e de vie de la batterie. <\/li>\n<li>Les deux indicateurs se mettront \u00e0 jour lorsque vous maintiendrez enfonc\u00e9 pour s\u00e9lectionner la luminosit\u00e9.<\/li>\n<li>Une fois que les deux t\u00e9moins atteignent la luminosit\u00e9 souhait\u00e9e, l\u2019\u00e9cran s\u2019\u00e9teint. <\/li>\n<li>L\u2019indicateur d\u2019alimentation num\u00e9rique affiche l\u2019autonomie restante de la pile <\/li>\n<li>Une fois que la lampe a atteint sa limite d\u2019autonomie, elle passe en mode att\u00e9nu\u00e9. L\u2019\u00e9cran appara\u00eet alors en orange estomp\u00e9 et affiche une ic\u00f4ne de pile faible. Une fois la pile compl\u00e8tement d\u00e9charg\u00e9e, l\u2019\u00e9cran att\u00e9nu\u00e9 clignote en rouge toutes les minutes. Une recharge est alors n\u00e9cessaire\n<\/li>\n<\/ul>\t\t\t\t\t\t\t\t<\/div>\n\t\t\t\t<\/div>\n\t\t\t\t<div class=\"elementor-element elementor-element-48e7e285 elementor-widget elementor-widget-heading\" data-id=\"48e7e285\" data-element_type=\"widget\" data-e-type=\"widget\" data-widget_type=\"heading.default\">\n\t\t\t\t<div class=\"elementor-widget-container\">\n\t\t\t\t\t<h2 class=\"elementor-heading-title elementor-size-default\">CHARGEMENT :<\/h2>\t\t\t\t<\/div>\n\t\t\t\t<\/div>\n\t\t\t\t<div class=\"elementor-element elementor-element-560ad685 elementor-widget elementor-widget-image\" data-id=\"560ad685\" data-element_type=\"widget\" data-e-type=\"widget\" data-widget_type=\"image.default\">\n\t\t\t\t<div class=\"elementor-widget-container\">\n\t\t\t\t\t\t\t\t\t\t\t\t\t\t\t<img decoding=\"async\" width=\"930\" height=\"582\" src=\"https:\/\/packagingqr.energizerholdings.com\/lights\/NAEnergizer\/fr\/wp-content\/uploads\/sites\/2\/2024\/01\/2-1.jpg\" class=\"attachment-full size-full wp-image-1300\" alt=\"\" srcset=\"https:\/\/packagingqr.energizerholdings.com\/lights\/NAEnergizer\/fr\/wp-content\/uploads\/sites\/2\/2024\/01\/2-1.jpg 930w, https:\/\/packagingqr.energizerholdings.com\/lights\/NAEnergizer\/fr\/wp-content\/uploads\/sites\/2\/2024\/01\/2-1-300x188.jpg 300w, https:\/\/packagingqr.energizerholdings.com\/lights\/NAEnergizer\/fr\/wp-content\/uploads\/sites\/2\/2024\/01\/2-1-768x481.jpg 768w\" sizes=\"(max-width: 930px) 100vw, 930px\" \/>\t\t\t\t\t\t\t\t\t\t\t\t\t\t\t<\/div>\n\t\t\t\t<\/div>\n\t\t\t\t<div class=\"elementor-element elementor-element-039d49d elementor-widget elementor-widget-heading\" data-id=\"039d49d\" data-element_type=\"widget\" data-e-type=\"widget\" data-widget_type=\"heading.default\">\n\t\t\t\t<div class=\"elementor-widget-container\">\n\t\t\t\t\t<h2 class=\"elementor-heading-title elementor-size-default\">La pile rechargeable ne peut pas \u00eatre remplac\u00e9e par l\u2019utilisateur. \n\n\n<\/h2>\t\t\t\t<\/div>\n\t\t\t\t<\/div>\n\t\t\t\t<div class=\"elementor-element elementor-element-1aea39de elementor-widget elementor-widget-text-editor\" data-id=\"1aea39de\" data-element_type=\"widget\" data-e-type=\"widget\" data-widget_type=\"text-editor.default\">\n\t\t\t\t<div class=\"elementor-widget-container\">\n\t\t\t\t\t\t\t\t\t<ol>\n \t<li>Pour charger, utilisez le cordon\u00a0USB inclus et branchez la lampe dans n\u2019importe quel port de chargement USB.\u00a0<\/li>\n<li>La lampe peut \u00eatre utilis\u00e9e pendant la recharge, mais sa performance peut varier.\nLa lampe peut \u00eatre utilis\u00e9e pour charger d\u2019autres appareils USB. La lampe fonctionne en mode veilleuse ou luminosit\u00e9 blanche la plus faible pendant le chargement.\u00a0\nLa lampe ne peut pas se recharger et se d\u00e9charger en m\u00eame temps. La recharge de la lampe a priorit\u00e9 sur la recharge des appareils.\u00a0\u00a0\u00a0\n<\/li>\n<\/ol>\t\t\t\t\t\t\t\t<\/div>\n\t\t\t\t<\/div>\n\t\t\t\t<div class=\"elementor-element elementor-element-3d6b393 elementor-widget elementor-widget-heading\" data-id=\"3d6b393\" data-element_type=\"widget\" data-e-type=\"widget\" data-widget_type=\"heading.default\">\n\t\t\t\t<div class=\"elementor-widget-container\">\n\t\t\t\t\t<h2 class=\"elementor-heading-title elementor-size-default\">INDICATEUR DE CHARGE DE LA BATTERIE\n\n\n\n<\/h2>\t\t\t\t<\/div>\n\t\t\t\t<\/div>\n\t\t\t\t<div class=\"elementor-element elementor-element-945d628 elementor-widget elementor-widget-text-editor\" data-id=\"945d628\" data-element_type=\"widget\" data-e-type=\"widget\" data-widget_type=\"text-editor.default\">\n\t\t\t\t<div class=\"elementor-widget-container\">\n\t\t\t\t\t\t\t\t\tL\u2019\u00e9cran de la lanterne rechargeable affiche l\u2019\u00e9tat de la pile. Appuyez sur le bouton marche\/arr\u00eat pendant une\u00a0seconde pour allumer l\u2019\u00e9cran \u00e0 tout moment et voir l\u2019\u00e9tat de charge de la pile. \n\t\t\t\t\t\t\t\t<\/div>\n\t\t\t\t<\/div>\n\t\t\t\t<div class=\"elementor-element elementor-element-79340f5c elementor-widget elementor-widget-image\" data-id=\"79340f5c\" data-element_type=\"widget\" data-e-type=\"widget\" data-widget_type=\"image.default\">\n\t\t\t\t<div class=\"elementor-widget-container\">\n\t\t\t\t\t\t\t\t\t\t\t\t\t\t\t<img decoding=\"async\" width=\"930\" height=\"582\" src=\"https:\/\/packagingqr.energizerholdings.com\/lights\/NAEnergizer\/fr\/wp-content\/uploads\/sites\/2\/2024\/01\/3-1.jpg\" class=\"attachment-full size-full wp-image-1304\" alt=\"\" srcset=\"https:\/\/packagingqr.energizerholdings.com\/lights\/NAEnergizer\/fr\/wp-content\/uploads\/sites\/2\/2024\/01\/3-1.jpg 930w, https:\/\/packagingqr.energizerholdings.com\/lights\/NAEnergizer\/fr\/wp-content\/uploads\/sites\/2\/2024\/01\/3-1-300x188.jpg 300w, https:\/\/packagingqr.energizerholdings.com\/lights\/NAEnergizer\/fr\/wp-content\/uploads\/sites\/2\/2024\/01\/3-1-768x481.jpg 768w\" sizes=\"(max-width: 930px) 100vw, 930px\" \/>\t\t\t\t\t\t\t\t\t\t\t\t\t\t\t<\/div>\n\t\t\t\t<\/div>\n\t\t\t\t<div class=\"elementor-element elementor-element-688b46b1 elementor-widget elementor-widget-text-editor\" data-id=\"688b46b1\" data-element_type=\"widget\" data-e-type=\"widget\" data-widget_type=\"text-editor.default\">\n\t\t\t\t<div class=\"elementor-widget-container\">\n\t\t\t\t\t\t\t\t\t<ol>\n \t<li><strong>POIGN\u00c9E AJUSTABLE :<\/strong><br\/>\npoign\u00e9e ajustable pour un transport facile ou une fixation sur un sac.<\/li>\n \t<li><strong>CROCHET DE SUSPENSION :<\/strong><br\/>\nLa fixation rabattable qui figure en bas permet l\u2019accrochage \u00e0 un crochet.<\/li>\n \t<li><strong>RANGEMENT DES C\u00c2BLES :<\/strong><br\/>\nTournez la fixation rabattable vers la gauche pour acc\u00e9der au compartiment de rangement du c\u00e2ble. \n<\/li>\n<\/ol>\t\t\t\t\t\t\t\t<\/div>\n\t\t\t\t<\/div>\n\t\t\t\t<div class=\"elementor-element elementor-element-fd95828 elementor-widget-divider--view-line elementor-widget elementor-widget-divider\" data-id=\"fd95828\" data-element_type=\"widget\" data-e-type=\"widget\" data-widget_type=\"divider.default\">\n\t\t\t\t<div class=\"elementor-widget-container\">\n\t\t\t\t\t\t\t<div class=\"elementor-divider\">\n\t\t\t<span class=\"elementor-divider-separator\">\n\t\t\t\t\t\t<\/span>\n\t\t<\/div>\n\t\t\t\t\t\t<\/div>\n\t\t\t\t<\/div>\n\t\t\t\t<div class=\"elementor-element elementor-element-3c71f6cc footer-logo elementor-widget elementor-widget-image\" data-id=\"3c71f6cc\" data-element_type=\"widget\" data-e-type=\"widget\" data-widget_type=\"image.default\">\n\t\t\t\t<div class=\"elementor-widget-container\">\n\t\t\t\t\t\t\t\t\t\t\t\t\t\t\t\t<a href=\"https:\/\/packagingqr.energizerholdings.com\/lights\/NAEnergizer\/product\/energizer-indicator-lantern-large\/\">\n\t\t\t\t\t\t\t<img loading=\"lazy\" decoding=\"async\" width=\"310\" height=\"163\" src=\"https:\/\/packagingqr.energizerholdings.com\/lights\/NAEnergizer\/fr\/wp-content\/uploads\/sites\/2\/2024\/04\/us-flag-1.png\" class=\"attachment-full size-full wp-image-361\" alt=\"\" srcset=\"https:\/\/packagingqr.energizerholdings.com\/lights\/NAEnergizer\/fr\/wp-content\/uploads\/sites\/2\/2024\/04\/us-flag-1.png 310w, https:\/\/packagingqr.energizerholdings.com\/lights\/NAEnergizer\/fr\/wp-content\/uploads\/sites\/2\/2024\/04\/us-flag-1-300x158.png 300w\" sizes=\"(max-width: 310px) 100vw, 310px\" \/>\t\t\t\t\t\t\t\t<\/a>\n\t\t\t\t\t\t\t\t\t\t\t\t\t\t\t<\/div>\n\t\t\t\t<\/div>\n\t\t\t\t\t<\/div>\n\t\t<\/div>\n\t\t\t\t\t<\/div>\n\t\t<\/section>\n\t\t\t\t\t<\/div>\n\t\t<\/div>\n\t\t\t\t\t<\/div>\n\t\t<\/section>\n\t\t\t\t<\/div>\n\t\t","protected":false},"author":1,"featured_media":207,"parent":0,"template":"elementor_header_footer","meta":{"_acf_changed":false},"class_list":["post-206","product","type-product","status-publish","has-post-thumbnail","hentry"],"acf":[],"_links":{"self":[{"href":"https:\/\/packagingqr.energizerholdings.com\/lights\/NAEnergizer\/fr\/wp-json\/wp\/v2\/product\/206","targetHints":{"allow":["GET"]}}],"collection":[{"href":"https:\/\/packagingqr.energizerholdings.com\/lights\/NAEnergizer\/fr\/wp-json\/wp\/v2\/product"}],"about":[{"href":"https:\/\/packagingqr.energizerholdings.com\/lights\/NAEnergizer\/fr\/wp-json\/wp\/v2\/types\/product"}],"author":[{"embeddable":true,"href":"https:\/\/packagingqr.energizerholdings.com\/lights\/NAEnergizer\/fr\/wp-json\/wp\/v2\/users\/1"}],"version-history":[{"count":29,"href":"https:\/\/packagingqr.energizerholdings.com\/lights\/NAEnergizer\/fr\/wp-json\/wp\/v2\/product\/206\/revisions"}],"predecessor-version":[{"id":1311,"href":"https:\/\/packagingqr.energizerholdings.com\/lights\/NAEnergizer\/fr\/wp-json\/wp\/v2\/product\/206\/revisions\/1311"}],"wp:featuredmedia":[{"embeddable":true,"href":"https:\/\/packagingqr.energizerholdings.com\/lights\/NAEnergizer\/fr\/wp-json\/wp\/v2\/media\/207"}],"wp:attachment":[{"href":"https:\/\/packagingqr.energizerholdings.com\/lights\/NAEnergizer\/fr\/wp-json\/wp\/v2\/media?parent=206"}],"curies":[{"name":"wp","href":"https:\/\/api.w.org\/{rel}","templated":true}]}}