{"id":275,"date":"2024-01-22T11:02:31","date_gmt":"2024-01-22T11:02:31","guid":{"rendered":"https:\/\/packagingqr.energizerholdings.com\/lights\/NAEnergizer\/fr\/?post_type=product&#038;p=275"},"modified":"2025-08-14T06:00:40","modified_gmt":"2025-08-14T06:00:40","slug":"energizer-power-indicator-light","status":"publish","type":"product","link":"https:\/\/packagingqr.energizerholdings.com\/lights\/NAEnergizer\/fr\/product\/energizer-power-indicator-light\/","title":{"rendered":"Voyant d&#8217;alimentation Energizer"},"content":{"rendered":"\t\t<div data-elementor-type=\"wp-post\" data-elementor-id=\"275\" class=\"elementor elementor-275\" data-elementor-post-type=\"product\">\n\t\t\t\t\t\t<section class=\"elementor-section elementor-top-section elementor-element elementor-element-3979a318 elementor-section-full_width elementor-section-height-default elementor-section-height-default\" data-id=\"3979a318\" data-element_type=\"section\" data-e-type=\"section\" data-settings=\"{&quot;background_background&quot;:&quot;classic&quot;}\">\n\t\t\t\t\t\t<div class=\"elementor-container elementor-column-gap-default\">\n\t\t\t\t\t<div class=\"elementor-column elementor-col-100 elementor-top-column elementor-element elementor-element-4242f1a5\" data-id=\"4242f1a5\" data-element_type=\"column\" data-e-type=\"column\">\n\t\t\t<div class=\"elementor-widget-wrap elementor-element-populated\">\n\t\t\t\t\t\t<section class=\"elementor-section elementor-inner-section elementor-element elementor-element-6242caf3 row5 elementor-section-boxed elementor-section-height-default elementor-section-height-default\" data-id=\"6242caf3\" data-element_type=\"section\" data-e-type=\"section\" data-settings=\"{&quot;background_background&quot;:&quot;classic&quot;}\">\n\t\t\t\t\t\t<div class=\"elementor-container elementor-column-gap-default\">\n\t\t\t\t\t<div class=\"elementor-column elementor-col-100 elementor-inner-column elementor-element elementor-element-768b0112 rowc3\" data-id=\"768b0112\" data-element_type=\"column\" data-e-type=\"column\">\n\t\t\t<div class=\"elementor-widget-wrap elementor-element-populated\">\n\t\t\t\t\t\t<div class=\"elementor-element elementor-element-30f364c4 elementor-widget elementor-widget-heading\" data-id=\"30f364c4\" data-element_type=\"widget\" data-e-type=\"widget\" data-widget_type=\"heading.default\">\n\t\t\t\t<div class=\"elementor-widget-container\">\n\t\t\t\t\t<h2 class=\"elementor-heading-title elementor-size-default\">Lampe avec indicateur d\u2019alimentation\n<\/h2>\t\t\t\t<\/div>\n\t\t\t\t<\/div>\n\t\t\t\t<div class=\"elementor-element elementor-element-7fabde11 para elementor-widget elementor-widget-text-editor\" data-id=\"7fabde11\" data-element_type=\"widget\" data-e-type=\"widget\" data-widget_type=\"text-editor.default\">\n\t\t\t\t<div class=\"elementor-widget-container\">\n\t\t\t\t\t\t\t\t\tNe restez jamais dans l\u2019obscurit\u00e9 gr\u00e2ce \u00e0 la lampe avec indicateur d\u2019alimentation num\u00e9rique Energizer! L\u2019indicateur d\u2019alimentation facile \u00e0 utiliser vous offre confort, confiance et flexibilit\u00e9, car vous savez de combien d\u2019autonomie vous disposez tout en ayant la possibilit\u00e9 d\u2019ajuster la luminosit\u00e9 pour maximiser cette autonomie!\t\t\t\t\t\t\t\t<\/div>\n\t\t\t\t<\/div>\n\t\t\t\t<div class=\"elementor-element elementor-element-2d331755 elementor-widget elementor-widget-heading\" data-id=\"2d331755\" data-element_type=\"widget\" data-e-type=\"widget\" data-widget_type=\"heading.default\">\n\t\t\t\t<div class=\"elementor-widget-container\">\n\t\t\t\t\t<h2 class=\"elementor-heading-title elementor-size-default\">Mode d\u2019emploi<\/h2>\t\t\t\t<\/div>\n\t\t\t\t<\/div>\n\t\t\t\t<div class=\"elementor-element elementor-element-75a21ef5 elementor-widget elementor-widget-heading\" data-id=\"75a21ef5\" data-element_type=\"widget\" data-e-type=\"widget\" data-widget_type=\"heading.default\">\n\t\t\t\t<div class=\"elementor-widget-container\">\n\t\t\t\t\t<h2 class=\"elementor-heading-title elementor-size-default\">UTILISATION :<\/h2>\t\t\t\t<\/div>\n\t\t\t\t<\/div>\n\t\t\t\t<div class=\"elementor-element elementor-element-b98eb8e elementor-widget elementor-widget-image\" data-id=\"b98eb8e\" data-element_type=\"widget\" data-e-type=\"widget\" data-widget_type=\"image.default\">\n\t\t\t\t<div class=\"elementor-widget-container\">\n\t\t\t\t\t\t\t\t\t\t\t\t\t\t\t<img fetchpriority=\"high\" decoding=\"async\" width=\"930\" height=\"582\" src=\"https:\/\/packagingqr.energizerholdings.com\/lights\/NAEnergizer\/fr\/wp-content\/uploads\/sites\/2\/2024\/01\/1-3.jpg\" class=\"attachment-full size-full wp-image-1348\" alt=\"\" srcset=\"https:\/\/packagingqr.energizerholdings.com\/lights\/NAEnergizer\/fr\/wp-content\/uploads\/sites\/2\/2024\/01\/1-3.jpg 930w, https:\/\/packagingqr.energizerholdings.com\/lights\/NAEnergizer\/fr\/wp-content\/uploads\/sites\/2\/2024\/01\/1-3-300x188.jpg 300w, https:\/\/packagingqr.energizerholdings.com\/lights\/NAEnergizer\/fr\/wp-content\/uploads\/sites\/2\/2024\/01\/1-3-768x481.jpg 768w\" sizes=\"(max-width: 930px) 100vw, 930px\" \/>\t\t\t\t\t\t\t\t\t\t\t\t\t\t\t<\/div>\n\t\t\t\t<\/div>\n\t\t\t\t<div class=\"elementor-element elementor-element-6563e78 elementor-widget elementor-widget-heading\" data-id=\"6563e78\" data-element_type=\"widget\" data-e-type=\"widget\" data-widget_type=\"heading.default\">\n\t\t\t\t<div class=\"elementor-widget-container\">\n\t\t\t\t\t<h2 class=\"elementor-heading-title elementor-size-default\">AFFICHAGE NUM\u00c9RIQUE:\n<\/h2>\t\t\t\t<\/div>\n\t\t\t\t<\/div>\n\t\t\t\t<div class=\"elementor-element elementor-element-9a359b6 elementor-widget elementor-widget-text-editor\" data-id=\"9a359b6\" data-element_type=\"widget\" data-e-type=\"widget\" data-widget_type=\"text-editor.default\">\n\t\t\t\t<div class=\"elementor-widget-container\">\n\t\t\t\t\t\t\t\t\tD\u00e8s que le bouton d\u2019alimentation est enfonc\u00e9, l\u2019affichage num\u00e9rique s\u2019allume\n\t\t\t\t\t\t\t\t<\/div>\n\t\t\t\t<\/div>\n\t\t\t\t<div class=\"elementor-element elementor-element-2c3ecc0 elementor-widget elementor-widget-heading\" data-id=\"2c3ecc0\" data-element_type=\"widget\" data-e-type=\"widget\" data-widget_type=\"heading.default\">\n\t\t\t\t<div class=\"elementor-widget-container\">\n\t\t\t\t\t<h2 class=\"elementor-heading-title elementor-size-default\">1. INDICATEUR D\u2019AUTONOMIE\n<\/h2>\t\t\t\t<\/div>\n\t\t\t\t<\/div>\n\t\t\t\t<div class=\"elementor-element elementor-element-59e562d elementor-widget elementor-widget-text-editor\" data-id=\"59e562d\" data-element_type=\"widget\" data-e-type=\"widget\" data-widget_type=\"text-editor.default\">\n\t\t\t\t<div class=\"elementor-widget-container\">\n\t\t\t\t\t\t\t\t\t<ul>\n<li>\nL\u2019indicateur d\u2019autonomie s\u2019affiche en premier<\/li>\n<li>Il indique le nombre restant d\u2019heures et de minutes d\u2019autonomie sur le mode actuel s\u00e9lectionn\u00e9.<\/li>\n<li>Un mode inf\u00e9rieur peut \u00eatre s\u00e9lectionn\u00e9 pour prolonger l\u2019autonomie.<\/li>\n<li>Remarque\u00a0: L\u2019indicateur d\u2019autonomie n\u2019est pas disponible en mode Stroboscope d\u2019urgence\n\t\t\t\t\t\t\t\t<\/div>\n\t\t\t\t<\/div>\n\t\t\t\t<div class=\"elementor-element elementor-element-aab74df elementor-widget elementor-widget-heading\" data-id=\"aab74df\" data-element_type=\"widget\" data-e-type=\"widget\" data-widget_type=\"heading.default\">\n\t\t\t\t<div class=\"elementor-widget-container\">\n\t\t\t\t\t<h2 class=\"elementor-heading-title elementor-size-default\">3. INDICATEUR D\u2019ALIMENTATION DE LA PILE\n<\/h2>\t\t\t\t<\/div>\n\t\t\t\t<\/div>\n\t\t\t\t<div class=\"elementor-element elementor-element-bdfac4b elementor-widget elementor-widget-text-editor\" data-id=\"bdfac4b\" data-element_type=\"widget\" data-e-type=\"widget\" data-widget_type=\"text-editor.default\">\n\t\t\t\t<div class=\"elementor-widget-container\">\n\t\t\t\t\t\t\t\t\t<ul>\n \t<li>L\u2019indicateur d\u2019alimentation de la pile s\u2019affichera environ cinq secondes apr\u00e8s que l\u2019indicateur d\u2019autonomie se soit affich\u00e9 sur le mode souhait\u00e9<\/li>\n<li>Il montre le pourcentage restant de la pile\n<li>Un mode inf\u00e9rieur peut \u00eatre s\u00e9lectionn\u00e9 pour prolonger la dur\u00e9e de vie de la pile. <\/li>\n<li>Les deux indicateurs se mettent \u00e0 jour lorsque vous cliquez ou appuyez partiellement sur les modes \u00c9lev\u00e9, Moyen et Faible.<\/li>\n<li>Une fois que les deux indicateurs s\u2019affichent sur le mode souhait\u00e9, l\u2019\u00e9cran s\u2019\u00e9teint. \n<\/li>\n \t\n<\/ul>\t\t\t\t\t\t\t\t<\/div>\n\t\t\t\t<\/div>\n\t\t\t\t<div class=\"elementor-element elementor-element-c3062be elementor-widget elementor-widget-heading\" data-id=\"c3062be\" data-element_type=\"widget\" data-e-type=\"widget\" data-widget_type=\"heading.default\">\n\t\t\t\t<div class=\"elementor-widget-container\">\n\t\t\t\t\t<h2 class=\"elementor-heading-title elementor-size-default\">2. UTILISATION DES MODES\u00a0: \n\n<\/h2>\t\t\t\t<\/div>\n\t\t\t\t<\/div>\n\t\t\t\t<div class=\"elementor-element elementor-element-8414d59 elementor-widget elementor-widget-heading\" data-id=\"8414d59\" data-element_type=\"widget\" data-e-type=\"widget\" data-widget_type=\"heading.default\">\n\t\t\t\t<div class=\"elementor-widget-container\">\n\t\t\t\t\t<h2 class=\"elementor-heading-title elementor-size-default\">UTILISATION DE L\u2019APPUI PARTIEL\n\n\n<\/h2>\t\t\t\t<\/div>\n\t\t\t\t<\/div>\n\t\t\t\t<div class=\"elementor-element elementor-element-35df5aa elementor-widget elementor-widget-text-editor\" data-id=\"35df5aa\" data-element_type=\"widget\" data-e-type=\"widget\" data-widget_type=\"text-editor.default\">\n\t\t\t\t<div class=\"elementor-widget-container\">\n\t\t\t\t\t\t\t\t\t<ul>\n \t<li>appuyez partiellement une fois pour la mise en marche\/mode \u00c9lev\u00e9<\/li>\n<li>appuyez partiellement deux fois pour le mode Moyen<\/li>\n<li>appuyez partiellement trois fois pour le mode Faible\n<\/li>\n \t\n<\/ul>\t\t\t\t\t\t\t\t<\/div>\n\t\t\t\t<\/div>\n\t\t\t\t<div class=\"elementor-element elementor-element-0d7be31 elementor-widget elementor-widget-heading\" data-id=\"0d7be31\" data-element_type=\"widget\" data-e-type=\"widget\" data-widget_type=\"heading.default\">\n\t\t\t\t<div class=\"elementor-widget-container\">\n\t\t\t\t\t<h2 class=\"elementor-heading-title elementor-size-default\">UTILISATION DE L\u2019APPUI COMPLET (la lampe s\u2019\u00e9teindra entre les modes)\n\n\n\n\n<\/h2>\t\t\t\t<\/div>\n\t\t\t\t<\/div>\n\t\t\t\t<div class=\"elementor-element elementor-element-585156a elementor-widget elementor-widget-text-editor\" data-id=\"585156a\" data-element_type=\"widget\" data-e-type=\"widget\" data-widget_type=\"text-editor.default\">\n\t\t\t\t<div class=\"elementor-widget-container\">\n\t\t\t\t\t\t\t\t\t<ul>\n \t<li>appuyez une fois pour la mise en marche\/mode \u00c9lev\u00e9\n<\/li>\n \t<li>appuyez trois fois pour le mode Moyen\n<\/li>\n \t<li>appuyez cinq fois pour le mode Faible\n<\/li>\n<\/ul>\t\t\t\t\t\t\t\t<\/div>\n\t\t\t\t<\/div>\n\t\t\t\t<div class=\"elementor-element elementor-element-e5f6dc0 elementor-widget elementor-widget-heading\" data-id=\"e5f6dc0\" data-element_type=\"widget\" data-e-type=\"widget\" data-widget_type=\"heading.default\">\n\t\t\t\t<div class=\"elementor-widget-container\">\n\t\t\t\t\t<h2 class=\"elementor-heading-title elementor-size-default\">POUR ACC\u00c9DER AU STROBOSCOPE D\u2019URGENCE\n\n\n\n\n\n<\/h2>\t\t\t\t<\/div>\n\t\t\t\t<\/div>\n\t\t\t\t<div class=\"elementor-element elementor-element-9d28bd3 elementor-widget elementor-widget-text-editor\" data-id=\"9d28bd3\" data-element_type=\"widget\" data-e-type=\"widget\" data-widget_type=\"text-editor.default\">\n\t\t\t\t<div class=\"elementor-widget-container\">\n\t\t\t\t\t\t\t\t\t<ul>\n \t<li>appuyez \u00e0 moiti\u00e9 deux fois tr\u00e8s rapidement sur le bouton, puis tenez-le enfonc\u00e9 lors de la deuxi\u00e8me fois pour maintenir le stroboscope allum\u00e9\n<\/li>\n \t<li>Une fois que la lampe a atteint sa limite d\u2019autonomie, elle passe en mode att\u00e9nu\u00e9. L\u2019\u00e9cran appara\u00eet alors en orange estomp\u00e9 et affiche une ic\u00f4ne de pile faible. Une fois la pile compl\u00e8tement d\u00e9charg\u00e9e, l\u2019\u00e9cran att\u00e9nu\u00e9 clignote en rouge toutes les minutes. Une recharge est alors n\u00e9cessaire\n<\/li>\n \t\n<\/ul>\t\t\t\t\t\t\t\t<\/div>\n\t\t\t\t<\/div>\n\t\t\t\t<div class=\"elementor-element elementor-element-7d5e199 elementor-widget elementor-widget-heading\" data-id=\"7d5e199\" data-element_type=\"widget\" data-e-type=\"widget\" data-widget_type=\"heading.default\">\n\t\t\t\t<div class=\"elementor-widget-container\">\n\t\t\t\t\t<h2 class=\"elementor-heading-title elementor-size-default\">CHARGEMENT :<\/h2>\t\t\t\t<\/div>\n\t\t\t\t<\/div>\n\t\t\t\t<div class=\"elementor-element elementor-element-7b1f83c1 elementor-widget elementor-widget-image\" data-id=\"7b1f83c1\" data-element_type=\"widget\" data-e-type=\"widget\" data-widget_type=\"image.default\">\n\t\t\t\t<div class=\"elementor-widget-container\">\n\t\t\t\t\t\t\t\t\t\t\t\t\t\t\t<img decoding=\"async\" width=\"930\" height=\"582\" src=\"https:\/\/packagingqr.energizerholdings.com\/lights\/NAEnergizer\/fr\/wp-content\/uploads\/sites\/2\/2024\/01\/3.jpg\" class=\"attachment-full size-full wp-image-1164\" alt=\"\" srcset=\"https:\/\/packagingqr.energizerholdings.com\/lights\/NAEnergizer\/fr\/wp-content\/uploads\/sites\/2\/2024\/01\/3.jpg 930w, https:\/\/packagingqr.energizerholdings.com\/lights\/NAEnergizer\/fr\/wp-content\/uploads\/sites\/2\/2024\/01\/3-300x188.jpg 300w, https:\/\/packagingqr.energizerholdings.com\/lights\/NAEnergizer\/fr\/wp-content\/uploads\/sites\/2\/2024\/01\/3-768x481.jpg 768w\" sizes=\"(max-width: 930px) 100vw, 930px\" \/>\t\t\t\t\t\t\t\t\t\t\t\t\t\t\t<\/div>\n\t\t\t\t<\/div>\n\t\t\t\t<div class=\"elementor-element elementor-element-af068f1 elementor-widget elementor-widget-text-editor\" data-id=\"af068f1\" data-element_type=\"widget\" data-e-type=\"widget\" data-widget_type=\"text-editor.default\">\n\t\t\t\t<div class=\"elementor-widget-container\">\n\t\t\t\t\t\t\t\t\t1. Charger avec le c\u00e2ble USB inclus\u200b<br\/>\n\nLa pile rechargeable ne peut pas \u00eatre remplac\u00e9e par l\u2019utilisateur.\u00a0\u200b<br\/>\nPour charger, utilisez le cordon\u00a0USB inclus et branchez la lampe dans n\u2019importe quel port de chargement USB.\u00a0\u200b<br\/>\u200b\u00a0\u200b\nLa lampe peut \u00eatre utilis\u00e9e pendant la recharge, mais sa performance peut varier.\t\t\t\t\t\t\t\t<\/div>\n\t\t\t\t<\/div>\n\t\t\t\t<div class=\"elementor-element elementor-element-88f55b4 elementor-widget elementor-widget-heading\" data-id=\"88f55b4\" data-element_type=\"widget\" data-e-type=\"widget\" data-widget_type=\"heading.default\">\n\t\t\t\t<div class=\"elementor-widget-container\">\n\t\t\t\t\t<h2 class=\"elementor-heading-title elementor-size-default\">INDICATEUR D\u2019\u00c9TAT DE CHARGE DE LA PILE<\/h2>\t\t\t\t<\/div>\n\t\t\t\t<\/div>\n\t\t\t\t<div class=\"elementor-element elementor-element-6fa8158 elementor-widget elementor-widget-text-editor\" data-id=\"6fa8158\" data-element_type=\"widget\" data-e-type=\"widget\" data-widget_type=\"text-editor.default\">\n\t\t\t\t<div class=\"elementor-widget-container\">\n\t\t\t\t\t\t\t\t\tPendant que la lampe est en cours de rechargement, l\u2019\u00e9cran num\u00e9rique affiche l\u2019\u00e9tat de la pile. Apr\u00e8s 10\u00a0secondes, l\u2019\u00e9cran s\u2019assombrit. L\u2019\u00e9cran reste allum\u00e9 (et assombri) pendant 15\u00a0minutes, puis s\u2019\u00e9teint. Une fois l\u2019\u00e9cran \u00e9teint, appuyez sur le bouton d\u2019alimentation pour afficher de nouveau l\u2019\u00e9cran num\u00e9rique \t\t\t\t\t\t\t\t<\/div>\n\t\t\t\t<\/div>\n\t\t\t\t<div class=\"elementor-element elementor-element-3e5953f elementor-widget elementor-widget-heading\" data-id=\"3e5953f\" data-element_type=\"widget\" data-e-type=\"widget\" data-widget_type=\"heading.default\">\n\t\t\t\t<div class=\"elementor-widget-container\">\n\t\t\t\t\t<h2 class=\"elementor-heading-title elementor-size-default\">PINCE AMOVIBLE :<\/h2>\t\t\t\t<\/div>\n\t\t\t\t<\/div>\n\t\t\t\t<div class=\"elementor-element elementor-element-32a67d0 elementor-widget elementor-widget-image\" data-id=\"32a67d0\" data-element_type=\"widget\" data-e-type=\"widget\" data-widget_type=\"image.default\">\n\t\t\t\t<div class=\"elementor-widget-container\">\n\t\t\t\t\t\t\t\t\t\t\t\t\t\t\t<img decoding=\"async\" width=\"930\" height=\"582\" src=\"https:\/\/packagingqr.energizerholdings.com\/lights\/NAEnergizer\/fr\/wp-content\/uploads\/sites\/2\/2024\/01\/3-3.jpg\" class=\"attachment-full size-full wp-image-1350\" alt=\"\" srcset=\"https:\/\/packagingqr.energizerholdings.com\/lights\/NAEnergizer\/fr\/wp-content\/uploads\/sites\/2\/2024\/01\/3-3.jpg 930w, https:\/\/packagingqr.energizerholdings.com\/lights\/NAEnergizer\/fr\/wp-content\/uploads\/sites\/2\/2024\/01\/3-3-300x188.jpg 300w, https:\/\/packagingqr.energizerholdings.com\/lights\/NAEnergizer\/fr\/wp-content\/uploads\/sites\/2\/2024\/01\/3-3-768x481.jpg 768w\" sizes=\"(max-width: 930px) 100vw, 930px\" \/>\t\t\t\t\t\t\t\t\t\t\t\t\t\t\t<\/div>\n\t\t\t\t<\/div>\n\t\t\t\t<div class=\"elementor-element elementor-element-a0eebbf elementor-widget elementor-widget-text-editor\" data-id=\"a0eebbf\" data-element_type=\"widget\" data-e-type=\"widget\" data-widget_type=\"text-editor.default\">\n\t\t\t\t<div class=\"elementor-widget-container\">\n\t\t\t\t\t\t\t\t\t<p>La pince amovible peut \u00eatre utilis\u00e9e dans les deux sens<\/p>\t\t\t\t\t\t\t\t<\/div>\n\t\t\t\t<\/div>\n\t\t\t\t<div class=\"elementor-element elementor-element-02c8b35 elementor-widget-divider--view-line elementor-widget elementor-widget-divider\" data-id=\"02c8b35\" data-element_type=\"widget\" data-e-type=\"widget\" data-widget_type=\"divider.default\">\n\t\t\t\t<div class=\"elementor-widget-container\">\n\t\t\t\t\t\t\t<div class=\"elementor-divider\">\n\t\t\t<span class=\"elementor-divider-separator\">\n\t\t\t\t\t\t<\/span>\n\t\t<\/div>\n\t\t\t\t\t\t<\/div>\n\t\t\t\t<\/div>\n\t\t\t\t<div class=\"elementor-element elementor-element-7df8caec footer-logo elementor-widget elementor-widget-image\" data-id=\"7df8caec\" data-element_type=\"widget\" data-e-type=\"widget\" data-widget_type=\"image.default\">\n\t\t\t\t<div class=\"elementor-widget-container\">\n\t\t\t\t\t\t\t\t\t\t\t\t\t\t\t\t<a href=\"https:\/\/packagingqr.energizerholdings.com\/lights\/NAEnergizer\/product\/energizer-power-indicator-light\/\">\n\t\t\t\t\t\t\t<img loading=\"lazy\" decoding=\"async\" width=\"310\" height=\"163\" src=\"https:\/\/packagingqr.energizerholdings.com\/lights\/NAEnergizer\/fr\/wp-content\/uploads\/sites\/2\/2024\/04\/us-flag-1.png\" class=\"attachment-full size-full wp-image-361\" alt=\"\" srcset=\"https:\/\/packagingqr.energizerholdings.com\/lights\/NAEnergizer\/fr\/wp-content\/uploads\/sites\/2\/2024\/04\/us-flag-1.png 310w, https:\/\/packagingqr.energizerholdings.com\/lights\/NAEnergizer\/fr\/wp-content\/uploads\/sites\/2\/2024\/04\/us-flag-1-300x158.png 300w\" sizes=\"(max-width: 310px) 100vw, 310px\" \/>\t\t\t\t\t\t\t\t<\/a>\n\t\t\t\t\t\t\t\t\t\t\t\t\t\t\t<\/div>\n\t\t\t\t<\/div>\n\t\t\t\t\t<\/div>\n\t\t<\/div>\n\t\t\t\t\t<\/div>\n\t\t<\/section>\n\t\t\t\t\t<\/div>\n\t\t<\/div>\n\t\t\t\t\t<\/div>\n\t\t<\/section>\n\t\t\t\t<\/div>\n\t\t","protected":false},"author":1,"featured_media":294,"parent":0,"template":"elementor_header_footer","meta":{"_acf_changed":false},"class_list":["post-275","product","type-product","status-publish","has-post-thumbnail","hentry"],"acf":[],"_links":{"self":[{"href":"https:\/\/packagingqr.energizerholdings.com\/lights\/NAEnergizer\/fr\/wp-json\/wp\/v2\/product\/275","targetHints":{"allow":["GET"]}}],"collection":[{"href":"https:\/\/packagingqr.energizerholdings.com\/lights\/NAEnergizer\/fr\/wp-json\/wp\/v2\/product"}],"about":[{"href":"https:\/\/packagingqr.energizerholdings.com\/lights\/NAEnergizer\/fr\/wp-json\/wp\/v2\/types\/product"}],"author":[{"embeddable":true,"href":"https:\/\/packagingqr.energizerholdings.com\/lights\/NAEnergizer\/fr\/wp-json\/wp\/v2\/users\/1"}],"version-history":[{"count":63,"href":"https:\/\/packagingqr.energizerholdings.com\/lights\/NAEnergizer\/fr\/wp-json\/wp\/v2\/product\/275\/revisions"}],"predecessor-version":[{"id":1358,"href":"https:\/\/packagingqr.energizerholdings.com\/lights\/NAEnergizer\/fr\/wp-json\/wp\/v2\/product\/275\/revisions\/1358"}],"wp:featuredmedia":[{"embeddable":true,"href":"https:\/\/packagingqr.energizerholdings.com\/lights\/NAEnergizer\/fr\/wp-json\/wp\/v2\/media\/294"}],"wp:attachment":[{"href":"https:\/\/packagingqr.energizerholdings.com\/lights\/NAEnergizer\/fr\/wp-json\/wp\/v2\/media?parent=275"}],"curies":[{"name":"wp","href":"https:\/\/api.w.org\/{rel}","templated":true}]}}