{"id":510,"date":"2024-09-16T06:28:05","date_gmt":"2024-09-16T06:28:05","guid":{"rendered":"https:\/\/packagingqr.energizerholdings.com\/lights\/NAEnergizer\/fr\/?post_type=product&#038;p=510"},"modified":"2024-12-09T05:41:09","modified_gmt":"2024-12-09T05:41:09","slug":"rechargeable-1200slr-metal-flashlight","status":"publish","type":"product","link":"https:\/\/packagingqr.energizerholdings.com\/lights\/NAEnergizer\/fr\/product\/rechargeable-1200slr-metal-flashlight\/","title":{"rendered":"Energizer Rechargeable 1200SL-R Metal Flashlight"},"content":{"rendered":"\t\t<div data-elementor-type=\"wp-post\" data-elementor-id=\"510\" class=\"elementor elementor-510\" data-elementor-post-type=\"product\">\n\t\t\t\t<div class=\"elementor-element elementor-element-b26586a e-flex e-con-boxed e-con e-parent\" data-id=\"b26586a\" data-element_type=\"container\" data-e-type=\"container\">\n\t\t\t\t\t<div class=\"e-con-inner\">\n\t\t<div class=\"elementor-element elementor-element-c8802c1 e-flex e-con-boxed e-con e-child\" data-id=\"c8802c1\" data-element_type=\"container\" data-e-type=\"container\">\n\t\t\t\t\t<div class=\"e-con-inner\">\n\t\t\t\t<div class=\"elementor-element elementor-element-009a92c elementor-widget elementor-widget-heading\" data-id=\"009a92c\" data-element_type=\"widget\" data-e-type=\"widget\" data-widget_type=\"heading.default\">\n\t\t\t\t<div class=\"elementor-widget-container\">\n\t\t\t\t\t<h2 class=\"elementor-heading-title elementor-size-default\">Energizer 1200SL-R Rechargeable Metal Flashlight<\/h2>\t\t\t\t<\/div>\n\t\t\t\t<\/div>\n\t\t\t\t<div class=\"elementor-element elementor-element-583f179 para elementor-widget elementor-widget-text-editor\" data-id=\"583f179\" data-element_type=\"widget\" data-e-type=\"widget\" data-widget_type=\"text-editor.default\">\n\t\t\t\t<div class=\"elementor-widget-container\">\n\t\t\t\t\t\t\t\t\t<p>La lampe de poche en m\u00e9tal 1200SL-R Energizer\u00ae offre une luminosit\u00e9 puissante dans une conception compacte et unique. Cette lampe \u00e9claire jusqu\u2019\u00e0 1\u00a0200\u00a0lumens et son faisceau atteint 100\u00a0m en mode Turbo. Son format fin est compact et l\u00e9ger pour un transport quotidien confortable. Elle dispose \u00e9galement d\u2019une pince polyvalente et d\u2019un aimant pour une utilisation mains libres ou un rangement facile. Cette lampe de poche est aliment\u00e9e par une pile lithium-ion longue dur\u00e9e rechargeable par USB-C, afin de permettre le chargement pendant les d\u00e9placements. Cette lampe de poche petite mais robuste est con\u00e7ue pour durer avec de l\u2019aluminium de qualit\u00e9 a\u00e9ronautique, un indice d\u2019\u00e9tanch\u00e9it\u00e9 de IPX4 et une lentille incassable, ce qui la rend id\u00e9ale pour le travail ou une utilisation en ext\u00e9rieur. Les deux interrupteurs \u00e0 bouton-poussoir faciles \u00e0 utiliser vous permettent de passer facilement du mode Projecteur au mode Zone selon vos besoins.<\/p>\t\t\t\t\t\t\t\t<\/div>\n\t\t\t\t<\/div>\n\t\t\t\t<div class=\"elementor-element elementor-element-e14e426 elementor-widget elementor-widget-heading\" data-id=\"e14e426\" data-element_type=\"widget\" data-e-type=\"widget\" data-widget_type=\"heading.default\">\n\t\t\t\t<div class=\"elementor-widget-container\">\n\t\t\t\t\t<h2 class=\"elementor-heading-title elementor-size-default\">Mode d\u2019emploi<\/h2>\t\t\t\t<\/div>\n\t\t\t\t<\/div>\n\t\t\t\t<div class=\"elementor-element elementor-element-641081a elementor-widget elementor-widget-heading\" data-id=\"641081a\" data-element_type=\"widget\" data-e-type=\"widget\" data-widget_type=\"heading.default\">\n\t\t\t\t<div class=\"elementor-widget-container\">\n\t\t\t\t\t<h2 class=\"elementor-heading-title elementor-size-default\">UTILISATION :<\/h2>\t\t\t\t<\/div>\n\t\t\t\t<\/div>\n\t\t\t\t<div class=\"elementor-element elementor-element-7815552 elementor-widget elementor-widget-image\" data-id=\"7815552\" data-element_type=\"widget\" data-e-type=\"widget\" data-widget_type=\"image.default\">\n\t\t\t\t<div class=\"elementor-widget-container\">\n\t\t\t\t\t\t\t\t\t\t\t\t\t\t\t<img fetchpriority=\"high\" decoding=\"async\" width=\"930\" height=\"581\" src=\"https:\/\/packagingqr.energizerholdings.com\/lights\/NAEnergizer\/fr\/wp-content\/uploads\/sites\/2\/2024\/09\/ENR_PMHSLP-1200SL-1.jpg\" class=\"attachment-full size-full wp-image-514\" alt=\"\" srcset=\"https:\/\/packagingqr.energizerholdings.com\/lights\/NAEnergizer\/fr\/wp-content\/uploads\/sites\/2\/2024\/09\/ENR_PMHSLP-1200SL-1.jpg 930w, https:\/\/packagingqr.energizerholdings.com\/lights\/NAEnergizer\/fr\/wp-content\/uploads\/sites\/2\/2024\/09\/ENR_PMHSLP-1200SL-1-300x187.jpg 300w, https:\/\/packagingqr.energizerholdings.com\/lights\/NAEnergizer\/fr\/wp-content\/uploads\/sites\/2\/2024\/09\/ENR_PMHSLP-1200SL-1-768x480.jpg 768w\" sizes=\"(max-width: 930px) 100vw, 930px\" \/>\t\t\t\t\t\t\t\t\t\t\t\t\t\t\t<\/div>\n\t\t\t\t<\/div>\n\t\t\t\t<div class=\"elementor-element elementor-element-e879483 elementor-widget elementor-widget-heading\" data-id=\"e879483\" data-element_type=\"widget\" data-e-type=\"widget\" data-widget_type=\"heading.default\">\n\t\t\t\t<div class=\"elementor-widget-container\">\n\t\t\t\t\t<h2 class=\"elementor-heading-title elementor-size-default\">MODE PROJECTEUR POUR UN FAISCEAU DIRECT ET LUMINEUX<\/h2>\t\t\t\t<\/div>\n\t\t\t\t<\/div>\n\t\t\t\t<div class=\"elementor-element elementor-element-f7c902a elementor-widget elementor-widget-heading\" data-id=\"f7c902a\" data-element_type=\"widget\" data-e-type=\"widget\" data-widget_type=\"heading.default\">\n\t\t\t\t<div class=\"elementor-widget-container\">\n\t\t\t\t\t<h2 class=\"elementor-heading-title elementor-size-default\">MODE ZONE POUR UN FAISCEAU LARGE ET LUMINEUX<\/h2>\t\t\t\t<\/div>\n\t\t\t\t<\/div>\n\t\t\t\t<div class=\"elementor-element elementor-element-b94ea95 elementor-widget elementor-widget-template\" data-id=\"b94ea95\" data-element_type=\"widget\" data-e-type=\"widget\" data-widget_type=\"template.default\">\n\t\t\t\t<div class=\"elementor-widget-container\">\n\t\t\t\t\t\t\t<div class=\"elementor-template\">\n\t\t\t\t\t<div data-elementor-type=\"section\" data-elementor-id=\"527\" class=\"elementor elementor-527\" data-elementor-post-type=\"elementor_library\">\n\t\t\t\t\t<section class=\"elementor-section elementor-top-section elementor-element elementor-element-1bf8f73f power elementor-section-boxed elementor-section-height-default elementor-section-height-default\" data-id=\"1bf8f73f\" data-element_type=\"section\" data-e-type=\"section\">\n\t\t\t\t\t\t<div class=\"elementor-container elementor-column-gap-default\">\n\t\t\t\t\t<div class=\"elementor-column elementor-col-50 elementor-top-column elementor-element elementor-element-7c8fa2b6\" data-id=\"7c8fa2b6\" data-element_type=\"column\" data-e-type=\"column\">\n\t\t\t<div class=\"elementor-widget-wrap elementor-element-populated\">\n\t\t\t\t\t\t<div class=\"elementor-element elementor-element-547547a9 elementor-widget elementor-widget-image\" data-id=\"547547a9\" data-element_type=\"widget\" data-e-type=\"widget\" data-widget_type=\"image.default\">\n\t\t\t\t<div class=\"elementor-widget-container\">\n\t\t\t\t\t\t\t\t\t\t\t\t\t\t\t<img decoding=\"async\" src=\"https:\/\/packagingqr.energizerholdings.com\/lights\/NAEnergizer\/fr\/wp-content\/uploads\/sites\/2\/elementor\/thumbs\/8MODES-qu6kghyqi6dab7er6zc5vzxcttr8113l12ljhvt3oo.jpg\" title=\"8MODES.jpg\" alt=\"8MODES.jpg\" loading=\"lazy\" \/>\t\t\t\t\t\t\t\t\t\t\t\t\t\t\t<\/div>\n\t\t\t\t<\/div>\n\t\t\t\t\t<\/div>\n\t\t<\/div>\n\t\t\t\t<div class=\"elementor-column elementor-col-50 elementor-top-column elementor-element elementor-element-75260010 right-power\" data-id=\"75260010\" data-element_type=\"column\" data-e-type=\"column\">\n\t\t\t<div class=\"elementor-widget-wrap elementor-element-populated\">\n\t\t\t\t\t\t<div class=\"elementor-element elementor-element-4e9f4a4e elementor-widget elementor-widget-text-editor\" data-id=\"4e9f4a4e\" data-element_type=\"widget\" data-e-type=\"widget\" data-widget_type=\"text-editor.default\">\n\t\t\t\t<div class=\"elementor-widget-container\">\n\t\t\t\t\t\t\t\t\t<div style=\"display: flex;\">BOUTONS\n<img decoding=\"async\" style=\"vertical-align: middle;\" src=\"https:\/\/packagingqr.energizerholdings.com\/lights\/Energizer\/wp-content\/uploads\/2024\/09\/spot.jpg\" alt=\"\" width=\"30\" height=\"30\" \/>PROJECTEUR\n<img decoding=\"async\" style=\"vertical-align: middle;\" src=\"https:\/\/packagingqr.energizerholdings.com\/lights\/Energizer\/wp-content\/uploads\/2024\/09\/area.jpg\" alt=\"\" width=\"30\" height=\"30\" \/> ET ZONE:<\/div><div><\/div>\t\t\t\t\t\t\t\t<\/div>\n\t\t\t\t<\/div>\n\t\t\t\t<div class=\"elementor-element elementor-element-7cf5de6d elementor-widget elementor-widget-text-editor\" data-id=\"7cf5de6d\" data-element_type=\"widget\" data-e-type=\"widget\" data-widget_type=\"text-editor.default\">\n\t\t\t\t<div class=\"elementor-widget-container\">\n\t\t\t\t\t\t\t\t\t<p>APPUYER SUR LE BOUTON MARCHE\/ARR\u00caT POUR ALLUMER<\/p>\t\t\t\t\t\t\t\t<\/div>\n\t\t\t\t<\/div>\n\t\t\t\t<div class=\"elementor-element elementor-element-4109e39b elementor-widget elementor-widget-text-editor\" data-id=\"4109e39b\" data-element_type=\"widget\" data-e-type=\"widget\" data-widget_type=\"text-editor.default\">\n\t\t\t\t<div class=\"elementor-widget-container\">\n\t\t\t\t\t\t\t\t\t<table style=\"border: none!important; margin: 0; border-color: #fff !important;\" border=\"0\" width=\"80%\" cellspacing=\"0\" cellpadding=\"0\">\n<tbody>\n<tr>\n<td align=\"center\" valign=\"middle\" width=\"20%\"><img loading=\"lazy\" decoding=\"async\" style=\"vertical-align: middle;\" src=\"https:\/\/packagingqr.energizerholdings.com\/lights\/Energizer\/wp-content\/uploads\/2024\/09\/power1.jpg\" alt=\"\" width=\"80\" height=\"80\" \/><\/td>\n<td>APPUYER UNE FOIS POUR MOYEN <\/td>\n<\/tr>\n<tr>\n<td><img loading=\"lazy\" decoding=\"async\" style=\"vertical-align: middle;\" src=\"https:\/\/packagingqr.energizerholdings.com\/lights\/Energizer\/wp-content\/uploads\/2024\/09\/power2.jpg\" alt=\"\" width=\"80\" height=\"80\" \/><\/td>\n<td>APPUYER DEUX FOIS POUR \u00c9LEV\u00c9 <\/td>\n<\/tr>\n<tr>\n<td><img loading=\"lazy\" decoding=\"async\" style=\"vertical-align: middle;\" src=\"https:\/\/packagingqr.energizerholdings.com\/lights\/Energizer\/wp-content\/uploads\/2024\/09\/power2.jpg\" alt=\"\" width=\"80\" height=\"80\" \/><\/td>\n<td>APPUYER TROIS FOIS POUR FAIBLE<\/td>\n<\/tr>\n<tr>\n<td><img loading=\"lazy\" decoding=\"async\" style=\"vertical-align: middle;\" src=\"https:\/\/packagingqr.energizerholdings.com\/lights\/Energizer\/wp-content\/uploads\/2024\/09\/quick.jpg\" alt=\"\" width=\"50\" height=\"50\" \/><\/td>\n<td>APPUYER DEUX FOIS RAPIDEMENT SUR L\u2019UN DES BOUTONS POUR LE MODE STROBOSCOPIQUE<\/td>\n<\/tr>\n<tr>\n<td><img loading=\"lazy\" decoding=\"async\" style=\"vertical-align: middle;\" src=\"https:\/\/packagingqr.energizerholdings.com\/lights\/Energizer\/wp-content\/uploads\/2024\/09\/boost.jpg\" alt=\"\" width=\"50\" height=\"50\" \/><\/td>\n<td>APPUYER ET MAINTENIR L\u2019UN DES BOUTONS POUR LE MODE TURBO (dure 40\u00a0secondes, puis revient au mode pr\u00e9c\u00e9dent)<\/td>\n<\/tr>\n<\/tbody>\n<\/table>\t\t\t\t\t\t\t\t<\/div>\n\t\t\t\t<\/div>\n\t\t\t\t\t<\/div>\n\t\t<\/div>\n\t\t\t\t\t<\/div>\n\t\t<\/section>\n\t\t\t\t<section class=\"elementor-section elementor-top-section elementor-element elementor-element-3cc9b1d6 elementor-section-boxed elementor-section-height-default elementor-section-height-default\" data-id=\"3cc9b1d6\" data-element_type=\"section\" data-e-type=\"section\">\n\t\t\t\t\t\t<div class=\"elementor-container elementor-column-gap-default\">\n\t\t\t\t\t<div class=\"elementor-column elementor-col-100 elementor-top-column elementor-element elementor-element-52f2b354\" data-id=\"52f2b354\" data-element_type=\"column\" data-e-type=\"column\">\n\t\t\t<div class=\"elementor-widget-wrap elementor-element-populated\">\n\t\t\t\t\t\t<div class=\"elementor-element elementor-element-35bed4ad elementor-widget elementor-widget-text-editor\" data-id=\"35bed4ad\" data-element_type=\"widget\" data-e-type=\"widget\" data-widget_type=\"text-editor.default\">\n\t\t\t\t<div class=\"elementor-widget-container\">\n\t\t\t\t\t\t\t\t\t<p>Apr\u00e8s deux secondes dans n\u2019importe quel mode, la prochaine pression est d\u00e9sactiv\u00e9e<\/p>\t\t\t\t\t\t\t\t<\/div>\n\t\t\t\t<\/div>\n\t\t\t\t\t<\/div>\n\t\t<\/div>\n\t\t\t\t\t<\/div>\n\t\t<\/section>\n\t\t\t\t<\/div>\n\t\t\t\t<\/div>\n\t\t\t\t\t\t<\/div>\n\t\t\t\t<\/div>\n\t\t\t\t<div class=\"elementor-element elementor-element-2cbe439 elementor-widget elementor-widget-heading\" data-id=\"2cbe439\" data-element_type=\"widget\" data-e-type=\"widget\" data-widget_type=\"heading.default\">\n\t\t\t\t<div class=\"elementor-widget-container\">\n\t\t\t\t\t<h2 class=\"elementor-heading-title elementor-size-default\">Caract\u00e9ristiques de conception :<\/h2>\t\t\t\t<\/div>\n\t\t\t\t<\/div>\n\t\t\t\t<div class=\"elementor-element elementor-element-b1c5a94 elementor-widget elementor-widget-image\" data-id=\"b1c5a94\" data-element_type=\"widget\" data-e-type=\"widget\" data-widget_type=\"image.default\">\n\t\t\t\t<div class=\"elementor-widget-container\">\n\t\t\t\t\t\t\t\t\t\t\t\t\t\t\t<img loading=\"lazy\" decoding=\"async\" width=\"930\" height=\"580\" src=\"https:\/\/packagingqr.energizerholdings.com\/lights\/NAEnergizer\/fr\/wp-content\/uploads\/sites\/2\/2024\/09\/ENR_PMHSLP-1200SL-R_Flat-Flashlight_Operating-Instructions-Thumbnails-2.jpg\" class=\"attachment-full size-full wp-image-518\" alt=\"\" srcset=\"https:\/\/packagingqr.energizerholdings.com\/lights\/NAEnergizer\/fr\/wp-content\/uploads\/sites\/2\/2024\/09\/ENR_PMHSLP-1200SL-R_Flat-Flashlight_Operating-Instructions-Thumbnails-2.jpg 930w, https:\/\/packagingqr.energizerholdings.com\/lights\/NAEnergizer\/fr\/wp-content\/uploads\/sites\/2\/2024\/09\/ENR_PMHSLP-1200SL-R_Flat-Flashlight_Operating-Instructions-Thumbnails-2-300x187.jpg 300w, https:\/\/packagingqr.energizerholdings.com\/lights\/NAEnergizer\/fr\/wp-content\/uploads\/sites\/2\/2024\/09\/ENR_PMHSLP-1200SL-R_Flat-Flashlight_Operating-Instructions-Thumbnails-2-768x479.jpg 768w\" sizes=\"(max-width: 930px) 100vw, 930px\" \/>\t\t\t\t\t\t\t\t\t\t\t\t\t\t\t<\/div>\n\t\t\t\t<\/div>\n\t\t\t\t<div class=\"elementor-element elementor-element-7911599 elementor-widget elementor-widget-heading\" data-id=\"7911599\" data-element_type=\"widget\" data-e-type=\"widget\" data-widget_type=\"heading.default\">\n\t\t\t\t<div class=\"elementor-widget-container\">\n\t\t\t\t\t<h2 class=\"elementor-heading-title elementor-size-default\">CONCEPTION MINCE POUR UN TRANSPORT QUOTIDIEN<\/h2>\t\t\t\t<\/div>\n\t\t\t\t<\/div>\n\t\t\t\t<div class=\"elementor-element elementor-element-3213691 elementor-widget elementor-widget-text-editor\" data-id=\"3213691\" data-element_type=\"widget\" data-e-type=\"widget\" data-widget_type=\"text-editor.default\">\n\t\t\t\t<div class=\"elementor-widget-container\">\n\t\t\t\t\t\t\t\t\t<p>Utilisation mains libres:<\/p><ol><li>Pince polyvalente<\/li><li>Aimants<\/li><li>Conception antiroulis<\/li><\/ol>\t\t\t\t\t\t\t\t<\/div>\n\t\t\t\t<\/div>\n\t\t\t\t<div class=\"elementor-element elementor-element-fe332cd elementor-widget elementor-widget-heading\" data-id=\"fe332cd\" data-element_type=\"widget\" data-e-type=\"widget\" data-widget_type=\"heading.default\">\n\t\t\t\t<div class=\"elementor-widget-container\">\n\t\t\t\t\t<h2 class=\"elementor-heading-title elementor-size-default\">Caract\u00e9ristique de s\u00e9curit\u00e9:\n<\/h2>\t\t\t\t<\/div>\n\t\t\t\t<\/div>\n\t\t\t\t<div class=\"elementor-element elementor-element-3f96522 elementor-widget__width-initial elementor-hidden-mobile elementor-widget elementor-widget-text-editor\" data-id=\"3f96522\" data-element_type=\"widget\" data-e-type=\"widget\" data-widget_type=\"text-editor.default\">\n\t\t\t\t<div class=\"elementor-widget-container\">\n\t\t\t\t\t\t\t\t\t<div style=\"display: flex;\"><img loading=\"lazy\" decoding=\"async\" class=\"alignleft\" src=\"https:\/\/packagingqr.energizerholdings.com\/lights\/Energizer\/wp-content\/uploads\/2024\/09\/caution.jpg\" alt=\"\" width=\"60\" height=\"60\" \/>ATTENTION : risque potentiel de br\u00fblure. \u00c9vitez tout contact avec la zone portant le symbole CHAUD pendant l&#8217;utilisation<\/div>\t\t\t\t\t\t\t\t<\/div>\n\t\t\t\t<\/div>\n\t\t\t\t<div class=\"elementor-element elementor-element-9159fed elementor-widget__width-initial elementor-widget-mobile__width-inherit elementor-hidden-desktop elementor-hidden-tablet elementor-widget elementor-widget-text-editor\" data-id=\"9159fed\" data-element_type=\"widget\" data-e-type=\"widget\" data-widget_type=\"text-editor.default\">\n\t\t\t\t<div class=\"elementor-widget-container\">\n\t\t\t\t\t\t\t\t\t<div style=\"display: flex;\"><img loading=\"lazy\" decoding=\"async\" class=\"alignleft\" src=\"https:\/\/packagingqr.energizerholdings.com\/lights\/Energizer\/wp-content\/uploads\/2024\/09\/caution.jpg\" alt=\"\" width=\"60\" height=\"60\" \/>ATTENTION : risque potentiel de br\u00fblure. \u00c9vitez tout contact avec la zone portant le symbole CHAUD pendant l&#8217;utilisation<\/div>\t\t\t\t\t\t\t\t<\/div>\n\t\t\t\t<\/div>\n\t\t\t\t<div class=\"elementor-element elementor-element-4a7bb7e elementor-widget elementor-widget-heading\" data-id=\"4a7bb7e\" data-element_type=\"widget\" data-e-type=\"widget\" data-widget_type=\"heading.default\">\n\t\t\t\t<div class=\"elementor-widget-container\">\n\t\t\t\t\t<h2 class=\"elementor-heading-title elementor-size-default\">CHARGEMENT :\n<\/h2>\t\t\t\t<\/div>\n\t\t\t\t<\/div>\n\t\t\t\t<div class=\"elementor-element elementor-element-dc5f694 elementor-widget elementor-widget-image\" data-id=\"dc5f694\" data-element_type=\"widget\" data-e-type=\"widget\" data-widget_type=\"image.default\">\n\t\t\t\t<div class=\"elementor-widget-container\">\n\t\t\t\t\t\t\t\t\t\t\t\t\t\t\t<img loading=\"lazy\" decoding=\"async\" width=\"930\" height=\"583\" src=\"https:\/\/packagingqr.energizerholdings.com\/lights\/NAEnergizer\/fr\/wp-content\/uploads\/sites\/2\/2024\/09\/ENR_PMHSLP-1200SL-R_Flat-Flashlight_Operating-Instructions-Thumbnails-3.jpg\" class=\"attachment-full size-full wp-image-519\" alt=\"\" srcset=\"https:\/\/packagingqr.energizerholdings.com\/lights\/NAEnergizer\/fr\/wp-content\/uploads\/sites\/2\/2024\/09\/ENR_PMHSLP-1200SL-R_Flat-Flashlight_Operating-Instructions-Thumbnails-3.jpg 930w, https:\/\/packagingqr.energizerholdings.com\/lights\/NAEnergizer\/fr\/wp-content\/uploads\/sites\/2\/2024\/09\/ENR_PMHSLP-1200SL-R_Flat-Flashlight_Operating-Instructions-Thumbnails-3-300x188.jpg 300w, https:\/\/packagingqr.energizerholdings.com\/lights\/NAEnergizer\/fr\/wp-content\/uploads\/sites\/2\/2024\/09\/ENR_PMHSLP-1200SL-R_Flat-Flashlight_Operating-Instructions-Thumbnails-3-768x481.jpg 768w\" sizes=\"(max-width: 930px) 100vw, 930px\" \/>\t\t\t\t\t\t\t\t\t\t\t\t\t\t\t<\/div>\n\t\t\t\t<\/div>\n\t\t\t\t<div class=\"elementor-element elementor-element-49eea5a elementor-widget elementor-widget-text-editor\" data-id=\"49eea5a\" data-element_type=\"widget\" data-e-type=\"widget\" data-widget_type=\"text-editor.default\">\n\t\t\t\t<div class=\"elementor-widget-container\">\n\t\t\t\t\t\t\t\t\t<p>La pile rechargeable ne peut pas \u00eatre remplac\u00e9e par l\u2019utilisateur. \u200b<\/p><p>1. Pour charger, utilisez le cordon USB inclus et branchez la lampe dans n\u2019importe quel port de chargement USB.\u00a0<\/p><p>Pour de meilleurs r\u00e9sultats, \u00e9teignez la lampe pour la recharger. Si la lampe est allum\u00e9e, elle passera en mode faible pendant la recharge.<\/p>\t\t\t\t\t\t\t\t<\/div>\n\t\t\t\t<\/div>\n\t\t\t\t<div class=\"elementor-element elementor-element-49b014d elementor-widget elementor-widget-heading\" data-id=\"49b014d\" data-element_type=\"widget\" data-e-type=\"widget\" data-widget_type=\"heading.default\">\n\t\t\t\t<div class=\"elementor-widget-container\">\n\t\t\t\t\t<h2 class=\"elementor-heading-title elementor-size-default\">INDICATEUR D\u2019\u00c9TAT DE CHARGE DE LA PILE<\/h2>\t\t\t\t<\/div>\n\t\t\t\t<\/div>\n\t\t\t\t<div class=\"elementor-element elementor-element-d81078f elementor-widget elementor-widget-text-editor\" data-id=\"d81078f\" data-element_type=\"widget\" data-e-type=\"widget\" data-widget_type=\"text-editor.default\">\n\t\t\t\t<div class=\"elementor-widget-container\">\n\t\t\t\t\t\t\t\t\t<p>Les voyants indicateurs d\u2019\u00e9tat de charge s\u2019allument avec les boutons d\u2019alimentation<\/p><p>2. Rouge = chargement en cours\u00a0<\/p><p>3. Vert = chargement termin\u00e9<\/p>\t\t\t\t\t\t\t\t<\/div>\n\t\t\t\t<\/div>\n\t\t\t\t<div class=\"elementor-element elementor-element-4661350 elementor-widget-divider--view-line elementor-widget elementor-widget-divider\" data-id=\"4661350\" data-element_type=\"widget\" data-e-type=\"widget\" data-widget_type=\"divider.default\">\n\t\t\t\t<div class=\"elementor-widget-container\">\n\t\t\t\t\t\t\t<div class=\"elementor-divider\">\n\t\t\t<span class=\"elementor-divider-separator\">\n\t\t\t\t\t\t<\/span>\n\t\t<\/div>\n\t\t\t\t\t\t<\/div>\n\t\t\t\t<\/div>\n\t\t\t\t<div class=\"elementor-element elementor-element-e3a66b7 footer-logo elementor-widget elementor-widget-image\" data-id=\"e3a66b7\" data-element_type=\"widget\" data-e-type=\"widget\" data-widget_type=\"image.default\">\n\t\t\t\t<div class=\"elementor-widget-container\">\n\t\t\t\t\t\t\t\t\t\t\t\t\t\t\t\t<a href=\"https:\/\/packagingqr.energizerholdings.com\/lights\/NAEnergizer\/product\/rechargeable-1200slr-metal-flashlight\/\" target=\"_blank\">\n\t\t\t\t\t\t\t<img loading=\"lazy\" decoding=\"async\" width=\"310\" height=\"163\" src=\"https:\/\/packagingqr.energizerholdings.com\/lights\/NAEnergizer\/fr\/wp-content\/uploads\/sites\/2\/2024\/04\/us-flag-1.png\" class=\"attachment-full size-full wp-image-361\" alt=\"\" srcset=\"https:\/\/packagingqr.energizerholdings.com\/lights\/NAEnergizer\/fr\/wp-content\/uploads\/sites\/2\/2024\/04\/us-flag-1.png 310w, https:\/\/packagingqr.energizerholdings.com\/lights\/NAEnergizer\/fr\/wp-content\/uploads\/sites\/2\/2024\/04\/us-flag-1-300x158.png 300w\" sizes=\"(max-width: 310px) 100vw, 310px\" \/>\t\t\t\t\t\t\t\t<\/a>\n\t\t\t\t\t\t\t\t\t\t\t\t\t\t\t<\/div>\n\t\t\t\t<\/div>\n\t\t\t\t\t<\/div>\n\t\t\t\t<\/div>\n\t\t\t\t\t<\/div>\n\t\t\t\t<\/div>\n\t\t\t\t<\/div>\n\t\t","protected":false},"author":1,"featured_media":511,"parent":0,"template":"elementor_header_footer","meta":{"_acf_changed":false},"class_list":["post-510","product","type-product","status-publish","has-post-thumbnail","hentry"],"acf":[],"_links":{"self":[{"href":"https:\/\/packagingqr.energizerholdings.com\/lights\/NAEnergizer\/fr\/wp-json\/wp\/v2\/product\/510","targetHints":{"allow":["GET"]}}],"collection":[{"href":"https:\/\/packagingqr.energizerholdings.com\/lights\/NAEnergizer\/fr\/wp-json\/wp\/v2\/product"}],"about":[{"href":"https:\/\/packagingqr.energizerholdings.com\/lights\/NAEnergizer\/fr\/wp-json\/wp\/v2\/types\/product"}],"author":[{"embeddable":true,"href":"https:\/\/packagingqr.energizerholdings.com\/lights\/NAEnergizer\/fr\/wp-json\/wp\/v2\/users\/1"}],"version-history":[{"count":57,"href":"https:\/\/packagingqr.energizerholdings.com\/lights\/NAEnergizer\/fr\/wp-json\/wp\/v2\/product\/510\/revisions"}],"predecessor-version":[{"id":1083,"href":"https:\/\/packagingqr.energizerholdings.com\/lights\/NAEnergizer\/fr\/wp-json\/wp\/v2\/product\/510\/revisions\/1083"}],"wp:featuredmedia":[{"embeddable":true,"href":"https:\/\/packagingqr.energizerholdings.com\/lights\/NAEnergizer\/fr\/wp-json\/wp\/v2\/media\/511"}],"wp:attachment":[{"href":"https:\/\/packagingqr.energizerholdings.com\/lights\/NAEnergizer\/fr\/wp-json\/wp\/v2\/media?parent=510"}],"curies":[{"name":"wp","href":"https:\/\/api.w.org\/{rel}","templated":true}]}}