{"id":692,"date":"2024-10-15T07:13:07","date_gmt":"2024-10-15T07:13:07","guid":{"rendered":"https:\/\/packagingqr.energizerholdings.com\/lights\/NAEnergizer\/fr\/?post_type=product&#038;p=692"},"modified":"2024-12-09T05:38:02","modified_gmt":"2024-12-09T05:38:02","slug":"energizer-hybrid-headlamp-2000xt-h","status":"publish","type":"product","link":"https:\/\/packagingqr.energizerholdings.com\/lights\/NAEnergizer\/fr\/product\/energizer-hybrid-headlamp-2000xt-h\/","title":{"rendered":"Energizer Hybrid Headlamp 2000XT-H"},"content":{"rendered":"\t\t<div data-elementor-type=\"wp-post\" data-elementor-id=\"692\" class=\"elementor elementor-692\" data-elementor-post-type=\"product\">\n\t\t\t\t<div class=\"elementor-element elementor-element-d727a83 e-flex e-con-boxed e-con e-parent\" data-id=\"d727a83\" data-element_type=\"container\" data-e-type=\"container\">\n\t\t\t\t\t<div class=\"e-con-inner\">\n\t\t<div class=\"elementor-element elementor-element-5ebd969 e-flex e-con-boxed e-con e-child\" data-id=\"5ebd969\" data-element_type=\"container\" data-e-type=\"container\">\n\t\t\t\t\t<div class=\"e-con-inner\">\n\t\t\t\t<div class=\"elementor-element elementor-element-4fdfc98 elementor-widget elementor-widget-heading\" data-id=\"4fdfc98\" data-element_type=\"widget\" data-e-type=\"widget\" data-widget_type=\"heading.default\">\n\t\t\t\t<div class=\"elementor-widget-container\">\n\t\t\t\t\t<h2 class=\"elementor-heading-title elementor-size-default\">Energizer 2000XT-H Hybrid Headlamp<\/h2>\t\t\t\t<\/div>\n\t\t\t\t<\/div>\n\t\t\t\t<div class=\"elementor-element elementor-element-6bd3bcf para elementor-widget elementor-widget-text-editor\" data-id=\"6bd3bcf\" data-element_type=\"widget\" data-e-type=\"widget\" data-widget_type=\"text-editor.default\">\n\t\t\t\t<div class=\"elementor-widget-container\">\n\t\t\t\t\t\t\t\t\t<p>La lampe frontale hybride en m\u00e9tal Energizer 2000XT-H offre une luminosit\u00e9 extr\u00eame, \u00e9clairant jusqu\u2019\u00e0 2\u00a0000\u00a0lumens. Plusieurs modes permettent une solution mains libres pour le travail, les urgences ou les activit\u00e9s de plein air dans toutes les conditions m\u00e9t\u00e9orologiques ou \u00e0 toute heure de la journ\u00e9e. Cette lampe est dot\u00e9e d\u2019un indicateur de charge et d\u2019un indicateur de pile faible pour vous assurer la tranquillit\u00e9 d\u2019esprit. Con\u00e7ue avec des options d\u2019alimentation polyvalentes, cette lampe frontale hybride peut \u00eatre aliment\u00e9e par des piles rechargeables ou CR123. Retirez la lampe de la sangle pour l\u2019utiliser comme une lampe de poche portative ou utilisez la fixation magn\u00e9tique pour une option d\u2019utilisation mains libres suppl\u00e9mentaire. Con\u00e7ue pour durer, la lampe frontale en m\u00e9tal durable est \u00e9tanche, r\u00e9sistante \u00e0 la poussi\u00e8re et dot\u00e9e d\u2019une lentille incassable.<\/p>\t\t\t\t\t\t\t\t<\/div>\n\t\t\t\t<\/div>\n\t\t\t\t<div class=\"elementor-element elementor-element-a3e6110 elementor-widget elementor-widget-heading\" data-id=\"a3e6110\" data-element_type=\"widget\" data-e-type=\"widget\" data-widget_type=\"heading.default\">\n\t\t\t\t<div class=\"elementor-widget-container\">\n\t\t\t\t\t<h2 class=\"elementor-heading-title elementor-size-default\">Mode d\u2019emploi<\/h2>\t\t\t\t<\/div>\n\t\t\t\t<\/div>\n\t\t\t\t<div class=\"elementor-element elementor-element-bbe424e elementor-widget elementor-widget-heading\" data-id=\"bbe424e\" data-element_type=\"widget\" data-e-type=\"widget\" data-widget_type=\"heading.default\">\n\t\t\t\t<div class=\"elementor-widget-container\">\n\t\t\t\t\t<h2 class=\"elementor-heading-title elementor-size-default\">UTILISATION<\/h2>\t\t\t\t<\/div>\n\t\t\t\t<\/div>\n\t\t\t\t<div class=\"elementor-element elementor-element-e51397f elementor-widget elementor-widget-image\" data-id=\"e51397f\" data-element_type=\"widget\" data-e-type=\"widget\" data-widget_type=\"image.default\">\n\t\t\t\t<div class=\"elementor-widget-container\">\n\t\t\t\t\t\t\t\t\t\t\t\t\t\t\t<img fetchpriority=\"high\" decoding=\"async\" width=\"800\" height=\"500\" src=\"https:\/\/packagingqr.energizerholdings.com\/lights\/NAEnergizer\/fr\/wp-content\/uploads\/sites\/2\/2024\/10\/ENR_YDAA2L_Hybrid_Metal_Headlamp_Use.png\" class=\"attachment-full size-full wp-image-703\" alt=\"\" srcset=\"https:\/\/packagingqr.energizerholdings.com\/lights\/NAEnergizer\/fr\/wp-content\/uploads\/sites\/2\/2024\/10\/ENR_YDAA2L_Hybrid_Metal_Headlamp_Use.png 800w, https:\/\/packagingqr.energizerholdings.com\/lights\/NAEnergizer\/fr\/wp-content\/uploads\/sites\/2\/2024\/10\/ENR_YDAA2L_Hybrid_Metal_Headlamp_Use-300x188.png 300w, https:\/\/packagingqr.energizerholdings.com\/lights\/NAEnergizer\/fr\/wp-content\/uploads\/sites\/2\/2024\/10\/ENR_YDAA2L_Hybrid_Metal_Headlamp_Use-768x480.png 768w\" sizes=\"(max-width: 800px) 100vw, 800px\" \/>\t\t\t\t\t\t\t\t\t\t\t\t\t\t\t<\/div>\n\t\t\t\t<\/div>\n\t\t\t\t<div class=\"elementor-element elementor-element-66c53a7 elementor-widget elementor-widget-heading\" data-id=\"66c53a7\" data-element_type=\"widget\" data-e-type=\"widget\" data-widget_type=\"heading.default\">\n\t\t\t\t<div class=\"elementor-widget-container\">\n\t\t\t\t\t<h2 class=\"elementor-heading-title elementor-size-default\">1. APPUYER SUR LE BOUTON MARCHE\/ARR\u00caT POUR ALLUMER <\/h2>\t\t\t\t<\/div>\n\t\t\t\t<\/div>\n\t\t\t\t<div class=\"elementor-element elementor-element-01d31d0 elementor-widget elementor-widget-text-editor\" data-id=\"01d31d0\" data-element_type=\"widget\" data-e-type=\"widget\" data-widget_type=\"text-editor.default\">\n\t\t\t\t<div class=\"elementor-widget-container\">\n\t\t\t\t\t\t\t\t\tAppuyez une fois pour haute intensit\u00e9.<br\/>\nAppuyez deux fois pour intensit\u00e9 moyenne.<br\/>\nAppuyez trois fois pour intensit\u00e9 faible. <br\/> \nAppuyez quatre fois pour \u00e9teindre.  <br\/>\nAppuyez deux fois tr\u00e8s rapidement (double pression) dans n\u2019importe quel mode pour une lumi\u00e8re rouge.  <br\/>\nLa prochaine pression activera une lumi\u00e8re verte. <br\/>\nLa troisi\u00e8me pression \u00e9teindra la lampe.  <br\/>\nAppuyez sur le bouton et maintenez-le enfonc\u00e9 pendant deux secondes \u00e0 tout moment (y compris lorsque la lampe est \u00e9teinte) pour activer le mode Turbo.  <br\/>Apr\u00e8s 40\u00a0secondes, la lumi\u00e8re reviendra au mode Haute intensit\u00e9.<br\/>\nIl y a un verrouillage de 40\u00a0secondes avant que le mode Turbo puisse \u00eatre de nouveau utilis\u00e9.\n\t\t\t\t\t\t\t\t<\/div>\n\t\t\t\t<\/div>\n\t\t\t\t<div class=\"elementor-element elementor-element-365bdc8 elementor-widget elementor-widget-text-editor\" data-id=\"365bdc8\" data-element_type=\"widget\" data-e-type=\"widget\" data-widget_type=\"text-editor.default\">\n\t\t\t\t<div class=\"elementor-widget-container\">\n\t\t\t\t\t\t\t\t\t<p><strong>AVERTISSEMENT\u00a0:<\/strong> Risque potentiel de br\u00fblure \u00e9viter tout contact avec la zone portant le symbole \u00ab\u00a0CHAUD\u00a0\u00bb pendant l&#8217;utilisation<\/p>\t\t\t\t\t\t\t\t<\/div>\n\t\t\t\t<\/div>\n\t\t\t\t<div class=\"elementor-element elementor-element-09f3daa elementor-widget elementor-widget-heading\" data-id=\"09f3daa\" data-element_type=\"widget\" data-e-type=\"widget\" data-widget_type=\"heading.default\">\n\t\t\t\t<div class=\"elementor-widget-container\">\n\t\t\t\t\t<h2 class=\"elementor-heading-title elementor-size-default\">ALIMENTATION:<\/h2>\t\t\t\t<\/div>\n\t\t\t\t<\/div>\n\t\t\t\t<div class=\"elementor-element elementor-element-9d44409 elementor-widget elementor-widget-image\" data-id=\"9d44409\" data-element_type=\"widget\" data-e-type=\"widget\" data-widget_type=\"image.default\">\n\t\t\t\t<div class=\"elementor-widget-container\">\n\t\t\t\t\t\t\t\t\t\t\t\t\t\t\t<img decoding=\"async\" width=\"800\" height=\"500\" src=\"https:\/\/packagingqr.energizerholdings.com\/lights\/NAEnergizer\/fr\/wp-content\/uploads\/sites\/2\/2024\/10\/ENR_YDAA2L_Hybrid_Metal_Headlamp_Charge.png\" class=\"attachment-full size-full wp-image-717\" alt=\"\" srcset=\"https:\/\/packagingqr.energizerholdings.com\/lights\/NAEnergizer\/fr\/wp-content\/uploads\/sites\/2\/2024\/10\/ENR_YDAA2L_Hybrid_Metal_Headlamp_Charge.png 800w, https:\/\/packagingqr.energizerholdings.com\/lights\/NAEnergizer\/fr\/wp-content\/uploads\/sites\/2\/2024\/10\/ENR_YDAA2L_Hybrid_Metal_Headlamp_Charge-300x188.png 300w, https:\/\/packagingqr.energizerholdings.com\/lights\/NAEnergizer\/fr\/wp-content\/uploads\/sites\/2\/2024\/10\/ENR_YDAA2L_Hybrid_Metal_Headlamp_Charge-768x480.png 768w\" sizes=\"(max-width: 800px) 100vw, 800px\" \/>\t\t\t\t\t\t\t\t\t\t\t\t\t\t\t<\/div>\n\t\t\t\t<\/div>\n\t\t\t\t<div class=\"elementor-element elementor-element-b5d2924 elementor-widget elementor-widget-heading\" data-id=\"b5d2924\" data-element_type=\"widget\" data-e-type=\"widget\" data-widget_type=\"heading.default\">\n\t\t\t\t<div class=\"elementor-widget-container\">\n\t\t\t\t\t<h2 class=\"elementor-heading-title elementor-size-default\">PILES PRIMAIRES OU RECHARGEABLES \n<\/h2>\t\t\t\t<\/div>\n\t\t\t\t<\/div>\n\t\t\t\t<div class=\"elementor-element elementor-element-170b778 elementor-widget elementor-widget-heading\" data-id=\"170b778\" data-element_type=\"widget\" data-e-type=\"widget\" data-widget_type=\"heading.default\">\n\t\t\t\t<div class=\"elementor-widget-container\">\n\t\t\t\t\t<h2 class=\"elementor-heading-title elementor-size-default\">1.  REMPLACEMENT DES PILES:<\/h2>\t\t\t\t<\/div>\n\t\t\t\t<\/div>\n\t\t\t\t<div class=\"elementor-element elementor-element-dc2685e elementor-widget elementor-widget-text-editor\" data-id=\"dc2685e\" data-element_type=\"widget\" data-e-type=\"widget\" data-widget_type=\"text-editor.default\">\n\t\t\t\t<div class=\"elementor-widget-container\">\n\t\t\t\t\t\t\t\t\tD\u00e9vissez l\u2019embout avec l\u2019ic\u00f4ne de pile pour acc\u00e9der aux piles.\nSuivez le sch\u00e9ma sur le corps de la lampe pour l\u2019orientation des piles.\n\t\t\t\t\t\t\t\t<\/div>\n\t\t\t\t<\/div>\n\t\t\t\t<div class=\"elementor-element elementor-element-f9f76b2 elementor-widget elementor-widget-heading\" data-id=\"f9f76b2\" data-element_type=\"widget\" data-e-type=\"widget\" data-widget_type=\"heading.default\">\n\t\t\t\t<div class=\"elementor-widget-container\">\n\t\t\t\t\t<h2 class=\"elementor-heading-title elementor-size-default\">2. INDICATEUR DE PILE FAIBLE\n<\/h2>\t\t\t\t<\/div>\n\t\t\t\t<\/div>\n\t\t\t\t<div class=\"elementor-element elementor-element-ed1c5d9 elementor-widget elementor-widget-text-editor\" data-id=\"ed1c5d9\" data-element_type=\"widget\" data-e-type=\"widget\" data-widget_type=\"text-editor.default\">\n\t\t\t\t<div class=\"elementor-widget-container\">\n\t\t\t\t\t\t\t\t\tPendant que la lumi\u00e8re est utilis\u00e9e, une DEL color\u00e9e clignotera trois fois lorsque la pile est faible\n\t\t\t\t\t\t\t\t<\/div>\n\t\t\t\t<\/div>\n\t\t\t\t<div class=\"elementor-element elementor-element-abb71d6 elementor-widget elementor-widget-heading\" data-id=\"abb71d6\" data-element_type=\"widget\" data-e-type=\"widget\" data-widget_type=\"heading.default\">\n\t\t\t\t<div class=\"elementor-widget-container\">\n\t\t\t\t\t<h2 class=\"elementor-heading-title elementor-size-default\">PILE RECHARGEABLE\n\n<\/h2>\t\t\t\t<\/div>\n\t\t\t\t<\/div>\n\t\t\t\t<div class=\"elementor-element elementor-element-e95a0c5 elementor-widget elementor-widget-heading\" data-id=\"e95a0c5\" data-element_type=\"widget\" data-e-type=\"widget\" data-widget_type=\"heading.default\">\n\t\t\t\t<div class=\"elementor-widget-container\">\n\t\t\t\t\t<h2 class=\"elementor-heading-title elementor-size-default\">3. CHARGEMENT DE LA PILE HORS DE LA LAMPE \n<\/h2>\t\t\t\t<\/div>\n\t\t\t\t<\/div>\n\t\t\t\t<div class=\"elementor-element elementor-element-7c6c307 elementor-widget elementor-widget-text-editor\" data-id=\"7c6c307\" data-element_type=\"widget\" data-e-type=\"widget\" data-widget_type=\"text-editor.default\">\n\t\t\t\t<div class=\"elementor-widget-container\">\n\t\t\t\t\t\t\t\t\tD\u00e9vissez l\u2019embout avec l\u2019ic\u00f4ne de pile pour acc\u00e9der aux piles.\nSuivez le sch\u00e9ma sur le corps de la lampe pour l\u2019orientation des piles.\n\t\t\t\t\t\t\t\t<\/div>\n\t\t\t\t<\/div>\n\t\t\t\t<div class=\"elementor-element elementor-element-e9bc723 elementor-widget elementor-widget-heading\" data-id=\"e9bc723\" data-element_type=\"widget\" data-e-type=\"widget\" data-widget_type=\"heading.default\">\n\t\t\t\t<div class=\"elementor-widget-container\">\n\t\t\t\t\t<h2 class=\"elementor-heading-title elementor-size-default\">4. INDICATEUR DE NIVEAU DE CHARGE DE LA PILE RECHARGEABLE \n\n\n<\/h2>\t\t\t\t<\/div>\n\t\t\t\t<\/div>\n\t\t\t\t<div class=\"elementor-element elementor-element-2f86391 elementor-widget elementor-widget-text-editor\" data-id=\"2f86391\" data-element_type=\"widget\" data-e-type=\"widget\" data-widget_type=\"text-editor.default\">\n\t\t\t\t<div class=\"elementor-widget-container\">\n\t\t\t\t\t\t\t\t\tL\u2019indicateur de charge est situ\u00e9 sur le dessus de la pile rechargeable.<br\/>\nDes DEL individuelles s\u2019allumeront lorsque la pile atteint 25\u00a0%, 50\u00a0%, 75\u00a0% et 100\u00a0% de charge.\n\t\t\t\t\t\t\t\t<\/div>\n\t\t\t\t<\/div>\n\t\t\t\t<div class=\"elementor-element elementor-element-5740830 elementor-widget elementor-widget-heading\" data-id=\"5740830\" data-element_type=\"widget\" data-e-type=\"widget\" data-widget_type=\"heading.default\">\n\t\t\t\t<div class=\"elementor-widget-container\">\n\t\t\t\t\t<h2 class=\"elementor-heading-title elementor-size-default\">5. CHARGEMENT DE LA PILE DANS LA LAMPE\n\n<\/h2>\t\t\t\t<\/div>\n\t\t\t\t<\/div>\n\t\t\t\t<div class=\"elementor-element elementor-element-982d46b elementor-widget elementor-widget-text-editor\" data-id=\"982d46b\" data-element_type=\"widget\" data-e-type=\"widget\" data-widget_type=\"text-editor.default\">\n\t\t\t\t<div class=\"elementor-widget-container\">\n\t\t\t\t\t\t\t\t\tD\u00e9vissez l\u2019embout avec l\u2019ic\u00f4ne USB pour r\u00e9v\u00e9ler le port de charge.<br\/>\nPour charger, utilisez le cordon\u00a0USB inclus et branchez la lampe dans n\u2019importe quel port de chargement USB.\u00a0\u200b\n\t\t\t\t\t\t\t\t<\/div>\n\t\t\t\t<\/div>\n\t\t\t\t<div class=\"elementor-element elementor-element-269c297 elementor-widget elementor-widget-heading\" data-id=\"269c297\" data-element_type=\"widget\" data-e-type=\"widget\" data-widget_type=\"heading.default\">\n\t\t\t\t<div class=\"elementor-widget-container\">\n\t\t\t\t\t<h2 class=\"elementor-heading-title elementor-size-default\">6. INDICATEUR DE CHARGE DE LA PILE\n<\/h2>\t\t\t\t<\/div>\n\t\t\t\t<\/div>\n\t\t\t\t<div class=\"elementor-element elementor-element-e125ea0 elementor-widget elementor-widget-text-editor\" data-id=\"e125ea0\" data-element_type=\"widget\" data-e-type=\"widget\" data-widget_type=\"text-editor.default\">\n\t\t\t\t<div class=\"elementor-widget-container\">\n\t\t\t\t\t\t\t\t\tL\u2019indicateur de charge est situ\u00e9 pr\u00e8s du port USB et s\u2019allumera lorsque la charge USB a commenc\u00e9.<br\/>\nRouge = chargement en cours<br\/>\nVert = chargement termin\u00e9\n\t\t\t\t\t\t\t\t<\/div>\n\t\t\t\t<\/div>\n\t\t\t\t<div class=\"elementor-element elementor-element-bea2a15 elementor-widget elementor-widget-heading\" data-id=\"bea2a15\" data-element_type=\"widget\" data-e-type=\"widget\" data-widget_type=\"heading.default\">\n\t\t\t\t<div class=\"elementor-widget-container\">\n\t\t\t\t\t<h2 class=\"elementor-heading-title elementor-size-default\">CARACT\u00c9RISTIQUES DE CONCEPTION :\n<\/h2>\t\t\t\t<\/div>\n\t\t\t\t<\/div>\n\t\t\t\t<div class=\"elementor-element elementor-element-778f304 elementor-widget elementor-widget-image\" data-id=\"778f304\" data-element_type=\"widget\" data-e-type=\"widget\" data-widget_type=\"image.default\">\n\t\t\t\t<div class=\"elementor-widget-container\">\n\t\t\t\t\t\t\t\t\t\t\t\t\t\t\t<img decoding=\"async\" width=\"800\" height=\"500\" src=\"https:\/\/packagingqr.energizerholdings.com\/lights\/NAEnergizer\/fr\/wp-content\/uploads\/sites\/2\/2024\/10\/ENR_YDAA2L_Hybrid_Metal_Headlamp_Features.png\" class=\"attachment-full size-full wp-image-745\" alt=\"\" srcset=\"https:\/\/packagingqr.energizerholdings.com\/lights\/NAEnergizer\/fr\/wp-content\/uploads\/sites\/2\/2024\/10\/ENR_YDAA2L_Hybrid_Metal_Headlamp_Features.png 800w, https:\/\/packagingqr.energizerholdings.com\/lights\/NAEnergizer\/fr\/wp-content\/uploads\/sites\/2\/2024\/10\/ENR_YDAA2L_Hybrid_Metal_Headlamp_Features-300x188.png 300w, https:\/\/packagingqr.energizerholdings.com\/lights\/NAEnergizer\/fr\/wp-content\/uploads\/sites\/2\/2024\/10\/ENR_YDAA2L_Hybrid_Metal_Headlamp_Features-768x480.png 768w\" sizes=\"(max-width: 800px) 100vw, 800px\" \/>\t\t\t\t\t\t\t\t\t\t\t\t\t\t\t<\/div>\n\t\t\t\t<\/div>\n\t\t\t\t<div class=\"elementor-element elementor-element-905eceb elementor-widget elementor-widget-heading\" data-id=\"905eceb\" data-element_type=\"widget\" data-e-type=\"widget\" data-widget_type=\"heading.default\">\n\t\t\t\t<div class=\"elementor-widget-container\">\n\t\t\t\t\t<h2 class=\"elementor-heading-title elementor-size-default\">1.SANGLE SUP\u00c9RIEURE:\n<\/h2>\t\t\t\t<\/div>\n\t\t\t\t<\/div>\n\t\t\t\t<div class=\"elementor-element elementor-element-7114072 elementor-widget elementor-widget-text-editor\" data-id=\"7114072\" data-element_type=\"widget\" data-e-type=\"widget\" data-widget_type=\"text-editor.default\">\n\t\t\t\t<div class=\"elementor-widget-container\">\n\t\t\t\t\t\t\t\t\tbandeau confortable avec sangle sup\u00e9rieure en option pour un soutien suppl\u00e9mentaire\n\t\t\t\t\t\t\t\t<\/div>\n\t\t\t\t<\/div>\n\t\t\t\t<div class=\"elementor-element elementor-element-515e416 elementor-widget elementor-widget-heading\" data-id=\"515e416\" data-element_type=\"widget\" data-e-type=\"widget\" data-widget_type=\"heading.default\">\n\t\t\t\t<div class=\"elementor-widget-container\">\n\t\t\t\t\t<h2 class=\"elementor-heading-title elementor-size-default\"> POUR RETIRER LA SANGLE SUP\u00c9RIEURE\n<\/h2>\t\t\t\t<\/div>\n\t\t\t\t<\/div>\n\t\t\t\t<div class=\"elementor-element elementor-element-bd2ff33 elementor-widget elementor-widget-text-editor\" data-id=\"bd2ff33\" data-element_type=\"widget\" data-e-type=\"widget\" data-widget_type=\"text-editor.default\">\n\t\t\t\t<div class=\"elementor-widget-container\">\n\t\t\t\t\t\t\t\t\t1. D\u00e9crochez la sangle principale de sous la glissi\u00e8re.<br\/>\n2. La sangle sup\u00e9rieure glissera hors de la sangle principale.\n\t\t\t\t\t\t\t\t<\/div>\n\t\t\t\t<\/div>\n\t\t\t\t<div class=\"elementor-element elementor-element-2b1fb30 elementor-widget elementor-widget-heading\" data-id=\"2b1fb30\" data-element_type=\"widget\" data-e-type=\"widget\" data-widget_type=\"heading.default\">\n\t\t\t\t<div class=\"elementor-widget-container\">\n\t\t\t\t\t<h2 class=\"elementor-heading-title elementor-size-default\">2. OPTION LAMPE DE POCHE PORTATIVE D\u00c9TACHABLE\n\n\n<\/h2>\t\t\t\t<\/div>\n\t\t\t\t<\/div>\n\t\t\t\t<div class=\"elementor-element elementor-element-48b4261 elementor-widget elementor-widget-text-editor\" data-id=\"48b4261\" data-element_type=\"widget\" data-e-type=\"widget\" data-widget_type=\"text-editor.default\">\n\t\t\t\t<div class=\"elementor-widget-container\">\n\t\t\t\t\t\t\t\t\tD\u00e9tachable pour \u00eatre utilis\u00e9e comme lampe de poche portative.\u00a0\n\t\t\t\t\t\t\t\t<\/div>\n\t\t\t\t<\/div>\n\t\t\t\t<div class=\"elementor-element elementor-element-d030f47 elementor-widget elementor-widget-heading\" data-id=\"d030f47\" data-element_type=\"widget\" data-e-type=\"widget\" data-widget_type=\"heading.default\">\n\t\t\t\t<div class=\"elementor-widget-container\">\n\t\t\t\t\t<h2 class=\"elementor-heading-title elementor-size-default\">3.PIVOTING FEATURE:<\/h2>\t\t\t\t<\/div>\n\t\t\t\t<\/div>\n\t\t\t\t<div class=\"elementor-element elementor-element-542a847 elementor-widget elementor-widget-text-editor\" data-id=\"542a847\" data-element_type=\"widget\" data-e-type=\"widget\" data-widget_type=\"text-editor.default\">\n\t\t\t\t<div class=\"elementor-widget-container\">\n\t\t\t\t\t\t\t\t\tFonction pivotante pour diriger la lumi\u00e8re l\u00e0 o\u00f9 elle est n\u00e9cessaire.\n\t\t\t\t\t\t\t\t<\/div>\n\t\t\t\t<\/div>\n\t\t\t\t<div class=\"elementor-element elementor-element-0c8c546 elementor-widget elementor-widget-heading\" data-id=\"0c8c546\" data-element_type=\"widget\" data-e-type=\"widget\" data-widget_type=\"heading.default\">\n\t\t\t\t<div class=\"elementor-widget-container\">\n\t\t\t\t\t<h2 class=\"elementor-heading-title elementor-size-default\">4. mAGNET<\/h2>\t\t\t\t<\/div>\n\t\t\t\t<\/div>\n\t\t\t\t<div class=\"elementor-element elementor-element-dd866c3 elementor-widget elementor-widget-text-editor\" data-id=\"dd866c3\" data-element_type=\"widget\" data-e-type=\"widget\" data-widget_type=\"text-editor.default\">\n\t\t\t\t<div class=\"elementor-widget-container\">\n\t\t\t\t\t\t\t\t\tAimant pour une option d\u2019utilisation mains libres suppl\u00e9mentaire.\n\t\t\t\t\t\t\t\t<\/div>\n\t\t\t\t<\/div>\n\t\t\t\t<div class=\"elementor-element elementor-element-4a2a639 elementor-widget-divider--view-line elementor-widget elementor-widget-divider\" data-id=\"4a2a639\" data-element_type=\"widget\" data-e-type=\"widget\" data-widget_type=\"divider.default\">\n\t\t\t\t<div class=\"elementor-widget-container\">\n\t\t\t\t\t\t\t<div class=\"elementor-divider\">\n\t\t\t<span class=\"elementor-divider-separator\">\n\t\t\t\t\t\t<\/span>\n\t\t<\/div>\n\t\t\t\t\t\t<\/div>\n\t\t\t\t<\/div>\n\t\t\t\t<div class=\"elementor-element elementor-element-c58fffb footer-logo elementor-widget elementor-widget-image\" data-id=\"c58fffb\" data-element_type=\"widget\" data-e-type=\"widget\" data-widget_type=\"image.default\">\n\t\t\t\t<div class=\"elementor-widget-container\">\n\t\t\t\t\t\t\t\t\t\t\t\t\t\t\t\t<a href=\"https:\/\/packagingqr.energizerholdings.com\/lights\/NAEnergizer\/product\/energizer-hybrid-headlamp-2000xt-h\/\" target=\"_blank\">\n\t\t\t\t\t\t\t<img loading=\"lazy\" decoding=\"async\" width=\"310\" height=\"163\" src=\"https:\/\/packagingqr.energizerholdings.com\/lights\/NAEnergizer\/fr\/wp-content\/uploads\/sites\/2\/2024\/04\/us-flag-1.png\" class=\"attachment-full size-full wp-image-361\" alt=\"\" srcset=\"https:\/\/packagingqr.energizerholdings.com\/lights\/NAEnergizer\/fr\/wp-content\/uploads\/sites\/2\/2024\/04\/us-flag-1.png 310w, https:\/\/packagingqr.energizerholdings.com\/lights\/NAEnergizer\/fr\/wp-content\/uploads\/sites\/2\/2024\/04\/us-flag-1-300x158.png 300w\" sizes=\"(max-width: 310px) 100vw, 310px\" \/>\t\t\t\t\t\t\t\t<\/a>\n\t\t\t\t\t\t\t\t\t\t\t\t\t\t\t<\/div>\n\t\t\t\t<\/div>\n\t\t\t\t\t<\/div>\n\t\t\t\t<\/div>\n\t\t\t\t\t<\/div>\n\t\t\t\t<\/div>\n\t\t\t\t<\/div>\n\t\t","protected":false},"author":1,"featured_media":707,"parent":0,"template":"elementor_header_footer","meta":{"_acf_changed":false},"class_list":["post-692","product","type-product","status-publish","has-post-thumbnail","hentry"],"acf":[],"_links":{"self":[{"href":"https:\/\/packagingqr.energizerholdings.com\/lights\/NAEnergizer\/fr\/wp-json\/wp\/v2\/product\/692","targetHints":{"allow":["GET"]}}],"collection":[{"href":"https:\/\/packagingqr.energizerholdings.com\/lights\/NAEnergizer\/fr\/wp-json\/wp\/v2\/product"}],"about":[{"href":"https:\/\/packagingqr.energizerholdings.com\/lights\/NAEnergizer\/fr\/wp-json\/wp\/v2\/types\/product"}],"author":[{"embeddable":true,"href":"https:\/\/packagingqr.energizerholdings.com\/lights\/NAEnergizer\/fr\/wp-json\/wp\/v2\/users\/1"}],"version-history":[{"count":73,"href":"https:\/\/packagingqr.energizerholdings.com\/lights\/NAEnergizer\/fr\/wp-json\/wp\/v2\/product\/692\/revisions"}],"predecessor-version":[{"id":1074,"href":"https:\/\/packagingqr.energizerholdings.com\/lights\/NAEnergizer\/fr\/wp-json\/wp\/v2\/product\/692\/revisions\/1074"}],"wp:featuredmedia":[{"embeddable":true,"href":"https:\/\/packagingqr.energizerholdings.com\/lights\/NAEnergizer\/fr\/wp-json\/wp\/v2\/media\/707"}],"wp:attachment":[{"href":"https:\/\/packagingqr.energizerholdings.com\/lights\/NAEnergizer\/fr\/wp-json\/wp\/v2\/media?parent=692"}],"curies":[{"name":"wp","href":"https:\/\/api.w.org\/{rel}","templated":true}]}}