{"id":798,"date":"2024-11-28T12:02:23","date_gmt":"2024-11-28T12:02:23","guid":{"rendered":"https:\/\/packagingqr.energizerholdings.com\/lights\/NAEnergizer\/fr\/?post_type=product&#038;p=798"},"modified":"2025-05-21T05:13:00","modified_gmt":"2025-05-21T05:13:00","slug":"jeep-multi-purpose-handsfree-light","status":"publish","type":"product","link":"https:\/\/packagingqr.energizerholdings.com\/lights\/NAEnergizer\/fr\/product\/jeep-multi-purpose-handsfree-light\/","title":{"rendered":"JEEP MULTI-PURPOSE HANDSFREE LIGHT"},"content":{"rendered":"\t\t<div data-elementor-type=\"wp-post\" data-elementor-id=\"798\" class=\"elementor elementor-798\" data-elementor-post-type=\"product\">\n\t\t\t\t<div class=\"elementor-element elementor-element-5e8bd34 e-flex e-con-boxed e-con e-parent\" data-id=\"5e8bd34\" data-element_type=\"container\" data-e-type=\"container\">\n\t\t\t\t\t<div class=\"e-con-inner\">\n\t\t<div class=\"elementor-element elementor-element-d397332 e-flex e-con-boxed e-con e-child\" data-id=\"d397332\" data-element_type=\"container\" data-e-type=\"container\">\n\t\t\t\t\t<div class=\"e-con-inner\">\n\t\t\t\t<div class=\"elementor-element elementor-element-a6ec0bd elementor-widget elementor-widget-heading\" data-id=\"a6ec0bd\" data-element_type=\"widget\" data-e-type=\"widget\" data-widget_type=\"heading.default\">\n\t\t\t\t<div class=\"elementor-widget-container\">\n\t\t\t\t\t<h2 class=\"elementor-heading-title elementor-size-default\">JEEP MULTI-PURPOSE HANDSFREE LIGHT<\/h2>\t\t\t\t<\/div>\n\t\t\t\t<\/div>\n\t\t\t\t<div class=\"elementor-element elementor-element-e4acaef para elementor-widget elementor-widget-text-editor\" data-id=\"e4acaef\" data-element_type=\"widget\" data-e-type=\"widget\" data-widget_type=\"text-editor.default\">\n\t\t\t\t<div class=\"elementor-widget-container\">\n\t\t\t\t\t\t\t\t\tLe Jeep Multi-Purpose Handsfree Light offre une luminosit\u00e9 puissante dans un design compact et innovant. Attachez-la facilement aux v\u00eatements ou \u00e0 une casquette gr\u00e2ce \u00e0 la pince polyvalente, fixez-la \u00e0 une surface m\u00e9tallique gr\u00e2ce \u00e0 l&#8217;aimant ou utilisez la sangle de t\u00eate comprise pour diverses applications mains libres. Gr\u00e2ce \u00e0 la fonction pivotante, choisissez parmi six modes, comprenant la zone, le mode directionnel et la lumi\u00e8re directe pr\u00e9cis\u00e9ment l\u00e0 o\u00f9 vous en avez besoin. Activez le mode capteur de mouvement en option pour basculer entre les modes directionnels sans appuyer sur un bouton.  Cette lampe fine et durable est r\u00e9sistante \u00e0 l\u2019eau IPX4 et dispose d\u2019une lentille incassable, con\u00e7ue pour r\u00e9sister aux exigences de l\u2019aventure, sur et hors route.\t\t\t\t\t\t\t\t<\/div>\n\t\t\t\t<\/div>\n\t\t\t\t<div class=\"elementor-element elementor-element-950b34d elementor-widget elementor-widget-heading\" data-id=\"950b34d\" data-element_type=\"widget\" data-e-type=\"widget\" data-widget_type=\"heading.default\">\n\t\t\t\t<div class=\"elementor-widget-container\">\n\t\t\t\t\t<h2 class=\"elementor-heading-title elementor-size-default\">Mode d\u2019emploi<\/h2>\t\t\t\t<\/div>\n\t\t\t\t<\/div>\n\t\t\t\t<div class=\"elementor-element elementor-element-d60d115 elementor-widget elementor-widget-heading\" data-id=\"d60d115\" data-element_type=\"widget\" data-e-type=\"widget\" data-widget_type=\"heading.default\">\n\t\t\t\t<div class=\"elementor-widget-container\">\n\t\t\t\t\t<h2 class=\"elementor-heading-title elementor-size-default\">UTILISATION :<\/h2>\t\t\t\t<\/div>\n\t\t\t\t<\/div>\n\t\t\t\t<div class=\"elementor-element elementor-element-f3a0e36 elementor-widget elementor-widget-image\" data-id=\"f3a0e36\" data-element_type=\"widget\" data-e-type=\"widget\" data-widget_type=\"image.default\">\n\t\t\t\t<div class=\"elementor-widget-container\">\n\t\t\t\t\t\t\t\t\t\t\t\t\t\t\t<img fetchpriority=\"high\" decoding=\"async\" width=\"600\" height=\"375\" src=\"https:\/\/packagingqr.energizerholdings.com\/lights\/NAEnergizer\/fr\/wp-content\/uploads\/sites\/2\/2024\/11\/1-1.png\" class=\"attachment-full size-full wp-image-810\" alt=\"\" srcset=\"https:\/\/packagingqr.energizerholdings.com\/lights\/NAEnergizer\/fr\/wp-content\/uploads\/sites\/2\/2024\/11\/1-1.png 600w, https:\/\/packagingqr.energizerholdings.com\/lights\/NAEnergizer\/fr\/wp-content\/uploads\/sites\/2\/2024\/11\/1-1-300x188.png 300w\" sizes=\"(max-width: 600px) 100vw, 600px\" \/>\t\t\t\t\t\t\t\t\t\t\t\t\t\t\t<\/div>\n\t\t\t\t<\/div>\n\t\t\t\t<div class=\"elementor-element elementor-element-39b17f9 elementor-widget elementor-widget-heading\" data-id=\"39b17f9\" data-element_type=\"widget\" data-e-type=\"widget\" data-widget_type=\"heading.default\">\n\t\t\t\t<div class=\"elementor-widget-container\">\n\t\t\t\t\t<h2 class=\"elementor-heading-title elementor-size-default\">1. Appuyez sur le bouton marche\/arr\u00eat pour allumer :<\/h2>\t\t\t\t<\/div>\n\t\t\t\t<\/div>\n\t\t\t\t<div class=\"elementor-element elementor-element-09a80ba elementor-widget elementor-widget-text-editor\" data-id=\"09a80ba\" data-element_type=\"widget\" data-e-type=\"widget\" data-widget_type=\"text-editor.default\">\n\t\t\t\t<div class=\"elementor-widget-container\">\n\t\t\t\t\t\t\t\t\tAppuyez une fois pour le mode \u00ab\u00a0projection haut\u00a0\u00bb.<br>\nAppuyez deux fois pour \u00ab\u00a0projection bas\u00a0\u00bb.<br>\nAppuyez trois\u00a0fois pour le mode \u00ab\u00a0lumi\u00e8re diffuse blanche\u00a0\u00bb. <br>\nAppuyez quatre\u00a0fois pour le mode \u00ab\u00a0zone blanche clignotante\u00a0\u00bb. <br>\nAppuyez 5 fois pour la zone rouge.<br>\nAppuyez 6 fois pour la zone verte.<br>\nApr\u00e8s 2\u00a0secondes dans un mode, la prochaine pression sera \u00ab\u00a0\u00e9teindre\u00a0\u00bb\n\t\t\t\t\t\t\t\t<\/div>\n\t\t\t\t<\/div>\n\t\t\t\t<div class=\"elementor-element elementor-element-a8a7746 elementor-widget elementor-widget-heading\" data-id=\"a8a7746\" data-element_type=\"widget\" data-e-type=\"widget\" data-widget_type=\"heading.default\">\n\t\t\t\t<div class=\"elementor-widget-container\">\n\t\t\t\t\t<h2 class=\"elementor-heading-title elementor-size-default\">2. Pour utiliser le mode d\u00e9tecteur de mouvement :\n<\/h2>\t\t\t\t<\/div>\n\t\t\t\t<\/div>\n\t\t\t\t<div class=\"elementor-element elementor-element-de3fd25 elementor-widget elementor-widget-text-editor\" data-id=\"de3fd25\" data-element_type=\"widget\" data-e-type=\"widget\" data-widget_type=\"text-editor.default\">\n\t\t\t\t<div class=\"elementor-widget-container\">\n\t\t\t\t\t\t\t\t\tLe contr\u00f4le du d\u00e9tecteur de mouvement ne fonctionne que sur les modes spot<br>\nAppuyez et maintenez le bouton marche\/arr\u00eat pendant 3\u00a0secondes pour activer la fonction de capteur de mouvement. Le voyant lumineux deviendra bleu, indiquant que le d\u00e9tecteur de mouvement est activ\u00e9.<br>\nAgitez la main ou un objet devant la\u00a0lumi\u00e8re pour d\u00e9marrer la s\u00e9quence de modes (Haut \u2192 Bas \u2192 \u00c9TEINT)<br>\nLa distance efficace optimale n\u2019est pas inf\u00e9rieure \u00e0 5 cm (2 po) ni sup\u00e9rieure \u00e0 12 cm (4 po).<br>\nAppuyez rapidement pour d\u00e9sactiver le mode d\u00e9tecteur de mouvement\t\t\t\t\t\t\t\t<\/div>\n\t\t\t\t<\/div>\n\t\t\t\t<div class=\"elementor-element elementor-element-b42d685 elementor-widget elementor-widget-heading\" data-id=\"b42d685\" data-element_type=\"widget\" data-e-type=\"widget\" data-widget_type=\"heading.default\">\n\t\t\t\t<div class=\"elementor-widget-container\">\n\t\t\t\t\t<h2 class=\"elementor-heading-title elementor-size-default\">3. 6\u00a0modes :<\/h2>\t\t\t\t<\/div>\n\t\t\t\t<\/div>\n\t\t\t\t<div class=\"elementor-element elementor-element-e0b8c75 elementor-icon-list--layout-traditional elementor-list-item-link-full_width elementor-widget elementor-widget-icon-list\" data-id=\"e0b8c75\" data-element_type=\"widget\" data-e-type=\"widget\" data-widget_type=\"icon-list.default\">\n\t\t\t\t<div class=\"elementor-widget-container\">\n\t\t\t\t\t\t\t<ul class=\"elementor-icon-list-items\">\n\t\t\t\t\t\t\t<li class=\"elementor-icon-list-item\">\n\t\t\t\t\t\t\t\t\t\t<span class=\"elementor-icon-list-text\">Appuyez pour changer de mode<\/span>\n\t\t\t\t\t\t\t\t\t<\/li>\n\t\t\t\t\t\t<\/ul>\n\t\t\t\t\t\t<\/div>\n\t\t\t\t<\/div>\n\t\t\t\t<div class=\"elementor-element elementor-element-226c8c2 elementor-icon-list--layout-traditional elementor-list-item-link-full_width elementor-widget elementor-widget-icon-list\" data-id=\"226c8c2\" data-element_type=\"widget\" data-e-type=\"widget\" data-widget_type=\"icon-list.default\">\n\t\t\t\t<div class=\"elementor-widget-container\">\n\t\t\t\t\t\t\t<ul class=\"elementor-icon-list-items\">\n\t\t\t\t\t\t\t<li class=\"elementor-icon-list-item\">\n\t\t\t\t\t\t\t\t\t\t<span class=\"elementor-icon-list-text\">\u00e9clairage de zone <\/span>\n\t\t\t\t\t\t\t\t\t<\/li>\n\t\t\t\t\t\t<\/ul>\n\t\t\t\t\t\t<\/div>\n\t\t\t\t<\/div>\n\t\t\t\t<div class=\"elementor-element elementor-element-c40f0a7 elementor-icon-list--layout-traditional elementor-list-item-link-full_width elementor-widget elementor-widget-icon-list\" data-id=\"c40f0a7\" data-element_type=\"widget\" data-e-type=\"widget\" data-widget_type=\"icon-list.default\">\n\t\t\t\t<div class=\"elementor-widget-container\">\n\t\t\t\t\t\t\t<ul class=\"elementor-icon-list-items\">\n\t\t\t\t\t\t\t<li class=\"elementor-icon-list-item\">\n\t\t\t\t\t\t\t\t\t\t<span class=\"elementor-icon-list-text\">Conception mains libres avec capteur de mouvement <\/span>\n\t\t\t\t\t\t\t\t\t<\/li>\n\t\t\t\t\t\t<\/ul>\n\t\t\t\t\t\t<\/div>\n\t\t\t\t<\/div>\n\t\t\t\t<div class=\"elementor-element elementor-element-d6aa377 elementor-icon-list--layout-traditional elementor-list-item-link-full_width elementor-widget elementor-widget-icon-list\" data-id=\"d6aa377\" data-element_type=\"widget\" data-e-type=\"widget\" data-widget_type=\"icon-list.default\">\n\t\t\t\t<div class=\"elementor-widget-container\">\n\t\t\t\t\t\t\t<ul class=\"elementor-icon-list-items\">\n\t\t\t\t\t\t\t<li class=\"elementor-icon-list-item\">\n\t\t\t\t\t\t\t\t\t\t<span class=\"elementor-icon-list-text\">Mode d\u2019\u00e9clairage directionnel\/projection<\/span>\n\t\t\t\t\t\t\t\t\t<\/li>\n\t\t\t\t\t\t<\/ul>\n\t\t\t\t\t\t<\/div>\n\t\t\t\t<\/div>\n\t\t\t\t<div class=\"elementor-element elementor-element-6fb44e1 elementor-widget elementor-widget-heading\" data-id=\"6fb44e1\" data-element_type=\"widget\" data-e-type=\"widget\" data-widget_type=\"heading.default\">\n\t\t\t\t<div class=\"elementor-widget-container\">\n\t\t\t\t\t<h2 class=\"elementor-heading-title elementor-size-default\">CHARGEMENT :\n<\/h2>\t\t\t\t<\/div>\n\t\t\t\t<\/div>\n\t\t\t\t<div class=\"elementor-element elementor-element-898e617 elementor-widget elementor-widget-image\" data-id=\"898e617\" data-element_type=\"widget\" data-e-type=\"widget\" data-widget_type=\"image.default\">\n\t\t\t\t<div class=\"elementor-widget-container\">\n\t\t\t\t\t\t\t\t\t\t\t\t\t\t\t<img decoding=\"async\" width=\"600\" height=\"375\" src=\"https:\/\/packagingqr.energizerholdings.com\/lights\/NAEnergizer\/fr\/wp-content\/uploads\/sites\/2\/2024\/11\/2-1.png\" class=\"attachment-full size-full wp-image-811\" alt=\"\" srcset=\"https:\/\/packagingqr.energizerholdings.com\/lights\/NAEnergizer\/fr\/wp-content\/uploads\/sites\/2\/2024\/11\/2-1.png 600w, https:\/\/packagingqr.energizerholdings.com\/lights\/NAEnergizer\/fr\/wp-content\/uploads\/sites\/2\/2024\/11\/2-1-300x188.png 300w\" sizes=\"(max-width: 600px) 100vw, 600px\" \/>\t\t\t\t\t\t\t\t\t\t\t\t\t\t\t<\/div>\n\t\t\t\t<\/div>\n\t\t\t\t<div class=\"elementor-element elementor-element-1b0948d elementor-widget elementor-widget-heading\" data-id=\"1b0948d\" data-element_type=\"widget\" data-e-type=\"widget\" data-widget_type=\"heading.default\">\n\t\t\t\t<div class=\"elementor-widget-container\">\n\t\t\t\t\t<h2 class=\"elementor-heading-title elementor-size-default\">1. CHARGE USING USB CORD :<\/h2>\t\t\t\t<\/div>\n\t\t\t\t<\/div>\n\t\t\t\t<div class=\"elementor-element elementor-element-3e28a3d elementor-widget elementor-widget-text-editor\" data-id=\"3e28a3d\" data-element_type=\"widget\" data-e-type=\"widget\" data-widget_type=\"text-editor.default\">\n\t\t\t\t<div class=\"elementor-widget-container\">\n\t\t\t\t\t\t\t\t\tLa pile rechargeable ne peut pas \u00eatre remplac\u00e9e par l\u2019utilisateur.\u00a0\u200b<br>\nPour charger, utilisez le cordon\u00a0USB inclus et branchez la lampe dans n\u2019importe quel port de chargement USB.\u00a0\u200b\u200b<br>\nLa lumi\u00e8re peut \u00eatre utilis\u00e9e pendant la charge, mais le temps de charge sera augment\u00e9 et la luminosit\u00e9 pourra \u00eatre r\u00e9duite<br>\nPour des performances de charge optimales, chargez avec la lumi\u00e8re \u00e9teinte\t\t\t\t\t\t\t\t<\/div>\n\t\t\t\t<\/div>\n\t\t\t\t<div class=\"elementor-element elementor-element-5322f37 elementor-widget elementor-widget-heading\" data-id=\"5322f37\" data-element_type=\"widget\" data-e-type=\"widget\" data-widget_type=\"heading.default\">\n\t\t\t\t<div class=\"elementor-widget-container\">\n\t\t\t\t\t<h2 class=\"elementor-heading-title elementor-size-default\">2. Voyant lumineux :<\/h2>\t\t\t\t<\/div>\n\t\t\t\t<\/div>\n\t\t\t\t<div class=\"elementor-element elementor-element-7c8bdbd elementor-widget elementor-widget-text-editor\" data-id=\"7c8bdbd\" data-element_type=\"widget\" data-e-type=\"widget\" data-widget_type=\"text-editor.default\">\n\t\t\t\t<div class=\"elementor-widget-container\">\n\t\t\t\t\t\t\t\t\tLe voyant de charge est situ\u00e9 pr\u00e8s du port de charge.<br>\nRouge en charge<br>\nBleu pour le d\u00e9tecteur de mouvement\t\t\t\t\t\t\t\t<\/div>\n\t\t\t\t<\/div>\n\t\t\t\t<div class=\"elementor-element elementor-element-1a002c6 elementor-widget elementor-widget-heading\" data-id=\"1a002c6\" data-element_type=\"widget\" data-e-type=\"widget\" data-widget_type=\"heading.default\">\n\t\t\t\t<div class=\"elementor-widget-container\">\n\t\t\t\t\t<h2 class=\"elementor-heading-title elementor-size-default\">CARACT\u00c9RISTIQUES DE CONCEPTION :<\/h2>\t\t\t\t<\/div>\n\t\t\t\t<\/div>\n\t\t\t\t<div class=\"elementor-element elementor-element-9f8c79b elementor-widget elementor-widget-image\" data-id=\"9f8c79b\" data-element_type=\"widget\" data-e-type=\"widget\" data-widget_type=\"image.default\">\n\t\t\t\t<div class=\"elementor-widget-container\">\n\t\t\t\t\t\t\t\t\t\t\t\t\t\t\t<img decoding=\"async\" width=\"600\" height=\"375\" src=\"https:\/\/packagingqr.energizerholdings.com\/lights\/NAEnergizer\/fr\/wp-content\/uploads\/sites\/2\/2024\/11\/3-1.png\" class=\"attachment-full size-full wp-image-812\" alt=\"\" srcset=\"https:\/\/packagingqr.energizerholdings.com\/lights\/NAEnergizer\/fr\/wp-content\/uploads\/sites\/2\/2024\/11\/3-1.png 600w, https:\/\/packagingqr.energizerholdings.com\/lights\/NAEnergizer\/fr\/wp-content\/uploads\/sites\/2\/2024\/11\/3-1-300x188.png 300w\" sizes=\"(max-width: 600px) 100vw, 600px\" \/>\t\t\t\t\t\t\t\t\t\t\t\t\t\t\t<\/div>\n\t\t\t\t<\/div>\n\t\t\t\t<div class=\"elementor-element elementor-element-506198c elementor-widget elementor-widget-heading\" data-id=\"506198c\" data-element_type=\"widget\" data-e-type=\"widget\" data-widget_type=\"heading.default\">\n\t\t\t\t<div class=\"elementor-widget-container\">\n\t\t\t\t\t<h2 class=\"elementor-heading-title elementor-size-default\">1. MULTI-USE :<\/h2>\t\t\t\t<\/div>\n\t\t\t\t<\/div>\n\t\t\t\t<div class=\"elementor-element elementor-element-fdc973b elementor-widget elementor-widget-text-editor\" data-id=\"fdc973b\" data-element_type=\"widget\" data-e-type=\"widget\" data-widget_type=\"text-editor.default\">\n\t\t\t\t<div class=\"elementor-widget-container\">\n\t\t\t\t\t\t\t\t\tPeut \u00eatre port\u00e9 avec un clip ou attach\u00e9 \u00e0 une sangle de t\u00eate (incluse)\/un chapeau\/un gilet\t\t\t\t\t\t\t\t<\/div>\n\t\t\t\t<\/div>\n\t\t\t\t<div class=\"elementor-element elementor-element-e5e56af elementor-widget elementor-widget-heading\" data-id=\"e5e56af\" data-element_type=\"widget\" data-e-type=\"widget\" data-widget_type=\"heading.default\">\n\t\t\t\t<div class=\"elementor-widget-container\">\n\t\t\t\t\t<h2 class=\"elementor-heading-title elementor-size-default\">2. Aimant :<\/h2>\t\t\t\t<\/div>\n\t\t\t\t<\/div>\n\t\t\t\t<div class=\"elementor-element elementor-element-8cfc63b elementor-widget elementor-widget-text-editor\" data-id=\"8cfc63b\" data-element_type=\"widget\" data-e-type=\"widget\" data-widget_type=\"text-editor.default\">\n\t\t\t\t<div class=\"elementor-widget-container\">\n\t\t\t\t\t\t\t\t\tOption d\u2019utilisation mains libres suppl\u00e9mentaire avec aimant\t\t\t\t\t\t\t\t<\/div>\n\t\t\t\t<\/div>\n\t\t\t\t<div class=\"elementor-element elementor-element-112afbb elementor-widget elementor-widget-heading\" data-id=\"112afbb\" data-element_type=\"widget\" data-e-type=\"widget\" data-widget_type=\"heading.default\">\n\t\t\t\t<div class=\"elementor-widget-container\">\n\t\t\t\t\t<h2 class=\"elementor-heading-title elementor-size-default\">3. Pince :<\/h2>\t\t\t\t<\/div>\n\t\t\t\t<\/div>\n\t\t\t\t<div class=\"elementor-element elementor-element-4d19ba1 elementor-widget elementor-widget-text-editor\" data-id=\"4d19ba1\" data-element_type=\"widget\" data-e-type=\"widget\" data-widget_type=\"text-editor.default\">\n\t\t\t\t<div class=\"elementor-widget-container\">\n\t\t\t\t\t\t\t\t\tFonction pivotante pour diriger la lumi\u00e8re l\u00e0 o\u00f9 elle est n\u00e9cessaire.\t\t\t\t\t\t\t\t<\/div>\n\t\t\t\t<\/div>\n\t\t\t\t<div class=\"elementor-element elementor-element-d3dcfe4 elementor-widget-divider--view-line elementor-widget elementor-widget-divider\" data-id=\"d3dcfe4\" data-element_type=\"widget\" data-e-type=\"widget\" data-widget_type=\"divider.default\">\n\t\t\t\t<div class=\"elementor-widget-container\">\n\t\t\t\t\t\t\t<div class=\"elementor-divider\">\n\t\t\t<span class=\"elementor-divider-separator\">\n\t\t\t\t\t\t<\/span>\n\t\t<\/div>\n\t\t\t\t\t\t<\/div>\n\t\t\t\t<\/div>\n\t\t\t\t<div class=\"elementor-element elementor-element-233252c footer-logo elementor-widget elementor-widget-image\" data-id=\"233252c\" data-element_type=\"widget\" data-e-type=\"widget\" data-widget_type=\"image.default\">\n\t\t\t\t<div class=\"elementor-widget-container\">\n\t\t\t\t\t\t\t\t\t\t\t\t\t\t\t\t<a href=\"#\">\n\t\t\t\t\t\t\t<img loading=\"lazy\" decoding=\"async\" width=\"310\" height=\"163\" src=\"https:\/\/packagingqr.energizerholdings.com\/lights\/NAEnergizer\/fr\/wp-content\/uploads\/sites\/2\/2024\/04\/us-flag-1.png\" class=\"attachment-full size-full wp-image-361\" alt=\"\" srcset=\"https:\/\/packagingqr.energizerholdings.com\/lights\/NAEnergizer\/fr\/wp-content\/uploads\/sites\/2\/2024\/04\/us-flag-1.png 310w, https:\/\/packagingqr.energizerholdings.com\/lights\/NAEnergizer\/fr\/wp-content\/uploads\/sites\/2\/2024\/04\/us-flag-1-300x158.png 300w\" sizes=\"(max-width: 310px) 100vw, 310px\" \/>\t\t\t\t\t\t\t\t<\/a>\n\t\t\t\t\t\t\t\t\t\t\t\t\t\t\t<\/div>\n\t\t\t\t<\/div>\n\t\t\t\t\t<\/div>\n\t\t\t\t<\/div>\n\t\t\t\t\t<\/div>\n\t\t\t\t<\/div>\n\t\t\t\t<\/div>\n\t\t","protected":false},"author":1,"featured_media":535,"parent":0,"template":"elementor_header_footer","meta":{"_acf_changed":false},"class_list":["post-798","product","type-product","status-publish","has-post-thumbnail","hentry"],"acf":[],"_links":{"self":[{"href":"https:\/\/packagingqr.energizerholdings.com\/lights\/NAEnergizer\/fr\/wp-json\/wp\/v2\/product\/798","targetHints":{"allow":["GET"]}}],"collection":[{"href":"https:\/\/packagingqr.energizerholdings.com\/lights\/NAEnergizer\/fr\/wp-json\/wp\/v2\/product"}],"about":[{"href":"https:\/\/packagingqr.energizerholdings.com\/lights\/NAEnergizer\/fr\/wp-json\/wp\/v2\/types\/product"}],"author":[{"embeddable":true,"href":"https:\/\/packagingqr.energizerholdings.com\/lights\/NAEnergizer\/fr\/wp-json\/wp\/v2\/users\/1"}],"version-history":[{"count":41,"href":"https:\/\/packagingqr.energizerholdings.com\/lights\/NAEnergizer\/fr\/wp-json\/wp\/v2\/product\/798\/revisions"}],"predecessor-version":[{"id":1026,"href":"https:\/\/packagingqr.energizerholdings.com\/lights\/NAEnergizer\/fr\/wp-json\/wp\/v2\/product\/798\/revisions\/1026"}],"wp:featuredmedia":[{"embeddable":true,"href":"https:\/\/packagingqr.energizerholdings.com\/lights\/NAEnergizer\/fr\/wp-json\/wp\/v2\/media\/535"}],"wp:attachment":[{"href":"https:\/\/packagingqr.energizerholdings.com\/lights\/NAEnergizer\/fr\/wp-json\/wp\/v2\/media?parent=798"}],"curies":[{"name":"wp","href":"https:\/\/api.w.org\/{rel}","templated":true}]}}